{"id":8698,"date":"2022-07-01T14:21:53","date_gmt":"2022-07-01T12:21:53","guid":{"rendered":"https:\/\/wikicnc.pl\/%e8%81%94%e7%b3%bb%e6%96%b9%e5%bc%8f\/"},"modified":"2025-10-30T22:59:03","modified_gmt":"2025-10-30T21:59:03","slug":"%e8%81%94%e7%b3%bb%e6%96%b9%e5%bc%8f","status":"publish","type":"page","link":"https:\/\/wikicnc.pl\/zh-hans\/%e8%81%94%e7%b3%bb%e6%96%b9%e5%bc%8f\/","title":{"rendered":"\u8054\u7cfb\u65b9\u5f0f"},"content":{"rendered":"<p>[et_pb_section fb_built=&#8221;1&#8243; module_class=&#8221;pa-blur&#8221; _builder_version=&#8221;4.18.0&#8243; _module_preset=&#8221;default&#8221; background_image=&#8221;https:\/\/wikicnc.pl\/wp-content\/uploads\/2022\/08\/kontakt.jpg&#8221; parallax=&#8221;on&#8221; animation_style=&#8221;slide&#8221; animation_direction=&#8221;top&#8221; animation_duration=&#8221;600ms&#8221; animation_intensity_slide=&#8221;5%&#8221; global_colors_info=&#8221;{}&#8221;][et_pb_row _builder_version=&#8221;4.18.0&#8243; _module_preset=&#8221;default&#8221; global_colors_info=&#8221;{}&#8221;][et_pb_column type=&#8221;4_4&#8243; _builder_version=&#8221;4.18.0&#8243; _module_preset=&#8221;default&#8221; global_colors_info=&#8221;{}&#8221;][et_pb_text _builder_version=&#8221;4.18.0&#8243; _dynamic_attributes=&#8221;content&#8221; _module_preset=&#8221;default&#8221; header_font=&#8221;||||||||&#8221; header_text_align=&#8221;center&#8221; header_font_size=&#8221;56px&#8221; custom_padding=&#8221;20px||20px||false|false&#8221; global_colors_info=&#8221;{}&#8221;]@ET-DC@eyJkeW5hbWljIjp0cnVlLCJjb250ZW50IjoicG9zdF90aXRsZSIsInNldHRpbmdzIjp7ImJlZm9yZSI6IjxoMT4iLCJhZnRlciI6IjxcL2gxPiJ9fQ==@[\/et_pb_text][\/et_pb_column][\/et_pb_row][\/et_pb_section][et_pb_section fb_built=&#8221;1&#8243; specialty=&#8221;on&#8221; _builder_version=&#8221;4.18.0&#8243; _module_preset=&#8221;default&#8221; custom_margin=&#8221;||||false|false&#8221; custom_padding=&#8221;||||false|false&#8221; global_colors_info=&#8221;{}&#8221;][et_pb_column type=&#8221;1_2&#8243; specialty_columns=&#8221;2&#8243; _builder_version=&#8221;4.16&#8243; custom_padding=&#8221;|||&#8221; global_colors_info=&#8221;{}&#8221; custom_padding__hover=&#8221;|||&#8221;][et_pb_row_inner _builder_version=&#8221;4.18.0&#8243; _module_preset=&#8221;default&#8221; global_colors_info=&#8221;{}&#8221;][et_pb_column_inner saved_specialty_column_type=&#8221;1_2&#8243; _builder_version=&#8221;4.18.0&#8243; _module_preset=&#8221;default&#8221; global_colors_info=&#8221;{}&#8221;][et_pb_text _builder_version=&#8221;4.18.0&#8243; _module_preset=&#8221;default&#8221; animation_style=&#8221;slide&#8221; animation_direction=&#8221;left&#8221; animation_duration=&#8221;500ms&#8221; animation_intensity_slide=&#8221;5%&#8221; global_colors_info=&#8221;{}&#8221;]<\/p>\n<h2><strong>\u4e0e\u6211\u4eec\u8054\u7cfb<\/strong><\/h2>\n<p>[\/et_pb_text][et_pb_text _builder_version=&#8221;4.18.0&#8243; _module_preset=&#8221;default&#8221; text_font_size=&#8221;18px&#8221; text_orientation=&#8221;center&#8221; animation_style=&#8221;slide&#8221; animation_direction=&#8221;left&#8221; animation_duration=&#8221;600ms&#8221; animation_intensity_slide=&#8221;5%&#8221; global_colors_info=&#8221;{}&#8221;]<\/p>\n<p><strong>wikiCNC<\/strong>\u56e2\u961f\u4e13\u6ce8\u4e8eMDF\u95e8\u677f\u3001\u6a21\u5757\u5316\u9762\u677f\u7684\u751f\u4ea7\uff0c\u697c\u68af\u5207\u5272\uff0c\u4e13\u4e1a\u6728\u5de5\u670d\u52a1\uff0c\u8f6f\u4f53\u5bb6\u5177\u6846\u67b6\u7684\u5236\u4f5c\uff0c\u4ee5\u53ca\u6839\u636e\u5ba2\u6237\u9700\u6c42\u5236\u4f5c\u6280\u672f\u6587\u6863\u548c\u884c\u4e1a\u56fe\u7eb8\u3002<\/p>\n<p>[\/et_pb_text][\/et_pb_column_inner][\/et_pb_row_inner][et_pb_row_inner column_structure=&#8221;1_2,1_2&#8243; _builder_version=&#8221;4.22.0&#8243; _module_preset=&#8221;default&#8221; custom_padding=&#8221;|30px||30px|false|false&#8221; animation_style=&#8221;slide&#8221; animation_direction=&#8221;left&#8221; animation_duration=&#8221;700ms&#8221; animation_intensity_slide=&#8221;5%&#8221; border_radii=&#8221;on|9px|9px|9px|9px&#8221; border_width_left=&#8221;3px&#8221; border_color_left=&#8221;#ffed00&#8243; box_shadow_style=&#8221;preset2&#8243; box_shadow_color=&#8221;rgba(0,0,0,0.1)&#8221; global_colors_info=&#8221;{}&#8221; box_shadow_color__hover_enabled=&#8221;on|desktop&#8221; box_shadow_color__hover=&#8221;rgba(0,0,0,0.25)&#8221;][et_pb_column_inner type=&#8221;1_2&#8243; saved_specialty_column_type=&#8221;1_2&#8243; _builder_version=&#8221;4.18.0&#8243; _module_preset=&#8221;default&#8221; global_colors_info=&#8221;{}&#8221;][et_pb_text _builder_version=&#8221;4.22.0&#8243; _module_preset=&#8221;default&#8221; header_3_font_size=&#8221;24px&#8221; custom_margin=&#8221;||26px|||&#8221; global_colors_info=&#8221;{}&#8221;]<\/p>\n<h3>\u8be2\u4ef7\u8bf7\u6c42<\/h3>\n<p><span>\u751f\u4ea7\u8f66\u95f4<\/span><\/p>\n<p>[\/et_pb_text][et_pb_text _builder_version=&#8221;4.27.4&#8243; _module_preset=&#8221;default&#8221; text_font_size=&#8221;20px&#8221; hover_enabled=&#8221;0&#8243; global_colors_info=&#8221;{}&#8221; sticky_enabled=&#8221;0&#8243;]<\/p>\n<h4>\u529e\u516c\u5ba4\u7535\u8bdd<\/h4>\n<p><span>+48 663 837 000<\/span><\/p>\n<p>[\/et_pb_text][\/et_pb_column_inner][et_pb_column_inner type=&#8221;1_2&#8243; saved_specialty_column_type=&#8221;1_2&#8243; _builder_version=&#8221;4.18.0&#8243; _module_preset=&#8221;default&#8221; global_colors_info=&#8221;{}&#8221;][et_pb_divider show_divider=&#8221;off&#8221; disabled_on=&#8221;on|off|off&#8221; _builder_version=&#8221;4.18.0&#8243; _module_preset=&#8221;default&#8221; custom_padding=&#8221;20px||42px||false|false&#8221; global_colors_info=&#8221;{}&#8221;][\/et_pb_divider][et_pb_text _builder_version=&#8221;4.22.0&#8243; _module_preset=&#8221;default&#8221; text_font_size=&#8221;21px&#8221; custom_padding=&#8221;|||0px||&#8221; global_colors_info=&#8221;{}&#8221;]<\/p>\n<h4>\u7535\u5b50\u90ae\u4ef6<\/h4>\n<p><strong>biuro@wikicnc.pl<\/strong><\/p>\n<p>[\/et_pb_text][\/et_pb_column_inner][\/et_pb_row_inner][et_pb_row_inner column_structure=&#8221;1_2,1_2&#8243; _builder_version=&#8221;4.22.0&#8243; _module_preset=&#8221;default&#8221; custom_padding=&#8221;|30px||30px|false|false&#8221; animation_style=&#8221;slide&#8221; animation_direction=&#8221;left&#8221; animation_duration=&#8221;700ms&#8221; animation_intensity_slide=&#8221;5%&#8221; border_radii=&#8221;on|9px|9px|9px|9px&#8221; border_width_left=&#8221;3px&#8221; border_color_left=&#8221;#ffed00&#8243; box_shadow_style=&#8221;preset2&#8243; box_shadow_color=&#8221;rgba(0,0,0,0.1)&#8221; global_colors_info=&#8221;{}&#8221; box_shadow_color__hover_enabled=&#8221;on|desktop&#8221; box_shadow_color__hover=&#8221;rgba(0,0,0,0.25)&#8221;][et_pb_column_inner type=&#8221;1_2&#8243; saved_specialty_column_type=&#8221;1_2&#8243; _builder_version=&#8221;4.18.0&#8243; _module_preset=&#8221;default&#8221; global_colors_info=&#8221;{}&#8221;][et_pb_text _builder_version=&#8221;4.27.4&#8243; _module_preset=&#8221;default&#8221; header_3_font_size=&#8221;24px&#8221; custom_margin=&#8221;||26px|||&#8221; global_colors_info=&#8221;{}&#8221;]<\/p>\n<h3>\u7ecf\u9500\u5546<\/h3>\n<p><span>Radom\uff08\u62c9\u591a\u59c6\uff09<\/span><\/p>\n<p>[\/et_pb_text][et_pb_text _builder_version=&#8221;4.27.4&#8243; _module_preset=&#8221;default&#8221; text_font_size=&#8221;20px&#8221; hover_enabled=&#8221;0&#8243; global_colors_info=&#8221;{}&#8221; sticky_enabled=&#8221;0&#8243;]<\/p>\n<h4><\/h4>\n<p><span>+48 663 837 000<\/span><\/p>\n<p>[\/et_pb_text][\/et_pb_column_inner][et_pb_column_inner type=&#8221;1_2&#8243; saved_specialty_column_type=&#8221;1_2&#8243; _builder_version=&#8221;4.18.0&#8243; _module_preset=&#8221;default&#8221; global_colors_info=&#8221;{}&#8221;][et_pb_text admin_label=&#8221;frontman&#8221; _builder_version=&#8221;4.27.4&#8243; _module_preset=&#8221;default&#8221; text_font_size=&#8221;21px&#8221; custom_padding=&#8221;14px|0px||0px||&#8221; link_option_url=&#8221;https:\/\/front-man.eu\/&#8221; link_option_url_new_window=&#8221;on&#8221; global_colors_info=&#8221;{}&#8221;]<\/p>\n<table border=\"1\" style=\"border-collapse: collapse; width: 100%;\">\n<tbody>\n<tr>\n<td style=\"width: 50%;\"><img decoding=\"async\" src=\"http:\/\/front-man.eu\/wp-content\/uploads\/2019\/02\/logo.png\" title=\"\"><\/td>\n<td style=\"width: 50%;\">\n<h5><span>FRONTMAN<\/span><\/h5>\n<h6><strong><span>ul. Klejowa 24,  <\/span><\/strong><strong><span>26-600 Radom, Polska<\/span><\/strong><\/h6>\n<\/td>\n<\/tr>\n<\/tbody>\n<\/table>\n<h4><\/h4>\n<p>[\/et_pb_text][\/et_pb_column_inner][\/et_pb_row_inner][\/et_pb_column][et_pb_column type=&#8221;1_2&#8243; _builder_version=&#8221;4.16&#8243; custom_padding=&#8221;|||&#8221; global_colors_info=&#8221;{}&#8221; custom_padding__hover=&#8221;|||&#8221;][et_pb_text _builder_version=&#8221;4.22.0&#8243; _module_preset=&#8221;default&#8221; animation_style=&#8221;slide&#8221; animation_direction=&#8221;right&#8221; animation_duration=&#8221;500ms&#8221; animation_intensity_slide=&#8221;5%&#8221; global_colors_info=&#8221;{}&#8221;]<\/p>\n<h2>\u60a8\u662f\u5426\u9700\u8981\u5207\u5272\u5bb6\u5177\u9762\u677f\u3001\u53a8\u623f\u95e8\u677f\u3001\u906e\u6321\u677f\u7b49\uff1f<\/h2>\n<p>[\/et_pb_text][et_pb_text _builder_version=&#8221;4.18.0&#8243; _module_preset=&#8221;default&#8221; text_font_size=&#8221;18px&#8221; animation_style=&#8221;slide&#8221; animation_direction=&#8221;right&#8221; animation_duration=&#8221;600ms&#8221; animation_intensity_slide=&#8221;5%&#8221; global_colors_info=&#8221;{}&#8221;]<\/p>\n<p><strong>\u8bf7\u901a\u8fc7\u8868\u683c\u7ed9\u6211\u4eec\u7559\u8a00\u3002<\/strong><\/p>\n<p>[\/et_pb_text][et_pb_contact_form email=&#8221;info@wikicnc.com&#8221; custom_message=&#8221;Witaj, dosta\u0142e\u015b wiadomo\u015b\u0107 z formularza kontaktowego wikicnc.pl||et_pb_line_break_holder||||et_pb_line_break_holder||Imi\u0119: %%Name%%||et_pb_line_break_holder||Adres e-mail: %%Email%%||et_pb_line_break_holder||Telefon: %%Phone%%||et_pb_line_break_holder||||et_pb_line_break_holder||Temat: %%Title%%||et_pb_line_break_holder||||et_pb_line_break_holder||Tre\u015b\u0107 wiadomo\u015bci:||et_pb_line_break_holder||%%Message%%||et_pb_line_break_holder||||et_pb_line_break_holder||RODO:||et_pb_line_break_holder||%%RODO%%&#8221; success_message=&#8221;\u611f\u8c22\u60a8\u7684\u7559\u8a00\uff0c\u6211\u4eec\u4f1a\u5c3d\u5feb\u56de\u590d\u60a8\uff01&#8221; submit_button_text=&#8221;\u53d1\u9001&#8221; _builder_version=&#8221;4.18.0&#8243; _module_preset=&#8221;default&#8221; _unique_id=&#8221;11c49789-f1db-4ae3-831c-c3ca3020877b&#8221; captcha_font=&#8221;|700|||||||&#8221; captcha_font_size=&#8221;24px&#8221; captcha_letter_spacing=&#8221;2px&#8221; custom_button=&#8221;on&#8221; button_text_color=&#8221;#000000&#8243; button_border_width=&#8221;1px&#8221; button_border_radius=&#8221;9px&#8221; button_icon=&#8221;&#x35;||divi||400&#8243; text_orientation=&#8221;left&#8221; animation_style=&#8221;slide&#8221; animation_direction=&#8221;right&#8221; animation_duration=&#8221;700ms&#8221; animation_intensity_slide=&#8221;5%&#8221; text_orientation_last_edited=&#8221;off|desktop&#8221; global_colors_info=&#8221;{}&#8221; button_text_color__hover=&#8221;#FFFFFF&#8221; button_text_color__hover_enabled=&#8221;on|desktop&#8221; button_bg_color__hover=&#8221;#000000&#8243; button_bg_color__hover_enabled=&#8221;on|desktop&#8221;][et_pb_contact_field field_id=&#8221;Name&#8221; field_title=&#8221;\u540d\u5b57*&#8221; _builder_version=&#8221;4.18.0&#8243; form_field_background_color=&#8221;#f7f7f7&#8243; form_field_font_size=&#8221;18px&#8221; border_radii=&#8221;on|9px|9px|9px|9px&#8221; border_width_all=&#8221;1px&#8221; border_color_all=&#8221;#d8d8d8&#8243; global_colors_info=&#8221;{}&#8221; button_text_size__hover_enabled=&#8221;off&#8221; button_one_text_size__hover_enabled=&#8221;off&#8221; button_two_text_size__hover_enabled=&#8221;off&#8221; button_text_color__hover_enabled=&#8221;off&#8221; button_one_text_color__hover_enabled=&#8221;off&#8221; button_two_text_color__hover_enabled=&#8221;off&#8221; button_border_width__hover_enabled=&#8221;off&#8221; button_one_border_width__hover_enabled=&#8221;off&#8221; button_two_border_width__hover_enabled=&#8221;off&#8221; button_border_color__hover_enabled=&#8221;off&#8221; button_one_border_color__hover_enabled=&#8221;off&#8221; button_two_border_color__hover_enabled=&#8221;off&#8221; button_border_radius__hover_enabled=&#8221;off&#8221; button_one_border_radius__hover_enabled=&#8221;off&#8221; button_two_border_radius__hover_enabled=&#8221;off&#8221; button_letter_spacing__hover_enabled=&#8221;off&#8221; button_one_letter_spacing__hover_enabled=&#8221;off&#8221; button_two_letter_spacing__hover_enabled=&#8221;off&#8221; button_bg_color__hover_enabled=&#8221;off&#8221; button_one_bg_color__hover_enabled=&#8221;off&#8221; button_two_bg_color__hover_enabled=&#8221;off&#8221; border_color_all__hover_enabled=&#8221;on|desktop&#8221; border_color_all__hover=&#8221;#000000&#8243;][\/et_pb_contact_field][et_pb_contact_field field_id=&#8221;Email&#8221; field_title=&#8221;\u7535\u5b50\u90ae\u4ef6\u5730\u5740*&#8221; field_type=&#8221;email&#8221; _builder_version=&#8221;4.18.0&#8243; form_field_background_color=&#8221;#f7f7f7&#8243; form_field_font_size=&#8221;18px&#8221; border_radii=&#8221;on|9px|9px|9px|9px&#8221; border_width_all=&#8221;1px&#8221; border_color_all=&#8221;#d8d8d8&#8243; global_colors_info=&#8221;{}&#8221; button_text_size__hover_enabled=&#8221;off&#8221; button_one_text_size__hover_enabled=&#8221;off&#8221; button_two_text_size__hover_enabled=&#8221;off&#8221; button_text_color__hover_enabled=&#8221;off&#8221; button_one_text_color__hover_enabled=&#8221;off&#8221; button_two_text_color__hover_enabled=&#8221;off&#8221; button_border_width__hover_enabled=&#8221;off&#8221; button_one_border_width__hover_enabled=&#8221;off&#8221; button_two_border_width__hover_enabled=&#8221;off&#8221; button_border_color__hover_enabled=&#8221;off&#8221; button_one_border_color__hover_enabled=&#8221;off&#8221; button_two_border_color__hover_enabled=&#8221;off&#8221; button_border_radius__hover_enabled=&#8221;off&#8221; button_one_border_radius__hover_enabled=&#8221;off&#8221; button_two_border_radius__hover_enabled=&#8221;off&#8221; button_letter_spacing__hover_enabled=&#8221;off&#8221; button_one_letter_spacing__hover_enabled=&#8221;off&#8221; button_two_letter_spacing__hover_enabled=&#8221;off&#8221; button_bg_color__hover_enabled=&#8221;off&#8221; button_one_bg_color__hover_enabled=&#8221;off&#8221; button_two_bg_color__hover_enabled=&#8221;off&#8221; border_color_all__hover=&#8221;#000000&#8243; border_color_all__hover_enabled=&#8221;on|desktop&#8221;][\/et_pb_contact_field][et_pb_contact_field field_id=&#8221;Phone&#8221; field_title=&#8221;\u7535\u8bdd&#8221; required_mark=&#8221;off&#8221; fullwidth_field=&#8221;on&#8221; _builder_version=&#8221;4.18.0&#8243; _module_preset=&#8221;default&#8221; form_field_background_color=&#8221;#f7f7f7&#8243; form_field_font_size=&#8221;18px&#8221; border_radii=&#8221;on|9px|9px|9px|9px&#8221; border_width_all=&#8221;1px&#8221; border_color_all=&#8221;#d8d8d8&#8243; global_colors_info=&#8221;{}&#8221; border_color_all__hover=&#8221;#000000&#8243; border_color_all__hover_enabled=&#8221;on|desktop&#8221;][\/et_pb_contact_field][et_pb_contact_field field_id=&#8221;Title&#8221; field_title=&#8221;\u4e3b\u9898*&#8221; field_type=&#8221;select&#8221; select_options=&#8221;%91{%22value%22:%22\u6211\u662f\u6728\u5de5\u5e08\u5085 \u2013 \u5408\u4f5c%22,%22checked%22:0,%22dragID%22:-1},{%22value%22:%22\u96d5\u523b\u95e8\u677f%22,%22checked%22:0,%22dragID%22:0},{%22value%22:%22\u5d4c\u5957\u52a0\u5de5 (Nesting)%22,%22checked%22:0,%22dragID%22:1},{%22value%22:%22\u697c\u68af\u5207\u5272%22,%22checked%22:0,%22dragID%22:2},{%22value%22:%22\u5c55\u793a\u67dc &#8211; \u6276\u624b &#8211; \u9762\u677f%22,%22checked%22:0,%22dragID%22:3},{%22value%22:%22\u6280\u672f\u6587\u6863%22,%22checked%22:0,%22dragID%22:4},{%22value%22:%22\u7f51\u7ad9\u95ee\u9898%22,%22checked%22:0,%22dragID%22:5},{%22value%22:%22\u5176\u4ed6%22,%22checked%22:0,%22dragID%22:6}%93&#8243; required_mark=&#8221;off&#8221; fullwidth_field=&#8221;on&#8221; _builder_version=&#8221;4.18.0&#8243; _module_preset=&#8221;default&#8221; form_field_background_color=&#8221;#f7f7f7&#8243; form_field_font_size=&#8221;18px&#8221; border_radii=&#8221;on|9px|9px|9px|9px&#8221; border_width_all=&#8221;1px&#8221; border_color_all=&#8221;#d8d8d8&#8243; global_colors_info=&#8221;{}&#8221; border_color_all__hover=&#8221;#000000&#8243; border_color_all__hover_enabled=&#8221;on|desktop&#8221;][\/et_pb_contact_field][et_pb_contact_field field_id=&#8221;Message&#8221; field_title=&#8221;\u6d88\u606f*&#8221; field_type=&#8221;text&#8221; required_mark=&#8221;off&#8221; fullwidth_field=&#8221;on&#8221; _builder_version=&#8221;4.18.0&#8243; form_field_background_color=&#8221;#f7f7f7&#8243; form_field_font_size=&#8221;18px&#8221; border_radii=&#8221;on|9px|9px|9px|9px&#8221; border_width_all=&#8221;1px&#8221; border_color_all=&#8221;#d8d8d8&#8243; global_colors_info=&#8221;{}&#8221; button_text_size__hover_enabled=&#8221;off&#8221; button_one_text_size__hover_enabled=&#8221;off&#8221; button_two_text_size__hover_enabled=&#8221;off&#8221; button_text_color__hover_enabled=&#8221;off&#8221; button_one_text_color__hover_enabled=&#8221;off&#8221; button_two_text_color__hover_enabled=&#8221;off&#8221; button_border_width__hover_enabled=&#8221;off&#8221; button_one_border_width__hover_enabled=&#8221;off&#8221; button_two_border_width__hover_enabled=&#8221;off&#8221; button_border_color__hover_enabled=&#8221;off&#8221; button_one_border_color__hover_enabled=&#8221;off&#8221; button_two_border_color__hover_enabled=&#8221;off&#8221; button_border_radius__hover_enabled=&#8221;off&#8221; button_one_border_radius__hover_enabled=&#8221;off&#8221; button_two_border_radius__hover_enabled=&#8221;off&#8221; button_letter_spacing__hover_enabled=&#8221;off&#8221; button_one_letter_spacing__hover_enabled=&#8221;off&#8221; button_two_letter_spacing__hover_enabled=&#8221;off&#8221; button_bg_color__hover_enabled=&#8221;off&#8221; button_one_bg_color__hover_enabled=&#8221;off&#8221; button_two_bg_color__hover_enabled=&#8221;off&#8221; border_color_all__hover=&#8221;#000000&#8243; border_color_all__hover_enabled=&#8221;on|desktop&#8221;][\/et_pb_contact_field][et_pb_contact_field field_id=&#8221;RODO&#8221; field_title=&#8221;\u300a\u901a\u7528\u6570\u636e\u4fdd\u62a4\u6761\u4f8b\u300b\uff08GDPR\uff09*&#8221; field_type=&#8221;radio&#8221; radio_options=&#8221;%91{%22value%22:%22\u6211\u540c\u610f\u4ec5\u4e3a\u5efa\u7acb\u8054\u7cfb\u548c\u53d1\u9001\u6b64\u8054\u7cfb\u8868\u5355\u4e4b\u76ee\u7684\u800c\u5904\u7406\u6211\u7684\u4e2a\u4eba\u6570\u636e\u3002\u66f4\u591a\u4fe1\u606f\u8bf7\u53c2\u9605\u6211\u4eec\u7684 %22,%22checked%22:0,%22dragID%22:-1,%22link_url%22:%22https:%92\/%92\/wikicnc.pl%92\/polityka-prywatnosci%92\/%22,%22link_text%22:%22\u9690\u79c1\u653f\u7b56%22}%93&#8243; fullwidth_field=&#8221;on&#8221; _builder_version=&#8221;4.18.0&#8243; _module_preset=&#8221;default&#8221; global_colors_info=&#8221;{}&#8221;][\/et_pb_contact_field][\/et_pb_contact_form][\/et_pb_column][\/et_pb_section][et_pb_section fb_built=&#8221;1&#8243; fullwidth=&#8221;on&#8221; _builder_version=&#8221;4.18.0&#8243; _module_preset=&#8221;default&#8221; animation_style=&#8221;fade&#8221; animation_duration=&#8221;600ms&#8221; global_colors_info=&#8221;{}&#8221;][et_pb_fullwidth_code _builder_version=&#8221;4.18.0&#8243; _module_preset=&#8221;default&#8221; filter_saturate=&#8221;0%&#8221; global_colors_info=&#8221;{}&#8221; filter_saturate__hover_enabled=&#8221;on|desktop&#8221; filter_saturate__hover=&#8221;100%&#8221;]<iframe src=\"https:\/\/www.google.com\/maps\/embed?pb=!1m18!1m12!1m3!1d2394.542811250155!2d23.102933517443844!3d53.11840090000002!2m3!1f0!2f0!3f0!3m2!1i1024!2i768!4f13.1!3m3!1m2!1s0x471ffb9061b3c9d1%3A0x1918b28c6883a341!2swikiCNC!5e0!3m2!1spl!2spl!4v1661411167232!5m2!1spl!2spl\" width=\"100%\" height=\"450\" style=\"border:0;\" allowfullscreen=\"\" loading=\"lazy\" referrerpolicy=\"no-referrer-when-downgrade\"><\/iframe>[\/et_pb_fullwidth_code][\/et_pb_section]<\/p>\n","protected":false},"excerpt":{"rendered":"<p>\u4e0e\u6211\u4eec\u8054\u7cfbwikiCNC\u56e2\u961f\u4e13\u6ce8\u4e8eMDF\u95e8\u677f\u3001\u6a21\u5757\u5316\u9762\u677f\u7684\u751f\u4ea7\uff0c\u697c\u68af\u5207\u5272\uff0c\u4e13\u4e1a\u6728\u5de5\u670d\u52a1\uff0c\u8f6f\u4f53\u5bb6\u5177\u6846\u67b6\u7684\u5236\u4f5c\uff0c\u4ee5 [&hellip;]<\/p>\n","protected":false},"author":1,"featured_media":0,"parent":0,"menu_order":0,"comment_status":"closed","ping_status":"closed","template":"","meta":{"_et_pb_use_builder":"on","_et_pb_old_content":"","_et_gb_content_width":"","footnotes":""},"class_list":["post-8698","page","type-page","status-publish","hentry"],"_links":{"self":[{"href":"https:\/\/wikicnc.pl\/zh-hans\/wp-json\/wp\/v2\/pages\/8698","targetHints":{"allow":["GET"]}}],"collection":[{"href":"https:\/\/wikicnc.pl\/zh-hans\/wp-json\/wp\/v2\/pages"}],"about":[{"href":"https:\/\/wikicnc.pl\/zh-hans\/wp-json\/wp\/v2\/types\/page"}],"author":[{"embeddable":true,"href":"https:\/\/wikicnc.pl\/zh-hans\/wp-json\/wp\/v2\/users\/1"}],"replies":[{"embeddable":true,"href":"https:\/\/wikicnc.pl\/zh-hans\/wp-json\/wp\/v2\/comments?post=8698"}],"version-history":[{"count":5,"href":"https:\/\/wikicnc.pl\/zh-hans\/wp-json\/wp\/v2\/pages\/8698\/revisions"}],"predecessor-version":[{"id":8709,"href":"https:\/\/wikicnc.pl\/zh-hans\/wp-json\/wp\/v2\/pages\/8698\/revisions\/8709"}],"wp:attachment":[{"href":"https:\/\/wikicnc.pl\/zh-hans\/wp-json\/wp\/v2\/media?parent=8698"}],"curies":[{"name":"wp","href":"https:\/\/api.w.org\/{rel}","templated":true}]}}