{"id":7957,"date":"2024-10-15T17:17:08","date_gmt":"2024-10-15T15:17:08","guid":{"rendered":"https:\/\/wikicnc.pl\/produkt\/julia-nabytkove-celo\/"},"modified":"2024-10-15T17:17:08","modified_gmt":"2024-10-15T15:17:08","slug":"julia-nabytkove-celo","status":"publish","type":"product","link":"https:\/\/wikicnc.pl\/sk\/produkt\/julia-nabytkove-celo\/","title":{"rendered":"Julia N\u00e1bytkov\u00e9 \u010celo"},"content":{"rendered":"<p><strong>AF011 &#8211; Julia N\u00e1bytkov\u00e9 \u010celo<\/strong><\/p>\n<p>N\u00e1bytkov\u00fd front AF011 \u2013 Julia je jedn\u00fdm z naj\u010dastej\u0161ie vyberan\u00fdch vzorov, ktor\u00fd sp\u00e1ja \u0161t\u00fdl a eleganciu. Jeho vkusn\u00fd dizajn sa skvele hod\u00ed nielen do obytn\u00fdch priestorov, ale aj do komer\u010dn\u00fdch interi\u00e9rov, ako s\u00fa svadobn\u00e9 s\u00e1ly, elegantn\u00e9 butiky \u010di pal\u00e1ce v kr\u00e1\u013eovskom \u0161t\u00fdle. Front Julia je ide\u00e1lnym rie\u0161en\u00edm aj do kr\u00e1\u013eovskej izby malej princeznej, kde vytvor\u00ed atmosf\u00e9ru k\u00fazla a luxusu.  <\/p>\n<p>Vyroben\u00fd z vysokokvalitn\u00fdch materi\u00e1lov, front Julia sa vyzna\u010duje mimoriadnou odolnos\u0165ou a pevnos\u0165ou, \u010do z neho rob\u00ed ide\u00e1lnu vo\u013ebu na dlh\u00e9 roky. Hladk\u00fd povrch je \u013eahko udr\u017eiavate\u013en\u00fd, a \u0161irok\u00e1 \u0161k\u00e1la farieb umo\u017e\u0148uje \u00fapln\u00fa personaliz\u00e1ciu \u2013 v\u010faka \u010domu ho mo\u017eno prisp\u00f4sobi\u0165 r\u00f4znym \u0161t\u00fdlom interi\u00e9ru. Front Julia vynik\u00e1 v svetl\u00fdch, pastelov\u00fdch odtie\u0148och, ktor\u00e9 do priestoru vn\u00e1\u0161aj\u00fa \u013eahkos\u0165 a svie\u017eos\u0165, no rovnako p\u00f4sobivo vyzer\u00e1 aj v tmav\u0161\u00edch t\u00f3noch, ktor\u00e9 zd\u00f4raz\u0148uj\u00fa jeho elegantn\u00fd charakter.  <\/p>\n<p>Front Julia pon\u00faka aj r\u00f4zne mo\u017enosti presklen\u00fdch vitriniek, ktor\u00e9 umo\u017e\u0148uj\u00fa elegantne vystavi\u0165 vybran\u00e9 predmety, ako je \u0161t\u00fdlov\u00fd riad, dekorat\u00edvne doplnky \u010di zbierky. V\u00fdberom z variantov: No Glass, W0, W1 &#8211; 1&#215;1, W1 &#8211; 1&#215;2, W1 &#8211; 1&#215;3, W1 &#8211; 1&#215;4, W2, W3, W4, W5, W6, W7, W8, si m\u00f4\u017eete vytvori\u0165 jedine\u010dn\u00e9 rie\u0161enie, ktor\u00e9 bude odr\u00e1\u017ea\u0165 v\u00e1\u0161 osobn\u00fd \u0161t\u00fdl. <\/p>\n<p>V\u010faka svojej univerz\u00e1lnosti je \u010deln\u00fd panel AF011 &#8211; Julia v\u00fdbornou vo\u013ebou pre r\u00f4zne \u0161t\u00fdly interi\u00e9rov \u2013 od modern\u00fdch a\u017e po klasick\u00e9. Skvele sa hod\u00ed do kuch\u00fd\u0148, ob\u00fdva\u010diek, ale aj do elegantn\u00fdch komer\u010dn\u00fdch priestorov, kde s\u00fa elegancia a funk\u010dnos\u0165 k\u013e\u00fa\u010dov\u00e9. Tento front nielen\u017ee zvy\u0161uje estetick\u00fa hodnotu priestoru, ale z\u00e1rove\u0148 je aj praktick\u00fd, \u010do z neho rob\u00ed ide\u00e1lnu vo\u013ebu na ka\u017edodenn\u00e9 pou\u017e\u00edvanie.  <\/p>\n<p>Rozhodnut\u00edm pre \u010deln\u00fd panel AF011 &#8211; Julia z\u00edskavate produkt, ktor\u00fd sp\u00e1ja v\u00fdnimo\u010dn\u00fd \u0161t\u00fdl, funk\u010dnos\u0165 a vysok\u00fa kvalitu spracovania. Je to ide\u00e1lne rie\u0161enie pre t\u00fdch, ktor\u00ed chc\u00fa do svojho interi\u00e9ru vnies\u0165 n\u00e1dych luxusu a elegancie, pri\u010dom si z\u00e1rove\u0148 cenia praktickos\u0165 a univerz\u00e1lnos\u0165. <\/p>\n","protected":false},"excerpt":{"rendered":"<p><strong>AF011 \u2013 Julia n\u00e1bytkov\u00fd \u010deln\u00fd panel <\/strong>je elegantn\u00e1 vo\u013eba sp\u00e1jaj\u00faca \u0161t\u00fdl a noblesu. Skvele sa hod\u00ed na zariadenie svadobn\u00fdch s\u00e1l, butikov alebo kr\u00e1\u013eovsk\u00fdch izieb mal\u00fdch princezien. Vyroben\u00fd z vysoko kvalitn\u00fdch materi\u00e1lov, front Julia pon\u00faka r\u00f4zne mo\u017enosti presklenia, ktor\u00e9 umo\u017e\u0148uj\u00fa vystavi\u0165 vybran\u00e9 predmety. V\u010faka mo\u017enostiam personaliz\u00e1cie sa tento front st\u00e1va funk\u010dn\u00fdm aj estetick\u00fdm prvkom ka\u017ed\u00e9ho interi\u00e9ru.   <\/p>\n","protected":false},"featured_media":7111,"comment_status":"open","ping_status":"closed","template":"","meta":{"_et_pb_use_builder":"","_et_pb_old_content":"","_et_gb_content_width":""},"product_brand":[],"product_cat":[436,427,428,426],"product_tag":[],"class_list":{"0":"post-7957","1":"product","2":"type-product","3":"status-publish","4":"has-post-thumbnail","6":"product_cat-kazeta","7":"product_cat-kuchynske-dvierka","8":"product_cat-mdf-sk","9":"product_cat-nabytkove-dvierka","10":"pa_glass-mdf-doors-bez-vitriny","11":"pa_glass-mdf-doors-w0-sk","12":"pa_glass-mdf-doors-w1-1x1-sk","13":"pa_glass-mdf-doors-w1-1x2-sk","14":"pa_glass-mdf-doors-w1-1x3-sk","15":"pa_glass-mdf-doors-w2-sk","16":"pa_glass-mdf-doors-w2x2-sk","17":"pa_glass-mdf-doors-w3-sk","18":"pa_glass-mdf-doors-w4-sk","19":"pa_glass-mdf-doors-w5-sk","20":"pa_glass-mdf-doors-w6-sk","21":"pa_glass-mdf-doors-w7-sk","22":"pa_glass-mdf-doors-w8-sk","24":"first","25":"instock","26":"taxable","27":"shipping-taxable","28":"purchasable","29":"product-type-variable","30":"has-default-attributes"},"_links":{"self":[{"href":"https:\/\/wikicnc.pl\/sk\/wp-json\/wp\/v2\/product\/7957","targetHints":{"allow":["GET"]}}],"collection":[{"href":"https:\/\/wikicnc.pl\/sk\/wp-json\/wp\/v2\/product"}],"about":[{"href":"https:\/\/wikicnc.pl\/sk\/wp-json\/wp\/v2\/types\/product"}],"replies":[{"embeddable":true,"href":"https:\/\/wikicnc.pl\/sk\/wp-json\/wp\/v2\/comments?post=7957"}],"wp:featuredmedia":[{"embeddable":true,"href":"https:\/\/wikicnc.pl\/sk\/wp-json\/wp\/v2\/media\/7111"}],"wp:attachment":[{"href":"https:\/\/wikicnc.pl\/sk\/wp-json\/wp\/v2\/media?parent=7957"}],"wp:term":[{"taxonomy":"product_brand","embeddable":true,"href":"https:\/\/wikicnc.pl\/sk\/wp-json\/wp\/v2\/product_brand?post=7957"},{"taxonomy":"product_cat","embeddable":true,"href":"https:\/\/wikicnc.pl\/sk\/wp-json\/wp\/v2\/product_cat?post=7957"},{"taxonomy":"product_tag","embeddable":true,"href":"https:\/\/wikicnc.pl\/sk\/wp-json\/wp\/v2\/product_tag?post=7957"}],"curies":[{"name":"wp","href":"https:\/\/api.w.org\/{rel}","templated":true}]}}