{"id":7915,"date":"2024-10-15T17:17:12","date_gmt":"2024-10-15T15:17:12","guid":{"rendered":"https:\/\/wikicnc.pl\/produkt\/iwona-nabytkove-celo\/"},"modified":"2024-10-15T17:17:12","modified_gmt":"2024-10-15T15:17:12","slug":"iwona-nabytkove-celo","status":"publish","type":"product","link":"https:\/\/wikicnc.pl\/sk\/produkt\/iwona-nabytkove-celo\/","title":{"rendered":"Iwona N\u00e1bytkov\u00e9 \u010celo"},"content":{"rendered":"<p><strong>AF020 \u2013 Iwona N\u00e1bytkov\u00e9 \u010celo<\/strong><\/p>\n<p>Front AF020 \u2013 Iwona je ide\u00e1lnou kombin\u00e1ciou modern\u00e9ho dizajnu a klasickej elegancie, ktor\u00e1 zabezpe\u010duje, \u017ee tento front sa v\u00fdborne hod\u00ed do r\u00f4znych \u0161t\u00fdlov interi\u00e9rov. Skvelo lad\u00ed tak s modern\u00fdmi, ako aj klasick\u00fdmi priestormi, pri\u010dom im dod\u00e1va harm\u00f3niu a jedine\u010dn\u00fd charakter. Jeho univerz\u00e1lny vzh\u013ead dokonale dopln\u00ed projekt kuchyne, ob\u00fdva\u010dky, ba aj pracovne, \u010d\u00edm sa st\u00e1va neoddelite\u013enou s\u00fa\u010das\u0165ou ka\u017ed\u00e9ho domu.  <\/p>\n<p>Jednou z najv\u00e4\u010d\u0161\u00edch v\u00fdhod frontu Iwona je jeho schopnos\u0165 harmonicky sa zladi\u0165 so \u0161irokou paletou farieb. V odtie\u0148och sivej a b\u00e9\u017eovej vyzer\u00e1 tento front \u00fachvatne, zd\u00f4raz\u0148uj\u00fac eleganciu a modern\u00fd charakter interi\u00e9ru. Tieto t\u00f3ny dod\u00e1vaj\u00fa miestnostiam jemn\u00fd, no z\u00e1rove\u0148 luxusn\u00fd n\u00e1dych, vytv\u00e1raj\u00fac pr\u00edjemn\u00e9 a sofistikovan\u00e9 prostredie. V svetlej\u0161\u00edch farb\u00e1ch prin\u00e1\u0161a front Iwona do priestoru \u013eahkos\u0165 a svie\u017eos\u0165, zatia\u013e \u010do tmav\u0161ie odtiene mu dod\u00e1vaj\u00fa h\u013abku a v\u00fdraznos\u0165.   <\/p>\n<p>Vyroben\u00fd z vysokokvalitn\u00e9ho MDF, front Iwona sa vyzna\u010duje v\u00fdnimo\u010dnou odolnos\u0165ou a odolnos\u0165ou proti po\u0161kodeniu, \u010do z neho rob\u00ed ide\u00e1lnu vo\u013ebu na dlh\u00e9 roky. Povrch frontu je dokonale hladk\u00fd, \u010do u\u013eah\u010duje jeho ka\u017edodenn\u00fa \u00fadr\u017ebu v \u010distote a z\u00e1rove\u0148 prid\u00e1va eleganciu a modern\u00fd \u0161t\u00fdl. Navy\u0161e \u0161irok\u00e1 paleta dostupn\u00fdch farieb umo\u017e\u0148uje vo\u013ene prisp\u00f4sobi\u0165 front individu\u00e1lnym estetick\u00fdm preferenci\u00e1m a celkov\u00e9mu konceptu interi\u00e9ru.  <\/p>\n<p>Jedn\u00fdm z k\u013e\u00fa\u010dov\u00fdch prednost\u00ed frontu AF020 \u2013 Iwona je tie\u017e dostupnos\u0165 viacer\u00fdch vitr\u00ednov\u00fdch mo\u017enost\u00ed. V\u010faka nim m\u00f4\u017eete jednoducho vystavi\u0165 ob\u013e\u00faben\u00e9 predmety, ako s\u00fa jed\u00e1lensk\u00fd servis, dekor\u00e1cie \u010di rodinn\u00e9 pamiatky, ktor\u00e9 z\u00e1rove\u0148 obohatia interi\u00e9r o jedine\u010dn\u00e9 akcenty. Vitr\u00ednov\u00e9 mo\u017enosti dostupn\u00e9 pre front Iwona s\u00fa: No Glass | W0 | W1 &#8211; 1&#215;1 | W1 &#8211; 1&#215;2 | W1 &#8211; 1&#215;3 | W1 &#8211; 1&#215;4 | W2 | W3 | W4 | W5 | W6 | W7 | W8. V\u00fdber t\u00fdchto variantov umo\u017e\u0148uje vytvori\u0165 personalizovan\u00e9 rie\u0161enia, ktor\u00e9 splnia individu\u00e1lne potreby a preferencie pou\u017e\u00edvate\u013eov.   <\/p>\n<p>Front AF020 \u2013 Iwona nie je len estetick\u00fdm rie\u0161en\u00edm, ale aj funk\u010dnos\u0165ou na najvy\u0161\u0161ej \u00farovni. Jeho univerz\u00e1lny dizajn umo\u017e\u0148uje pou\u017eitie v r\u00f4znych miestnostiach, ako s\u00fa kuchy\u0148a, ob\u00fdva\u010dka \u010di pracov\u0148a, pri\u010dom im dod\u00e1va jedine\u010dn\u00fd \u0161t\u00fdl a eleganciu. V\u00fdberom frontu Iwona investujete do rie\u0161enia, ktor\u00e9 sp\u00e1ja modernos\u0165 s klasick\u00fdm p\u00f4vabom a vytv\u00e1ra priestor s jedine\u010dn\u00fdm charakterom a neopakovate\u013en\u00fdm k\u00fazlom.  <\/p>\n<p>Rozhodnite sa pre front AF020 \u2013 Iwona a prineste do svojho domova prvky modernej elegancie a nad\u010dasovej estetiky. Tento v\u00fdnimo\u010dn\u00fd front nielen\u017ee obohat\u00ed v\u00e1\u0161 interi\u00e9r, ale v\u010faka svojej odolnosti a vysokej kvalite spracovania v\u00e1m bude sl\u00fa\u017ei\u0165 po dlh\u00e9 roky. <\/p>\n","protected":false},"excerpt":{"rendered":"<p><strong>AF020 \u2013 Iwona N\u00e1bytkov\u00e9 \u010celo<\/strong><\/p>\n<p>Front AF020 \u2013 Iwona sp\u00e1ja modern\u00fd dizajn s klasickou eleganciou. Ide\u00e1lne sa hod\u00ed do kuch\u00fd\u0148, ob\u00fdva\u010diek a pracovn\u00ed, kde vynik\u00e1 najm\u00e4 v odtie\u0148och sivej a b\u00e9\u017eovej. Vyroben\u00fd z odoln\u00e9ho MDF, je odoln\u00fd vo\u010di po\u0161kodeniam a \u013eahko sa udr\u017eiava v \u010distote. \u0160irok\u00e1 \u0161k\u00e1la vitr\u00ednov\u00fdch mo\u017enost\u00ed umo\u017e\u0148uje personaliz\u00e1ciu, \u010d\u00edm dod\u00e1va interi\u00e9ru v\u00fdnimo\u010dn\u00fd \u0161t\u00fdl a funk\u010dnos\u0165.   <\/p>\n","protected":false},"featured_media":7120,"comment_status":"open","ping_status":"closed","template":"","meta":{"_et_pb_use_builder":"","_et_pb_old_content":"","_et_gb_content_width":""},"product_brand":[],"product_cat":[436,427,428,426],"product_tag":[],"class_list":{"0":"post-7915","1":"product","2":"type-product","3":"status-publish","4":"has-post-thumbnail","6":"product_cat-kazeta","7":"product_cat-kuchynske-dvierka","8":"product_cat-mdf-sk","9":"product_cat-nabytkove-dvierka","10":"pa_glass-mdf-doors-bez-vitriny","11":"pa_glass-mdf-doors-w0-sk","12":"pa_glass-mdf-doors-w1-1x1-sk","13":"pa_glass-mdf-doors-w1-1x2-sk","14":"pa_glass-mdf-doors-w1-1x3-sk","15":"pa_glass-mdf-doors-w2-sk","16":"pa_glass-mdf-doors-w2x2-sk","17":"pa_glass-mdf-doors-w3-sk","18":"pa_glass-mdf-doors-w4-sk","19":"pa_glass-mdf-doors-w5-sk","20":"pa_glass-mdf-doors-w6-sk","21":"pa_glass-mdf-doors-w7-sk","22":"pa_glass-mdf-doors-w8-sk","24":"first","25":"instock","26":"taxable","27":"shipping-taxable","28":"purchasable","29":"product-type-variable","30":"has-default-attributes"},"_links":{"self":[{"href":"https:\/\/wikicnc.pl\/sk\/wp-json\/wp\/v2\/product\/7915","targetHints":{"allow":["GET"]}}],"collection":[{"href":"https:\/\/wikicnc.pl\/sk\/wp-json\/wp\/v2\/product"}],"about":[{"href":"https:\/\/wikicnc.pl\/sk\/wp-json\/wp\/v2\/types\/product"}],"replies":[{"embeddable":true,"href":"https:\/\/wikicnc.pl\/sk\/wp-json\/wp\/v2\/comments?post=7915"}],"wp:featuredmedia":[{"embeddable":true,"href":"https:\/\/wikicnc.pl\/sk\/wp-json\/wp\/v2\/media\/7120"}],"wp:attachment":[{"href":"https:\/\/wikicnc.pl\/sk\/wp-json\/wp\/v2\/media?parent=7915"}],"wp:term":[{"taxonomy":"product_brand","embeddable":true,"href":"https:\/\/wikicnc.pl\/sk\/wp-json\/wp\/v2\/product_brand?post=7915"},{"taxonomy":"product_cat","embeddable":true,"href":"https:\/\/wikicnc.pl\/sk\/wp-json\/wp\/v2\/product_cat?post=7915"},{"taxonomy":"product_tag","embeddable":true,"href":"https:\/\/wikicnc.pl\/sk\/wp-json\/wp\/v2\/product_tag?post=7915"}],"curies":[{"name":"wp","href":"https:\/\/api.w.org\/{rel}","templated":true}]}}