{"id":7901,"date":"2024-10-15T17:17:12","date_gmt":"2024-10-15T15:17:12","guid":{"rendered":"https:\/\/wikicnc.pl\/produkt\/natalia-nabytkove-celo\/"},"modified":"2024-10-15T17:17:12","modified_gmt":"2024-10-15T15:17:12","slug":"natalia-nabytkove-celo","status":"publish","type":"product","link":"https:\/\/wikicnc.pl\/sk\/produkt\/natalia-nabytkove-celo\/","title":{"rendered":"Natalia N\u00e1bytkov\u00e9 \u010celo"},"content":{"rendered":"<p><strong>AF021 \u2013 Natalia N\u00e1bytkov\u00e9 \u010celo<\/strong><\/p>\n<p>Front AF021 \u2013 Natalia je naj\u010dastej\u0161ie vybran\u00fd model na\u0161imi z\u00e1kazn\u00edkmi, ktor\u00fd si z\u00edskal uznanie v\u010faka svojmu nad\u010dasov\u00e9mu a univerz\u00e1lnemu dizajnu. Jeho v\u0161estrann\u00fd vzh\u013ead sa v\u00fdborne hod\u00ed k r\u00f4znym \u0161t\u00fdlom interi\u00e9rov, \u010di u\u017e modern\u00fdm alebo klasick\u00fdm. Natalia vn\u00e1\u0161a do priestorov jemn\u00fd, modern\u00fd akcent s n\u00e1dychom originality, \u010do z nej rob\u00ed v\u00fdnimo\u010dn\u00fa vo\u013ebu pre rozmanit\u00e9 aran\u017em\u00e1ny.  <\/p>\n<p>Tento n\u00e1bytkov\u00fd front sa v\u00fdborne hod\u00ed ako do ve\u013ek\u00fdch, tak aj do mal\u00fdch priestorov, pri\u010dom im dod\u00e1va eleganciu a harm\u00f3niu. V\u010faka svojej univerz\u00e1lnosti je ide\u00e1lny na tvorbu efektn\u00fdch skrin\u00ed, kom\u00f4d, kuch\u00fd\u0148 aj k\u00fape\u013e\u0148ov\u00fdch skr\u00ed\u0148, prin\u00e1\u0161aj\u00fac ka\u017ed\u00e9mu interi\u00e9ru modern\u00fd charakter. Nez\u00e1le\u017e\u00ed na tom, \u010di si ho vyberiete na ve\u013ek\u00e9 skrine alebo mal\u00e9 fronty, Natalia vniesie do interi\u00e9ru svie\u017eos\u0165 a \u0161t\u00fdl.  <\/p>\n<p>Vyroben\u00fd z MDF najvy\u0161\u0161ej kvality, front AF021 \u2013 Natalia sa vyzna\u010duje vysokou odolnos\u0165ou a odolnos\u0165ou vo\u010di ka\u017edodenn\u00e9mu opotrebeniu. Jeho hladk\u00fd povrch sa \u013eahko udr\u017eiava v \u010distote, \u010do z neho rob\u00ed nielen estetick\u00e9, ale aj praktick\u00e9 rie\u0161enie. Dostupn\u00fd v \u0161irokej \u0161k\u00e1le farieb, tento front sa \u013eahko prisp\u00f4sob\u00ed r\u00f4znym interi\u00e9rom a vytvor\u00ed elegantn\u00fd a s\u00fadr\u017en\u00fd celok.  <\/p>\n<p>Okrem toho front AF021 \u2013 Natalia pon\u00faka bohat\u00fd v\u00fdber vitr\u00ednov\u00fdch mo\u017enost\u00ed, ktor\u00e9 umo\u017e\u0148uj\u00fa prisp\u00f4sobi\u0165 vzh\u013ead n\u00e1bytku. Mo\u017enos\u0165 v\u00fdberu z mo\u017enost\u00ed No Glass, W0, W1 &#8211; 1&#215;1, W1 &#8211; 1&#215;2, W1 &#8211; 1&#215;3, W1 &#8211; 1&#215;4, W2, W3, W4, W5, W6, W7, W8 umo\u017e\u0148uje vytvori\u0165 jedine\u010dn\u00e9 rie\u0161enia, ktor\u00e9 dokonale zodpovedaj\u00fa individu\u00e1lnym potreb\u00e1m. Tieto vitr\u00edny umo\u017e\u0148uj\u00fa elegantne vystavi\u0165 ob\u013e\u00faben\u00e9 predmety, ako s\u00fa jed\u00e1lensk\u00fd servis, dekor\u00e1cie \u010di rodinn\u00e9 pamiatky, \u010d\u00edm dod\u00e1vaj\u00fa interi\u00e9rom e\u0161te viac triedy a sofistikovanosti.  <\/p>\n<p>Front Natalia nie je len vynikaj\u00facim estetick\u00fdm rie\u0161en\u00edm, ale aj praktick\u00fdm. V\u010faka starostlivo prepracovan\u00fdm detailom a jemn\u00fdm zdobeniam dod\u00e1va interi\u00e9rom luxusn\u00fd vzh\u013ead, ktor\u00fd o\u010dar\u00ed na dlh\u00e9 roky. \u010ci u\u017e si ho vyberiete do kuchyne, ob\u00fdva\u010dky alebo k\u00fape\u013ene, AF021 \u2013 Natalia je z\u00e1rukou kvality a \u0161t\u00fdlu, ktor\u00fd odol\u00e1 sk\u00fa\u0161ke \u010dasu. Zvo\u013ete front AF021 \u2013 Natalia a vytvorte si interi\u00e9r, ktor\u00fd bude \u017eiari\u0165 eleganciou a modernos\u0165ou po mnoho rokov.   <\/p>\n","protected":false},"excerpt":{"rendered":"<p><strong>AF021 \u2013 Natalia N\u00e1bytkov\u00e9 \u010celo<\/strong><\/p>\n<p>Front AF021 \u2013 Natalia je nad\u010dasovou a univerz\u00e1lnou vo\u013ebou, ktor\u00e1 sa dokonale hod\u00ed do r\u00f4znych interi\u00e9rov\u00fdch aran\u017em\u00e1nov. Jeho modern\u00fd dizajn s n\u00e1dychom originality skvelo pasuje ako na ve\u013ek\u00e9 skrine, tak aj na mal\u00e9 fronty. Vyroben\u00fd z odoln\u00e9ho MDF, dostupn\u00fd v mnoh\u00fdch farb\u00e1ch a vitr\u00ednov\u00fdch variantoch, Natalia prin\u00e1\u0161a eleganciu a \u0161t\u00fdl do kuch\u00fd\u0148, ob\u00fdva\u010diek \u010di k\u00fape\u013en\u00ed.  <\/p>\n","protected":false},"featured_media":7121,"comment_status":"open","ping_status":"closed","template":"","meta":{"_et_pb_use_builder":"","_et_pb_old_content":"","_et_gb_content_width":""},"product_brand":[],"product_cat":[427,428,426,429],"product_tag":[],"class_list":{"0":"post-7901","1":"product","2":"type-product","3":"status-publish","4":"has-post-thumbnail","6":"product_cat-kuchynske-dvierka","7":"product_cat-mdf-sk","8":"product_cat-nabytkove-dvierka","9":"product_cat-plochy-panel","10":"pa_glass-mdf-doors-bez-vitriny","11":"pa_glass-mdf-doors-w0-sk","12":"pa_glass-mdf-doors-w1-1x1-sk","13":"pa_glass-mdf-doors-w1-1x2-sk","14":"pa_glass-mdf-doors-w1-1x3-sk","15":"pa_glass-mdf-doors-w2-sk","16":"pa_glass-mdf-doors-w2x2-sk","17":"pa_glass-mdf-doors-w3-sk","18":"pa_glass-mdf-doors-w4-sk","19":"pa_glass-mdf-doors-w5-sk","20":"pa_glass-mdf-doors-w6-sk","21":"pa_glass-mdf-doors-w7-sk","22":"pa_glass-mdf-doors-w8-sk","24":"first","25":"instock","26":"taxable","27":"shipping-taxable","28":"purchasable","29":"product-type-variable","30":"has-default-attributes"},"_links":{"self":[{"href":"https:\/\/wikicnc.pl\/sk\/wp-json\/wp\/v2\/product\/7901","targetHints":{"allow":["GET"]}}],"collection":[{"href":"https:\/\/wikicnc.pl\/sk\/wp-json\/wp\/v2\/product"}],"about":[{"href":"https:\/\/wikicnc.pl\/sk\/wp-json\/wp\/v2\/types\/product"}],"replies":[{"embeddable":true,"href":"https:\/\/wikicnc.pl\/sk\/wp-json\/wp\/v2\/comments?post=7901"}],"wp:featuredmedia":[{"embeddable":true,"href":"https:\/\/wikicnc.pl\/sk\/wp-json\/wp\/v2\/media\/7121"}],"wp:attachment":[{"href":"https:\/\/wikicnc.pl\/sk\/wp-json\/wp\/v2\/media?parent=7901"}],"wp:term":[{"taxonomy":"product_brand","embeddable":true,"href":"https:\/\/wikicnc.pl\/sk\/wp-json\/wp\/v2\/product_brand?post=7901"},{"taxonomy":"product_cat","embeddable":true,"href":"https:\/\/wikicnc.pl\/sk\/wp-json\/wp\/v2\/product_cat?post=7901"},{"taxonomy":"product_tag","embeddable":true,"href":"https:\/\/wikicnc.pl\/sk\/wp-json\/wp\/v2\/product_tag?post=7901"}],"curies":[{"name":"wp","href":"https:\/\/api.w.org\/{rel}","templated":true}]}}