{"id":7887,"date":"2024-10-15T17:17:13","date_gmt":"2024-10-15T15:17:13","guid":{"rendered":"https:\/\/wikicnc.pl\/produkt\/malwina-nabytkove-celo\/"},"modified":"2024-10-15T17:17:13","modified_gmt":"2024-10-15T15:17:13","slug":"malwina-nabytkove-celo","status":"publish","type":"product","link":"https:\/\/wikicnc.pl\/sk\/produkt\/malwina-nabytkove-celo\/","title":{"rendered":"Malwina N\u00e1bytkov\u00e9 \u010celo"},"content":{"rendered":"<p><strong>AF022 \u2013 Malwina N\u00e1bytkov\u00e9 \u010celo<\/strong><\/p>\n<p>Front AF022 \u2013 Malwina je v\u00fdnimo\u010dn\u00fd prvok, ktor\u00fd dokonale zapadne do dizajnu ka\u017edej kuchyne, ob\u00fdva\u010dky \u010di dokonca pracovn\u00e9ho kabinetu. Jeho klasick\u00e1 elegancia a jemn\u00e9 zdobenia dod\u00e1vaj\u00fa interi\u00e9ru nad\u010dasov\u00fd charakter, ktor\u00fd sa hod\u00ed ako do modern\u00fdch, tak aj tradi\u010dn\u00fdch aran\u017em\u00e1nov. Front Malwina o\u010dar\u00ed svojou jednoduchos\u0165ou a vkusom, sp\u00e1jaj\u00fac \u0161t\u00fdlov\u00fd vzh\u013ead s praktick\u00fdmi rie\u0161eniami, \u010do z neho rob\u00ed ide\u00e1lnu vo\u013ebu pre ka\u017edodenn\u00e9 pou\u017eitie.  <\/p>\n<p>Vyroben\u00fd z najkvalitnej\u0161ieho MDF, front nielen zabezpe\u010duje odolnos\u0165, ale aj trv\u00e1cnos\u0165 proti po\u0161kodeniu, \u010do garantuje dlh\u00fa \u017eivotnos\u0165 pou\u017e\u00edvania. Jeho hladk\u00fd, jednoliaty povrch umo\u017e\u0148uje jednoduch\u00fa \u00fadr\u017ebu \u010distoty a \u0161irok\u00e1 \u0161k\u00e1la dostupn\u00fdch farieb umo\u017e\u0148uje dokonal\u00e9 prisp\u00f4sobenie ka\u017ed\u00e9mu typu interi\u00e9ru. Front Malwina vynikaj\u00faco p\u00f4sob\u00ed ako v tmav\u00fdch, tak aj svetl\u00fdch odtie\u0148och \u2013 v tmav\u0161\u00edch prin\u00e1\u0161a do priestoru eleganciu, zatia\u013e \u010do svetlej\u0161ie odtiene vn\u00e1\u0161aj\u00fa \u013eahkos\u0165 a svie\u017eos\u0165.  <\/p>\n<p>\u010eal\u0161ou v\u00fdhodou frontu AF022 \u2013 Malwina je dostupnos\u0165 mnoh\u00fdch mo\u017enost\u00ed vitr\u00edn, ktor\u00e9 umo\u017e\u0148uj\u00fa vystavi\u0165 ob\u013e\u00faben\u00e9 predmety, ako je elegantn\u00fd servis, rodinn\u00e9 pamiatky alebo in\u00e9 dekorat\u00edvne prvky. V\u010faka t\u00fdmto mo\u017enostiam m\u00f4\u017eete svojim n\u00e1bytkom doda\u0165 individu\u00e1lny charakter, ktor\u00fd bude odr\u00e1\u017ea\u0165 v\u00e1\u0161 \u0161t\u00fdl a potreby. Varianty vitr\u00edn zah\u0155\u0148aj\u00fa: No Glass | W0 | W1 &#8211; 1&#215;1 | W1 &#8211; 1&#215;2 | W1 &#8211; 1&#215;3 | W1 &#8211; 1&#215;4 | W2 | W3 | W4 | W5 | W6 | W7 | W8.  <\/p>\n<p>Front AF022 \u2013 Malwina je synonymom elegancie, trv\u00e1cnosti a funk\u010dnosti. Skvele sa hod\u00ed do ka\u017ed\u00e9ho interi\u00e9ru, pri\u010dom mu dod\u00e1va vytvoren\u00fd \u0161t\u00fdl a nad\u010dasov\u00fd charakter. V\u00fdberom frontu Malwina investujete do produktu, ktor\u00fd v\u00e1s bude dlh\u00e9 roky o\u010dar\u00fava\u0165 svoj\u00edm vzh\u013eadom a spo\u013eahlivos\u0165ou.  <\/p>\n","protected":false},"excerpt":{"rendered":"<p><strong>AF022 \u2013 Malwina N\u00e1bytkov\u00e9 \u010celo<\/strong><\/p>\n<p>Front AF022 \u2013 Malwina je dokonal\u00fdm doplnkom ka\u017ed\u00e9ho interi\u00e9ru, bez oh\u013eadu na jeho \u0161t\u00fdl. Jeho elegantn\u00fd, klasick\u00fd dizajn sa hod\u00ed nielen do kuchyne, ale aj do ob\u00fdva\u010dky \u010di pracovne. Jemn\u00e9 zdobenia dod\u00e1vaj\u00fa frontu v\u00fdnimo\u010dn\u00fd charakter a prin\u00e1\u0161aj\u00fa jemn\u00fd n\u00e1dych elegancie. Vyroben\u00fd z vysokokvalitn\u00e9ho MDF materi\u00e1lu zaru\u010duje dlh\u00fa \u017eivotnos\u0165, pri\u010dom hladk\u00fd povrch u\u013eah\u010duje ka\u017edodenn\u00fa starostlivos\u0165.   <\/p>\n<p>Front Malwina pon\u00faka aj mno\u017estvo variantov vitr\u00edn, v\u010faka ktor\u00fdm si m\u00f4\u017eete prisp\u00f4sobi\u0165 n\u00e1bytok pod\u013ea vlastn\u00fdch potrieb. Tieto mo\u017enosti umo\u017e\u0148uj\u00fa vystavenie ob\u013e\u00faben\u00fdch dekor\u00e1ci\u00ed a dod\u00e1vaj\u00fa priestoru jedine\u010dn\u00fd charakter. <\/p>\n<p>Tu s\u00fa dostupn\u00e9 mo\u017enosti vitr\u00edn: Bez Vitr\u00edny | W0 | W1 &#8211; 1&#215;1 | W1 &#8211; 1&#215;2 | W1 &#8211; 1&#215;3 | W1 &#8211; 1&#215;4 | W2 | W3 | W4 | W5 | W6 | W7 | W8.<\/p>\n<p>V\u00fdberom predn\u00e9ho panelu AF022 \u2013 Malwina si zvol\u00edte eleganciu, funk\u010dnos\u0165 a nad\u010dasov\u00fd \u0161t\u00fdl, ktor\u00fd zv\u00fdrazn\u00ed v\u00fdnimo\u010dn\u00fd charakter v\u00e1\u0161ho interi\u00e9ru.<\/p>\n","protected":false},"featured_media":7122,"comment_status":"open","ping_status":"closed","template":"","meta":{"_et_pb_use_builder":"","_et_pb_old_content":"","_et_gb_content_width":""},"product_brand":[],"product_cat":[427,428,426,429],"product_tag":[],"class_list":{"0":"post-7887","1":"product","2":"type-product","3":"status-publish","4":"has-post-thumbnail","6":"product_cat-kuchynske-dvierka","7":"product_cat-mdf-sk","8":"product_cat-nabytkove-dvierka","9":"product_cat-plochy-panel","10":"pa_glass-mdf-doors-bez-vitriny","11":"pa_glass-mdf-doors-w0-sk","12":"pa_glass-mdf-doors-w1-1x1-sk","13":"pa_glass-mdf-doors-w1-1x2-sk","14":"pa_glass-mdf-doors-w1-1x3-sk","15":"pa_glass-mdf-doors-w2-sk","16":"pa_glass-mdf-doors-w2x2-sk","17":"pa_glass-mdf-doors-w3-sk","18":"pa_glass-mdf-doors-w4-sk","19":"pa_glass-mdf-doors-w5-sk","20":"pa_glass-mdf-doors-w6-sk","21":"pa_glass-mdf-doors-w7-sk","22":"pa_glass-mdf-doors-w8-sk","24":"first","25":"instock","26":"taxable","27":"shipping-taxable","28":"purchasable","29":"product-type-variable","30":"has-default-attributes"},"_links":{"self":[{"href":"https:\/\/wikicnc.pl\/sk\/wp-json\/wp\/v2\/product\/7887","targetHints":{"allow":["GET"]}}],"collection":[{"href":"https:\/\/wikicnc.pl\/sk\/wp-json\/wp\/v2\/product"}],"about":[{"href":"https:\/\/wikicnc.pl\/sk\/wp-json\/wp\/v2\/types\/product"}],"replies":[{"embeddable":true,"href":"https:\/\/wikicnc.pl\/sk\/wp-json\/wp\/v2\/comments?post=7887"}],"wp:featuredmedia":[{"embeddable":true,"href":"https:\/\/wikicnc.pl\/sk\/wp-json\/wp\/v2\/media\/7122"}],"wp:attachment":[{"href":"https:\/\/wikicnc.pl\/sk\/wp-json\/wp\/v2\/media?parent=7887"}],"wp:term":[{"taxonomy":"product_brand","embeddable":true,"href":"https:\/\/wikicnc.pl\/sk\/wp-json\/wp\/v2\/product_brand?post=7887"},{"taxonomy":"product_cat","embeddable":true,"href":"https:\/\/wikicnc.pl\/sk\/wp-json\/wp\/v2\/product_cat?post=7887"},{"taxonomy":"product_tag","embeddable":true,"href":"https:\/\/wikicnc.pl\/sk\/wp-json\/wp\/v2\/product_tag?post=7887"}],"curies":[{"name":"wp","href":"https:\/\/api.w.org\/{rel}","templated":true}]}}