{"id":7859,"date":"2024-10-15T17:17:39","date_gmt":"2024-10-15T15:17:39","guid":{"rendered":"https:\/\/wikicnc.pl\/produkt\/bella-nabytkove-celo\/"},"modified":"2024-10-15T17:17:39","modified_gmt":"2024-10-15T15:17:39","slug":"bella-nabytkove-celo","status":"publish","type":"product","link":"https:\/\/wikicnc.pl\/sk\/produkt\/bella-nabytkove-celo\/","title":{"rendered":"Bella N\u00e1bytkov\u00e9 \u010celo"},"content":{"rendered":"<p><strong>AF025 \u2013 Bella N\u00e1bytkov\u00e9 \u010celo<\/strong><\/p>\n<p>Front <strong>AF025 \u2013 Bella<\/strong> je jedn\u00fdm z najob\u013e\u00fabenej\u0161\u00edch vzorov, ktor\u00fd sp\u00e1ja v sebe eleganciu a \u0161t\u00fdl, \u010d\u00edm sa st\u00e1va ide\u00e1lnym dekorat\u00edvnym prvkom. Jeho nad\u010dasov\u00fd dizajn ho predur\u010duje na pou\u017eitie v r\u00f4znych interi\u00e9roch \u2013 od elegantn\u00fdch svadobn\u00fdch s\u00e1l, cez \u0161t\u00fdlov\u00e9 butiky, a\u017e po pal\u00e1ce v kr\u00e1\u013eovskom \u0161t\u00fdle. Tento front skvele zapad\u00e1 aj do konceptu kr\u00e1\u013eovskej izbi\u010dky malej princeznej, dod\u00e1vaj\u00fac jej jedine\u010dn\u00e9 k\u00fazlo a \u010daro.  <\/p>\n<p>Vyroben\u00fd z vysokokvalitn\u00e9ho MDF, front Bella sa vyzna\u010duje odolnos\u0165ou a trv\u00e1cnos\u0165ou, \u010do z neho rob\u00ed ide\u00e1lnu vo\u013ebu na dlh\u00e9 roky pou\u017e\u00edvania. Jeho hladk\u00fd povrch sa \u013eahko udr\u017eiava v \u010distote a \u0161irok\u00e1 ponuka farieb umo\u017e\u0148uje dokonal\u00e9 prisp\u00f4sobenie r\u00f4znym \u0161t\u00fdlom interi\u00e9rov. Jemn\u00e9 zdobenia a elegantn\u00e9 l\u00ednie dod\u00e1vaj\u00fa tomuto frontu n\u00e1dych luxusu a v\u00fdnimo\u010dn\u00e9ho \u0161t\u00fdlu.  <\/p>\n<p>Okrem toho front AF025 \u2013 Bella pon\u00faka \u0161irok\u00fa \u0161k\u00e1lu mo\u017enost\u00ed, vr\u00e1tane r\u00f4znych variantov vitr\u00edn. V\u010faka t\u00fdmto vo\u013eb\u00e1m m\u00f4\u017eete vystavi\u0165 svoje ob\u013e\u00faben\u00e9 predmety, ako je elegantn\u00fd stolov\u00fd servis, dekorat\u00edvne doplnky \u010di rodinn\u00e9 pamiatky. V\u00fdberom z mo\u017enost\u00ed: No Glass, W0, W1 &#8211; 1&#215;1, W1 &#8211; 1&#215;2, W1 &#8211; 1&#215;3, W1 &#8211; 1&#215;4, W2, W3, W4, W5, W6, W7, W8 si m\u00f4\u017eete vytvori\u0165 jedine\u010dn\u00e9 rie\u0161enia, ktor\u00e9 bud\u00fa odr\u00e1\u017ea\u0165 v\u00e1\u0161 osobn\u00fd \u0161t\u00fdl.  <\/p>\n<p>Front Bella nielen zv\u00fdraz\u0148uje estetiku interi\u00e9ru, ale aj jeho funk\u010dnos\u0165. V\u010faka svojmu univerz\u00e1lnemu dizajnu je ide\u00e1lny do r\u00f4znych miestnost\u00ed \u2013 od kuchyne, cez jed\u00e1lne a\u017e po ob\u00fdva\u010dky, pri\u010dom do ka\u017ed\u00e9ho priestoru vn\u00e1\u0161a n\u00e1dych elegancie a modernosti. <\/p>\n<p>Ak sa rozhodnete pre front AF025 \u2013 Bella, z\u00edskate produkt, ktor\u00fd nielen o\u010dar\u00ed svojim vzh\u013eadom, ale z\u00e1rove\u0148 sp\u013a\u0148a vysok\u00e9 \u0161tandardy kvality. Je to ide\u00e1lna vo\u013eba pre t\u00fdch, ktor\u00ed chc\u00fa do svojho interi\u00e9ru vnies\u0165 prvky luxusu, triedy a v\u00fdnimo\u010dn\u00e9ho \u0161t\u00fdlu, ktor\u00e9 bud\u00fa pote\u0161ova\u0165 oko po dlh\u00e9 roky. <\/p>\n","protected":false},"excerpt":{"rendered":"<p><strong>AF025 \u2013 Bella N\u00e1bytkov\u00e9 \u010celo<\/strong><\/p>\n<p><strong>AF025 \u2013 Bella<\/strong> je elegantn\u00e1 vo\u013eba, ktor\u00e1 sp\u00e1ja \u0161t\u00fdl s vyt\u0155\u0148aj\u00facou noblesou, ide\u00e1lna na dekor\u00e1ciu svadobn\u00fdch s\u00e1l, elegantn\u00fdch butikov a priestorov v kr\u00e1\u013eovskom \u0161t\u00fdle. Vyroben\u00e9 z vysoko kvalitn\u00e9ho MDF, vynikaj\u00fa trv\u00e1cnos\u0165ou a \u013eahkou \u00fadr\u017ebou, pri\u010dom s\u00fa dostupn\u00e9 v r\u00f4znych farb\u00e1ch. Skrinky pon\u00fakaj\u00fa aj mo\u017enosti personaliz\u00e1cie vr\u00e1tane variantov vitr\u00edn (No Glass, W0, W1 &#8211; 1&#215;1, W1 &#8211; 1&#215;2, W1 &#8211; 1&#215;3, W1 &#8211; 1&#215;4, W2, W3, W4, W5, W6, W7, W8), ktor\u00e9 umo\u017e\u0148uj\u00fa efekt\u00edvne vystavi\u0165 ob\u013e\u00faben\u00e9 predmety. Ide\u00e1lne do kuch\u00fd\u0148 a obytn\u00fdch priestorov, dvere Bella dod\u00e1vaj\u00fa ka\u017ed\u00e9mu interi\u00e9ru n\u00e1dych luxusu a elegancie.   <\/p>\n","protected":false},"featured_media":7125,"comment_status":"open","ping_status":"closed","template":"","meta":{"_et_pb_use_builder":"","_et_pb_old_content":"","_et_gb_content_width":""},"product_brand":[],"product_cat":[436,431,427,428,432,426],"product_tag":[],"class_list":{"0":"post-7859","1":"product","2":"type-product","3":"status-publish","4":"has-post-thumbnail","6":"product_cat-kazeta","7":"product_cat-kuchynske-dvierka-sk","8":"product_cat-kuchynske-dvierka","9":"product_cat-mdf-sk","10":"product_cat-nabytkove-dvierka-sk","11":"product_cat-nabytkove-dvierka","12":"pa_glass-mdf-doors-bez-vitriny","13":"pa_glass-mdf-doors-w0-sk","14":"pa_glass-mdf-doors-w1-1x1-sk","15":"pa_glass-mdf-doors-w1-1x2-sk","16":"pa_glass-mdf-doors-w1-1x3-sk","17":"pa_glass-mdf-doors-w2-sk","18":"pa_glass-mdf-doors-w2x2-sk","19":"pa_glass-mdf-doors-w3-sk","20":"pa_glass-mdf-doors-w4-sk","21":"pa_glass-mdf-doors-w5-sk","22":"pa_glass-mdf-doors-w6-sk","23":"pa_glass-mdf-doors-w7-sk","24":"pa_glass-mdf-doors-w8-sk","26":"first","27":"instock","28":"taxable","29":"shipping-taxable","30":"purchasable","31":"product-type-variable","32":"has-default-attributes"},"_links":{"self":[{"href":"https:\/\/wikicnc.pl\/sk\/wp-json\/wp\/v2\/product\/7859","targetHints":{"allow":["GET"]}}],"collection":[{"href":"https:\/\/wikicnc.pl\/sk\/wp-json\/wp\/v2\/product"}],"about":[{"href":"https:\/\/wikicnc.pl\/sk\/wp-json\/wp\/v2\/types\/product"}],"replies":[{"embeddable":true,"href":"https:\/\/wikicnc.pl\/sk\/wp-json\/wp\/v2\/comments?post=7859"}],"wp:featuredmedia":[{"embeddable":true,"href":"https:\/\/wikicnc.pl\/sk\/wp-json\/wp\/v2\/media\/7125"}],"wp:attachment":[{"href":"https:\/\/wikicnc.pl\/sk\/wp-json\/wp\/v2\/media?parent=7859"}],"wp:term":[{"taxonomy":"product_brand","embeddable":true,"href":"https:\/\/wikicnc.pl\/sk\/wp-json\/wp\/v2\/product_brand?post=7859"},{"taxonomy":"product_cat","embeddable":true,"href":"https:\/\/wikicnc.pl\/sk\/wp-json\/wp\/v2\/product_cat?post=7859"},{"taxonomy":"product_tag","embeddable":true,"href":"https:\/\/wikicnc.pl\/sk\/wp-json\/wp\/v2\/product_tag?post=7859"}],"curies":[{"name":"wp","href":"https:\/\/api.w.org\/{rel}","templated":true}]}}