{"id":7831,"date":"2024-10-15T17:17:40","date_gmt":"2024-10-15T15:17:40","guid":{"rendered":"https:\/\/wikicnc.pl\/produkt\/honorata-nabytkove-celo\/"},"modified":"2024-10-15T17:17:40","modified_gmt":"2024-10-15T15:17:40","slug":"honorata-nabytkove-celo","status":"publish","type":"product","link":"https:\/\/wikicnc.pl\/sk\/produkt\/honorata-nabytkove-celo\/","title":{"rendered":"Honorata N\u00e1bytkov\u00e9 \u010celo"},"content":{"rendered":"<p><strong>AF026 \u2013 Honorata N\u00e1bytkov\u00e9 \u010celo<\/strong><\/p>\n<p>Front <strong>AF026 \u2013 Honorata<\/strong> je elegantn\u00e1 vo\u013eba, ktor\u00e1 skvele zapadne do modern\u00fdch i klasick\u00fdch interi\u00e9rov. Jeho univerz\u00e1lny dizajn ho predur\u010duje na pou\u017eitie nielen v kuchyni, ale aj v ob\u00fdvac\u00edch priestoroch. Tento front vynik\u00e1 najm\u00e4 v tmav\u0161\u00edch odtie\u0148och, ktor\u00e9 zd\u00f4raz\u0148uj\u00fa eleganciu a luxus, no rovnako p\u00f4sobivo vyzer\u00e1 aj v svetl\u00fdch farb\u00e1ch, ktor\u00e9 dod\u00e1vaj\u00fa miestnostiam \u013eahkos\u0165 a svie\u017eos\u0165.<br \/>\nVyroben\u00fd z vysoko kvalitn\u00e9ho MDF materi\u00e1lu, front <strong>Honorata<\/strong> sa vyzna\u010duje trv\u00e1cnos\u0165ou a odolnos\u0165ou proti po\u0161kodeniu, v\u010faka \u010domu je ide\u00e1lnou vo\u013ebou na dlhodob\u00e9 pou\u017e\u00edvanie. Jeho hladk\u00fd povrch sa jednoducho udr\u017eiava, zatia\u013e \u010do \u0161irok\u00e1 paleta farieb umo\u017e\u0148uje \u013eahk\u00e9 prisp\u00f4sobenie r\u00f4znym \u0161t\u00fdlom interi\u00e9ru. Jemn\u00e9 zdobenia a prec\u00edzne spracovan\u00e9 l\u00ednie dod\u00e1vaj\u00fa frontu n\u00e1dych noblesy a sofistikovanosti.<br \/>\nOkrem toho front <strong>AF026 \u2013 Honorata<\/strong> pon\u00faka bohat\u00fd v\u00fdber mo\u017enost\u00ed vr\u00e1tane r\u00f4znych variantov vitr\u00edn, ktor\u00e9 umo\u017e\u0148uj\u00fa prisp\u00f4sobi\u0165 produkt individu\u00e1lnym potreb\u00e1m a preferenci\u00e1m u\u017e\u00edvate\u013ea.     <\/p>\n<p>V\u00fdberom z mo\u017enost\u00ed: <strong>Bez Vitr\u00edny<\/strong>, <strong>W0<\/strong>, <strong>W1 &#8211; 1&#215;1<\/strong>, <strong>W1 &#8211; 1&#215;2<\/strong>, <strong>W1 &#8211; 1&#215;3<\/strong>, <strong>W1 &#8211; 1&#215;4<\/strong>, <strong>W2<\/strong>, <strong>W3<\/strong>, <strong>W4<\/strong>, <strong>W5<\/strong>, <strong>W6<\/strong>, <strong>W7<\/strong>, <strong>W8<\/strong>, m\u00e1te mo\u017enos\u0165 vystavi\u0165 svoje ob\u013e\u00faben\u00e9 predmety, ako s\u00fa elegantn\u00e9 jed\u00e1lensk\u00e9 s\u00fapravy \u010di dekorat\u00edvne doplnky, \u010d\u00edm dod\u00e1te interi\u00e9ru jedine\u010dn\u00fd charakter.<br \/>\nFront <strong>Honorata<\/strong> nielen zd\u00f4raz\u0148uje estetiku, ale aj funk\u010dnos\u0165. V\u010faka svojmu univerz\u00e1lnemu dizajnu je ide\u00e1lny do r\u00f4znych miestnost\u00ed \u2013 od kuch\u00fd\u0148, cez jed\u00e1lne, a\u017e po ob\u00fdva\u010dky.  V ka\u017edom z t\u00fdchto priestorov prin\u00e1\u0161a n\u00e1dych modernosti a \u0161t\u00fdlu, \u010d\u00edm vytv\u00e1ra \u00fatuln\u00e9 a elegantn\u00e9 prostredie.<br \/>\nAk sa rozhodnete pre front <strong>AF026 \u2013 Honorata<\/strong>, z\u00edskate produkt, ktor\u00fd nielen zaujme svojim vzh\u013eadom, ale aj sp\u013a\u0148a tie najvy\u0161\u0161ie \u0161tandardy kvality. Je to vynikaj\u00faca vo\u013eba pre t\u00fdch, ktor\u00ed chc\u00fa do svojho interi\u00e9ru vnies\u0165 prvky luxusu, modernosti a elegancie. <\/p>\n","protected":false},"excerpt":{"rendered":"<p><strong>AF026 \u2013 Honorata N\u00e1bytkov\u00e9 \u010celo<\/strong><\/p>\n<p>Front <strong>AF026 \u2013 Honorata<\/strong> je \u0161t\u00fdlovou vo\u013ebou, ktor\u00e1 skvele zapad\u00e1 do modern\u00fdch i klasick\u00fdch interi\u00e9rov. V\u00fdborne vynik\u00e1 v tmav\u00fdch farb\u00e1ch, ktor\u00e9 vy\u017earuj\u00fa eleganciu, zatia\u013e \u010do svetl\u00e9 odtiene prin\u00e1\u0161aj\u00fa do priestoru svie\u017eos\u0165. Vyroben\u00fd z kvalitn\u00e9ho MDF materi\u00e1lu, tento odoln\u00fd front je \u013eahko udr\u017eiavate\u013en\u00fd a dostupn\u00fd v r\u00f4znych farebn\u00fdch variantoch.<br \/>\nFront <strong>Honorata<\/strong> pon\u00faka aj mo\u017enosti prisp\u00f4sobenia vr\u00e1tane variantov vitr\u00edn (No Glass, W0, W1 &#8211; 1&#215;1, W1 &#8211; 1&#215;2, W1 &#8211; 1&#215;3, W1 &#8211; 1&#215;4, W2, W3, W4, W5, W6, W7, W8), \u010do umo\u017e\u0148uje vystavi\u0165 va\u0161e ob\u013e\u00faben\u00e9 predmety. Ide\u00e1lny do kuch\u00fd\u0148 a ob\u00fdvac\u00edch izieb, prid\u00e1va ka\u017ed\u00e9mu priestoru n\u00e1dych luxusu a \u0161t\u00fdlu, \u010d\u00edm sa st\u00e1va vynikaj\u00facou vo\u013ebou pre t\u00fdch, ktor\u00ed h\u013eadaj\u00fa eleganciu a funk\u010dnos\u0165.   <\/p>\n","protected":false},"featured_media":7126,"comment_status":"open","ping_status":"closed","template":"","meta":{"_et_pb_use_builder":"","_et_pb_old_content":"","_et_gb_content_width":""},"product_brand":[],"product_cat":[427,428,432,426,429],"product_tag":[],"class_list":{"0":"post-7831","1":"product","2":"type-product","3":"status-publish","4":"has-post-thumbnail","6":"product_cat-kuchynske-dvierka","7":"product_cat-mdf-sk","8":"product_cat-nabytkove-dvierka-sk","9":"product_cat-nabytkove-dvierka","10":"product_cat-plochy-panel","11":"pa_glass-mdf-doors-bez-vitriny","12":"pa_glass-mdf-doors-w0-sk","13":"pa_glass-mdf-doors-w1-1x1-sk","14":"pa_glass-mdf-doors-w1-1x2-sk","15":"pa_glass-mdf-doors-w1-1x3-sk","16":"pa_glass-mdf-doors-w2-sk","17":"pa_glass-mdf-doors-w2x2-sk","18":"pa_glass-mdf-doors-w3-sk","19":"pa_glass-mdf-doors-w4-sk","20":"pa_glass-mdf-doors-w5-sk","21":"pa_glass-mdf-doors-w6-sk","22":"pa_glass-mdf-doors-w7-sk","23":"pa_glass-mdf-doors-w8-sk","25":"first","26":"instock","27":"taxable","28":"shipping-taxable","29":"purchasable","30":"product-type-variable","31":"has-default-attributes"},"_links":{"self":[{"href":"https:\/\/wikicnc.pl\/sk\/wp-json\/wp\/v2\/product\/7831","targetHints":{"allow":["GET"]}}],"collection":[{"href":"https:\/\/wikicnc.pl\/sk\/wp-json\/wp\/v2\/product"}],"about":[{"href":"https:\/\/wikicnc.pl\/sk\/wp-json\/wp\/v2\/types\/product"}],"replies":[{"embeddable":true,"href":"https:\/\/wikicnc.pl\/sk\/wp-json\/wp\/v2\/comments?post=7831"}],"wp:featuredmedia":[{"embeddable":true,"href":"https:\/\/wikicnc.pl\/sk\/wp-json\/wp\/v2\/media\/7126"}],"wp:attachment":[{"href":"https:\/\/wikicnc.pl\/sk\/wp-json\/wp\/v2\/media?parent=7831"}],"wp:term":[{"taxonomy":"product_brand","embeddable":true,"href":"https:\/\/wikicnc.pl\/sk\/wp-json\/wp\/v2\/product_brand?post=7831"},{"taxonomy":"product_cat","embeddable":true,"href":"https:\/\/wikicnc.pl\/sk\/wp-json\/wp\/v2\/product_cat?post=7831"},{"taxonomy":"product_tag","embeddable":true,"href":"https:\/\/wikicnc.pl\/sk\/wp-json\/wp\/v2\/product_tag?post=7831"}],"curies":[{"name":"wp","href":"https:\/\/api.w.org\/{rel}","templated":true}]}}