{"id":7804,"date":"2024-10-15T17:17:40","date_gmt":"2024-10-15T15:17:40","guid":{"rendered":"https:\/\/wikicnc.pl\/produkt\/eliza-nabytkove-celo\/"},"modified":"2024-10-15T17:17:40","modified_gmt":"2024-10-15T15:17:40","slug":"eliza-nabytkove-celo","status":"publish","type":"product","link":"https:\/\/wikicnc.pl\/sk\/produkt\/eliza-nabytkove-celo\/","title":{"rendered":"Eliza N\u00e1bytkov\u00e9 \u010celo"},"content":{"rendered":"<h2><strong>AF027 \u2013 Eliza N\u00e1bytkov\u00e9 \u010celo<\/strong><\/h2>\n<p>Front <strong>AF027 \u2013 Eliza<\/strong> je jedn\u00fdm z naj\u010dastej\u0161ie vyh\u013ead\u00e1van\u00fdch vzorov, ktor\u00fd sp\u00e1ja eleganciu s triedou a st\u00e1va sa v\u00fdnimo\u010dn\u00fdm dekora\u010dn\u00fdm prvkom. Jeho nad\u010dasov\u00fd dizajn ho predur\u010duje nielen do kuch\u00fd\u0148, ale aj do v\u00fdzdoby svadobn\u00fdch s\u00e1l, elegantn\u00fdch butikov \u010di pal\u00e1cov v kr\u00e1\u013eovskom \u0161t\u00fdle. V\u00fdborne sa hod\u00ed aj na vytvorenie kr\u00e1\u013eovskej izby pre mal\u00fa princezn\u00fa, pri\u010dom jej dod\u00e1 \u0161arm a jedine\u010dnos\u0165.<br \/>\nVyroben\u00fd z vysoko kvalitn\u00e9ho MDF, front <strong>Eliza<\/strong> sa vyzna\u010duje trv\u00e1cnos\u0165ou a odolnos\u0165ou proti po\u0161kodeniu, \u010do z neho rob\u00ed skvel\u00fa vo\u013ebu na dlh\u00e9 roky. Jeho hladk\u00fd povrch sa \u013eahko \u010dist\u00ed a \u0161irok\u00e1 \u0161k\u00e1la farieb umo\u017e\u0148uje bezprobl\u00e9mov\u00e9 prisp\u00f4sobenie ka\u017ed\u00e9mu interi\u00e9ru. V\u010faka jemn\u00fdm zdobeniam a elegantn\u00fdm l\u00edni\u00e1m tento front vy\u017earuje luxus a v\u00fdnimo\u010dn\u00fd \u0161t\u00fdl.<br \/>\nOkrem toho front <strong>AF027 \u2013 Eliza<\/strong> pon\u00faka \u0161irok\u00fd v\u00fdber mo\u017enost\u00ed vr\u00e1tane r\u00f4znych variantov vitr\u00edn. V\u010faka t\u00fdmto mo\u017enostiam m\u00f4\u017eete vystavi\u0165 svoje ob\u013e\u00faben\u00e9 predmety, ako je elegantn\u00fd stolov\u00fd servis alebo dekorat\u00edvne prvky.     <\/p>\n<p>V\u00fdberom z mo\u017enost\u00ed ako <strong>Pln\u00fd front<\/strong>, <strong>W0<\/strong>, <strong>W1 \u2013 1&#215;1<\/strong>, <strong>W1 \u2013 1&#215;2<\/strong>, <strong>W1 \u2013 1&#215;3<\/strong>, <strong>W1 \u2013 1&#215;4<\/strong>,<strong> W2<\/strong>, <strong>W3<\/strong>, <strong>W4<\/strong>, <strong>W5<\/strong>, <strong>W6<\/strong>, <strong>W7<\/strong> a <strong>W8<\/strong> m\u00f4\u017eete prisp\u00f4sobi\u0165 front svojim individu\u00e1lnym potreb\u00e1m a preferenci\u00e1m. Front<strong> Eliza<\/strong> zv\u00fdraz\u0148uje nielen estetiku, ale aj funk\u010dnos\u0165. Perfektne sa hod\u00ed do modern\u00fdch aj klasick\u00fdch aran\u017em\u00e1nov, prin\u00e1\u0161aj\u00fac do priestoru n\u00e1dych elegancie. Jeho univerz\u00e1lny dizajn z neho rob\u00ed vhodn\u00fd prvok do r\u00f4znych miestnost\u00ed \u2013 od kuch\u00fd\u0148 a\u017e po sal\u00f3ny, kde dod\u00e1va okoliu jedine\u010dn\u00fd charakter. V\u00fdberom frontu <strong>AF027 \u2013 Eliza<\/strong> z\u00edskavate produkt, ktor\u00fd nielen p\u00f4sob\u00ed ohromuj\u00faco, ale z\u00e1rove\u0148 sp\u013a\u0148a vysok\u00e9 \u0161tandardy kvality. Je to ide\u00e1lna vo\u013eba pre t\u00fdch, ktor\u00ed chc\u00fa do svojho interi\u00e9ru prinies\u0165 prvky luxusu a \u0161t\u00fdlu.     <\/p>\n<p>Vyberte si front <strong>Eliza<\/strong> a vytvorte priestor, ktor\u00fd o\u010dar\u00ed nielen v\u00e1s, ale aj va\u0161ich host\u00ed, \u010d\u00edm ka\u017ed\u00e1 chv\u00ed\u013ea str\u00e1ven\u00e1 v tomto interi\u00e9ri bude naozaj v\u00fdnimo\u010dn\u00e1.<\/p>\n","protected":false},"excerpt":{"rendered":"<p><strong>AF027 \u2013 Eliza N\u00e1bytkov\u00e9 \u010celo<\/strong><\/p>\n<p>Front <strong>AF027 \u2013 Eliza<\/strong> je \u0161t\u00fdlovou vo\u013ebou, ktor\u00e1 sp\u00e1ja eleganciu s noblesou, \u010do z neho rob\u00ed ide\u00e1lny doplnok do kuch\u00fd\u0148, svadobn\u00fdch s\u00e1l, elegantn\u00fdch butikov\u00fdch priestorov a kr\u00e1\u013eovsk\u00fdch izieb. Vyroben\u00fd z kvalitn\u00e9ho MDF materi\u00e1lu, zaru\u010duje trv\u00e1cnos\u0165 a \u013eahk\u00fa \u00fadr\u017ebu. V\u010faka \u0161irok\u00e9mu v\u00fdberu mo\u017enost\u00ed vr\u00e1tane variantov vitr\u00edn (Bez Vitr\u00edny, W0, W1 \u2013 1&#215;1, W1 \u2013 1&#215;2, W1 \u2013 1&#215;3, W1 \u2013 1&#215;4, W2, W3, W4, W5, W6, W7, W8) dod\u00e1va front <strong>Eliza<\/strong> ka\u017ed\u00e9mu interi\u00e9ru n\u00e1dych luxusu.  <\/p>\n","protected":false},"featured_media":7127,"comment_status":"open","ping_status":"closed","template":"","meta":{"_et_pb_use_builder":"on","_et_pb_old_content":"","_et_gb_content_width":""},"product_brand":[],"product_cat":[436,427,428,432,426],"product_tag":[],"class_list":{"0":"post-7804","1":"product","2":"type-product","3":"status-publish","4":"has-post-thumbnail","6":"product_cat-kazeta","7":"product_cat-kuchynske-dvierka","8":"product_cat-mdf-sk","9":"product_cat-nabytkove-dvierka-sk","10":"product_cat-nabytkove-dvierka","11":"pa_glass-mdf-doors-bez-vitriny","12":"pa_glass-mdf-doors-w0-sk","13":"pa_glass-mdf-doors-w1-1x1-sk","14":"pa_glass-mdf-doors-w1-1x2-sk","15":"pa_glass-mdf-doors-w1-1x3-sk","16":"pa_glass-mdf-doors-w2-sk","17":"pa_glass-mdf-doors-w2x2-sk","18":"pa_glass-mdf-doors-w3-sk","19":"pa_glass-mdf-doors-w4-sk","20":"pa_glass-mdf-doors-w5-sk","21":"pa_glass-mdf-doors-w6-sk","22":"pa_glass-mdf-doors-w7-sk","23":"pa_glass-mdf-doors-w8-sk","25":"first","26":"instock","27":"taxable","28":"shipping-taxable","29":"purchasable","30":"product-type-variable","31":"has-default-attributes"},"_links":{"self":[{"href":"https:\/\/wikicnc.pl\/sk\/wp-json\/wp\/v2\/product\/7804","targetHints":{"allow":["GET"]}}],"collection":[{"href":"https:\/\/wikicnc.pl\/sk\/wp-json\/wp\/v2\/product"}],"about":[{"href":"https:\/\/wikicnc.pl\/sk\/wp-json\/wp\/v2\/types\/product"}],"replies":[{"embeddable":true,"href":"https:\/\/wikicnc.pl\/sk\/wp-json\/wp\/v2\/comments?post=7804"}],"wp:featuredmedia":[{"embeddable":true,"href":"https:\/\/wikicnc.pl\/sk\/wp-json\/wp\/v2\/media\/7127"}],"wp:attachment":[{"href":"https:\/\/wikicnc.pl\/sk\/wp-json\/wp\/v2\/media?parent=7804"}],"wp:term":[{"taxonomy":"product_brand","embeddable":true,"href":"https:\/\/wikicnc.pl\/sk\/wp-json\/wp\/v2\/product_brand?post=7804"},{"taxonomy":"product_cat","embeddable":true,"href":"https:\/\/wikicnc.pl\/sk\/wp-json\/wp\/v2\/product_cat?post=7804"},{"taxonomy":"product_tag","embeddable":true,"href":"https:\/\/wikicnc.pl\/sk\/wp-json\/wp\/v2\/product_tag?post=7804"}],"curies":[{"name":"wp","href":"https:\/\/api.w.org\/{rel}","templated":true}]}}