{"id":7762,"date":"2024-10-17T17:51:05","date_gmt":"2024-10-17T15:51:05","guid":{"rendered":"https:\/\/wikicnc.pl\/produkt\/ramka-nabytkove-celo\/"},"modified":"2024-10-17T17:51:05","modified_gmt":"2024-10-17T15:51:05","slug":"ramka-nabytkove-celo","status":"publish","type":"product","link":"https:\/\/wikicnc.pl\/sk\/produkt\/ramka-nabytkove-celo\/","title":{"rendered":"Ramka N\u00e1bytkov\u00e9 \u010celo"},"content":{"rendered":"<p><strong>AF002 &#8211; Ramka N\u00e1bytkov\u00e9 \u010celo<\/strong><\/p>\n<p>AF002 \u2013 Ramka je v\u00fdnimo\u010dn\u00e1 vo\u013eba, ktor\u00e1 si z\u00edskala uznanie na\u0161ich z\u00e1kazn\u00edkov v\u010faka svojej univerz\u00e1lnosti a elegancii. Ide o nad\u010dasov\u00fd dizajn, ktor\u00fd mo\u017eno \u00faspe\u0161ne pou\u017ei\u0165 v akomko\u013evek priestore \u2013 od kuchyne a ob\u00fdva\u010dky a\u017e po kancel\u00e1rie \u010di sp\u00e1lne. Jeho jednoduchos\u0165 a jemn\u00e9 detaily z neho robia ide\u00e1lnu vo\u013ebu pre t\u00fdch, ktor\u00ed h\u013eadaj\u00fa harm\u00f3niu medzi estetikou a funk\u010dnos\u0165ou.  <\/p>\n<p>Front Ramka dod\u00e1va interi\u00e9rom v\u00fdnimo\u010dn\u00fd charakter, pritom zost\u00e1va neutr\u00e1l\u00adnym prvkom, ktor\u00fd dokonale lad\u00ed s r\u00f4znymi \u0161t\u00fdlmi zariadenia. \u010ci u\u017e uprednost\u0148uje\u0161 klasick\u00fa eleganciu, modern\u00fd minimalizmus alebo rustik\u00e1lne mot\u00edvy, tento front sa harmo\u00adnicky zapoj\u00ed do tvojho interi\u00e9ru a prid\u00e1 mu jemn\u00e9 k\u00fazlo. Tento vzor je ide\u00e1lny na pou\u017eitie v kuchyniach, k\u00fape\u013eniach, skriniach \u010di ob\u00fdva\u010dk\u00e1ch \u2013 v\u0161ade tam, kde je d\u00f4le\u017eit\u00e1 funk\u010dnos\u0165 aj estetika.  <\/p>\n<p>To, \u010do rob\u00ed AF002 \u2013 Ramka v\u00fdnimo\u010dn\u00fdm, je jeho schopnos\u0165 r\u00fdchlej a origin\u00e1lnej \u00fapravy interi\u00e9ru. Jeho jednoduch\u00fd, no z\u00e1rove\u0148 efekt\u00edvny dizajn dod\u00e1va ka\u017ed\u00e9mu priestoru nov\u00fd rozmer a zanech\u00e1va ho usporiadan\u00fdm a premyslen\u00fdm. Tento front pom\u00e1ha vytv\u00e1ra\u0165 rie\u0161enia, ktor\u00e9 s\u00fa nielen kr\u00e1sne, ale aj praktick\u00e9 a odoln\u00e9, v\u010faka \u010domu sa interi\u00e9ry st\u00e1vaj\u00fa pr\u00edjemn\u00fdmi a pohodln\u00fdmi na ka\u017edodenn\u00e9 pou\u017e\u00edvanie.  <\/p>\n<p>Jednou z k\u013e\u00fa\u010dov\u00fdch v\u00fdhod frontu Ramka je mo\u017enos\u0165 jeho \u00faplnej personaliz\u00e1cie. V\u010faka dostupnosti v mnoh\u00fdch farb\u00e1ch a povrchov\u00fdch \u00faprav\u00e1ch m\u00f4\u017ee by\u0165 tento front prisp\u00f4soben\u00fd tvojmu individu\u00e1lnemu \u0161t\u00fdlu a preferenci\u00e1m. Obzvl\u00e1\u0161\u0165 pekne vyzer\u00e1 v neutr\u00e1lnych farb\u00e1ch, ako je biela, siv\u00e1 alebo b\u00e9\u017eov\u00e1, no m\u00f4\u017ee by\u0165 aj zauj\u00edmav\u00fdm akcentom v odv\u00e1\u017enej\u0161\u00edch t\u00f3noch. Mo\u017enosti povrchov\u00fdch \u00faprav s\u00fa neobmedzen\u00e9, \u010do umo\u017e\u0148uje dokonal\u00e9 zladi\u0165 front s ostatn\u00fdm interi\u00e9rom.   <\/p>\n<p>Navy\u0161e front AF002 \u2013 Ramka pon\u00faka \u0161irok\u00fa \u0161k\u00e1lu mo\u017enost\u00ed vitr\u00edn, \u010do ho rob\u00ed e\u0161te funk\u010dnej\u0161\u00edm. V\u00fdberom z variantov: No Glass, W0, W1 \u2013 1&#215;1, W1 \u2013 1&#215;2, W1 \u2013 1&#215;3, W1 \u2013 1&#215;4, W2, W3, W4, W5, W6, W7, W8 m\u00f4\u017ee\u0161 \u00faplne prisp\u00f4sobi\u0165 vzh\u013ead frontu svojim potreb\u00e1m a preferenci\u00e1m. Vitr\u00edny umo\u017e\u0148uj\u00fa elegantne vystavi\u0165 vybran\u00e9 predmety a z\u00e1rove\u0148 vn\u00e1\u0161aj\u00fa do priestoru \u013eahkos\u0165 a modern\u00fd vzh\u013ead.  <\/p>\n<p>Front AF002 \u2013 Ramka nie je len o estetike, ale aj o vysokej kvalite spracovania. Pou\u017eit\u00e9 materi\u00e1ly zaru\u010duj\u00fa trv\u00e1cnos\u0165 a odolnos\u0165 vo\u010di ka\u017edodenn\u00e9mu pou\u017e\u00edvaniu, v\u010faka \u010domu je ide\u00e1lnym rie\u0161en\u00edm do intenz\u00edvne vyu\u017e\u00edvan\u00fdch priestorov. Jeho hladk\u00fd povrch sa \u013eahko udr\u017eiava, \u010do pod\u010diarkuje jeho praktickos\u0165. Dlh\u00e1 \u017eivotnos\u0165 a funk\u010dnos\u0165 tohto frontu z neho rob\u00ed perfektn\u00fd v\u00fdber pre t\u00fdch, ktor\u00ed si cenia trv\u00e1cne a elegantn\u00e9 prvky vo svojom interi\u00e9ri.   <\/p>\n<p>Na z\u00e1ver, AF002 \u2013 Ramka je vynikaj\u00facou vo\u013ebou pre t\u00fdch, ktor\u00ed chc\u00fa vytvori\u0165 interi\u00e9r pln\u00fd \u0161t\u00fdlu a harm\u00f3nie. V\u010faka svojej univerz\u00e1lnosti a mo\u017enosti prisp\u00f4sobenia sa tento front st\u00e1va nielen ozdobou, ale aj praktick\u00fdm prvkom ka\u017ed\u00e9ho priestoru. <\/p>\n","protected":false},"excerpt":{"rendered":"<p>AF002 \u2013 Ramka Front Meblov\u00fd <strong>je ob\u013e\u00faben\u00fd medzi z\u00e1kazn\u00edkmi, pon\u00faka jednoduch\u00fd a nad\u010dasov\u00fd dizajn, <\/strong>ktor\u00fd sa hod\u00ed do ka\u017ed\u00e9ho interi\u00e9ru. Mo\u017enosti vitr\u00edn: No Glass, W0, W1 \u2013 1&#215;1, W1 \u2013 1&#215;2, W1 \u2013 1&#215;3, W1 \u2013 1&#215;4, W2, W3, W4, W5, W6, W7, W8, umo\u017e\u0148uj\u00fa vytvori\u0165 jedine\u010dn\u00e9 rie\u0161enia, ktor\u00e9 odr\u00e1\u017eaj\u00fa tvoj osobn\u00fd \u0161t\u00fdl. <\/p>\n","protected":false},"featured_media":7030,"comment_status":"closed","ping_status":"closed","template":"","meta":{"_et_pb_use_builder":"","_et_pb_old_content":"","_et_gb_content_width":""},"product_brand":[],"product_cat":[431,427,428,426,432,429,430],"product_tag":[],"class_list":{"0":"post-7762","1":"product","2":"type-product","3":"status-publish","4":"has-post-thumbnail","6":"product_cat-kuchynske-dvierka-sk","7":"product_cat-kuchynske-dvierka","8":"product_cat-mdf-sk","9":"product_cat-nabytkove-dvierka","10":"product_cat-nabytkove-dvierka-sk","11":"product_cat-plochy-panel","12":"product_cat-vitriny","13":"pa_glass-mdf-doors-bez-vitriny","14":"pa_glass-mdf-doors-w0-sk","15":"pa_glass-mdf-doors-w1-1x1-sk","16":"pa_glass-mdf-doors-w1-1x2-sk","17":"pa_glass-mdf-doors-w1-1x3-sk","18":"pa_glass-mdf-doors-w2-sk","19":"pa_glass-mdf-doors-w2x2-sk","20":"pa_glass-mdf-doors-w3-sk","21":"pa_glass-mdf-doors-w4-sk","22":"pa_glass-mdf-doors-w5-sk","23":"pa_glass-mdf-doors-w6-sk","24":"pa_glass-mdf-doors-w7-sk","25":"pa_glass-mdf-doors-w8-sk","27":"first","28":"instock","29":"taxable","30":"shipping-taxable","31":"purchasable","32":"product-type-variable","33":"has-default-attributes"},"_links":{"self":[{"href":"https:\/\/wikicnc.pl\/sk\/wp-json\/wp\/v2\/product\/7762","targetHints":{"allow":["GET"]}}],"collection":[{"href":"https:\/\/wikicnc.pl\/sk\/wp-json\/wp\/v2\/product"}],"about":[{"href":"https:\/\/wikicnc.pl\/sk\/wp-json\/wp\/v2\/types\/product"}],"replies":[{"embeddable":true,"href":"https:\/\/wikicnc.pl\/sk\/wp-json\/wp\/v2\/comments?post=7762"}],"wp:featuredmedia":[{"embeddable":true,"href":"https:\/\/wikicnc.pl\/sk\/wp-json\/wp\/v2\/media\/7030"}],"wp:attachment":[{"href":"https:\/\/wikicnc.pl\/sk\/wp-json\/wp\/v2\/media?parent=7762"}],"wp:term":[{"taxonomy":"product_brand","embeddable":true,"href":"https:\/\/wikicnc.pl\/sk\/wp-json\/wp\/v2\/product_brand?post=7762"},{"taxonomy":"product_cat","embeddable":true,"href":"https:\/\/wikicnc.pl\/sk\/wp-json\/wp\/v2\/product_cat?post=7762"},{"taxonomy":"product_tag","embeddable":true,"href":"https:\/\/wikicnc.pl\/sk\/wp-json\/wp\/v2\/product_tag?post=7762"}],"curies":[{"name":"wp","href":"https:\/\/api.w.org\/{rel}","templated":true}]}}