{"id":7746,"date":"2024-10-18T14:47:17","date_gmt":"2024-10-18T12:47:17","guid":{"rendered":"https:\/\/wikicnc.pl\/produkt\/monika-nabytkove-celo\/"},"modified":"2024-10-18T14:47:17","modified_gmt":"2024-10-18T12:47:17","slug":"monika-nabytkove-celo","status":"publish","type":"product","link":"https:\/\/wikicnc.pl\/sk\/produkt\/monika-nabytkove-celo\/","title":{"rendered":"Monika N\u00e1bytkov\u00e9 \u010celo"},"content":{"rendered":"<p><strong>AF030 &#8211; Monika N\u00e1bytkov\u00e9 \u010celo<\/strong><\/p>\n<p>\u010celn\u00e1 doska AF030 \u2013 Monika je elegantnou vo\u013ebou pre t\u00fdch, ktor\u00ed chc\u00fa do svojho interi\u00e9ru vnies\u0165 n\u00e1dych kr\u00e1\u013eovsk\u00e9ho \u0161t\u00fdlu. In\u0161pirovan\u00fd klasick\u00fdm luxusom, tento dizajn je ide\u00e1lnym dekorat\u00edvnym prvkom do v\u00fdnimo\u010dn\u00fdch priestorov, ako s\u00fa svadobn\u00e9 s\u00e1ly, exkluz\u00edvne butiky alebo pal\u00e1cov\u00e9 interi\u00e9ry. Jeho vytvoren\u00e1 estetika sa v\u0161ak v\u00fdborne hod\u00ed aj do \u00fatulnej\u0161\u00edch miestnost\u00ed \u2013 napr\u00edklad do izby malej princeznej \u2013 kde dod\u00e1 priestoru jemn\u00fa vzne\u0161enos\u0165 a p\u00f4vab.  <\/p>\n<p>\u010casto vyh\u013ead\u00e1van\u00fd na\u0161imi z\u00e1kazn\u00edkmi v\u010faka svojej nad\u010dasovej triede a \u0161t\u00fdlu, tento front sa v\u00fdborne hod\u00ed do interi\u00e9rov s r\u00f4znorod\u00fdm charakterom. Jeho jemn\u00e9, no z\u00e1rove\u0148 v\u00fdrazn\u00e9 detaily ho robia ide\u00e1lnou vo\u013ebou pre projekty, kde je estetika k\u013e\u00fa\u010dov\u00e1. Nez\u00e1visle od toho, \u010di je interi\u00e9r zariaden\u00fd v klasickom alebo modernej\u0161om \u0161t\u00fdle, front Monika harmonicky zapad\u00e1 do celku, prid\u00e1vaj\u00fac priestoru eleganciu a jemnos\u0165.  <\/p>\n<p>Jednou z najv\u00e4\u010d\u0161\u00edch prednost\u00ed frontu AF030 \u2013 Monika je jeho v\u0161estrannos\u0165 a mo\u017enos\u0165 personaliz\u00e1cie. Pon\u00faka \u0161irok\u00fd v\u00fdber variantov vitr\u00edn, \u010do umo\u017e\u0148uje vytvori\u0165 jedine\u010dn\u00e9 rie\u0161enia prisp\u00f4soben\u00e9 individu\u00e1lnym potreb\u00e1m a preferenci\u00e1m. M\u00f4\u017eete si vybra\u0165 z mnoh\u00fdch dostupn\u00fdch variantov vitr\u00edn: No Glass, W0, W1 \u2013 1&#215;1, W1 \u2013 1&#215;2, W1 \u2013 1&#215;3, W1 \u2013 1&#215;4, W2, W3, W4, W5, W6, W7, W8. V\u010faka t\u00fdmto mo\u017enostiam je mo\u017en\u00e9 nielen vystavi\u0165 vybran\u00e9 predmety, ale aj vnies\u0165 do miestnosti dodato\u010dn\u00fd rozmer \u013eahkosti a prieh\u013eadnosti.   <\/p>\n<p>V\u010faka r\u00f4znym variantom vitr\u00edn sa front Monika st\u00e1va v\u00fdborn\u00fdm rie\u0161en\u00edm ako pre komer\u010dn\u00e9, tak aj s\u00fakromn\u00e9 priestory, umo\u017e\u0148uj\u00fac \u00fapln\u00fa slobodu pou\u017eitia. Mo\u017enos\u0165 prisp\u00f4sobenia vitr\u00edn rob\u00ed tento front nielen estetick\u00fdm prvkom, ale aj praktickou s\u00fa\u010das\u0165ou interi\u00e9ru, ktor\u00e1 umo\u017e\u0148uje jemne a elegantne vystavi\u0165 ob\u013e\u00faben\u00e9 dekor\u00e1cie \u010di ka\u017edodenn\u00e9 predmety. <\/p>\n<p>Vyroben\u00fd z materi\u00e1lov najvy\u0161\u0161ej kvality, front AF030 \u2013 Monika sa vyzna\u010duje trv\u00e1cnos\u0165ou a odolnos\u0165ou vo\u010di ka\u017edodenn\u00e9mu pou\u017e\u00edvaniu. Jeho povrch je \u013eahko udr\u017eiavate\u013en\u00fd, \u010do z neho rob\u00ed ide\u00e1lnu vo\u013ebu do intenz\u00edvne vyu\u017e\u00edvan\u00fdch priestorov, ako s\u00fa kuchyne alebo k\u00fape\u013ene, ale aj do reprezentat\u00edvnej\u0161\u00edch miestnost\u00ed, napr\u00edklad ob\u00fdva\u010dky \u010di pracovne. Dlh\u00e1 \u017eivotnos\u0165 frontu zaru\u010duje, \u017ee zostane kr\u00e1sny a funk\u010dn\u00fd po mnoho rokov, pri\u010dom si zachov\u00e1 svoj jedine\u010dn\u00fd p\u00f4vab.  <\/p>\n<p>Na z\u00e1ver, front AF030 \u2013 Monika je ide\u00e1lnym rie\u0161en\u00edm pre t\u00fdch, ktor\u00ed si cenia eleganciu, triedu a mo\u017enos\u0165 prisp\u00f4sobi\u0165 n\u00e1bytok svojim potreb\u00e1m. \u010ci u\u017e pl\u00e1nujete zariadi\u0165 interi\u00e9r v pal\u00e1covom \u0161t\u00fdle, alebo len jemne zakomponova\u0165 trochu luxusu do modern\u00fdch priestorov, tento front spln\u00ed va\u0161e o\u010dak\u00e1vania a pon\u00fakne funk\u010dnos\u0165, estetiku a neobmedzen\u00e9 mo\u017enosti aran\u017eovania. <\/p>\n","protected":false},"excerpt":{"rendered":"<p><strong>AF030 \u2013 Monika Front Meblov\u00fd<\/strong> je elegantnou vo\u013ebou, ide\u00e1lnou na dekor\u00e1ciu svadobn\u00fdch s\u00e1l, butikov\u00fdch priestorov \u010di pal\u00e1cov\u00fdch interi\u00e9rov. Front pon\u00faka \u0161irok\u00fa \u0161k\u00e1lu variantov vitr\u00edn: No Glass, W0, W1 \u2013 1&#215;1, W1 \u2013 1&#215;2, W1 \u2013 1&#215;3, W1 \u2013 1&#215;4, W2, W3, W4, W5, W6, W7, W8, \u010do umo\u017e\u0148uje pln\u00fa personaliz\u00e1ciu a prisp\u00f4sobenie v\u00e1\u0161mu \u0161t\u00fdlu. <\/p>\n","protected":false},"featured_media":7057,"comment_status":"closed","ping_status":"closed","template":"","meta":{"_et_pb_use_builder":"","_et_pb_old_content":"","_et_gb_content_width":""},"product_brand":[],"product_cat":[427,436,431,428,426,432,430],"product_tag":[],"class_list":{"0":"post-7746","1":"product","2":"type-product","3":"status-publish","4":"has-post-thumbnail","6":"product_cat-kuchynske-dvierka","7":"product_cat-kazeta","8":"product_cat-kuchynske-dvierka-sk","9":"product_cat-mdf-sk","10":"product_cat-nabytkove-dvierka","11":"product_cat-nabytkove-dvierka-sk","12":"product_cat-vitriny","13":"pa_glass-mdf-doors-bez-vitriny","14":"pa_glass-mdf-doors-w0-sk","15":"pa_glass-mdf-doors-w1-1x1-sk","16":"pa_glass-mdf-doors-w1-1x2-sk","17":"pa_glass-mdf-doors-w1-1x3-sk","18":"pa_glass-mdf-doors-w2-sk","19":"pa_glass-mdf-doors-w2x2-sk","20":"pa_glass-mdf-doors-w3-sk","21":"pa_glass-mdf-doors-w4-sk","22":"pa_glass-mdf-doors-w5-sk","23":"pa_glass-mdf-doors-w6-sk","24":"pa_glass-mdf-doors-w7-sk","25":"pa_glass-mdf-doors-w8-sk","27":"first","28":"instock","29":"taxable","30":"shipping-taxable","31":"purchasable","32":"product-type-variable","33":"has-default-attributes"},"_links":{"self":[{"href":"https:\/\/wikicnc.pl\/sk\/wp-json\/wp\/v2\/product\/7746","targetHints":{"allow":["GET"]}}],"collection":[{"href":"https:\/\/wikicnc.pl\/sk\/wp-json\/wp\/v2\/product"}],"about":[{"href":"https:\/\/wikicnc.pl\/sk\/wp-json\/wp\/v2\/types\/product"}],"replies":[{"embeddable":true,"href":"https:\/\/wikicnc.pl\/sk\/wp-json\/wp\/v2\/comments?post=7746"}],"wp:featuredmedia":[{"embeddable":true,"href":"https:\/\/wikicnc.pl\/sk\/wp-json\/wp\/v2\/media\/7057"}],"wp:attachment":[{"href":"https:\/\/wikicnc.pl\/sk\/wp-json\/wp\/v2\/media?parent=7746"}],"wp:term":[{"taxonomy":"product_brand","embeddable":true,"href":"https:\/\/wikicnc.pl\/sk\/wp-json\/wp\/v2\/product_brand?post=7746"},{"taxonomy":"product_cat","embeddable":true,"href":"https:\/\/wikicnc.pl\/sk\/wp-json\/wp\/v2\/product_cat?post=7746"},{"taxonomy":"product_tag","embeddable":true,"href":"https:\/\/wikicnc.pl\/sk\/wp-json\/wp\/v2\/product_tag?post=7746"}],"curies":[{"name":"wp","href":"https:\/\/api.w.org\/{rel}","templated":true}]}}