{"id":7731,"date":"2024-10-18T15:41:33","date_gmt":"2024-10-18T13:41:33","guid":{"rendered":"https:\/\/wikicnc.pl\/produkt\/dorota-nabytkove-celo\/"},"modified":"2024-10-18T15:41:33","modified_gmt":"2024-10-18T13:41:33","slug":"dorota-nabytkove-celo","status":"publish","type":"product","link":"https:\/\/wikicnc.pl\/sk\/produkt\/dorota-nabytkove-celo\/","title":{"rendered":"Dorota N\u00e1bytkov\u00e9 \u010celo"},"content":{"rendered":"<p><strong>AF-031 &#8211; Dorota N\u00e1bytkov\u00e9 \u010celo<\/strong><\/p>\n<p>N\u00e1bytkov\u00fd front AF-031 Dorota je jedn\u00fdm z najob\u013e\u00fabenej\u0161\u00edch vzorov, ktor\u00fd si vyberaj\u00fa z\u00e1kazn\u00edci oce\u0148uj\u00faci eleganciu a funk\u010dnos\u0165 v jednom. Jeho univerz\u00e1lny dizajn umo\u017e\u0148uje vyu\u017eitie v r\u00f4znych miestnostiach \u2013 od kuchyne, cez ob\u00fdva\u010dku, a\u017e po k\u00fape\u013e\u0148u. Dorota sa skvele hod\u00ed do modern\u00fdch aj klasick\u00fdch interi\u00e9rov, ktor\u00fdm dod\u00e1va jedine\u010dn\u00fd charakter. V\u010faka svojej jednoduchosti, no z\u00e1rove\u0148 prepracovanej estetike, umo\u017e\u0148uje r\u00fdchlo a efektne zariadi\u0165 priestor, \u010d\u00edm vytv\u00e1ra nad\u010dasov\u00e9, praktick\u00e9 a z\u00e1rove\u0148 v\u00fdnimo\u010dn\u00e9 rie\u0161enia.   <\/p>\n<p>Jednou z najv\u00e4\u010d\u0161\u00edch v\u00fdhod frontu Dorota je mo\u017enos\u0165 prisp\u00f4sobi\u0165 ho individu\u00e1lnym preferenci\u00e1m. Pon\u00faka \u0161irok\u00fd v\u00fdber mo\u017enost\u00ed vitr\u00edn, \u010do umo\u017e\u0148uje vytvori\u0165 jedine\u010dn\u00e9 projekty, ktor\u00e9 odr\u00e1\u017eaj\u00fa osobn\u00fd \u0161t\u00fdl pou\u017e\u00edvate\u013ea. Dostupn\u00e9 varianty vitr\u00edn: No Glass, W0, W1 \u2013 1&#215;1, W1 \u2013 1&#215;2, W1 \u2013 1&#215;3, W1 \u2013 1&#215;4, W2, W3, W4, W5, W6, W7, W8 umo\u017e\u0148uj\u00fa vo\u013en\u00e9 prisp\u00f4sobenie potreb\u00e1m \u2013 od pln\u00fdch, uzavret\u00fdch dvierok a\u017e po varianty so sklenen\u00fdmi v\u00fdpl\u0148ami, ide\u00e1lnymi na vystavenie dekorat\u00edvnych prvkov alebo ka\u017edodenn\u00fdch predmetov.  <\/p>\n<p>Front Dorota nielen sp\u013a\u0148a estetick\u00e9 po\u017eiadavky, ale aj praktick\u00e9. Je vyroben\u00fd z vysokokvalitn\u00fdch materi\u00e1lov, \u010do zaru\u010duje jeho odolnos\u0165 a trv\u00e1cnos\u0165 pri ka\u017edodennom pou\u017e\u00edvan\u00ed. Jeho povrch sa \u013eahko udr\u017eiava v \u010distote, \u010do z neho rob\u00ed ide\u00e1lnu vo\u013ebu do kuchyne alebo k\u00fape\u013ene. V\u010faka prec\u00edznemu spracovaniu si tento front zachov\u00e1va svoj vzh\u013ead dlh\u00e9 roky. Je prisp\u00f4soben\u00fd na intenz\u00edvne pou\u017e\u00edvanie, pri\u010dom si dlhodobo udr\u017eiava eleganciu a funk\u010dnos\u0165.    <\/p>\n<p>Ve\u013ekou v\u00fdhodou frontu AF-031 Dorota je jeho univerz\u00e1lnos\u0165. D\u00e1 sa pou\u017ei\u0165 ako v s\u00fakromn\u00fdch, tak aj v komer\u010dn\u00fdch priestoroch. V\u010faka mo\u017enosti \u00faplnej personaliz\u00e1cie je mo\u017en\u00e9 vytvori\u0165 dvierka, ktor\u00e9 dokonale ladia so \u0161t\u00fdlom a charakterom konkr\u00e9tneho interi\u00e9ru. Nez\u00e1le\u017e\u00ed na tom, \u010di si \u017eel\u00e1te \u00faplne skry\u0165 obsah skriniek, alebo jemne zv\u00fdrazni\u0165 vybran\u00e9 prvky \u2013 front Dorota uspokoj\u00ed aj t\u00fdch najn\u00e1ro\u010dnej\u0161\u00edch z\u00e1kazn\u00edkov.   <\/p>\n<p>Na z\u00e1ver mo\u017eno poveda\u0165, \u017ee n\u00e1bytkov\u00fd front AF-031 Dorota je vynikaj\u00facim rie\u0161en\u00edm pre t\u00fdch, ktor\u00ed h\u013eadaj\u00fa estetick\u00fd, funk\u010dn\u00fd a odoln\u00fd prvok interi\u00e9rov\u00e9ho vybavenia. V\u010faka r\u00f4znym mo\u017enostiam vitr\u00e1\u017e\u00ed a mo\u017enosti prisp\u00f4sobenia individu\u00e1lnym potreb\u00e1m \u013eahko spln\u00ed o\u010dak\u00e1vania milovn\u00edkov klasick\u00fdch aj modern\u00fdch aran\u017em\u00e1nov. Jeho nad\u010dasov\u00fd \u0161t\u00fdl z neho rob\u00ed skvel\u00fd doplnok do ka\u017ed\u00e9ho interi\u00e9ru bez oh\u013eadu na jeho \u00fa\u010del.  <\/p>\n","protected":false},"excerpt":{"rendered":"<p><strong>AF-031 &#8211; N\u00e1bytkov\u00fd front Dorota<\/strong> je univerz\u00e1lnou vo\u013ebou, ktor\u00e1 sa osved\u010d\u00ed v ka\u017edej miestnosti. Pon\u00faka \u0161irok\u00fd v\u00fdber mo\u017enost\u00ed vitr\u00e1\u017e\u00ed: No Glass, W0, W1 &#8211; 1&#215;1, W1 &#8211; 1&#215;2, W1 &#8211; 1&#215;3, W1 &#8211; 1&#215;4, W2, W3, W4, W5, W6, W7, W8, \u010do umo\u017e\u0148uje vytvori\u0165 personalizovan\u00e9 rie\u0161enia, ktor\u00e9 odr\u00e1\u017eaj\u00fa V\u00e1\u0161 \u0161t\u00fdl. <\/p>\n","protected":false},"featured_media":7058,"comment_status":"closed","ping_status":"closed","template":"","meta":{"_et_pb_use_builder":"","_et_pb_old_content":"","_et_gb_content_width":""},"product_brand":[],"product_cat":[427,431,428,426,432,429,430],"product_tag":[],"class_list":{"0":"post-7731","1":"product","2":"type-product","3":"status-publish","4":"has-post-thumbnail","6":"product_cat-kuchynske-dvierka","7":"product_cat-kuchynske-dvierka-sk","8":"product_cat-mdf-sk","9":"product_cat-nabytkove-dvierka","10":"product_cat-nabytkove-dvierka-sk","11":"product_cat-plochy-panel","12":"product_cat-vitriny","13":"pa_glass-mdf-doors-bez-vitriny","14":"pa_glass-mdf-doors-w0-sk","15":"pa_glass-mdf-doors-w1-1x1-sk","16":"pa_glass-mdf-doors-w1-1x2-sk","17":"pa_glass-mdf-doors-w1-1x3-sk","18":"pa_glass-mdf-doors-w2-sk","19":"pa_glass-mdf-doors-w2x2-sk","20":"pa_glass-mdf-doors-w3-sk","21":"pa_glass-mdf-doors-w4-sk","22":"pa_glass-mdf-doors-w5-sk","23":"pa_glass-mdf-doors-w6-sk","24":"pa_glass-mdf-doors-w7-sk","25":"pa_glass-mdf-doors-w8-sk","27":"first","28":"instock","29":"taxable","30":"shipping-taxable","31":"purchasable","32":"product-type-variable","33":"has-default-attributes"},"_links":{"self":[{"href":"https:\/\/wikicnc.pl\/sk\/wp-json\/wp\/v2\/product\/7731","targetHints":{"allow":["GET"]}}],"collection":[{"href":"https:\/\/wikicnc.pl\/sk\/wp-json\/wp\/v2\/product"}],"about":[{"href":"https:\/\/wikicnc.pl\/sk\/wp-json\/wp\/v2\/types\/product"}],"replies":[{"embeddable":true,"href":"https:\/\/wikicnc.pl\/sk\/wp-json\/wp\/v2\/comments?post=7731"}],"wp:featuredmedia":[{"embeddable":true,"href":"https:\/\/wikicnc.pl\/sk\/wp-json\/wp\/v2\/media\/7058"}],"wp:attachment":[{"href":"https:\/\/wikicnc.pl\/sk\/wp-json\/wp\/v2\/media?parent=7731"}],"wp:term":[{"taxonomy":"product_brand","embeddable":true,"href":"https:\/\/wikicnc.pl\/sk\/wp-json\/wp\/v2\/product_brand?post=7731"},{"taxonomy":"product_cat","embeddable":true,"href":"https:\/\/wikicnc.pl\/sk\/wp-json\/wp\/v2\/product_cat?post=7731"},{"taxonomy":"product_tag","embeddable":true,"href":"https:\/\/wikicnc.pl\/sk\/wp-json\/wp\/v2\/product_tag?post=7731"}],"curies":[{"name":"wp","href":"https:\/\/api.w.org\/{rel}","templated":true}]}}