{"id":7702,"date":"2024-11-03T23:51:46","date_gmt":"2024-11-03T22:51:46","guid":{"rendered":"https:\/\/wikicnc.pl\/produkt\/renia-nabytkove-celo\/"},"modified":"2024-11-03T23:51:46","modified_gmt":"2024-11-03T22:51:46","slug":"renia-nabytkove-celo","status":"publish","type":"product","link":"https:\/\/wikicnc.pl\/sk\/produkt\/renia-nabytkove-celo\/","title":{"rendered":"RENIA N\u00e1bytkov\u00e9 \u010celo"},"content":{"rendered":"<p><strong>AF034 \u2013 RENIA N\u00e1bytkov\u00e9 \u010celo<\/strong><\/p>\n<p>N\u00e1bytkov\u00fd front AF034 \u2013 Renia je vzor, ktor\u00fd sp\u00e1ja \u0161arm, triedu a eleganciu, v\u010faka \u010domu je ide\u00e1lnym rie\u0161en\u00edm pre v\u00fdnimo\u010dn\u00e9 interi\u00e9rov\u00e9 aran\u017em\u00e1ny. Jeho kr\u00e1\u013eovsk\u00fd dizajn skvele posl\u00fa\u017ei ako ozdoba svadobn\u00fdch s\u00e1l, butikov\u00fdch priestorov s elegantn\u00fdm vybaven\u00edm \u010di pal\u00e1cov\u00fdch interi\u00e9rov, \u010d\u00edm im dod\u00e1va majest\u00e1tny charakter. Perfektne zapadne aj do izby malej princeznej, vn\u00e1\u0161aj\u00fac do nej rozpr\u00e1vkov\u00fd \u0161t\u00fdl pln\u00fd jemnosti a p\u00f4vabu.  <\/p>\n<p>Front Renia je vyroben\u00fd z najkvalitnej\u0161\u00edch materi\u00e1lov, \u010do zaru\u010duje jeho trv\u00e1cnos\u0165 a odolnos\u0165 pri ka\u017edodennom pou\u017e\u00edvan\u00ed. Jeho povrch sa vyzna\u010duje elegantn\u00fdm preveden\u00edm, ktor\u00e9 je z\u00e1rove\u0148 estetick\u00e9 a \u013eahko udr\u017eiavate\u013en\u00e9 v \u010distote, \u010do rob\u00ed front praktickou vo\u013ebou do intenz\u00edvne vyu\u017e\u00edvan\u00fdch priestorov. \u0160irok\u00fd v\u00fdber farieb a povrchov\u00fdch \u00faprav umo\u017e\u0148uje \u00fapln\u00fa personaliz\u00e1ciu a prisp\u00f4sobenie frontu individu\u00e1lnym potreb\u00e1m a \u0161t\u00fdlu interi\u00e9ru.  <\/p>\n<p>Jednou z najv\u00e4\u010d\u0161\u00edch prednost\u00ed frontu Renia je mo\u017enos\u0165 v\u00fdberu vitr\u00ednov\u00fdch mo\u017enost\u00ed, ktor\u00e9 umo\u017e\u0148uj\u00fa vystavenie vybran\u00fdch predmetov. V\u010faka variantom: No Glass, W0, W1 \u2013 1&#215;1, W1 \u2013 1&#215;2, W1 \u2013 1&#215;3, W1 \u2013 1&#215;4, W2, W3, W4, W5, W6, W7, W8, m\u00f4\u017eu by\u0165 fronty prisp\u00f4soben\u00e9 osobn\u00fdm preferenci\u00e1m pou\u017e\u00edvate\u013ea, \u010d\u00edm vznikaj\u00fa jedine\u010dn\u00e9 rie\u0161enia v aran\u017em\u00e1ne interi\u00e9ru. Tieto r\u00f4znorod\u00e9 konfigur\u00e1cie umo\u017e\u0148uj\u00fa ide\u00e1lne doladenie k interi\u00e9rom s klasick\u00fdm aj modern\u00fdm charakterom, dod\u00e1vaj\u00fac im eleganciu a v\u00fdnimo\u010dn\u00fd \u0161t\u00fdl.  <\/p>\n<p>AF034 \u2013 Renia nie je len estetick\u00e9 rie\u0161enie, ale aj funk\u010dn\u00fd prvok ka\u017ed\u00e9ho priestoru. V\u010faka pevnej kon\u0161trukcii a odolnosti vo\u010di po\u0161kodeniam bude tento front sl\u00fa\u017ei\u0165 dlh\u00e9 roky a zachov\u00e1 si svoj elegantn\u00fd vzh\u013ead. Jeho v\u0161estrannos\u0165 z neho rob\u00ed ide\u00e1lnu vo\u013ebu do kuch\u00fd\u0148, sp\u00e1ln\u00ed, \u0161atn\u00edkov, ale aj do komer\u010dn\u00fdch priestorov, ako s\u00fa butiky, re\u0161taur\u00e1cie \u010di hotely, kde s\u00fa elegancia a \u0161t\u00fdl k\u013e\u00fa\u010dov\u00e9.  <\/p>\n<p>Ak sa rozhodnete pre front AF034 \u2013 Renia, z\u00edskavate produkt, ktor\u00fd sp\u00e1ja jedine\u010dn\u00fd dizajn, funk\u010dnos\u0165 a vysok\u00fa kvalitu spracovania. Je to ide\u00e1lne rie\u0161enie pre t\u00fdch, ktor\u00ed chc\u00fa vnies\u0165 do svojho interi\u00e9ru luxusn\u00fd, a z\u00e1rove\u0148 praktick\u00fd akcent, bez kompromisov v pohodl\u00ed pou\u017e\u00edvania. Renia je n\u00e1vrh pre t\u00fdch, ktor\u00ed si cenia eleganciu a vycibrenos\u0165 a t\u00fa\u017eia do svojho domova prinies\u0165 kr\u00e1\u013eovsk\u00fd \u0161t\u00fdl.  <\/p>\n","protected":false},"excerpt":{"rendered":"<p>AF034 \u2013 Renia je elegantn\u00fd n\u00e1bytkov\u00fd front, ide\u00e1lny na dekor\u00e1ciu kr\u00e1\u013eovsk\u00fdch interi\u00e9rov. V\u00fdborne sa hod\u00ed do svadobn\u00fdch s\u00e1l, butikov a detsk\u00fdch izieb. S mo\u017enos\u0165ou v\u00fdberu vitr\u00edn: No Glass, W0, W1 \u2013 1&#215;1, W1 \u2013 1&#215;2, W1 \u2013 1&#215;3, W1 \u2013 1&#215;4, W2, W3, W4, W5, W6, W7, W8, pon\u00faka pln\u00fa personaliz\u00e1ciu a jedine\u010dn\u00fd dizajn.  <\/p>\n","protected":false},"featured_media":7158,"comment_status":"closed","ping_status":"closed","template":"","meta":{"_et_pb_use_builder":"","_et_pb_old_content":"","_et_gb_content_width":""},"product_brand":[],"product_cat":[430],"product_tag":[],"class_list":{"0":"post-7702","1":"product","2":"type-product","3":"status-publish","4":"has-post-thumbnail","6":"product_cat-vitriny","7":"pa_glass-mdf-doors-bez-vitriny","8":"pa_glass-mdf-doors-w0-sk","9":"pa_glass-mdf-doors-w1-1x1-sk","10":"pa_glass-mdf-doors-w1-1x2-sk","11":"pa_glass-mdf-doors-w1-1x3-sk","12":"pa_glass-mdf-doors-w2-sk","13":"pa_glass-mdf-doors-w2x2-sk","14":"pa_glass-mdf-doors-w3-sk","15":"pa_glass-mdf-doors-w4-sk","16":"pa_glass-mdf-doors-w5-sk","17":"pa_glass-mdf-doors-w6-sk","18":"pa_glass-mdf-doors-w7-sk","19":"pa_glass-mdf-doors-w8-sk","21":"first","22":"instock","23":"taxable","24":"shipping-taxable","25":"purchasable","26":"product-type-variable","27":"has-default-attributes"},"_links":{"self":[{"href":"https:\/\/wikicnc.pl\/sk\/wp-json\/wp\/v2\/product\/7702","targetHints":{"allow":["GET"]}}],"collection":[{"href":"https:\/\/wikicnc.pl\/sk\/wp-json\/wp\/v2\/product"}],"about":[{"href":"https:\/\/wikicnc.pl\/sk\/wp-json\/wp\/v2\/types\/product"}],"replies":[{"embeddable":true,"href":"https:\/\/wikicnc.pl\/sk\/wp-json\/wp\/v2\/comments?post=7702"}],"wp:featuredmedia":[{"embeddable":true,"href":"https:\/\/wikicnc.pl\/sk\/wp-json\/wp\/v2\/media\/7158"}],"wp:attachment":[{"href":"https:\/\/wikicnc.pl\/sk\/wp-json\/wp\/v2\/media?parent=7702"}],"wp:term":[{"taxonomy":"product_brand","embeddable":true,"href":"https:\/\/wikicnc.pl\/sk\/wp-json\/wp\/v2\/product_brand?post=7702"},{"taxonomy":"product_cat","embeddable":true,"href":"https:\/\/wikicnc.pl\/sk\/wp-json\/wp\/v2\/product_cat?post=7702"},{"taxonomy":"product_tag","embeddable":true,"href":"https:\/\/wikicnc.pl\/sk\/wp-json\/wp\/v2\/product_tag?post=7702"}],"curies":[{"name":"wp","href":"https:\/\/api.w.org\/{rel}","templated":true}]}}