{"id":7674,"date":"2024-11-03T23:53:08","date_gmt":"2024-11-03T22:53:08","guid":{"rendered":"https:\/\/wikicnc.pl\/produkt\/zuzanna-nabytkove-celo\/"},"modified":"2025-08-03T15:08:52","modified_gmt":"2025-08-03T13:08:52","slug":"zuzanna-nabytkove-celo","status":"publish","type":"product","link":"https:\/\/wikicnc.pl\/sk\/produkt\/zuzanna-nabytkove-celo\/","title":{"rendered":"ZUZANNA N\u00e1bytkov\u00e9 \u010celo"},"content":{"rendered":"<p><strong>AF036 &#8211; ZUZANNA N\u00e1bytkov\u00e9 \u010celo<\/strong><\/p>\n<p>Predn\u00fd panel AF036 \u2013 Zuzanna je elegantn\u00fd a v\u0161estrann\u00fd dizajn, ktor\u00fd sa v\u00fdborne hod\u00ed do r\u00f4znych dom\u00e1cich priestorov. V\u010faka svojmu univerz\u00e1lnemu vzh\u013eadu kr\u00e1sne ozdob\u00ed komody, vitr\u00edny, ako aj kuchynsk\u00fd, ob\u00fdvac\u00ed a jed\u00e1lensk\u00fd n\u00e1bytok, ako aj skrine a \u0161atn\u00edky. Jeho jednoduchos\u0165 v spojen\u00ed s jemn\u00fdmi detailmi rob\u00ed z tohto panela ide\u00e1lne rie\u0161enie pre modern\u00e9 aj klasick\u00e9 interi\u00e9ry.  <\/p>\n<p>Predn\u00fd panel Zuzanna sa vyzna\u010duje pevnou kon\u0161trukciou z najkvalitnej\u0161\u00edch materi\u00e1lov, \u010do zabezpe\u010duje jeho odolnos\u0165 a trv\u00e1cnos\u0165 pri ka\u017edodennom pou\u017e\u00edvan\u00ed. V\u010faka hladk\u00e9mu a \u013eahko \u010distite\u013en\u00e9mu povrchu je tento panel mimoriadne praktickou vo\u013ebou do intenz\u00edvne vyu\u017e\u00edvan\u00fdch miestnost\u00ed, ako s\u00fa kuchyne alebo jed\u00e1lne. Nez\u00e1visle od zvolen\u00e9ho farebn\u00e9ho odtie\u0148a alebo povrchovej \u00fapravy dod\u00e1va predn\u00fd panel AF036 \u2013 Zuzanna n\u00e1bytku eleganciu a \u0161t\u00fdl, pri\u010dom si zachov\u00e1va svoju funk\u010dnos\u0165.  <\/p>\n<p>Jednou z k\u013e\u00fa\u010dov\u00fdch vlastnost\u00ed predn\u00e9ho panela Zuzanna je \u0161irok\u00e1 \u0161k\u00e1la mo\u017enost\u00ed vitr\u00edn, ktor\u00e9 umo\u017e\u0148uj\u00fa individu\u00e1lne prisp\u00f4sobenie n\u00e1vrhu n\u00e1bytku. V\u00fdberom z dostupn\u00fdch variantov: No Glass, W0, W1 \u2013 1&#215;1, W1 \u2013 1&#215;2, W1 \u2013 1&#215;3, W1 \u2013 1&#215;4, W2, W3, W4, W5, W6, W7, W8, m\u00f4\u017eete vytvori\u0165 unik\u00e1tne rie\u0161enia, ktor\u00e9 dokonale vyjadria v\u00e1\u0161 osobn\u00fd \u0161t\u00fdl. Vitr\u00edny umo\u017e\u0148uj\u00fa vystavi\u0165 vybran\u00e9 predmety a z\u00e1rove\u0148 dod\u00e1vaj\u00fa priestoru \u013eahkos\u0165 a eleganciu. Mo\u017enos\u0165 prisp\u00f4sobenia predn\u00e9ho panela Zuzanna r\u00f4znym potreb\u00e1m z neho rob\u00ed univerz\u00e1lny prvok, ktor\u00fd sa hod\u00ed do ka\u017ed\u00e9ho interi\u00e9ru.   <\/p>\n<p>V\u010faka svojej v\u0161estrannosti sa predn\u00fd panel Zuzanna skvelo hod\u00ed nielen do kuch\u00fd\u0148, ale aj ob\u00fdvac\u00edch izieb, kde pln\u00ed funkciu estetick\u00e9ho a praktick\u00e9ho prvku vybavenia. Jeho minimalistick\u00fd, no z\u00e1rove\u0148 vycibren\u00fd dizajn umo\u017e\u0148uje vytvori\u0165 priestor, ktor\u00fd vy\u017earuje eleganciu a harm\u00f3niu. V\u00fdborne sa uplatn\u00ed aj v komer\u010dn\u00fdch priestoroch, ako s\u00fa elegantn\u00e9 butiky, re\u0161taur\u00e1cie \u010di kancel\u00e1rie, kde s\u00fa estetika a funk\u010dnos\u0165 prioritou.  <\/p>\n<p>Ak sa rozhodnete pre predn\u00fd panel AF036 \u2013 Zuzanna, z\u00edskate produkt, ktor\u00fd sp\u00e1ja modern\u00fd dizajn s vysokou kvalitou spracovania. V\u010faka tomu si m\u00f4\u017eete by\u0165 ist\u00ed, \u017ee v\u00e1\u0161 n\u00e1bytok nebude nielen kr\u00e1sny na poh\u013ead, ale bude v\u00e1m sl\u00fa\u017ei\u0165 aj mnoho rokov. Tento predn\u00fd panel je vynikaj\u00facou vo\u013ebou pre t\u00fdch, ktor\u00ed si cenia eleganciu spojen\u00fa s funk\u010dnos\u0165ou a chc\u00fa svojmu interi\u00e9ru doda\u0165 jedine\u010dn\u00fd charakter.  <\/p>\n","protected":false},"excerpt":{"rendered":"<p>Predn\u00fd panel AF036 \u2013 Zuzanna je elegantn\u00fd a v\u0161estrann\u00fd vzor, ide\u00e1lny do kuch\u00fd\u0148, ob\u00fdva\u010diek, jed\u00e1ln\u00ed, ako aj do skriniek a \u0161atn\u00edkov. Dostupn\u00e9 varianty vitr\u00edn: No Glass, W0, W1 \u2013 1&#215;1, W1 \u2013 1&#215;2, W1 \u2013 1&#215;3, W1 \u2013 1&#215;4, W2, W3, W4, W5, W6, W7, W8 umo\u017e\u0148uj\u00fa vytvori\u0165 jedine\u010dn\u00e9 aran\u017em\u00e1ny, ktor\u00e9 sp\u00e1jaj\u00fa estetiku a funk\u010dnos\u0165. <\/p>\n","protected":false},"featured_media":7160,"comment_status":"closed","ping_status":"closed","template":"","meta":{"_et_pb_use_builder":"","_et_pb_old_content":"","_et_gb_content_width":""},"product_brand":[],"product_cat":[430],"product_tag":[],"class_list":{"0":"post-7674","1":"product","2":"type-product","3":"status-publish","4":"has-post-thumbnail","6":"product_cat-vitriny","7":"pa_glass-mdf-doors-bez-vitriny","8":"pa_glass-mdf-doors-w0-sk","9":"pa_glass-mdf-doors-w1-1x1-sk","10":"pa_glass-mdf-doors-w1-1x2-sk","11":"pa_glass-mdf-doors-w1-1x3-sk","12":"pa_glass-mdf-doors-w2-sk","13":"pa_glass-mdf-doors-w2x2-sk","14":"pa_glass-mdf-doors-w3-sk","15":"pa_glass-mdf-doors-w4-sk","16":"pa_glass-mdf-doors-w5-sk","17":"pa_glass-mdf-doors-w6-sk","18":"pa_glass-mdf-doors-w7-sk","19":"pa_glass-mdf-doors-w8-sk","21":"first","22":"instock","23":"taxable","24":"shipping-taxable","25":"purchasable","26":"product-type-variable","27":"has-default-attributes"},"_links":{"self":[{"href":"https:\/\/wikicnc.pl\/sk\/wp-json\/wp\/v2\/product\/7674","targetHints":{"allow":["GET"]}}],"collection":[{"href":"https:\/\/wikicnc.pl\/sk\/wp-json\/wp\/v2\/product"}],"about":[{"href":"https:\/\/wikicnc.pl\/sk\/wp-json\/wp\/v2\/types\/product"}],"replies":[{"embeddable":true,"href":"https:\/\/wikicnc.pl\/sk\/wp-json\/wp\/v2\/comments?post=7674"}],"wp:featuredmedia":[{"embeddable":true,"href":"https:\/\/wikicnc.pl\/sk\/wp-json\/wp\/v2\/media\/7160"}],"wp:attachment":[{"href":"https:\/\/wikicnc.pl\/sk\/wp-json\/wp\/v2\/media?parent=7674"}],"wp:term":[{"taxonomy":"product_brand","embeddable":true,"href":"https:\/\/wikicnc.pl\/sk\/wp-json\/wp\/v2\/product_brand?post=7674"},{"taxonomy":"product_cat","embeddable":true,"href":"https:\/\/wikicnc.pl\/sk\/wp-json\/wp\/v2\/product_cat?post=7674"},{"taxonomy":"product_tag","embeddable":true,"href":"https:\/\/wikicnc.pl\/sk\/wp-json\/wp\/v2\/product_tag?post=7674"}],"curies":[{"name":"wp","href":"https:\/\/api.w.org\/{rel}","templated":true}]}}