{"id":7660,"date":"2024-11-03T23:53:48","date_gmt":"2024-11-03T22:53:48","guid":{"rendered":"https:\/\/wikicnc.pl\/produkt\/mirka-nabytkove-celo\/"},"modified":"2024-11-03T23:53:48","modified_gmt":"2024-11-03T22:53:48","slug":"mirka-nabytkove-celo","status":"publish","type":"product","link":"https:\/\/wikicnc.pl\/sk\/produkt\/mirka-nabytkove-celo\/","title":{"rendered":"MIRKA N\u00e1bytkov\u00e9 \u010celo"},"content":{"rendered":"<p><strong>AF037 &#8211; MIRKA N\u00e1bytkov\u00e9 \u010celo<\/strong><\/p>\n<p>N\u00e1bytkov\u00fd predn\u00fd panel AF037 \u2013 Mirka je vynikaj\u00facou vo\u013ebou pre t\u00fdch, ktor\u00ed chc\u00fa svojmu interi\u00e9ru doda\u0165 v\u00fdraz a eleganciu. Jeho modern\u00fd dizajn dokonale zv\u00fdraz\u0148uje charakter kuch\u00fd\u0148, k\u00fape\u013en\u00ed aj ve\u013ek\u00fdch \u0161atn\u00edkov\u00fdch skr\u00ed\u0148. Obzvl\u00e1\u0161\u0165 p\u00f4sobivo vynikne v tmav\u0161\u00edch odtie\u0148och, ako s\u00fa grafitov\u00e1, n\u00e1morn\u00edcka modr\u00e1, \u010dierna \u010di f\u013ea\u0161kovozelen\u00e1, ktor\u00e9 interi\u00e9ru dod\u00e1vaj\u00fa h\u013abku a luxusn\u00fd vzh\u013ead. Tento predn\u00fd panel prin\u00e1\u0161a do priestoru \u0161t\u00fdl, no z\u00e1rove\u0148 si zachov\u00e1va funk\u010dnos\u0165 a praktickos\u0165 v\u010faka pevnej kon\u0161trukcii a vysokokvalitn\u00fdm materi\u00e1lom.   <\/p>\n<p>Predn\u00fd panel Mirka bol navrhnut\u00fd s oh\u013eadom na modern\u00e9 interi\u00e9ry, ktor\u00e9 si vy\u017eaduj\u00fa estetiku aj odolnos\u0165. Jeho hladk\u00fd povrch, ktor\u00fd sa \u013eahko udr\u017eiava v \u010distote, z neho rob\u00ed ide\u00e1lnu vo\u013ebu pre priestory vystaven\u00e9 ka\u017edodenn\u00e9mu pou\u017e\u00edvaniu, ako s\u00fa kuchyne a k\u00fape\u013ene. Vysok\u00e1 odolnos\u0165 vo\u010di vlhkosti a mechanick\u00e9mu po\u0161kodeniu zaru\u010duje, \u017ee predn\u00fd panel AF037 \u2013 Mirka si zachov\u00e1 svoj bezchybn\u00fd vzh\u013ead dlh\u00e9 roky, \u010do z neho rob\u00ed dlhodob\u00fa invest\u00edciu.  <\/p>\n<p>V\u010faka \u0161irokej \u0161k\u00e1le mo\u017enost\u00ed presklenia umo\u017e\u0148uje predn\u00fd panel AF037 \u2013 Mirka personaliz\u00e1ciu n\u00e1bytku pod\u013ea individu\u00e1lnych potrieb a \u0161t\u00fdlu pou\u017e\u00edvate\u013ea. Dostupn\u00e9 varianty: No Glass, W0, W1 \u2013 1&#215;1, W1 \u2013 1&#215;2, W1 \u2013 1&#215;3, W1 \u2013 1&#215;4, W2, W3, W4, W5, W6, W7, W8, umo\u017e\u0148uj\u00fa vytv\u00e1ra\u0165 jedine\u010dn\u00e9 dizajnov\u00e9 rie\u0161enia, ktor\u00e9 sp\u013a\u0148aj\u00fa funk\u010dn\u00e9 aj estetick\u00e9 po\u017eiadavky. V\u010faka tomu sa predn\u00fd panel Mirka st\u00e1va nielen kr\u00e1snym, ale aj praktick\u00fdm prvkom ka\u017ed\u00e9ho priestoru.  <\/p>\n<p>Vyroben\u00fd z odoln\u00fdch materi\u00e1lov, predn\u00fd panel AF037 \u2013 Mirka je odoln\u00fd vo\u010di po\u0161kriabaniu a intenz\u00edvnemu pou\u017e\u00edvaniu, \u010do z neho rob\u00ed ide\u00e1lnu vo\u013ebu ako pre s\u00fakromn\u00e9 dom\u00e1cnosti, tak aj pre komer\u010dn\u00e9 priestory. Skvele sa hod\u00ed do elegantn\u00fdch butikov, re\u0161taur\u00e1ci\u00ed \u010di kancel\u00e1ri\u00ed, kde estetika ide ruka v ruke s trv\u00e1cnos\u0165ou a jednoduchou \u00fadr\u017ebou. Tento front v\u00fdborne zapad\u00e1 ako do minimalistick\u00fdch, tak aj do klasickej\u0161\u00edch interi\u00e9rov\u00fdch usporiadan\u00ed.  <\/p>\n<p>Ak sa rozhodnete pre predn\u00fd panel AF037 \u2013 Mirka, z\u00edskate produkt, ktor\u00fd sp\u00e1ja najvy\u0161\u0161iu kvalitu spracovania, elegantn\u00fd dizajn a funk\u010dnos\u0165. Je to ide\u00e1lne rie\u0161enie pre t\u00fdch, ktor\u00ed chc\u00fa zv\u00fdrazni\u0165 charakter svojho interi\u00e9ru a doda\u0165 mu vycibren\u00fd \u0161t\u00fdl a luxus. Nez\u00e1visle od toho, \u010di bude pou\u017eit\u00fd v kuchyni, k\u00fape\u013eni alebo vo ve\u013ekej skrini, predn\u00fd panel Mirka spln\u00ed o\u010dak\u00e1vania aj t\u00fdch najn\u00e1ro\u010dnej\u0161\u00edch pou\u017e\u00edvate\u013eov.  <\/p>\n","protected":false},"excerpt":{"rendered":"<p>Predn\u00fd panel AF037 \u2013 Mirka je modern\u00e1 a elegantn\u00e1 vo\u013eba, ide\u00e1lna do kuch\u00fd\u0148, k\u00fape\u013en\u00ed a ve\u013ek\u00fdch skr\u00ed\u0148. Najlep\u0161ie vynikne v tmav\u00fdch farb\u00e1ch, ako je grafit, tmavomodr\u00e1, \u010dierna alebo f\u013ea\u0161kov\u00e1 zelen\u00e1. Pon\u00faka \u0161irok\u00fd v\u00fdber vitr\u00edn od No Glass po W8, \u010do umo\u017e\u0148uje personaliz\u00e1ciu n\u00e1bytku sp\u00e1jaj\u00faceho funk\u010dnos\u0165 s estetikou.  <\/p>\n","protected":false},"featured_media":7161,"comment_status":"closed","ping_status":"closed","template":"","meta":{"_et_pb_use_builder":"","_et_pb_old_content":"","_et_gb_content_width":""},"product_brand":[],"product_cat":[430],"product_tag":[],"class_list":{"0":"post-7660","1":"product","2":"type-product","3":"status-publish","4":"has-post-thumbnail","6":"product_cat-vitriny","7":"pa_glass-mdf-doors-bez-vitriny","8":"pa_glass-mdf-doors-w0-sk","9":"pa_glass-mdf-doors-w1-1x1-sk","10":"pa_glass-mdf-doors-w1-1x2-sk","11":"pa_glass-mdf-doors-w1-1x3-sk","12":"pa_glass-mdf-doors-w2-sk","13":"pa_glass-mdf-doors-w2x2-sk","14":"pa_glass-mdf-doors-w3-sk","15":"pa_glass-mdf-doors-w4-sk","16":"pa_glass-mdf-doors-w5-sk","17":"pa_glass-mdf-doors-w6-sk","18":"pa_glass-mdf-doors-w7-sk","19":"pa_glass-mdf-doors-w8-sk","21":"first","22":"instock","23":"taxable","24":"shipping-taxable","25":"purchasable","26":"product-type-variable","27":"has-default-attributes"},"_links":{"self":[{"href":"https:\/\/wikicnc.pl\/sk\/wp-json\/wp\/v2\/product\/7660","targetHints":{"allow":["GET"]}}],"collection":[{"href":"https:\/\/wikicnc.pl\/sk\/wp-json\/wp\/v2\/product"}],"about":[{"href":"https:\/\/wikicnc.pl\/sk\/wp-json\/wp\/v2\/types\/product"}],"replies":[{"embeddable":true,"href":"https:\/\/wikicnc.pl\/sk\/wp-json\/wp\/v2\/comments?post=7660"}],"wp:featuredmedia":[{"embeddable":true,"href":"https:\/\/wikicnc.pl\/sk\/wp-json\/wp\/v2\/media\/7161"}],"wp:attachment":[{"href":"https:\/\/wikicnc.pl\/sk\/wp-json\/wp\/v2\/media?parent=7660"}],"wp:term":[{"taxonomy":"product_brand","embeddable":true,"href":"https:\/\/wikicnc.pl\/sk\/wp-json\/wp\/v2\/product_brand?post=7660"},{"taxonomy":"product_cat","embeddable":true,"href":"https:\/\/wikicnc.pl\/sk\/wp-json\/wp\/v2\/product_cat?post=7660"},{"taxonomy":"product_tag","embeddable":true,"href":"https:\/\/wikicnc.pl\/sk\/wp-json\/wp\/v2\/product_tag?post=7660"}],"curies":[{"name":"wp","href":"https:\/\/api.w.org\/{rel}","templated":true}]}}