{"id":7631,"date":"2024-10-15T17:17:11","date_gmt":"2024-10-15T15:17:11","guid":{"rendered":"https:\/\/wikicnc.pl\/produkt\/klaudia-nabytkovy-front\/"},"modified":"2024-10-15T17:17:11","modified_gmt":"2024-10-15T15:17:11","slug":"klaudia-nabytkovy-front","status":"publish","type":"product","link":"https:\/\/wikicnc.pl\/sk\/produkt\/klaudia-nabytkovy-front\/","title":{"rendered":"Klaudia N\u00e1bytkov\u00fd Front"},"content":{"rendered":"<p><strong>AF017 &#8211; Klaudia N\u00e1bytkov\u00fd Front<\/strong><\/p>\n<p>Front AF017 \u2013 Klaudia je jeden z najviac elegantn\u00fdch a \u0161t\u00fdlov\u00fdch vzorov, ktor\u00fd dokonale sp\u00e1ja \u0161arm a triedu. Jeho jedine\u010dn\u00fd dizajn ho predur\u010duje na pou\u017eitie v r\u00f4znych aran\u017em\u00e1noch \u2013 od v\u00fdzdoby svadobn\u00fdch s\u00e1l, cez elegantn\u00e9 butiky a\u017e po pal\u00e1ce v kr\u00e1\u013eovskom \u0161t\u00fdle. V\u010faka svojej univerz\u00e1lnosti sa tento front \u013eahko za\u010dlen\u00ed aj do kr\u00e1\u013eovskej izby malej princeznej, ktorej dod\u00e1 nezamenite\u013en\u00e9 \u010daro a k\u00fazlo.  <\/p>\n<p>Klaudia je vyroben\u00e1 z vysokokvalitn\u00fdch materi\u00e1lov, \u010do zaru\u010duje odolnos\u0165 a trv\u00e1cnos\u0165 vo\u010di po\u0161kodeniu. Jej hladk\u00fd povrch sa \u013eahko \u010dist\u00ed, v\u010faka \u010domu je front ide\u00e1lnou vo\u013ebou tak do dom\u00e1cnost\u00ed, ako aj do komer\u010dn\u00fdch priestorov. \u0160irok\u00e1 paleta farieb umo\u017e\u0148uje dokonal\u00e9 prisp\u00f4sobenie r\u00f4znym \u0161t\u00fdlom interi\u00e9ru, od klasick\u00fdch a\u017e po modern\u00e9.  <\/p>\n<p>Jemn\u00e9 zdobenia a elegantn\u00e9 l\u00ednie dod\u00e1vaj\u00fa frontu AF017 \u2013 Klaudia v\u00fdnimo\u010dn\u00fd charakter a zd\u00f4raz\u0148uj\u00fa jeho luxusn\u00fd \u0161t\u00fdl. Tento front tie\u017e pon\u00faka \u0161irok\u00fa \u0161k\u00e1lu mo\u017enost\u00ed, vr\u00e1tane r\u00f4znych variantov vitr\u00edn. V\u010faka t\u00fdmto mo\u017enostiam m\u00e1te mo\u017enos\u0165 vystavi\u0165 svoje ob\u013e\u00faben\u00e9 predmety, ako je elegantn\u00fd jed\u00e1lensk\u00fd servis, dekorat\u00edvne doplnky \u010di rodinn\u00e9 pamiatky.  <\/p>\n<p>Dostupn\u00e9 varianty vitr\u00edn s\u00fa: No Glass, W0, W1 \u2013 1&#215;1, W1 \u2013 1&#215;2, W1 \u2013 1&#215;3, W1 \u2013 1&#215;4, W2, W3, W4, W5, W6, W7, W8. V\u00fdberom jednej z t\u00fdchto mo\u017enost\u00ed m\u00f4\u017eete vytvori\u0165 jedine\u010dn\u00e9 rie\u0161enia, ktor\u00e9 bud\u00fa odr\u00e1\u017ea\u0165 v\u00e1\u0161 individu\u00e1lny \u0161t\u00fdl a vkus. <\/p>\n<p>Front AF017 \u2013 Klaudia je ide\u00e1lny do r\u00f4znych miestnost\u00ed, vr\u00e1tane kuch\u00fd\u0148, ob\u00fdva\u010diek, sp\u00e1ln\u00ed a pracovn\u00ed, pri\u010dom do ka\u017ed\u00e9ho priestoru vn\u00e1\u0161a n\u00e1dych elegancie a vycibrenosti. V\u00fdberom tohto frontu investujete do produktu, ktor\u00fd nielen pritiahne poh\u013eady, ale z\u00e1rove\u0148 sp\u013a\u0148a vysok\u00e9 \u0161tandardy kvality, v\u010faka \u010domu v\u00e1s bude te\u0161i\u0165 mnoho rokov. Vyberte si front AF017 \u2013 Klaudia a vytvorte si priestor, ktor\u00fd o\u010dar\u00ed \u0161t\u00fdlom aj funk\u010dnos\u0165ou.  <\/p>\n","protected":false},"excerpt":{"rendered":"<p><strong>AF017 &#8211; Klaudia N\u00e1bytkov\u00fd Front<\/strong><\/p>\n<p>Front AF017 \u2013 Klaudia je elegantn\u00e1 vo\u013eba, ktor\u00e1 sp\u00e1ja \u0161t\u00fdl a triedu. Ide\u00e1lne sa hod\u00ed na v\u00fdzdobu svadobn\u00fdch s\u00e1l, butikov a kr\u00e1\u013eovsk\u00fdch interi\u00e9rov, vr\u00e1tane izieb mal\u00fdch princezien. Vyroben\u00fd z vysokokvalitn\u00fdch materi\u00e1lov, vynik\u00e1 trv\u00e1cnos\u0165ou a jednoduchou \u00fadr\u017ebou.  <\/p>\n<p>Dostupn\u00fd v r\u00f4znych farb\u00e1ch, s jemn\u00fdmi zdobeniami a elegantn\u00fdmi l\u00edniami, tento front pon\u00faka mo\u017enosti vitr\u00edn: No Glass, W0, W1 \u2013 1&#215;1, W1 \u2013 1&#215;2, W1 \u2013 1&#215;3, W1 \u2013 1&#215;4, W2, W3, W4, W5, W6, W7, W8. Klaudia vn\u00e1\u0161a luxus do ka\u017ed\u00e9ho interi\u00e9ru, o\u010daruj\u00fac \u0161t\u00fdlom a funk\u010dnos\u0165ou. <\/p>\n","protected":false},"featured_media":7117,"comment_status":"open","ping_status":"closed","template":"","meta":{"_et_pb_use_builder":"","_et_pb_old_content":"","_et_gb_content_width":""},"product_brand":[],"product_cat":[436,427,428,426],"product_tag":[],"class_list":{"0":"post-7631","1":"product","2":"type-product","3":"status-publish","4":"has-post-thumbnail","6":"product_cat-kazeta","7":"product_cat-kuchynske-dvierka","8":"product_cat-mdf-sk","9":"product_cat-nabytkove-dvierka","10":"pa_glass-mdf-doors-bez-vitriny","11":"pa_glass-mdf-doors-w0-sk","12":"pa_glass-mdf-doors-w1-1x1-sk","13":"pa_glass-mdf-doors-w1-1x2-sk","14":"pa_glass-mdf-doors-w1-1x3-sk","15":"pa_glass-mdf-doors-w2-sk","16":"pa_glass-mdf-doors-w2x2-sk","17":"pa_glass-mdf-doors-w3-sk","18":"pa_glass-mdf-doors-w4-sk","19":"pa_glass-mdf-doors-w5-sk","20":"pa_glass-mdf-doors-w6-sk","21":"pa_glass-mdf-doors-w7-sk","22":"pa_glass-mdf-doors-w8-sk","24":"first","25":"instock","26":"taxable","27":"shipping-taxable","28":"purchasable","29":"product-type-variable","30":"has-default-attributes"},"_links":{"self":[{"href":"https:\/\/wikicnc.pl\/sk\/wp-json\/wp\/v2\/product\/7631","targetHints":{"allow":["GET"]}}],"collection":[{"href":"https:\/\/wikicnc.pl\/sk\/wp-json\/wp\/v2\/product"}],"about":[{"href":"https:\/\/wikicnc.pl\/sk\/wp-json\/wp\/v2\/types\/product"}],"replies":[{"embeddable":true,"href":"https:\/\/wikicnc.pl\/sk\/wp-json\/wp\/v2\/comments?post=7631"}],"wp:featuredmedia":[{"embeddable":true,"href":"https:\/\/wikicnc.pl\/sk\/wp-json\/wp\/v2\/media\/7117"}],"wp:attachment":[{"href":"https:\/\/wikicnc.pl\/sk\/wp-json\/wp\/v2\/media?parent=7631"}],"wp:term":[{"taxonomy":"product_brand","embeddable":true,"href":"https:\/\/wikicnc.pl\/sk\/wp-json\/wp\/v2\/product_brand?post=7631"},{"taxonomy":"product_cat","embeddable":true,"href":"https:\/\/wikicnc.pl\/sk\/wp-json\/wp\/v2\/product_cat?post=7631"},{"taxonomy":"product_tag","embeddable":true,"href":"https:\/\/wikicnc.pl\/sk\/wp-json\/wp\/v2\/product_tag?post=7631"}],"curies":[{"name":"wp","href":"https:\/\/api.w.org\/{rel}","templated":true}]}}