{"id":7561,"date":"2024-11-03T23:58:14","date_gmt":"2024-11-03T22:58:14","guid":{"rendered":"https:\/\/wikicnc.pl\/produkt\/klara-nabytkovy-front\/"},"modified":"2025-08-02T03:16:36","modified_gmt":"2025-08-02T01:16:36","slug":"klara-nabytkovy-front","status":"publish","type":"product","link":"https:\/\/wikicnc.pl\/sk\/produkt\/klara-nabytkovy-front\/","title":{"rendered":"KLARA N\u00e1bytkov\u00fd Front"},"content":{"rendered":"<p>AF041 &#8211; KLARA N\u00e1bytkov\u00fd Front<\/p>\n<p>N\u00e1bytkov\u00fd front AF041 \u2013 Klara je v\u00fdnimo\u010dn\u00fd prvok, ktor\u00fd va\u0161ej miestnosti dod\u00e1 eleganciu a \u0161t\u00fdl. Jeho jedine\u010dn\u00fd dizajn ho predur\u010duje na pou\u017eitie ako akcent v k\u00fape\u013eniach, ale aj v kuchyniach \u010di ve\u013ek\u00fdch skriniach. Klara sa vyzna\u010duje jedine\u010dnou kombin\u00e1ciou klasiky a modernosti, v\u010faka \u010domu je v\u0161estrann\u00fdm rie\u0161en\u00edm, ktor\u00e9 harmonicky zapadne do r\u00f4znych interi\u00e9rov\u00fdch aran\u017em\u00e1nov.  <\/p>\n<p>Vyroben\u00fd z kvalitn\u00fdch materi\u00e1lov, front Klara zaujme nielen svojou estetikou, ale aj odolnos\u0165ou. V\u010faka odolnosti vo\u010di po\u0161kodeniam a \u0161krabancom v\u00e1m bude sl\u00fa\u017ei\u0165 dlh\u00e9 roky a zachov\u00e1 si svoj p\u00f4vodn\u00fd vzh\u013ead. Hladk\u00fd povrch frontu u\u013eah\u010duje ka\u017edodenn\u00fa \u00fadr\u017ebu \u010distoty, \u010do ho rob\u00ed ide\u00e1lnou vo\u013ebou do priestorov vystaven\u00fdch zne\u010disteniu, ako s\u00fa kuchyne alebo k\u00fape\u013ene.  <\/p>\n<p>Jednou z k\u013e\u00fa\u010dov\u00fdch prednost\u00ed frontu AF041 je jeho schopnos\u0165 doda\u0165 interi\u00e9rom v\u00fdraz a charakter. \u00dachvatne vyzer\u00e1 v tmav\u0161\u00edch farb\u00e1ch, ako s\u00fa grafit, n\u00e1morn\u00edcka modr\u00e1, \u010dierna alebo f\u013ea\u0161kov\u00e1 zelen\u00e1, \u010do e\u0161te viac zv\u00fdraz\u0148uje jeho elegantn\u00fd vzh\u013ead. V z\u00e1vislosti od zvolenej farebnej palety m\u00f4\u017ee front Klara doda\u0165 priestoru modern\u00fd alebo sk\u00f4r klasick\u00fd \u0161t\u00fdl.  <\/p>\n<p>Front AF041 \u2013 Klara pon\u00faka aj r\u00f4zne mo\u017enosti vitr\u00edn, ktor\u00e9 umo\u017e\u0148uj\u00fa efekt\u00edvne vystavi\u0165 vybran\u00e9 predmety. M\u00f4\u017eete si vybra\u0165 z variantov: No Glass, W0, W1 \u2013 1&#215;1, W1 \u2013 1&#215;2, W1 \u2013 1&#215;3, W1 \u2013 1&#215;4, W2, W3, W4, W5, W6, W7, W8, \u010do umo\u017e\u0148uje vytv\u00e1ra\u0165 jedine\u010dn\u00e9 rie\u0161enia odr\u00e1\u017eaj\u00face v\u00e1\u0161 osobn\u00fd \u0161t\u00fdl a potreby. <\/p>\n<p>V\u010faka svojej v\u0161estrannosti sa front Klara skvele uplatn\u00ed v r\u00f4znych interi\u00e9rov\u00fdch aran\u017em\u00e1noch. Jeho jemn\u00e1 elegancia z neho rob\u00ed ide\u00e1lnu vo\u013ebu pre modern\u00e9, minimalistick\u00e9 priestory, ako aj pre klasickej\u0161ie, bohato zdoben\u00e9 interi\u00e9ry. Nez\u00e1visle od zvolen\u00e9ho \u0161t\u00fdlu, front Klara prinesie do v\u00e1\u0161ho domova v\u00fdnimo\u010dn\u00fa atmosf\u00e9ru a pohodlie.  <\/p>\n<p>Rozhodnut\u00edm pre front AF041 \u2013 Klara z\u00edskavate nielen funk\u010dn\u00fd, ale aj estetick\u00fd produkt, ktor\u00fd dod\u00e1 ka\u017ed\u00e9mu interi\u00e9ru charakter. Je to ide\u00e1lne rie\u0161enie pre t\u00fdch, ktor\u00ed si cenia kr\u00e1su a kvalitu, a z\u00e1rove\u0148 chc\u00fa vytvori\u0165 priestor, v ktorom sa bud\u00fa c\u00edti\u0165 v\u00fdnimo\u010dne. <\/p>\n","protected":false},"excerpt":{"rendered":"<p>Front AF041 \u2013 Klara je elegantn\u00fd prvok, ktor\u00fd dod\u00e1 va\u0161ej k\u00fape\u013eni v\u00fdraz a \u0161t\u00fdl. V\u00fdborne sa hod\u00ed do kuch\u00fd\u0148, k\u00fape\u013en\u00ed a ve\u013ek\u00fdch skr\u00ed\u0148, pri\u010dom jeho tmav\u0161ie farby ako grafit, n\u00e1morn\u00edcka modr\u00e1, \u010dierna \u010di f\u013ea\u0161kov\u00e1 zelen\u00e1 zv\u00fdraz\u0148uj\u00fa jeho eleganciu. Pon\u00faka r\u00f4zne mo\u017enosti vitr\u00edn, ako No Glass, W0, W1 \u2013 1&#215;1, W1 \u2013 1&#215;2 a \u010fal\u0161ie, \u010do umo\u017e\u0148uje personaliz\u00e1ciu. Front Klara sp\u00e1ja estetiku s funk\u010dnos\u0165ou v ka\u017edom interi\u00e9ri.   <\/p>\n","protected":false},"featured_media":7165,"comment_status":"closed","ping_status":"closed","template":"","meta":{"_et_pb_use_builder":"","_et_pb_old_content":"","_et_gb_content_width":""},"product_brand":[],"product_cat":[431,429,430],"product_tag":[],"class_list":{"0":"post-7561","1":"product","2":"type-product","3":"status-publish","4":"has-post-thumbnail","6":"product_cat-kuchynske-dvierka-sk","7":"product_cat-plochy-panel","8":"product_cat-vitriny","9":"pa_glass-mdf-doors-bez-vitriny","10":"pa_glass-mdf-doors-w0-sk","11":"pa_glass-mdf-doors-w1-1x1-sk","12":"pa_glass-mdf-doors-w1-1x2-sk","13":"pa_glass-mdf-doors-w1-1x3-sk","14":"pa_glass-mdf-doors-w2-sk","15":"pa_glass-mdf-doors-w2x2-sk","16":"pa_glass-mdf-doors-w3-sk","17":"pa_glass-mdf-doors-w4-sk","18":"pa_glass-mdf-doors-w5-sk","19":"pa_glass-mdf-doors-w6-sk","20":"pa_glass-mdf-doors-w7-sk","21":"pa_glass-mdf-doors-w8-sk","23":"first","24":"instock","25":"taxable","26":"shipping-taxable","27":"purchasable","28":"product-type-variable","29":"has-default-attributes"},"_links":{"self":[{"href":"https:\/\/wikicnc.pl\/sk\/wp-json\/wp\/v2\/product\/7561","targetHints":{"allow":["GET"]}}],"collection":[{"href":"https:\/\/wikicnc.pl\/sk\/wp-json\/wp\/v2\/product"}],"about":[{"href":"https:\/\/wikicnc.pl\/sk\/wp-json\/wp\/v2\/types\/product"}],"replies":[{"embeddable":true,"href":"https:\/\/wikicnc.pl\/sk\/wp-json\/wp\/v2\/comments?post=7561"}],"wp:featuredmedia":[{"embeddable":true,"href":"https:\/\/wikicnc.pl\/sk\/wp-json\/wp\/v2\/media\/7165"}],"wp:attachment":[{"href":"https:\/\/wikicnc.pl\/sk\/wp-json\/wp\/v2\/media?parent=7561"}],"wp:term":[{"taxonomy":"product_brand","embeddable":true,"href":"https:\/\/wikicnc.pl\/sk\/wp-json\/wp\/v2\/product_brand?post=7561"},{"taxonomy":"product_cat","embeddable":true,"href":"https:\/\/wikicnc.pl\/sk\/wp-json\/wp\/v2\/product_cat?post=7561"},{"taxonomy":"product_tag","embeddable":true,"href":"https:\/\/wikicnc.pl\/sk\/wp-json\/wp\/v2\/product_tag?post=7561"}],"curies":[{"name":"wp","href":"https:\/\/api.w.org\/{rel}","templated":true}]}}