{"id":7547,"date":"2024-10-15T17:17:10","date_gmt":"2024-10-15T15:17:10","guid":{"rendered":"https:\/\/wikicnc.pl\/produkt\/iga-nabytkovy-front\/"},"modified":"2024-10-15T17:17:10","modified_gmt":"2024-10-15T15:17:10","slug":"iga-nabytkovy-front","status":"publish","type":"product","link":"https:\/\/wikicnc.pl\/sk\/produkt\/iga-nabytkovy-front\/","title":{"rendered":"Iga n\u00e1bytkov\u00fd front"},"content":{"rendered":"<p><strong>AF014 &#8211; Iga n\u00e1bytkov\u00fd front<\/strong><\/p>\n<p>N\u00e1bytkov\u00fd front AF014 \u2013 Iga je klasick\u00fd dizajn, ktor\u00fd sa dokonale hod\u00ed k r\u00f4znym \u0161t\u00fdlom interi\u00e9ru, \u010do z neho rob\u00ed mimoriadne univerz\u00e1lne rie\u0161enie pre ka\u017ed\u00fd projekt. Jeho jednoduchos\u0165 a elegancia z neho robia ide\u00e1lnu vo\u013ebu pre kuchyne, ob\u00fdvacie izby a \u010fal\u0161ie priestory, kde chcete vytvori\u0165 harmonick\u00fa atmosf\u00e9ru. Varianta vo svetl\u00fdch farb\u00e1ch, ako je biela, b\u00e9\u017eov\u00e1 alebo svetlosiv\u00e1, dod\u00e1va priestoru \u013eahkos\u0165 a svie\u017eos\u0165 a vn\u00e1\u0161a do interi\u00e9ru \u00fatuln\u00fa n\u00e1ladu.  <\/p>\n<p>Vyroben\u00fd z vysokokvalitn\u00e9ho MDF, front Iga sp\u00e1ja estetiku s odolnos\u0165ou, \u010do z neho rob\u00ed vynikaj\u00face rie\u0161enie na dlh\u00e9 roky. Jeho hladk\u00fd povrch je nielen pr\u00edjemn\u00fd na dotyk, ale aj \u013eahko udr\u017eiavate\u013en\u00fd, \u010do je mimoriadne d\u00f4le\u017eit\u00e9 pri ka\u017edodennom pou\u017e\u00edvan\u00ed. Navy\u0161e, bohat\u00e1 paleta farieb umo\u017e\u0148uje dokonal\u00e9 zladenie s r\u00f4znymi \u0161t\u00fdlmi zariadenia, v\u010faka \u010domu sa front Iga \u013eahko za\u010dlen\u00ed do ak\u00e9hoko\u013evek interi\u00e9rov\u00e9ho konceptu.  <\/p>\n<p>Front Iga pon\u00faka aj r\u00f4zne mo\u017enosti vitr\u00edn, ktor\u00e9 umo\u017e\u0148uj\u00fa vystavi\u0165 vybran\u00e9 predmety. V\u00fdberom z variantov: No Glass, W0, W1 &#8211; 1&#215;1, W1 &#8211; 1&#215;2, W1 &#8211; 1&#215;3, W1 &#8211; 1&#215;4, W2, W3, W4, W5, W6, W7, W8 si m\u00f4\u017eete vytvori\u0165 jedine\u010dn\u00e9 rie\u0161enia, ktor\u00e9 odr\u00e1\u017eaj\u00fa v\u00e1\u0161 osobn\u00fd \u0161t\u00fdl. V\u010faka mo\u017enostiam prisp\u00f4sobenia sa tento front st\u00e1va nielen funk\u010dn\u00fdm, ale aj estetick\u00fdm prvkom ka\u017ed\u00e9ho interi\u00e9ru.  <\/p>\n<p>N\u00e1bytkov\u00fd front Iga je ide\u00e1lnou vo\u013ebou pre t\u00fdch, ktor\u00ed si cenia klasick\u00fd dizajn a univerz\u00e1lnos\u0165. Jeho v\u0161estrann\u00fd charakter zaru\u010duje, \u017ee sa dokonale hod\u00ed do r\u00f4znych typov miestnost\u00ed \u2013 od modern\u00fdch a\u017e po tradi\u010dnej\u0161ie interi\u00e9ry. Nez\u00e1le\u017e\u00ed na tom, \u010di zaria\u010fujete kuchy\u0148u, ob\u00fdva\u010dku alebo pracov\u0148u \u2013 front Iga vnesie do v\u00e1\u0161ho priestoru eleganciu a nad\u010dasov\u00fd \u0161t\u00fdl.  <\/p>\n<p>Rozhodnut\u00edm pre front AF014 \u2013 Iga z\u00edskavate produkt, ktor\u00fd nielen o\u010dar\u00ed svoj\u00edm vzh\u013eadom, ale z\u00e1rove\u0148 sp\u013a\u0148a vysok\u00e9 \u0161tandardy kvality. Je to ide\u00e1lna vo\u013eba pre t\u00fdch, ktor\u00ed chc\u00fa do svojho interi\u00e9ru vnies\u0165 prvky klasiky, ktor\u00e9 bud\u00fa te\u0161i\u0165 oko dlh\u00e9 roky. <\/p>\n","protected":false},"excerpt":{"rendered":"<p><strong>AF014 \u2013 Iga n\u00e1bytkov\u00fd front<\/strong> je klasick\u00fd dizajn, ktor\u00fd sa dokonale hod\u00ed k r\u00f4znym \u0161t\u00fdlom interi\u00e9ru. Jeho jednoduchos\u0165 vynik\u00e1 najm\u00e4 vo svetl\u00fdch farb\u00e1ch, ktor\u00e9 priestoru dod\u00e1vaj\u00fa \u013eahkos\u0165 a svie\u017eos\u0165. Vyroben\u00fd z vysokokvalitn\u00e9ho MDF, vynik\u00e1 trv\u00e1cnos\u0165ou a jednoduchou \u00fadr\u017ebou. Mo\u017enosti vitr\u00edn umo\u017e\u0148uj\u00fa vystavi\u0165 ob\u013e\u00faben\u00e9 predmety, v\u010faka \u010domu je front Iga v\u0161estrann\u00fdm rie\u0161en\u00edm pre kuchyne, ob\u00fdvacie izby a \u010fal\u0161ie miestnosti.   <\/p>\n","protected":false},"featured_media":7114,"comment_status":"open","ping_status":"closed","template":"","meta":{"_et_pb_use_builder":"","_et_pb_old_content":"","_et_gb_content_width":""},"product_brand":[],"product_cat":[427,428,426,429],"product_tag":[],"class_list":{"0":"post-7547","1":"product","2":"type-product","3":"status-publish","4":"has-post-thumbnail","6":"product_cat-kuchynske-dvierka","7":"product_cat-mdf-sk","8":"product_cat-nabytkove-dvierka","9":"product_cat-plochy-panel","10":"pa_glass-mdf-doors-bez-vitriny","11":"pa_glass-mdf-doors-w0-sk","12":"pa_glass-mdf-doors-w1-1x1-sk","13":"pa_glass-mdf-doors-w1-1x2-sk","14":"pa_glass-mdf-doors-w1-1x3-sk","15":"pa_glass-mdf-doors-w2-sk","16":"pa_glass-mdf-doors-w2x2-sk","17":"pa_glass-mdf-doors-w3-sk","18":"pa_glass-mdf-doors-w4-sk","19":"pa_glass-mdf-doors-w5-sk","20":"pa_glass-mdf-doors-w6-sk","21":"pa_glass-mdf-doors-w7-sk","22":"pa_glass-mdf-doors-w8-sk","24":"first","25":"instock","26":"taxable","27":"shipping-taxable","28":"purchasable","29":"product-type-variable","30":"has-default-attributes"},"_links":{"self":[{"href":"https:\/\/wikicnc.pl\/sk\/wp-json\/wp\/v2\/product\/7547","targetHints":{"allow":["GET"]}}],"collection":[{"href":"https:\/\/wikicnc.pl\/sk\/wp-json\/wp\/v2\/product"}],"about":[{"href":"https:\/\/wikicnc.pl\/sk\/wp-json\/wp\/v2\/types\/product"}],"replies":[{"embeddable":true,"href":"https:\/\/wikicnc.pl\/sk\/wp-json\/wp\/v2\/comments?post=7547"}],"wp:featuredmedia":[{"embeddable":true,"href":"https:\/\/wikicnc.pl\/sk\/wp-json\/wp\/v2\/media\/7114"}],"wp:attachment":[{"href":"https:\/\/wikicnc.pl\/sk\/wp-json\/wp\/v2\/media?parent=7547"}],"wp:term":[{"taxonomy":"product_brand","embeddable":true,"href":"https:\/\/wikicnc.pl\/sk\/wp-json\/wp\/v2\/product_brand?post=7547"},{"taxonomy":"product_cat","embeddable":true,"href":"https:\/\/wikicnc.pl\/sk\/wp-json\/wp\/v2\/product_cat?post=7547"},{"taxonomy":"product_tag","embeddable":true,"href":"https:\/\/wikicnc.pl\/sk\/wp-json\/wp\/v2\/product_tag?post=7547"}],"curies":[{"name":"wp","href":"https:\/\/api.w.org\/{rel}","templated":true}]}}