{"id":7533,"date":"2024-10-15T17:17:09","date_gmt":"2024-10-15T15:17:09","guid":{"rendered":"https:\/\/wikicnc.pl\/produkt\/nabytok-joanna-predna-cast\/"},"modified":"2024-10-15T17:17:09","modified_gmt":"2024-10-15T15:17:09","slug":"nabytok-joanna-predna-cast","status":"publish","type":"product","link":"https:\/\/wikicnc.pl\/sk\/produkt\/nabytok-joanna-predna-cast\/","title":{"rendered":"N\u00e1bytok Joanna Predn\u00e1 \u010das\u0165"},"content":{"rendered":"<p><strong>AF013 &#8211; N\u00e1bytok Joanna vpredu<\/strong><\/p>\n<p>N\u00e1bytkov\u00e9 \u010delo AF013 &#8211; Joanna je ide\u00e1lnym rie\u0161en\u00edm pre t\u00fdch, ktor\u00ed si chc\u00fa vytvori\u0165 jedine\u010dn\u00fd interi\u00e9r, ktor\u00fd vynikne na pozad\u00ed \u0161tandardn\u00fdch usporiadan\u00ed. Toto \u010delo, ktor\u00e9 kombinuje modern\u00fd dizajn s klasick\u00fdmi akcentmi, sa bude dokonale hodi\u0165 do kuchyne aj ob\u00fdva\u010dky a do ka\u017edej miestnosti vnesie jedine\u010dn\u00fd charakter. <\/p>\n<p>Joanna je predsie\u0148, ktor\u00e1 poskytuje pr\u00edle\u017eitos\u0165 zavies\u0165 do priestoru jedine\u010dn\u00e9 rie\u0161enia, ktor\u00e9 odr\u00e1\u017eaj\u00fa individu\u00e1lny \u0161t\u00fdl pou\u017e\u00edvate\u013eov. V\u010faka starostlivo premyslen\u00e9mu dizajnu a vysokokvalitn\u00fdm materi\u00e1lom poskytuje toto \u010delo nielen estetiku, ale aj \u017eivotnos\u0165 na dlh\u00e9 roky. \u010celo Joanna je vyroben\u00e9 z MDF a je odoln\u00e9 vo\u010di po\u0161kodeniu a \u013eahko sa udr\u017eiava, tak\u017ee je ide\u00e1lnou vo\u013ebou na ka\u017edodenn\u00e9 pou\u017e\u00edvanie.  <\/p>\n<p>\u010celo n\u00e1bytku Joanna pon\u00faka aj r\u00f4zne mo\u017enosti vitr\u00edn, ktor\u00e9 umo\u017e\u0148uj\u00fa vystavi\u0165 vybran\u00e9 polo\u017eky. Vyberte si z t\u00fdchto variantov: Bez skla, W0, W1 &#8211; 1&#215;1, W1 &#8211; 1&#215;2, W1 &#8211; 1&#215;3, W1 &#8211; 1&#215;4, W2, W3, W4, W5, W6, W7, W8, m\u00f4\u017eete vytvori\u0165 jedine\u010dn\u00e9 rie\u0161enia, ktor\u00e9 odr\u00e1\u017eaj\u00fa v\u00e1\u0161 osobn\u00fd \u0161t\u00fdl. V\u010faka svojej prisp\u00f4sobivosti sa toto \u010delo stane nielen funk\u010dn\u00fdm, ale aj estetick\u00fdm prvkom ka\u017ed\u00e9ho interi\u00e9ru.  <\/p>\n<p>V\u010faka svojmu minimalistick\u00e9mu a z\u00e1rove\u0148 elegantn\u00e9mu dizajnu sa dokonale hod\u00ed do r\u00f4znych \u0161t\u00fdlov interi\u00e9ru &#8211; od modern\u00e9ho cez \u0161kandin\u00e1vsky a\u017e po klasick\u00fd. Joanna vyzer\u00e1 skvele v svetl\u00fdch odtie\u0148och, ktor\u00e9 opticky zv\u00e4\u010d\u0161uj\u00fa priestor, ale rovnako dobre vyzer\u00e1 aj v tmav\u0161\u00edch farb\u00e1ch, ktor\u00e9 dod\u00e1vaj\u00fa miestnosti eleganciu a sofistikovanos\u0165. <\/p>\n<p>Okrem toho pon\u00faka predn\u00e1 \u010das\u0165 AF013 &#8211; Joanna r\u00f4zne mo\u017enosti vitr\u00edn, ktor\u00e9 v\u00e1m umo\u017enia vystavi\u0165 va\u0161e ob\u013e\u00faben\u00e9 predmety, napr\u00edklad elegantn\u00fd riad, zbierky dekorat\u00edvnych doplnkov alebo rodinn\u00e9 pamiatky. V\u010faka tomu si m\u00f4\u017eete vytvori\u0165 priestor, ktor\u00fd je nielen estetick\u00fd, ale aj funk\u010dn\u00fd. <\/p>\n<p>Joanna obohacuje nielen estetiku interi\u00e9ru, ale aj jeho funk\u010dnos\u0165. T\u00e1to predn\u00e1 \u010das\u0165 je ide\u00e1lna do kuchyne, kde sp\u00e1ja \u0161t\u00fdl s praktickos\u0165ou, a tie\u017e do ob\u00fdva\u010dky, kde m\u00f4\u017ee by\u0165 v\u00fdraznou dekor\u00e1ciou. V\u010faka svojej univerz\u00e1lnosti sa \u010delo Joanna hod\u00ed do ka\u017ed\u00e9ho dizajnu a dod\u00e1 mu modern\u00fd n\u00e1dych.  <\/p>\n<p>V\u00fdberom modelu AF013 &#8211; Joanna front z\u00edskate v\u00fdrobok, ktor\u00fd v sebe sp\u00e1ja eleganciu, funk\u010dnos\u0165 a vysok\u00fa kvalitu spracovania. Je ide\u00e1lnou vo\u013ebou pre t\u00fdch, ktor\u00ed si chc\u00fa vytvori\u0165 jedine\u010dn\u00fd interi\u00e9r, v ktorom z\u00e1le\u017e\u00ed na ka\u017edom detaile. <\/p>\n","protected":false},"excerpt":{"rendered":"<p><strong>AF013 &#8211; N\u00e1bytkov\u00e9 \u010delo Joanna<\/strong> je ide\u00e1lnym rie\u0161en\u00edm pre t\u00fdch, ktor\u00ed si chc\u00fa vytvori\u0165 jedine\u010dn\u00fd interi\u00e9r. Predsie\u0148 sa bude perfektne hodi\u0165 do kuchyne aj do ob\u00fdva\u010dky a vnesie do priestoru jedine\u010dn\u00fd charakter. \u010celo Joanna, vyroben\u00e9 z vysokokvalitnej MDF, sp\u00e1ja eleganciu s funk\u010dnos\u0165ou a pon\u00faka r\u00f4zne mo\u017enosti vitr\u00edn na vystavenie va\u0161ich ob\u013e\u00faben\u00fdch predmetov. Jej minimalistick\u00fd dizajn sa hod\u00ed k r\u00f4znym \u0161t\u00fdlom interi\u00e9ru a dod\u00e1va mu modern\u00fd a elegantn\u00fd n\u00e1dych.   <\/p>\n","protected":false},"featured_media":7113,"comment_status":"open","ping_status":"closed","template":"","meta":{"_et_pb_use_builder":"","_et_pb_old_content":"","_et_gb_content_width":""},"product_brand":[],"product_cat":[427,428,426,429,460],"product_tag":[],"class_list":{"0":"post-7533","1":"product","2":"type-product","3":"status-publish","4":"has-post-thumbnail","6":"product_cat-kuchynske-dvierka","7":"product_cat-mdf-sk","8":"product_cat-nabytkove-dvierka","9":"product_cat-plochy-panel","10":"product_cat-zarezy-na-rame","11":"pa_glass-mdf-doors-bez-vitriny","12":"pa_glass-mdf-doors-w0-sk","13":"pa_glass-mdf-doors-w1-1x1-sk","14":"pa_glass-mdf-doors-w1-1x2-sk","15":"pa_glass-mdf-doors-w1-1x3-sk","16":"pa_glass-mdf-doors-w2-sk","17":"pa_glass-mdf-doors-w2x2-sk","18":"pa_glass-mdf-doors-w3-sk","19":"pa_glass-mdf-doors-w4-sk","20":"pa_glass-mdf-doors-w5-sk","21":"pa_glass-mdf-doors-w6-sk","22":"pa_glass-mdf-doors-w7-sk","23":"pa_glass-mdf-doors-w8-sk","25":"first","26":"instock","27":"taxable","28":"shipping-taxable","29":"purchasable","30":"product-type-variable","31":"has-default-attributes"},"_links":{"self":[{"href":"https:\/\/wikicnc.pl\/sk\/wp-json\/wp\/v2\/product\/7533","targetHints":{"allow":["GET"]}}],"collection":[{"href":"https:\/\/wikicnc.pl\/sk\/wp-json\/wp\/v2\/product"}],"about":[{"href":"https:\/\/wikicnc.pl\/sk\/wp-json\/wp\/v2\/types\/product"}],"replies":[{"embeddable":true,"href":"https:\/\/wikicnc.pl\/sk\/wp-json\/wp\/v2\/comments?post=7533"}],"wp:featuredmedia":[{"embeddable":true,"href":"https:\/\/wikicnc.pl\/sk\/wp-json\/wp\/v2\/media\/7113"}],"wp:attachment":[{"href":"https:\/\/wikicnc.pl\/sk\/wp-json\/wp\/v2\/media?parent=7533"}],"wp:term":[{"taxonomy":"product_brand","embeddable":true,"href":"https:\/\/wikicnc.pl\/sk\/wp-json\/wp\/v2\/product_brand?post=7533"},{"taxonomy":"product_cat","embeddable":true,"href":"https:\/\/wikicnc.pl\/sk\/wp-json\/wp\/v2\/product_cat?post=7533"},{"taxonomy":"product_tag","embeddable":true,"href":"https:\/\/wikicnc.pl\/sk\/wp-json\/wp\/v2\/product_tag?post=7533"}],"curies":[{"name":"wp","href":"https:\/\/api.w.org\/{rel}","templated":true}]}}