{"id":7361,"date":"2024-10-15T17:17:11","date_gmt":"2024-10-15T15:17:11","guid":{"rendered":"https:\/\/wikicnc.pl\/produkt\/agata-nabytkove-dvierka\/"},"modified":"2024-10-15T17:17:11","modified_gmt":"2024-10-15T15:17:11","slug":"agata-nabytkove-dvierka","status":"publish","type":"product","link":"https:\/\/wikicnc.pl\/sk\/produkt\/agata-nabytkove-dvierka\/","title":{"rendered":"Agata N\u00e1bytkov\u00e9 dvierka"},"content":{"rendered":"<p><strong>AF019 &#8211; Agata N\u00e1bytkov\u00e9 dvierka<\/strong><\/p>\n<p>N\u00e1bytkov\u00e9 \u010delo AF019 \u2013 Agata je ide\u00e1lnym rie\u0161en\u00edm pre t\u00fdch, ktor\u00ed t\u00fa\u017eia vytvori\u0165 v\u00fdnimo\u010dn\u00e9 a \u0161t\u00fdlov\u00e9 interi\u00e9ry. Jeho elegantn\u00fd dizajn zaru\u010duje, \u017ee sa skvele uplatn\u00ed ako v kuchyniach, tak aj v ob\u00fdva\u010dk\u00e1ch, ktor\u00fdm dod\u00e1 jedine\u010dn\u00fd charakter. V\u010faka svojmu univerz\u00e1lnemu \u0161t\u00fdlu sa \u010delo Agata \u013eahko za\u010dlen\u00ed do r\u00f4znych aran\u017em\u00e1nov \u2013 od modern\u00fdch a\u017e po klasick\u00e9 \u2013 a stane sa k\u013e\u00fa\u010dov\u00fdm dekora\u010dn\u00fdm prvkom ka\u017ed\u00e9ho priestoru.  <\/p>\n<p>Vyroben\u00e9 z vysokokvalitn\u00fdch materi\u00e1lov, \u010delo Agata sa vyzna\u010duje trv\u00e1cnos\u0165ou a odolnos\u0165ou vo\u010di po\u0161kodeniu, \u010do z neho rob\u00ed ide\u00e1lnu vo\u013ebu na dlh\u00e9 roky. Jeho hladk\u00fd povrch sa \u013eahko \u010dist\u00ed a udr\u017eiava, \u010do zaru\u010duje pohodln\u00e9 ka\u017edodenn\u00e9 pou\u017e\u00edvanie. Toto \u010delo je dostupn\u00e9 v \u0161irokej \u0161k\u00e1le farebn\u00fdch preveden\u00ed, v\u010faka \u010domu ho mo\u017eno prisp\u00f4sobi\u0165 r\u00f4znym \u0161t\u00fdlom interi\u00e9rov\u00e9ho zariadenia. \u010ci u\u017e v tmav\u0161\u00edch odtie\u0148och, ktor\u00e9 dod\u00e1vaj\u00fa eleganciu, alebo v svetl\u00fdch farb\u00e1ch, ktor\u00e9 vn\u00e1\u0161aj\u00fa do priestoru svie\u017eos\u0165 a \u013eahkos\u0165 \u2013 \u010delo Agata ur\u010dite up\u00fata pozornos\u0165 a stane sa ozdobou ka\u017edej miestnosti.   <\/p>\n<p>Navy\u0161e, AF019 \u2013 Agata n\u00e1bytkov\u00e9 \u010delo pon\u00faka r\u00f4zne varianty presklenia, ktor\u00e9 umo\u017e\u0148uj\u00fa vystavi\u0165 ob\u013e\u00faben\u00e9 predmety, ako s\u00fa dekorat\u00edvne doplnky, elegantn\u00fd jed\u00e1lensk\u00fd servis \u010di rodinn\u00e9 pamiatky. Mo\u017enos\u0165 v\u00fdberu z variantov: No Glass, W0, W1 \u2013 1&#215;1, W1 \u2013 1&#215;2, W1 \u2013 1&#215;3, W1 \u2013 1&#215;4, W2, W3, W4, W5, W6, W7, W8 rob\u00ed z \u010dela Agata e\u0161te funk\u010dnej\u0161\u00ed a viac prisp\u00f4sobite\u013en\u00fd prvok pod\u013ea individu\u00e1lnych potrieb pou\u017e\u00edvate\u013ea. <\/p>\n<p>\u010celo Agata nie je len o estetike, ale aj o praktickosti. Jeho v\u0161estrann\u00fd dizajn ho predur\u010duje na pou\u017eitie v r\u00f4znych miestnostiach \u2013 od kuchyne, cez jed\u00e1le\u0148 a\u017e po ob\u00fdva\u010dku \u2013 pri\u010dom ka\u017ed\u00e9mu z t\u00fdchto priestorov dod\u00e1va n\u00e1dych elegancie a modernosti. V\u010faka tomu, \u017ee si vyberiete \u010delo AF019 \u2013 Agata, z\u00edskavate produkt, ktor\u00fd nielen skvele vyzer\u00e1, ale z\u00e1rove\u0148 sp\u013a\u0148a vysok\u00e9 \u0161tandardy kvality.  <\/p>\n<p>Vyberte si AF019 \u2013 Agata n\u00e1bytkov\u00e9 \u010delo a vytvorte si interi\u00e9r, ktor\u00fd o\u010dar\u00ed ka\u017ed\u00fd de\u0148. Je to ide\u00e1lna vo\u013eba pre t\u00fdch, ktor\u00ed t\u00fa\u017eia vnies\u0165 do svojho domova prvky luxusu a v\u00fdnimo\u010dn\u00e9ho \u0161t\u00fdlu, ktor\u00e9 bud\u00fa te\u0161i\u0165 oko dlh\u00e9 roky. <\/p>\n","protected":false},"excerpt":{"rendered":"<p><strong>AF019 \u2013 Agata n\u00e1bytkov\u00e9 \u010delo<\/strong> je ide\u00e1lnym rie\u0161en\u00edm pre t\u00fdch, ktor\u00ed chc\u00fa vytvori\u0165 v\u00fdnimo\u010dn\u00e9 interi\u00e9ry. \u010celo sa skvele hod\u00ed do kuchyne aj ob\u00fdva\u010dky a dod\u00e1va im elegantn\u00fd charakter. Vyroben\u00e9 z vysokokvalitn\u00fdch materi\u00e1lov, vyzna\u010duje sa trv\u00e1cnos\u0165ou a jednoduchou \u00fadr\u017ebou. Dostupn\u00e9 v r\u00f4znych farebn\u00fdch prevedeniach, \u010delo Agata umo\u017e\u0148uje \u0161t\u00fdlov\u00e9 zladenie s ak\u00fdmko\u013evek interi\u00e9rom, pri\u010dom mo\u017enosti presklenia umo\u017e\u0148uj\u00fa vystavenie ob\u013e\u00faben\u00fdch predmetov.   <\/p>\n","protected":false},"featured_media":7119,"comment_status":"open","ping_status":"closed","template":"","meta":{"_et_pb_use_builder":"","_et_pb_old_content":"","_et_gb_content_width":""},"product_brand":[],"product_cat":[436,427,428,426],"product_tag":[],"class_list":{"0":"post-7361","1":"product","2":"type-product","3":"status-publish","4":"has-post-thumbnail","6":"product_cat-kazeta","7":"product_cat-kuchynske-dvierka","8":"product_cat-mdf-sk","9":"product_cat-nabytkove-dvierka","10":"pa_glass-mdf-doors-bez-vitriny","11":"pa_glass-mdf-doors-w0-sk","12":"pa_glass-mdf-doors-w1-1x1-sk","13":"pa_glass-mdf-doors-w1-1x2-sk","14":"pa_glass-mdf-doors-w1-1x3-sk","15":"pa_glass-mdf-doors-w2-sk","16":"pa_glass-mdf-doors-w2x2-sk","17":"pa_glass-mdf-doors-w3-sk","18":"pa_glass-mdf-doors-w4-sk","19":"pa_glass-mdf-doors-w5-sk","20":"pa_glass-mdf-doors-w6-sk","21":"pa_glass-mdf-doors-w7-sk","22":"pa_glass-mdf-doors-w8-sk","24":"first","25":"instock","26":"taxable","27":"shipping-taxable","28":"purchasable","29":"product-type-variable","30":"has-default-attributes"},"_links":{"self":[{"href":"https:\/\/wikicnc.pl\/sk\/wp-json\/wp\/v2\/product\/7361","targetHints":{"allow":["GET"]}}],"collection":[{"href":"https:\/\/wikicnc.pl\/sk\/wp-json\/wp\/v2\/product"}],"about":[{"href":"https:\/\/wikicnc.pl\/sk\/wp-json\/wp\/v2\/types\/product"}],"replies":[{"embeddable":true,"href":"https:\/\/wikicnc.pl\/sk\/wp-json\/wp\/v2\/comments?post=7361"}],"wp:featuredmedia":[{"embeddable":true,"href":"https:\/\/wikicnc.pl\/sk\/wp-json\/wp\/v2\/media\/7119"}],"wp:attachment":[{"href":"https:\/\/wikicnc.pl\/sk\/wp-json\/wp\/v2\/media?parent=7361"}],"wp:term":[{"taxonomy":"product_brand","embeddable":true,"href":"https:\/\/wikicnc.pl\/sk\/wp-json\/wp\/v2\/product_brand?post=7361"},{"taxonomy":"product_cat","embeddable":true,"href":"https:\/\/wikicnc.pl\/sk\/wp-json\/wp\/v2\/product_cat?post=7361"},{"taxonomy":"product_tag","embeddable":true,"href":"https:\/\/wikicnc.pl\/sk\/wp-json\/wp\/v2\/product_tag?post=7361"}],"curies":[{"name":"wp","href":"https:\/\/api.w.org\/{rel}","templated":true}]}}