{"id":6582,"date":"2024-10-15T17:17:06","date_gmt":"2024-10-15T15:17:06","guid":{"rendered":"https:\/\/wikicnc.pl\/produkt\/anna-kuchynske-dvierka\/"},"modified":"2024-10-15T17:17:06","modified_gmt":"2024-10-15T15:17:06","slug":"anna-kuchynske-dvierka","status":"publish","type":"product","link":"https:\/\/wikicnc.pl\/sk\/produkt\/anna-kuchynske-dvierka\/","title":{"rendered":"Anna Kuchynsk\u00e9 dvierka"},"content":{"rendered":"<p><strong>AF005 &#8211; Anna Kuchynsk\u00e9 dvierka<\/strong><\/p>\n<p>AF005 &#8211; Anna je modern\u00fd n\u00e1bytkov\u00fd front, ktor\u00fd vynik\u00e1 jemnou eleganciou. Jeho minimalistick\u00fd, no z\u00e1rove\u0148 prepracovan\u00fd dizajn umo\u017e\u0148uje vytv\u00e1ra\u0165 interi\u00e9ry sp\u00e1jaj\u00face funk\u010dnos\u0165 s estetikou. Tento front sa dokonale hod\u00ed do r\u00f4znych \u0161t\u00fdlov zariadenia \u2013 od modern\u00fdch a\u017e po klasickej\u0161ie \u2013 a dod\u00e1va priestoru h\u013abku, \u0161t\u00fdl a v\u00fdnimo\u010dn\u00fd charakter.  <\/p>\n<p>Front Anna sa kr\u00e1sne vyn\u00edma na kuchynsk\u00fdch skrink\u00e1ch, ve\u013ek\u00fdch \u0161atn\u00edkoch, komod\u00e1ch, ako aj na men\u0161\u00edch prvkoch, ako s\u00fa k\u00fape\u013e\u0148ov\u00e9 skrinky. Je mimoriadne univerz\u00e1lny a mo\u017eno ho vyu\u017ei\u0165 pri ve\u013ek\u00fdch projektoch aj v men\u0161\u00edch priestoroch. Jeho jednoduchos\u0165 zaru\u010duje, \u017ee sa hod\u00ed tak do modern\u00fdch, funk\u010dne orientovan\u00fdch interi\u00e9rov, ako aj do bohato zdoben\u00fdch \u0161t\u00fdlov.  <\/p>\n<p>V\u010faka pou\u017eitiu najkvalitnej\u0161\u00edch materi\u00e1lov front AF005 \u2013 Anna zaru\u010duje dlh\u00fa \u017eivotnos\u0165 a odolnos\u0165 vo\u010di ka\u017edodenn\u00e9mu pou\u017e\u00edvaniu, \u010do z neho rob\u00ed ide\u00e1lne rie\u0161enie pre priestory s vysokou z\u00e1\u0165a\u017eou, ako s\u00fa kuchyne \u010di k\u00fape\u013ene. Z\u00e1rove\u0148 v\u0161ak jeho estetick\u00fd vzh\u013ead umo\u017e\u0148uje vyu\u017eitie aj v ob\u00fdva\u010dk\u00e1ch \u010di sp\u00e1l\u0148ach, kde je d\u00f4le\u017eit\u00fd elegantn\u00fd dizajn. <\/p>\n<p>Jednou z hlavn\u00fdch v\u00fdhod frontu Anna je mo\u017enos\u0165 personaliz\u00e1cie prostredn\u00edctvom v\u00fdberu vitr\u00ednov\u00fdch variantov. Front pon\u00faka \u0161irok\u00e9 mo\u017enosti aran\u017eovania v\u010faka dostupn\u00fdm verzi\u00e1m: No Glass, W0, W1 &#8211; 1&#215;1, W1 &#8211; 1&#215;2, W1 &#8211; 1&#215;3, W1 &#8211; 1&#215;4, W2, W3, W4, W5, W6, W7, W8. Tieto mo\u017enosti umo\u017e\u0148uj\u00fa vytvori\u0165 jedine\u010dn\u00e9 rie\u0161enia prisp\u00f4soben\u00e9 individu\u00e1lnym potreb\u00e1m a vkusom, pri\u010dom ob\u013e\u00faben\u00e9 predmety m\u00f4\u017eu by\u0165 vkusne a elegantne vystaven\u00e9.  <\/p>\n<p>Front AF005 \u2013 Anna v\u010faka r\u00f4znorod\u00fdm farebn\u00fdm mo\u017enostiam skvele zapadne do r\u00f4znych interi\u00e9rov\u00fdch \u0161t\u00fdlov. Vynikaj\u00faco vyzer\u00e1 ako v svetl\u00fdch, pastelov\u00fdch odtie\u0148och, tak aj v v\u00fdraznej\u0161\u00edch a hlbok\u00fdch farb\u00e1ch. Nech u\u017e si vyberiete ak\u00fdko\u013evek odtie\u0148, tento front dod\u00e1 priestoru harm\u00f3niu a \u0161t\u00fdl, pri\u010dom zv\u00fdrazn\u00ed jeho modern\u00fd charakter.  <\/p>\n<p>Nie len estetika, ale aj funk\u010dnos\u0165 robia z frontu Anna v\u00fdnimo\u010dn\u00fd prvok. Je to ide\u00e1lne rie\u0161enie pre t\u00fdch, ktor\u00ed si cenia spojenie kr\u00e1sy a praktickosti. Mo\u017enos\u0165 prisp\u00f4sobenia individu\u00e1lnym potreb\u00e1m z neho rob\u00ed skvel\u00fa vo\u013ebu ako pre ve\u013ek\u00e9 projekty, tak aj pre men\u0161ie priestory \u2013 pon\u00faka odolnos\u0165, eleganciu a v\u00fdnimo\u010dn\u00fd vzh\u013ead.  <\/p>\n","protected":false},"excerpt":{"rendered":"<p><strong>AF005 &#8211; Anna N\u00e1bytkov\u00fd Front<\/strong> je modern\u00fd front s n\u00e1dychom elegancie, ktor\u00fd sa dokonale hod\u00ed do ka\u017ed\u00e9ho \u0161t\u00fdlu interi\u00e9ru. Kr\u00e1sne vynikne na kuchynsk\u00fdch skrink\u00e1ch, komod\u00e1ch \u010di k\u00fape\u013e\u0148ovom n\u00e1bytku. Front pon\u00faka r\u00f4zne mo\u017enosti presklenia: No Glass, W0, W1 &#8211; 1&#215;1, W1 &#8211; 1&#215;2, W1 &#8211; 1&#215;3, W1 &#8211; 1&#215;4, W2, W3, W4, W5, W6, W7, W8, \u010do umo\u017e\u0148uje pln\u00fa personaliz\u00e1ciu.  <\/p>\n","protected":false},"featured_media":6583,"comment_status":"open","ping_status":"closed","template":"","meta":{"_et_pb_use_builder":"","_et_pb_old_content":"","_et_gb_content_width":""},"product_brand":[],"product_cat":[436,427,428,426],"product_tag":[],"class_list":{"0":"post-6582","1":"product","2":"type-product","3":"status-publish","4":"has-post-thumbnail","6":"product_cat-kazeta","7":"product_cat-kuchynske-dvierka","8":"product_cat-mdf-sk","9":"product_cat-nabytkove-dvierka","10":"pa_glass-mdf-doors-bez-vitriny","11":"pa_glass-mdf-doors-w0-sk","12":"pa_glass-mdf-doors-w1-1x1-sk","13":"pa_glass-mdf-doors-w1-1x2-sk","14":"pa_glass-mdf-doors-w1-1x3-sk","15":"pa_glass-mdf-doors-w2-sk","16":"pa_glass-mdf-doors-w2x2-sk","17":"pa_glass-mdf-doors-w3-sk","18":"pa_glass-mdf-doors-w4-sk","19":"pa_glass-mdf-doors-w5-sk","20":"pa_glass-mdf-doors-w6-sk","21":"pa_glass-mdf-doors-w7-sk","22":"pa_glass-mdf-doors-w8-sk","24":"first","25":"instock","26":"taxable","27":"shipping-taxable","28":"purchasable","29":"product-type-variable","30":"has-default-attributes"},"_links":{"self":[{"href":"https:\/\/wikicnc.pl\/sk\/wp-json\/wp\/v2\/product\/6582","targetHints":{"allow":["GET"]}}],"collection":[{"href":"https:\/\/wikicnc.pl\/sk\/wp-json\/wp\/v2\/product"}],"about":[{"href":"https:\/\/wikicnc.pl\/sk\/wp-json\/wp\/v2\/types\/product"}],"replies":[{"embeddable":true,"href":"https:\/\/wikicnc.pl\/sk\/wp-json\/wp\/v2\/comments?post=6582"}],"wp:featuredmedia":[{"embeddable":true,"href":"https:\/\/wikicnc.pl\/sk\/wp-json\/wp\/v2\/media\/6583"}],"wp:attachment":[{"href":"https:\/\/wikicnc.pl\/sk\/wp-json\/wp\/v2\/media?parent=6582"}],"wp:term":[{"taxonomy":"product_brand","embeddable":true,"href":"https:\/\/wikicnc.pl\/sk\/wp-json\/wp\/v2\/product_brand?post=6582"},{"taxonomy":"product_cat","embeddable":true,"href":"https:\/\/wikicnc.pl\/sk\/wp-json\/wp\/v2\/product_cat?post=6582"},{"taxonomy":"product_tag","embeddable":true,"href":"https:\/\/wikicnc.pl\/sk\/wp-json\/wp\/v2\/product_tag?post=6582"}],"curies":[{"name":"wp","href":"https:\/\/api.w.org\/{rel}","templated":true}]}}