{"id":6567,"date":"2024-10-15T17:17:06","date_gmt":"2024-10-15T15:17:06","guid":{"rendered":"https:\/\/wikicnc.pl\/produkt\/marta-kuchynske-dvierka\/"},"modified":"2024-10-15T17:17:06","modified_gmt":"2024-10-15T15:17:06","slug":"marta-kuchynske-dvierka","status":"publish","type":"product","link":"https:\/\/wikicnc.pl\/sk\/produkt\/marta-kuchynske-dvierka\/","title":{"rendered":"Marta Kuchynsk\u00e9 Dvierka"},"content":{"rendered":"<p><strong>AF004 &#8211; Marta Kuchynsk\u00e9 Dvierka<\/strong><\/p>\n<p>AF004 \u2013 Marta je jeden z najob\u013e\u00fabenej\u0161\u00edch kuchynsk\u00fdch dvierok v na\u0161ej ponuke, \u010do z neho rob\u00ed favorit medzi z\u00e1kazn\u00edkmi. Jeho jednoduch\u00fd, no elegantn\u00fd dizajn zabezpe\u010duje vysok\u00fa univerz\u00e1lnos\u0165 a mo\u017enos\u0165 pou\u017eitia v akomko\u013evek priestore. Tieto dvierka sa skvele hodia tak do modern\u00fdch, ako aj klasick\u00fdch interi\u00e9rov, pri\u010dom im dod\u00e1vaj\u00fa jedine\u010dn\u00fd charakter.  <\/p>\n<p>V\u010faka AF004 \u2013 Marta m\u00f4\u017eete r\u00fdchlo a nen\u00e1padne zorganizova\u0165 svoje interi\u00e9ry, vytv\u00e1raj\u00fac rie\u0161enia, ktor\u00e9 s\u00fa z\u00e1rove\u0148 nad\u010dasov\u00e9 i praktick\u00e9. Tieto dvierka sa dokonale hodia do kuch\u00fd\u0148, ob\u00fdvac\u00edch izieb, pracovn\u00fdch miestnost\u00ed, ako aj k\u00fape\u013en\u00ed, pri\u010dom im dod\u00e1vaj\u00fa jedine\u010dn\u00fd a \u0161t\u00fdlov\u00fd vzh\u013ead. Ich jednoduchos\u0165 umo\u017e\u0148uje \u013eahk\u00fa adapt\u00e1ciu na r\u00f4zne \u0161t\u00fdly zariadenia a z\u00e1rove\u0148 vynikaj\u00fa eleganciou, ktor\u00e1 up\u00fata pozornos\u0165.  <\/p>\n<p>Vyroben\u00e9 z najkvalitnej\u0161\u00edch materi\u00e1lov, dvierka AF004 \u2013 Marta garantuj\u00fa odolnos\u0165 a dlh\u00fa \u017eivotnos\u0165. S\u00fa odoln\u00e9 vo\u010di ka\u017edodenn\u00e9mu pou\u017e\u00edvaniu, v\u010faka \u010domu s\u00fa ide\u00e1lne nielen do priestorov s intenz\u00edvnym vyu\u017eit\u00edm, ale aj tam, kde je d\u00f4le\u017eit\u00e1 estetika a funk\u010dnos\u0165. Ich univerz\u00e1lnos\u0165 umo\u017e\u0148uje r\u00f4zne pou\u017eitie, od ve\u013ek\u00fdch skr\u00ed\u0148 a\u017e po men\u0161ie kuchynsk\u00e9 dvierka.  <\/p>\n<p>Dvierka AF004 \u2013 Marta pon\u00fakaj\u00fa aj \u0161irok\u00e9 mo\u017enosti personaliz\u00e1cie v\u010faka r\u00f4znym variantom vitr\u00edn. V\u00fdberom zo \u0161t\u00fdlov No Glass, W0, W1 \u2013 1&#215;1, W1 \u2013 1&#215;2, W1 \u2013 1&#215;3, W1 \u2013 1&#215;4, W2, W3, W4, W5, W6, W7, W8 si m\u00f4\u017eete dvierka plne prisp\u00f4sobi\u0165 svojim potreb\u00e1m a z\u00e1rove\u0148 v subt\u00edlnom, no efektnom \u0161t\u00fdle vystavi\u0165 vybran\u00e9 predmety. V\u010faka tomu sa AF004 \u2013 Marta st\u00e1va nielen funk\u010dn\u00fdm, ale aj dekorat\u00edvnym prvkom ka\u017ed\u00e9ho interi\u00e9ru, ktor\u00fd mu dod\u00e1va jedine\u010dn\u00fd charakter.  <\/p>\n<p>Bohat\u00e1 paleta farieb umo\u017e\u0148uje \u00fapln\u00fa personaliz\u00e1ciu, \u010do v\u00e1m d\u00e1va mo\u017enos\u0165 prisp\u00f4sobi\u0165 dvierka akejko\u013evek miestnosti. \u010ci u\u017e si vyberiete svetl\u00e9, pastelov\u00e9 odtiene, alebo v\u00fdraznej\u0161ie, tmav\u00e9 farby, dvierka AF004 \u2013 Marta bud\u00fa v\u017edy vyzera\u0165 v\u00fdnimo\u010dne. Ich nad\u010dasov\u00fd vzh\u013ead rob\u00ed z tohto modelu ide\u00e1lnu vo\u013ebu pre klasick\u00e9 i modern\u00e9 interi\u00e9ry, pri\u010dom pon\u00faka jedine\u010dn\u00fd \u0161t\u00fdl.  <\/p>\n","protected":false},"excerpt":{"rendered":"<p><strong>AF004 \u2013 Marta kuchynsk\u00e9 dvierka<\/strong> s\u00fa ob\u013e\u00faben\u00fdm modelom na\u0161ich z\u00e1kazn\u00edkov, ide\u00e1lne do ka\u017ed\u00e9ho priestoru. Umo\u017e\u0148uj\u00fa r\u00fdchlu a origin\u00e1lnu \u00fapravu interi\u00e9ru, vytv\u00e1raj\u00fac nad\u010dasov\u00e9 a praktick\u00e9 rie\u0161enia. Dvierka pon\u00fakaj\u00fa aj mo\u017enosti vitr\u00edn: No Glass, W0, W1 \u2013 1&#215;1, W1 \u2013 1&#215;2, W1 \u2013 1&#215;3, W1 \u2013 1&#215;4, W2, W3, W4, W5, W6, W7, W8, \u010do umo\u017e\u0148uje \u00fapln\u00fa personaliz\u00e1ciu.  <\/p>\n","protected":false},"featured_media":6568,"comment_status":"open","ping_status":"closed","template":"","meta":{"_et_pb_use_builder":"","_et_pb_old_content":"","_et_gb_content_width":""},"product_brand":[],"product_cat":[427,428,426,429],"product_tag":[],"class_list":{"0":"post-6567","1":"product","2":"type-product","3":"status-publish","4":"has-post-thumbnail","6":"product_cat-kuchynske-dvierka","7":"product_cat-mdf-sk","8":"product_cat-nabytkove-dvierka","9":"product_cat-plochy-panel","10":"pa_glass-mdf-doors-bez-vitriny","11":"pa_glass-mdf-doors-w0-sk","12":"pa_glass-mdf-doors-w1-1x1-sk","13":"pa_glass-mdf-doors-w1-1x2-sk","14":"pa_glass-mdf-doors-w1-1x3-sk","15":"pa_glass-mdf-doors-w2-sk","16":"pa_glass-mdf-doors-w2x2-sk","17":"pa_glass-mdf-doors-w3-sk","18":"pa_glass-mdf-doors-w4-sk","19":"pa_glass-mdf-doors-w5-sk","20":"pa_glass-mdf-doors-w6-sk","21":"pa_glass-mdf-doors-w7-sk","22":"pa_glass-mdf-doors-w8-sk","24":"first","25":"instock","26":"taxable","27":"shipping-taxable","28":"purchasable","29":"product-type-variable","30":"has-default-attributes"},"_links":{"self":[{"href":"https:\/\/wikicnc.pl\/sk\/wp-json\/wp\/v2\/product\/6567","targetHints":{"allow":["GET"]}}],"collection":[{"href":"https:\/\/wikicnc.pl\/sk\/wp-json\/wp\/v2\/product"}],"about":[{"href":"https:\/\/wikicnc.pl\/sk\/wp-json\/wp\/v2\/types\/product"}],"replies":[{"embeddable":true,"href":"https:\/\/wikicnc.pl\/sk\/wp-json\/wp\/v2\/comments?post=6567"}],"wp:featuredmedia":[{"embeddable":true,"href":"https:\/\/wikicnc.pl\/sk\/wp-json\/wp\/v2\/media\/6568"}],"wp:attachment":[{"href":"https:\/\/wikicnc.pl\/sk\/wp-json\/wp\/v2\/media?parent=6567"}],"wp:term":[{"taxonomy":"product_brand","embeddable":true,"href":"https:\/\/wikicnc.pl\/sk\/wp-json\/wp\/v2\/product_brand?post=6567"},{"taxonomy":"product_cat","embeddable":true,"href":"https:\/\/wikicnc.pl\/sk\/wp-json\/wp\/v2\/product_cat?post=6567"},{"taxonomy":"product_tag","embeddable":true,"href":"https:\/\/wikicnc.pl\/sk\/wp-json\/wp\/v2\/product_tag?post=6567"}],"curies":[{"name":"wp","href":"https:\/\/api.w.org\/{rel}","templated":true}]}}