{"id":6194,"date":"2024-10-15T17:14:31","date_gmt":"2024-10-15T15:14:31","guid":{"rendered":"https:\/\/wikicnc.pl\/produkt\/skleneny-front\/"},"modified":"2024-10-15T17:14:31","modified_gmt":"2024-10-15T15:14:31","slug":"skleneny-front","status":"publish","type":"product","link":"https:\/\/wikicnc.pl\/sk\/produkt\/skleneny-front\/","title":{"rendered":"Sklenen\u00fd front"},"content":{"rendered":"<p><strong>AF001 &#8211; Sklenen\u00fd front<\/strong><\/p>\n<p>AF001 \u2013 Sklenen\u00fd front, no mimoriadne elegantn\u00e9 a nad\u010dasov\u00e9 n\u00e1bytkov\u00e9 dvierka, ktor\u00e9 sa v\u00fdborne hodia do r\u00f4znych \u0161t\u00fdlov zariadenia. U\u017e nieko\u013eko rokov si udr\u017eiavaj\u00fa st\u00e1lu popularitu v\u010faka svojej v\u0161estrannosti a minimalistick\u00e9mu dizajnu. Tafla je ide\u00e1lnou vo\u013ebou pre t\u00fdch, ktor\u00ed oce\u0148uj\u00fa klasick\u00e9 a jednoduch\u00e9 rie\u0161enia s n\u00e1dychom modern\u00e9ho charakteru.  <\/p>\n<p>Dvierka Tafla vynikaj\u00fa svojou v\u00fdnimo\u010dnou eleganciou v jednoduchosti. S\u00fa ide\u00e1lne ako do modern\u00fdch, minimalistick\u00fdch interi\u00e9rov, tak aj do klasickej\u0161\u00edch zariaden\u00ed. Skvele vyzeraj\u00fa v kuchyni, k\u00fape\u013eni, ale aj ako s\u00fa\u010das\u0165 ve\u013ek\u00fdch skr\u00ed\u0148, kom\u00f4d \u010di \u0161atn\u00edkov. Ich univerz\u00e1lnos\u0165 umo\u017e\u0148uje pou\u017eitie v akomko\u013evek priestore, bez oh\u013eadu na jeho ve\u013ekos\u0165 alebo funkciu. Ide o rie\u0161enie, ktor\u00e9 v\u010faka svojej neutralite dokonale lad\u00ed s r\u00f4znymi \u0161t\u00fdlmi a farbami interi\u00e9rov.    <\/p>\n<p>Farebn\u00e1 paleta, v ktorej dvierka Tafla vynikaj\u00fa najlep\u0161ie, zah\u0155\u0148a odtiene b\u00e9\u017eovej, sivej a bielej. Tieto neutr\u00e1lne, no z\u00e1rove\u0148 elegantn\u00e9 farby umo\u017e\u0148uj\u00fa harmonick\u00e9 skombinovanie s r\u00f4znymi materi\u00e1lmi, ako s\u00fa drevo, kov \u010di sklo. Jemn\u00e9 odtiene dod\u00e1vaj\u00fa interi\u00e9rom pokoj a eleganciu, vytv\u00e1raj\u00fac pr\u00edjemn\u00fa atmosf\u00e9ru v obytn\u00fdch aj pracovn\u00fdch priestoroch.  <\/p>\n<p>Jednou z k\u013e\u00fa\u010dov\u00fdch prednost\u00ed dvierok AF001 \u2013 Tafla je mo\u017enos\u0165 personaliz\u00e1cie pomocou dostupn\u00fdch variantov presklenia. V\u010faka r\u00f4znym verzi\u00e1m: No Glass, W0, W1 \u2013 1&#215;1, W1 \u2013 1&#215;2, W1 \u2013 1&#215;3, W1 \u2013 1&#215;4, W2, W3, W4, W5, W6, W7, W8, m\u00f4\u017eete prisp\u00f4sobi\u0165 dvierka svojim individu\u00e1lnym potreb\u00e1m a vytvori\u0165 jedine\u010dn\u00e9 rie\u0161enia, ktor\u00e9 odr\u00e1\u017eaj\u00fa v\u00e1\u0161 osobn\u00fd \u0161t\u00fdl. Presklen\u00e9 \u010dasti umo\u017e\u0148uj\u00fa elegantne a \u0161t\u00fdlovo vystavi\u0165 ob\u013e\u00faben\u00e9 predmety, \u010do dod\u00e1va interi\u00e9rom v\u00fdnimo\u010dn\u00fd charakter.  <\/p>\n<p>Dvierka Tafla nie s\u00fa len estetick\u00e9, ale aj vysoko funk\u010dn\u00e9. Vyroben\u00e9 z najkvalitnej\u0161\u00edch materi\u00e1lov, zaru\u010duj\u00fa odolnos\u0165 a dlh\u00fa \u017eivotnos\u0165 pri ka\u017edodennom pou\u017e\u00edvan\u00ed, \u010do z nich rob\u00ed ide\u00e1lnu vo\u013ebu pre priestory s vysokou z\u00e1\u0165a\u017eou, ako s\u00fa kuchyne alebo k\u00fape\u013ene. V\u010faka mo\u017enosti prisp\u00f4sobenia sa r\u00f4znym priestorom sa tieto dvierka st\u00e1vaj\u00fa prvkom, ktor\u00fd sp\u00e1ja kr\u00e1su a funk\u010dnos\u0165.  <\/p>\n<p>AF001 \u2013 Tafla je klasika v modernom preveden\u00ed, ktor\u00e1 spln\u00ed o\u010dak\u00e1vania aj t\u00fdch najn\u00e1ro\u010dnej\u0161\u00edch z\u00e1kazn\u00edkov. \u010ci u\u017e zaria\u010fujete modern\u00fa kuchy\u0148u, elegantn\u00fa ob\u00fdva\u010dku alebo priestrann\u00fa \u0161at\u0148u, tieto dvierka bud\u00fa skvelou vo\u013ebou, ktor\u00e1 dod\u00e1 interi\u00e9ru harm\u00f3niu a \u0161t\u00fdl. <\/p>\n","protected":false},"excerpt":{"rendered":"<p><strong>AF001 \u2013 Tafla n\u00e1bytkov\u00e9 dvierka<\/strong> s\u00fa nad\u010dasov\u00e9, minimalistick\u00e9 dvierka, ide\u00e1lne do kuch\u00fd\u0148, k\u00fape\u013en\u00ed a ve\u013ek\u00fdch skr\u00ed\u0148. N\u00e1dherne vynikn\u00fa v odtie\u0148och b\u00e9\u017eovej, sivej a bielej. V\u010faka r\u00f4znym mo\u017enostiam presklenia: No Glass, W0, W1 \u2013 1&#215;1, W1 \u2013 1&#215;2, W1 \u2013 1&#215;3, W1 \u2013 1&#215;4, W2, W3, W4, W5, W6, W7, W8, pon\u00fakaj\u00fa mo\u017enos\u0165 personaliz\u00e1cie interi\u00e9ru pod\u013ea individu\u00e1lneho \u0161t\u00fdlu.  <\/p>\n","protected":false},"featured_media":6195,"comment_status":"open","ping_status":"closed","template":"","meta":{"_et_pb_use_builder":"","_et_pb_old_content":"","_et_gb_content_width":""},"product_brand":[],"product_cat":[431,427,428,426,432,429,430],"product_tag":[],"class_list":{"0":"post-6194","1":"product","2":"type-product","3":"status-publish","4":"has-post-thumbnail","6":"product_cat-kuchynske-dvierka-sk","7":"product_cat-kuchynske-dvierka","8":"product_cat-mdf-sk","9":"product_cat-nabytkove-dvierka","10":"product_cat-nabytkove-dvierka-sk","11":"product_cat-plochy-panel","12":"product_cat-vitriny","13":"pa_glass-mdf-doors-bez-vitriny","14":"pa_glass-mdf-doors-w0-sk","15":"pa_glass-mdf-doors-w1-1x1-sk","16":"pa_glass-mdf-doors-w1-1x2-sk","17":"pa_glass-mdf-doors-w1-1x3-sk","18":"pa_glass-mdf-doors-w2-sk","19":"pa_glass-mdf-doors-w2x2-sk","20":"pa_glass-mdf-doors-w3-sk","21":"pa_glass-mdf-doors-w4-sk","22":"pa_glass-mdf-doors-w5-sk","23":"pa_glass-mdf-doors-w6-sk","24":"pa_glass-mdf-doors-w7-sk","25":"pa_glass-mdf-doors-w8-sk","27":"first","28":"instock","29":"taxable","30":"shipping-taxable","31":"purchasable","32":"product-type-variable","33":"has-default-attributes"},"_links":{"self":[{"href":"https:\/\/wikicnc.pl\/sk\/wp-json\/wp\/v2\/product\/6194","targetHints":{"allow":["GET"]}}],"collection":[{"href":"https:\/\/wikicnc.pl\/sk\/wp-json\/wp\/v2\/product"}],"about":[{"href":"https:\/\/wikicnc.pl\/sk\/wp-json\/wp\/v2\/types\/product"}],"replies":[{"embeddable":true,"href":"https:\/\/wikicnc.pl\/sk\/wp-json\/wp\/v2\/comments?post=6194"}],"wp:featuredmedia":[{"embeddable":true,"href":"https:\/\/wikicnc.pl\/sk\/wp-json\/wp\/v2\/media\/6195"}],"wp:attachment":[{"href":"https:\/\/wikicnc.pl\/sk\/wp-json\/wp\/v2\/media?parent=6194"}],"wp:term":[{"taxonomy":"product_brand","embeddable":true,"href":"https:\/\/wikicnc.pl\/sk\/wp-json\/wp\/v2\/product_brand?post=6194"},{"taxonomy":"product_cat","embeddable":true,"href":"https:\/\/wikicnc.pl\/sk\/wp-json\/wp\/v2\/product_cat?post=6194"},{"taxonomy":"product_tag","embeddable":true,"href":"https:\/\/wikicnc.pl\/sk\/wp-json\/wp\/v2\/product_tag?post=6194"}],"curies":[{"name":"wp","href":"https:\/\/api.w.org\/{rel}","templated":true}]}}