{"id":6179,"date":"2024-10-15T15:49:27","date_gmt":"2024-10-15T13:49:27","guid":{"rendered":"https:\/\/wikicnc.pl\/produkt\/celne-dvierka\/"},"modified":"2024-10-15T15:49:27","modified_gmt":"2024-10-15T13:49:27","slug":"celne-dvierka","status":"publish","type":"product","link":"https:\/\/wikicnc.pl\/sk\/produkt\/celne-dvierka\/","title":{"rendered":"\u010celn\u00e9 dvierka"},"content":{"rendered":"<p><strong>AF003 &#8211; \u010celn\u00e9 dvierka<\/strong><\/p>\n<p>N\u00e1bytkov\u00e9 dvierka AF003 \u2013 Ekran s\u00fa absol\u00fatnym favoritom medzi na\u0161imi z\u00e1kazn\u00edkmi. Ich jedine\u010dn\u00fd dizajn a univerz\u00e1lnos\u0165 z nich robia ide\u00e1lnu vo\u013ebu do ak\u00e9hoko\u013evek priestoru. Nez\u00e1le\u017e\u00ed na tom, \u010di pl\u00e1nujete zariadi\u0165 modern\u00fa kuchy\u0148u, elegantn\u00fa ob\u00fdva\u010dku alebo funk\u010dn\u00fa k\u00fape\u013e\u0148u \u2013 dvierka Ekran v\u00e1m umo\u017enia vytvori\u0165 interi\u00e9r, ktor\u00fd bude \u0161t\u00fdlov\u00fd aj praktick\u00fd. V\u010faka jednoduch\u00e9mu, no p\u00f4sobiv\u00e9mu vzoru sa tieto dvierka hodia k r\u00f4znym \u0161t\u00fdlom zariadenia \u2013 od modern\u00fdch, minimalistick\u00fdch priestorov a\u017e po klasickej\u0161ie interi\u00e9ry s bohat\u0161\u00edmi detailmi.   <\/p>\n<p>Jeho neutralita a elegancia robia z modelu Ekran nad\u010dasov\u00fd prvok, ktor\u00fd dokonale zapad\u00e1 do trendov s\u00fa\u010dasn\u00e9ho dizajnu. \u013dahko sa kombinuje s ostatn\u00fdmi prvkami interi\u00e9ru, \u010d\u00edm vytv\u00e1ra ucelen\u00fd a harmonick\u00fd celok. Nez\u00e1le\u017e\u00ed na tom, \u010di h\u013ead\u00e1te rie\u0161enie pre ve\u013ek\u00e9 skrine, komody alebo mal\u00e9 kuchynsk\u00e9 skrinky \u2013 AF003 \u2013 Ekran bude ide\u00e1lnou vo\u013ebou. S jeho pomocou r\u00fdchlo a jednoducho vytvor\u00edte priestor, ktor\u00fd o\u010dar\u00ed ka\u017ed\u00e9ho n\u00e1v\u0161tevn\u00edka.   <\/p>\n<p>V\u010faka r\u00f4znym mo\u017enostiam povrchovej \u00fapravy a \u0161irokej \u0161k\u00e1le farieb mo\u017eno dvierka Ekran prisp\u00f4sobi\u0165 individu\u00e1lnym po\u017eiadavk\u00e1m ka\u017ed\u00e9ho z\u00e1kazn\u00edka. Mimoriadne efektne p\u00f4sobia v neutr\u00e1lnych farb\u00e1ch, ako s\u00fa biela, siv\u00e1 \u010di b\u00e9\u017eov\u00e1, ktor\u00e9 im dod\u00e1vaj\u00fa dodato\u010dn\u00fa eleganciu a jemnos\u0165. Tieto odtiene dokonale ladia s modern\u00fdmi materi\u00e1lmi, ako je nerezov\u00e1 oce\u013e, sklo alebo bet\u00f3n, ale aj s klasick\u00fdmi dreven\u00fdmi prvkami.  <\/p>\n<p>Dvierka AF003 \u2013 Ekran pon\u00fakaj\u00fa aj \u0161irok\u00fa \u0161k\u00e1lu mo\u017enost\u00ed presklenia, \u010do umo\u017e\u0148uje elegantne a \u0161t\u00fdlovo vystavi\u0165 vybran\u00e9 predmety. V\u00fdberom z variantov ako: No Glass, W0, W1 \u2013 1&#215;1, W1 \u2013 1&#215;2, W1 \u2013 1&#215;3, W1 \u2013 1&#215;4, W2, W3, W4, W5, W6, W7, W8, si m\u00f4\u017eete vytvori\u0165 jedine\u010dn\u00e9 kompoz\u00edcie, ktor\u00e9 dokonale vyjadria v\u00e1\u0161 osobn\u00fd \u0161t\u00fdl. Tieto presklen\u00e9 dvierka s\u00fa ide\u00e1lnym rie\u0161en\u00edm pre t\u00fdch, ktor\u00ed chc\u00fa spoji\u0165 funk\u010dnos\u0165 s estetikou a vytvori\u0165 interi\u00e9r s neopakovate\u013en\u00fdm charakterom.  <\/p>\n<p>Dvierka AF003 \u2013 Ekran nie s\u00fa len o \u0161t\u00fdle, ale aj o funk\u010dnosti na najvy\u0161\u0161ej \u00farovni. Vyroben\u00e9 z vysokokvalitn\u00fdch materi\u00e1lov, zaru\u010duj\u00fa odolnos\u0165 a dlh\u00fa \u017eivotnos\u0165 pri ka\u017edodennom pou\u017e\u00edvan\u00ed, \u010do z nich rob\u00ed ide\u00e1lnu vo\u013ebu pre intenz\u00edvne vyu\u017e\u00edvan\u00e9 priestory, ako s\u00fa kuchyne, k\u00fape\u013ene \u010di kancel\u00e1rie. Ich hladk\u00fd povrch sa \u013eahko udr\u017eiava v \u010distote, \u010do e\u0161te viac zd\u00f4raz\u0148uje ich praktickos\u0165 a univerz\u00e1lnos\u0165.  <\/p>\n<p>V\u010faka mo\u017enosti prisp\u00f4sobi\u0165 sa r\u00f4znym priestorom a po\u017eiadavk\u00e1m sa dvierka AF003 \u2013 Ekran st\u00e1vaj\u00fa nielen ozdobou ka\u017ed\u00e9ho interi\u00e9ru, ale aj funk\u010dn\u00fdm prvkom, ktor\u00fd u\u013eah\u010duje organiz\u00e1ciu priestoru. Je to rie\u0161enie, ktor\u00e9 sp\u00e1ja estetiku s praktickos\u0165ou a poskytuje pou\u017e\u00edvate\u013eom ka\u017edodenn\u00fd komfort a spokojnos\u0165. <\/p>\n","protected":false},"excerpt":{"rendered":"<p><strong>AF003 \u2013 Ekran N\u00e1bytkov\u00e9 dvierka<\/strong> s\u00fa ob\u013e\u00fabencom z\u00e1kazn\u00edkov a skvelou vo\u013ebou do ka\u017ed\u00e9ho priestoru. \u013dahko umo\u017e\u0148uj\u00fa aran\u017eova\u0165 interi\u00e9r spojen\u00edm \u0161t\u00fdlu s funk\u010dnos\u0165ou. Dostupn\u00e9 varianty presklenia: No Glass, W0, W1 \u2013 1&#215;1, W1 \u2013 1&#215;2, W1 \u2013 1&#215;3, W1 \u2013 1&#215;4, W2, W3, W4, W5, W6, W7, W8 umo\u017e\u0148uj\u00fa vytvori\u0165 jedine\u010dn\u00e9 kompoz\u00edcie, ktor\u00e9 zv\u00fdraznia v\u00e1\u0161 osobn\u00fd \u0161t\u00fdl.  <\/p>\n","protected":false},"featured_media":6180,"comment_status":"open","ping_status":"closed","template":"","meta":{"_et_pb_use_builder":"","_et_pb_old_content":"","_et_gb_content_width":""},"product_brand":[],"product_cat":[427,428,426,429],"product_tag":[],"class_list":{"0":"post-6179","1":"product","2":"type-product","3":"status-publish","4":"has-post-thumbnail","6":"product_cat-kuchynske-dvierka","7":"product_cat-mdf-sk","8":"product_cat-nabytkove-dvierka","9":"product_cat-plochy-panel","10":"pa_glass-mdf-doors-bez-vitriny","11":"pa_glass-mdf-doors-w0-sk","12":"pa_glass-mdf-doors-w1-1x1-sk","13":"pa_glass-mdf-doors-w1-1x2-sk","14":"pa_glass-mdf-doors-w1-1x3-sk","15":"pa_glass-mdf-doors-w2-sk","16":"pa_glass-mdf-doors-w2x2-sk","17":"pa_glass-mdf-doors-w3-sk","18":"pa_glass-mdf-doors-w4-sk","19":"pa_glass-mdf-doors-w5-sk","20":"pa_glass-mdf-doors-w6-sk","21":"pa_glass-mdf-doors-w7-sk","22":"pa_glass-mdf-doors-w8-sk","24":"first","25":"instock","26":"taxable","27":"shipping-taxable","28":"purchasable","29":"product-type-variable","30":"has-default-attributes"},"_links":{"self":[{"href":"https:\/\/wikicnc.pl\/sk\/wp-json\/wp\/v2\/product\/6179","targetHints":{"allow":["GET"]}}],"collection":[{"href":"https:\/\/wikicnc.pl\/sk\/wp-json\/wp\/v2\/product"}],"about":[{"href":"https:\/\/wikicnc.pl\/sk\/wp-json\/wp\/v2\/types\/product"}],"replies":[{"embeddable":true,"href":"https:\/\/wikicnc.pl\/sk\/wp-json\/wp\/v2\/comments?post=6179"}],"wp:featuredmedia":[{"embeddable":true,"href":"https:\/\/wikicnc.pl\/sk\/wp-json\/wp\/v2\/media\/6180"}],"wp:attachment":[{"href":"https:\/\/wikicnc.pl\/sk\/wp-json\/wp\/v2\/media?parent=6179"}],"wp:term":[{"taxonomy":"product_brand","embeddable":true,"href":"https:\/\/wikicnc.pl\/sk\/wp-json\/wp\/v2\/product_brand?post=6179"},{"taxonomy":"product_cat","embeddable":true,"href":"https:\/\/wikicnc.pl\/sk\/wp-json\/wp\/v2\/product_cat?post=6179"},{"taxonomy":"product_tag","embeddable":true,"href":"https:\/\/wikicnc.pl\/sk\/wp-json\/wp\/v2\/product_tag?post=6179"}],"curies":[{"name":"wp","href":"https:\/\/api.w.org\/{rel}","templated":true}]}}