{"id":7452,"date":"2022-09-06T09:36:16","date_gmt":"2022-09-06T07:36:16","guid":{"rendered":"https:\/\/wikicnc.pl\/nesting\/"},"modified":"2025-08-01T20:21:09","modified_gmt":"2025-08-01T18:21:09","slug":"nesting","status":"publish","type":"page","link":"https:\/\/wikicnc.pl\/sk\/nesting\/","title":{"rendered":"Nesting"},"content":{"rendered":"<p>[et_pb_section fb_built=&#8220;1&#8243; module_class=&#8220;pa-blur&#8220; _builder_version=&#8220;4.18.0&#8243; _module_preset=&#8220;default&#8220; background_image=&#8220;https:\/\/wikicnc.pl\/wp-content\/uploads\/2022\/09\/nesting.jpg&#8220; parallax=&#8220;on&#8220; animation_style=&#8220;slide&#8220; animation_direction=&#8220;top&#8220; animation_duration=&#8220;600ms&#8220; animation_intensity_slide=&#8220;5%&#8220; hover_enabled=&#8220;0&#8243; locked=&#8220;off&#8220; global_colors_info=&#8220;{}&#8220; sticky_enabled=&#8220;0&#8243;][et_pb_row _builder_version=&#8220;4.18.0&#8243; _module_preset=&#8220;default&#8220; hover_enabled=&#8220;0&#8243; global_colors_info=&#8220;{}&#8220; sticky_enabled=&#8220;0&#8243;][et_pb_column type=&#8220;4_4&#8243; _builder_version=&#8220;4.18.0&#8243; _module_preset=&#8220;default&#8220; global_colors_info=&#8220;{}&#8220;][et_pb_text _builder_version=&#8220;4.21.2&#8243; _dynamic_attributes=&#8220;content&#8220; _module_preset=&#8220;default&#8220; header_font=&#8220;||||||||&#8220; header_text_align=&#8220;center&#8220; header_font_size=&#8220;56px&#8220; custom_margin=&#8220;0px||0px||false|false&#8220; custom_padding=&#8220;20px||20px||false|false&#8220; hover_enabled=&#8220;0&#8243; global_colors_info=&#8220;{}&#8220; sticky_enabled=&#8220;0&#8243;]@ET-DC@eyJkeW5hbWljIjp0cnVlLCJjb250ZW50IjoicG9zdF90aXRsZSIsInNldHRpbmdzIjp7ImJlZm9yZSI6IjxoMT4iLCJhZnRlciI6IjwvaDE+IiwiZW5hYmxlX2h0bWwiOiJvZmYifX0=@[\/et_pb_text][\/et_pb_column][\/et_pb_row][\/et_pb_section][et_pb_section fb_built=&#8220;1&#8243; _builder_version=&#8220;4.18.0&#8243; _module_preset=&#8220;default&#8220; global_colors_info=&#8220;{}&#8220;][et_pb_row _builder_version=&#8220;4.18.0&#8243; _module_preset=&#8220;default&#8220; global_colors_info=&#8220;{}&#8220;][et_pb_column type=&#8220;4_4&#8243; _builder_version=&#8220;4.18.0&#8243; _module_preset=&#8220;default&#8220; global_colors_info=&#8220;{}&#8220;][et_pb_text _builder_version=&#8220;4.21.2&#8243; _module_preset=&#8220;default&#8220; hover_enabled=&#8220;0&#8243; global_colors_info=&#8220;{}&#8220; sticky_enabled=&#8220;0&#8243;]<\/p>\n<p><strong>wikiCNC<\/strong> pon\u00faka rie\u0161enia optimalizovan\u00e9ho rezu ve\u013ekoplo\u0161n\u00fdch dosiek s d\u00f4razom na minimaliz\u00e1ciu odpadu. Kvalita, presnos\u0165 spracovania, dochv\u00ed\u013enos\u0165 a flexibilita \u2013 to hodnoty, na ktor\u00fdch staviame spolupr\u00e1cu s na\u0161imi obchodn\u00fdmi partnermi. <\/p>\n<p>Spolupracujeme s firmami z automobilov\u00e9ho priemyslu, v\u00fdrobcami n\u00e1bytku a \u010fal\u0161\u00edmi odvetviami.<\/p>\n<p>V pr\u00e1ci vyu\u017e\u00edvame met\u00f3dy <u>geometrick\u00e9ho hniezdenia<\/u> s mo\u017enos\u0165ou spracovania jednotliv\u00fdch skup\u00edn dielov na ur\u010den\u00fdch oblastiach dosiek, pri\u010dom re\u0161pektujeme definovan\u00e9 krit\u00e9ri\u00e1, ako s\u00fa <u>inform\u00e1cie zo syst\u00e9mov datab\u00e1z<\/u> alebo <u>vlastnosti materi\u00e1lu<\/u>.<\/p>\n<p>Na\u0161im klientom v cene slu\u017eieb pon\u00fakame odborn\u00e9 poradenstvo.<\/p>\n<p>[\/et_pb_text][\/et_pb_column][\/et_pb_row][et_pb_row _builder_version=&#8220;4.18.0&#8243; _module_preset=&#8220;default&#8220; global_colors_info=&#8220;{}&#8220;][et_pb_column type=&#8220;4_4&#8243; _builder_version=&#8220;4.18.0&#8243; _module_preset=&#8220;default&#8220; global_colors_info=&#8220;{}&#8220;][et_pb_text _builder_version=&#8220;4.21.2&#8243; _module_preset=&#8220;default&#8220; hover_enabled=&#8220;0&#8243; global_colors_info=&#8220;{}&#8220; sticky_enabled=&#8220;0&#8243;]<\/p>\n<p><strong>Technologick\u00e9 z\u00e1zemie <\/strong><\/p>\n<p>Disponujeme <u>technologicky pokro\u010dil\u00fdm strojov\u00fdm parkom vr\u00e1tane CNC<\/u> obr\u00e1bac\u00edch centier s maxim\u00e1lnou pracovnou plochou 2200 mm x 3100 mm a p\u00e4\u0165osov\u00fdm pracovn\u00fdm priestorom 1650 mm x 6750 mm, vybaven\u00fdch automatick\u00fdm nakladan\u00edm plechov a vykladan\u00edm obrobkov. (Pros\u00edm o doplnenie a overenie inform\u00e1ci\u00ed) <\/p>\n<p><strong>Materi\u00e1ly <\/strong><\/p>\n<p>Materi\u00e1ly spracov\u00e1van\u00e9 v <u>r\u00e1mci nestingov\u00fdch slu\u017eieb<\/u> v wikiCNC:<\/p>\n<p><strong> <\/strong>Drevo<strong>: preglejka, mas\u00edvne drevo<\/strong> <\/p>\n<p><strong> <\/strong>Materi\u00e1ly drevodekorov\u00e9: <strong>MDF dosky, LDF dosky, HDF dosky<\/strong><\/p>\n<p><strong> <\/strong>Plasty: <u>Kompozitn\u00e9 dosky: <\/u><strong>DiBOND, TuBOND, HPL, \u017dIVICA LAB<\/strong><\/p>\n<p>In\u00e9 \u2013 pod\u013ea podrobn\u00fdch doh\u00f4d s klientmi<\/p>\n<p>[\/et_pb_text][\/et_pb_column][\/et_pb_row][\/et_pb_section]<\/p>\n","protected":false},"excerpt":{"rendered":"<p>wikiCNC pon\u00faka rie\u0161enia optimalizovan\u00e9ho rezu ve\u013ekoplo\u0161n\u00fdch dosiek s d\u00f4razom na minimaliz\u00e1ciu odpadu. Kvalita, presnos\u0165 spracovania, dochv\u00ed\u013enos\u0165 a flexibilita \u2013 to hodnoty, na ktor\u00fdch staviame spolupr\u00e1cu s na\u0161imi obchodn\u00fdmi partnermi. Spolupracujeme s firmami z automobilov\u00e9ho priemyslu, v\u00fdrobcami n\u00e1bytku a \u010fal\u0161\u00edmi odvetviami. V pr\u00e1ci vyu\u017e\u00edvame met\u00f3dy geometrick\u00e9ho hniezdenia s mo\u017enos\u0165ou spracovania jednotliv\u00fdch skup\u00edn dielov na ur\u010den\u00fdch oblastiach [&hellip;]<\/p>\n","protected":false},"author":1,"featured_media":0,"parent":0,"menu_order":0,"comment_status":"closed","ping_status":"closed","template":"","meta":{"_et_pb_use_builder":"on","_et_pb_old_content":"","_et_gb_content_width":"","footnotes":""},"class_list":["post-7452","page","type-page","status-publish","hentry"],"_links":{"self":[{"href":"https:\/\/wikicnc.pl\/sk\/wp-json\/wp\/v2\/pages\/7452","targetHints":{"allow":["GET"]}}],"collection":[{"href":"https:\/\/wikicnc.pl\/sk\/wp-json\/wp\/v2\/pages"}],"about":[{"href":"https:\/\/wikicnc.pl\/sk\/wp-json\/wp\/v2\/types\/page"}],"author":[{"embeddable":true,"href":"https:\/\/wikicnc.pl\/sk\/wp-json\/wp\/v2\/users\/1"}],"replies":[{"embeddable":true,"href":"https:\/\/wikicnc.pl\/sk\/wp-json\/wp\/v2\/comments?post=7452"}],"version-history":[{"count":2,"href":"https:\/\/wikicnc.pl\/sk\/wp-json\/wp\/v2\/pages\/7452\/revisions"}],"predecessor-version":[{"id":7454,"href":"https:\/\/wikicnc.pl\/sk\/wp-json\/wp\/v2\/pages\/7452\/revisions\/7454"}],"wp:attachment":[{"href":"https:\/\/wikicnc.pl\/sk\/wp-json\/wp\/v2\/media?parent=7452"}],"curies":[{"name":"wp","href":"https:\/\/api.w.org\/{rel}","templated":true}]}}