{"id":7449,"date":"2022-07-01T14:21:53","date_gmt":"2022-07-01T12:21:53","guid":{"rendered":"https:\/\/wikicnc.pl\/kontakt\/"},"modified":"2025-10-30T01:18:14","modified_gmt":"2025-10-30T00:18:14","slug":"kontakt","status":"publish","type":"page","link":"https:\/\/wikicnc.pl\/sk\/kontakt\/","title":{"rendered":"Kontakt"},"content":{"rendered":"<p>[et_pb_section fb_built=&#8220;1&#8243; module_class=&#8220;pa-blur&#8220; _builder_version=&#8220;4.18.0&#8243; _module_preset=&#8220;default&#8220; background_image=&#8220;https:\/\/wikicnc.pl\/wp-content\/uploads\/2022\/08\/kontakt.jpg&#8220; parallax=&#8220;on&#8220; animation_style=&#8220;slide&#8220; animation_direction=&#8220;top&#8220; animation_duration=&#8220;600ms&#8220; animation_intensity_slide=&#8220;5%&#8220; global_colors_info=&#8220;{}&#8220;][et_pb_row _builder_version=&#8220;4.18.0&#8243; _module_preset=&#8220;default&#8220; global_colors_info=&#8220;{}&#8220;][et_pb_column type=&#8220;4_4&#8243; _builder_version=&#8220;4.18.0&#8243; _module_preset=&#8220;default&#8220; global_colors_info=&#8220;{}&#8220;][et_pb_text _builder_version=&#8220;4.18.0&#8243; _dynamic_attributes=&#8220;content&#8220; _module_preset=&#8220;default&#8220; header_font=&#8220;||||||||&#8220; header_text_align=&#8220;center&#8220; header_font_size=&#8220;56px&#8220; custom_padding=&#8220;20px||20px||false|false&#8220; global_colors_info=&#8220;{}&#8220;]@ET-DC@eyJkeW5hbWljIjp0cnVlLCJjb250ZW50IjoicG9zdF90aXRsZSIsInNldHRpbmdzIjp7ImJlZm9yZSI6IjxoMT4iLCJhZnRlciI6IjxcL2gxPiJ9fQ==@[\/et_pb_text][\/et_pb_column][\/et_pb_row][\/et_pb_section][et_pb_section fb_built=&#8220;1&#8243; specialty=&#8220;on&#8220; _builder_version=&#8220;4.18.0&#8243; _module_preset=&#8220;default&#8220; custom_margin=&#8220;||||false|false&#8220; custom_padding=&#8220;||||false|false&#8220; global_colors_info=&#8220;{}&#8220;][et_pb_column type=&#8220;1_2&#8243; specialty_columns=&#8220;2&#8243; _builder_version=&#8220;4.16&#8243; custom_padding=&#8220;|||&#8220; global_colors_info=&#8220;{}&#8220; custom_padding__hover=&#8220;|||&#8220;][et_pb_row_inner _builder_version=&#8220;4.18.0&#8243; _module_preset=&#8220;default&#8220; global_colors_info=&#8220;{}&#8220;][et_pb_column_inner saved_specialty_column_type=&#8220;1_2&#8243; _builder_version=&#8220;4.18.0&#8243; _module_preset=&#8220;default&#8220; global_colors_info=&#8220;{}&#8220;][et_pb_text _builder_version=&#8220;4.18.0&#8243; _module_preset=&#8220;default&#8220; animation_style=&#8220;slide&#8220; animation_direction=&#8220;left&#8220; animation_duration=&#8220;500ms&#8220; animation_intensity_slide=&#8220;5%&#8220; global_colors_info=&#8220;{}&#8220;]<\/p>\n<h2><strong>Kontaktujte n\u00e1s<\/strong><\/h2>\n<p>[\/et_pb_text][et_pb_text _builder_version=&#8220;4.18.0&#8243; _module_preset=&#8220;default&#8220; text_font_size=&#8220;18px&#8220; text_orientation=&#8220;center&#8220; animation_style=&#8220;slide&#8220; animation_direction=&#8220;left&#8220; animation_duration=&#8220;600ms&#8220; animation_intensity_slide=&#8220;5%&#8220; global_colors_info=&#8220;{}&#8220;]<\/p>\n<p>T\u00edm <strong>wikiCNC<\/strong> sa zaober\u00e1 v\u00fdrobou MDF \u010diel, modul\u00e1rnych panelov, vyrez\u00e1van\u00edm schod\u00edsk, \u0161pecializovan\u00fdmi stol\u00e1rskymi slu\u017ebami, \u010dal\u00fannick\u00fdmi kon\u0161trukciami, ako aj vypracov\u00e1van\u00edm technickej dokument\u00e1cie a odborov\u00fdch v\u00fdkresov pod\u013ea potrieb z\u00e1kazn\u00edka.<\/p>\n<p>[\/et_pb_text][\/et_pb_column_inner][\/et_pb_row_inner][et_pb_row_inner column_structure=&#8220;1_2,1_2&#8243; _builder_version=&#8220;4.22.0&#8243; _module_preset=&#8220;default&#8220; custom_padding=&#8220;|30px||30px|false|false&#8220; animation_style=&#8220;slide&#8220; animation_direction=&#8220;left&#8220; animation_duration=&#8220;700ms&#8220; animation_intensity_slide=&#8220;5%&#8220; border_radii=&#8220;on|9px|9px|9px|9px&#8220; border_width_left=&#8220;3px&#8220; border_color_left=&#8220;#ffed00&#8243; box_shadow_style=&#8220;preset2&#8243; box_shadow_color=&#8220;rgba(0,0,0,0.1)&#8220; global_colors_info=&#8220;{}&#8220; box_shadow_color__hover_enabled=&#8220;on|desktop&#8220; box_shadow_color__hover=&#8220;rgba(0,0,0,0.25)&#8220;][et_pb_column_inner type=&#8220;1_2&#8243; saved_specialty_column_type=&#8220;1_2&#8243; _builder_version=&#8220;4.18.0&#8243; _module_preset=&#8220;default&#8220; global_colors_info=&#8220;{}&#8220;][et_pb_text _builder_version=&#8220;4.22.0&#8243; _module_preset=&#8220;default&#8220; header_3_font_size=&#8220;24px&#8220; custom_margin=&#8220;||26px|||&#8220; global_colors_info=&#8220;{}&#8220;]<\/p>\n<h3>Dopytov\u00e9 ponuka<\/h3>\n<p><span>Spracovate\u013esk\u00e9 Z\u00e1vody<\/span><\/p>\n<p>[\/et_pb_text][et_pb_text _builder_version=&#8220;4.27.4&#8243; _module_preset=&#8220;default&#8220; text_font_size=&#8220;20px&#8220; global_colors_info=&#8220;{}&#8220;]<\/p>\n<h4>Telef\u00f3n do Kancel\u00e1rie<\/h4>\n<p><span>+48 85 875 0765<\/span><\/p>\n<p>[\/et_pb_text][\/et_pb_column_inner][et_pb_column_inner type=&#8220;1_2&#8243; saved_specialty_column_type=&#8220;1_2&#8243; _builder_version=&#8220;4.18.0&#8243; _module_preset=&#8220;default&#8220; global_colors_info=&#8220;{}&#8220;][et_pb_divider show_divider=&#8220;off&#8220; disabled_on=&#8220;on|off|off&#8220; _builder_version=&#8220;4.18.0&#8243; _module_preset=&#8220;default&#8220; custom_padding=&#8220;20px||42px||false|false&#8220; global_colors_info=&#8220;{}&#8220;][\/et_pb_divider][et_pb_text _builder_version=&#8220;4.22.0&#8243; _module_preset=&#8220;default&#8220; text_font_size=&#8220;21px&#8220; custom_padding=&#8220;|||0px||&#8220; global_colors_info=&#8220;{}&#8220;]<\/p>\n<h4>E-mail<\/h4>\n<p><strong>biuro@wikicnc.pl<\/strong><\/p>\n<p>[\/et_pb_text][\/et_pb_column_inner][\/et_pb_row_inner][et_pb_row_inner column_structure=&#8220;1_2,1_2&#8243; _builder_version=&#8220;4.22.0&#8243; _module_preset=&#8220;default&#8220; custom_padding=&#8220;|30px||30px|false|false&#8220; animation_style=&#8220;slide&#8220; animation_direction=&#8220;left&#8220; animation_duration=&#8220;700ms&#8220; animation_intensity_slide=&#8220;5%&#8220; border_radii=&#8220;on|9px|9px|9px|9px&#8220; border_width_left=&#8220;3px&#8220; border_color_left=&#8220;#ffed00&#8243; box_shadow_style=&#8220;preset2&#8243; box_shadow_color=&#8220;rgba(0,0,0,0.1)&#8220; global_colors_info=&#8220;{}&#8220; box_shadow_color__hover_enabled=&#8220;on|desktop&#8220; box_shadow_color__hover=&#8220;rgba(0,0,0,0.25)&#8220;][et_pb_column_inner type=&#8220;1_2&#8243; saved_specialty_column_type=&#8220;1_2&#8243; _builder_version=&#8220;4.18.0&#8243; _module_preset=&#8220;default&#8220; global_colors_info=&#8220;{}&#8220;][et_pb_text _builder_version=&#8220;4.27.4&#8243; _module_preset=&#8220;default&#8220; header_3_font_size=&#8220;24px&#8220; custom_margin=&#8220;||26px|||&#8220; global_colors_info=&#8220;{}&#8220;]<\/p>\n<h3>Obchodn\u00fd Z\u00e1stupca<\/h3>\n<p><span>Mazowieckie<\/span><\/p>\n<p>[\/et_pb_text][et_pb_text _builder_version=&#8220;4.27.4&#8243; _module_preset=&#8220;default&#8220; text_font_size=&#8220;20px&#8220; global_colors_info=&#8220;{}&#8220;]<\/p>\n<h4>Telef\u00f3n do Kancel\u00e1rie<\/h4>\n<p><span>+48 22 230 2398<\/span><\/p>\n<p>[\/et_pb_text][\/et_pb_column_inner][et_pb_column_inner type=&#8220;1_2&#8243; saved_specialty_column_type=&#8220;1_2&#8243; _builder_version=&#8220;4.18.0&#8243; _module_preset=&#8220;default&#8220; global_colors_info=&#8220;{}&#8220;][et_pb_divider show_divider=&#8220;off&#8220; disabled_on=&#8220;on|off|off&#8220; _builder_version=&#8220;4.18.0&#8243; _module_preset=&#8220;default&#8220; custom_padding=&#8220;20px||42px||false|false&#8220; global_colors_info=&#8220;{}&#8220;][\/et_pb_divider][et_pb_text _builder_version=&#8220;4.22.0&#8243; _module_preset=&#8220;default&#8220; text_font_size=&#8220;21px&#8220; custom_padding=&#8220;|||0px||&#8220; global_colors_info=&#8220;{}&#8220;]<\/p>\n<h4>E-mail<\/h4>\n<p><strong>biuro@wikicnc.pl<\/strong><\/p>\n<p>[\/et_pb_text][\/et_pb_column_inner][\/et_pb_row_inner][et_pb_row_inner column_structure=&#8220;1_2,1_2&#8243; _builder_version=&#8220;4.22.0&#8243; _module_preset=&#8220;default&#8220; custom_padding=&#8220;|30px||30px|false|false&#8220; animation_style=&#8220;slide&#8220; animation_direction=&#8220;left&#8220; animation_duration=&#8220;700ms&#8220; animation_intensity_slide=&#8220;5%&#8220; border_radii=&#8220;on|9px|9px|9px|9px&#8220; border_width_left=&#8220;3px&#8220; border_color_left=&#8220;#ffed00&#8243; box_shadow_style=&#8220;preset2&#8243; box_shadow_color=&#8220;rgba(0,0,0,0.1)&#8220; global_colors_info=&#8220;{}&#8220; box_shadow_color__hover_enabled=&#8220;on|desktop&#8220; box_shadow_color__hover=&#8220;rgba(0,0,0,0.25)&#8220;][et_pb_column_inner type=&#8220;1_2&#8243; saved_specialty_column_type=&#8220;1_2&#8243; _builder_version=&#8220;4.18.0&#8243; _module_preset=&#8220;default&#8220; global_colors_info=&#8220;{}&#8220;][et_pb_text _builder_version=&#8220;4.27.4&#8243; _module_preset=&#8220;default&#8220; header_3_font_size=&#8220;24px&#8220; custom_margin=&#8220;||26px|||&#8220; global_colors_info=&#8220;{}&#8220;]<\/p>\n<h3>Distrib\u00facia V\u00fdroby<\/h3>\n<p><span>Radom<\/span><\/p>\n<p>[\/et_pb_text][et_pb_text _builder_version=&#8220;4.27.4&#8243; _module_preset=&#8220;default&#8220; text_font_size=&#8220;20px&#8220; global_colors_info=&#8220;{}&#8220;]<\/p>\n<h4><\/h4>\n<p><span>+48 48 364 8009<\/span><\/p>\n<p>[\/et_pb_text][\/et_pb_column_inner][et_pb_column_inner type=&#8220;1_2&#8243; saved_specialty_column_type=&#8220;1_2&#8243; _builder_version=&#8220;4.18.0&#8243; _module_preset=&#8220;default&#8220; global_colors_info=&#8220;{}&#8220;][et_pb_text admin_label=&#8220;frontman&#8220; _builder_version=&#8220;4.27.4&#8243; _module_preset=&#8220;default&#8220; text_font_size=&#8220;21px&#8220; custom_padding=&#8220;14px|0px||0px||&#8220; link_option_url=&#8220;https:\/\/front-man.eu\/&#8220; link_option_url_new_window=&#8220;on&#8220; global_colors_info=&#8220;{}&#8220;]<\/p>\n<table border=\"1\" style=\"border-collapse: collapse; width: 100%;\">\n<tbody>\n<tr>\n<td style=\"width: 50%;\"><img decoding=\"async\" src=\"http:\/\/front-man.eu\/wp-content\/uploads\/2019\/02\/logo.png\" title=\"\"><\/td>\n<td style=\"width: 50%;\">\n<h5><span>FRONTMAN<\/span><\/h5>\n<h6><strong><span>ul. Klejowa 24,  <\/span><\/strong><strong><span>26-600 Radom, Polska<\/span><\/strong><\/h6>\n<\/td>\n<\/tr>\n<\/tbody>\n<\/table>\n<h4><\/h4>\n<p>[\/et_pb_text][\/et_pb_column_inner][\/et_pb_row_inner][\/et_pb_column][et_pb_column type=&#8220;1_2&#8243; _builder_version=&#8220;4.16&#8243; custom_padding=&#8220;|||&#8220; global_colors_info=&#8220;{}&#8220; custom_padding__hover=&#8220;|||&#8220;][et_pb_text _builder_version=&#8220;4.22.0&#8243; _module_preset=&#8220;default&#8220; animation_style=&#8220;slide&#8220; animation_direction=&#8220;right&#8220; animation_duration=&#8220;500ms&#8220; animation_intensity_slide=&#8220;5%&#8220; global_colors_info=&#8220;{}&#8220;]<\/p>\n<h2>Potrebujete vyrez\u00e1vanie n\u00e1bytkov\u00fdch \u010diel, kuchynsk\u00fdch dvierok, kryc\u00edch panelov a podobne?<\/h2>\n<p>[\/et_pb_text][et_pb_text _builder_version=&#8220;4.18.0&#8243; _module_preset=&#8220;default&#8220; text_font_size=&#8220;18px&#8220; animation_style=&#8220;slide&#8220; animation_direction=&#8220;right&#8220; animation_duration=&#8220;600ms&#8220; animation_intensity_slide=&#8220;5%&#8220; global_colors_info=&#8220;{}&#8220;]<\/p>\n<p><strong>Nap\u00ed\u0161te n\u00e1m prostredn\u00edctvom formul\u00e1ra<\/strong><\/p>\n<p>[\/et_pb_text][et_pb_contact_form email=&#8220;info@wikicnc.com&#8220; custom_message=&#8220;Witaj, dosta\u0142e\u015b wiadomo\u015b\u0107 z formularza kontaktowego wikicnc.pl||et_pb_line_break_holder||||et_pb_line_break_holder||Imi\u0119: %%Name%%||et_pb_line_break_holder||Adres e-mail: %%Email%%||et_pb_line_break_holder||Telefon: %%Phone%%||et_pb_line_break_holder||||et_pb_line_break_holder||Temat: %%Title%%||et_pb_line_break_holder||||et_pb_line_break_holder||Tre\u015b\u0107 wiadomo\u015bci:||et_pb_line_break_holder||%%Message%%||et_pb_line_break_holder||||et_pb_line_break_holder||RODO:||et_pb_line_break_holder||%%RODO%%&#8220; success_message=&#8220;\u010eakujeme za spr\u00e1vu, budeme sa sna\u017ei\u0165 odpoveda\u0165 \u010do najsk\u00f4r!&#8220; submit_button_text=&#8220;Odosla\u0165&#8220; _builder_version=&#8220;4.18.0&#8243; _module_preset=&#8220;default&#8220; _unique_id=&#8220;11c49789-f1db-4ae3-831c-c3ca3020877b&#8220; captcha_font=&#8220;|700|||||||&#8220; captcha_font_size=&#8220;24px&#8220; captcha_letter_spacing=&#8220;2px&#8220; custom_button=&#8220;on&#8220; button_text_color=&#8220;#000000&#8243; button_border_width=&#8220;1px&#8220; button_border_radius=&#8220;9px&#8220; button_icon=&#8220;&#x35;||divi||400&#8243; text_orientation=&#8220;left&#8220; animation_style=&#8220;slide&#8220; animation_direction=&#8220;right&#8220; animation_duration=&#8220;700ms&#8220; animation_intensity_slide=&#8220;5%&#8220; text_orientation_last_edited=&#8220;off|desktop&#8220; global_colors_info=&#8220;{}&#8220; button_text_color__hover=&#8220;#FFFFFF&#8220; button_text_color__hover_enabled=&#8220;on|desktop&#8220; button_bg_color__hover=&#8220;#000000&#8243; button_bg_color__hover_enabled=&#8220;on|desktop&#8220;][et_pb_contact_field field_id=&#8220;Name&#8220; field_title=&#8220;Rodn\u00e9 Meno*&#8220; _builder_version=&#8220;4.18.0&#8243; form_field_background_color=&#8220;#f7f7f7&#8243; form_field_font_size=&#8220;18px&#8220; border_radii=&#8220;on|9px|9px|9px|9px&#8220; border_width_all=&#8220;1px&#8220; border_color_all=&#8220;#d8d8d8&#8243; global_colors_info=&#8220;{}&#8220; button_text_size__hover_enabled=&#8220;off&#8220; button_one_text_size__hover_enabled=&#8220;off&#8220; button_two_text_size__hover_enabled=&#8220;off&#8220; button_text_color__hover_enabled=&#8220;off&#8220; button_one_text_color__hover_enabled=&#8220;off&#8220; button_two_text_color__hover_enabled=&#8220;off&#8220; button_border_width__hover_enabled=&#8220;off&#8220; button_one_border_width__hover_enabled=&#8220;off&#8220; button_two_border_width__hover_enabled=&#8220;off&#8220; button_border_color__hover_enabled=&#8220;off&#8220; button_one_border_color__hover_enabled=&#8220;off&#8220; button_two_border_color__hover_enabled=&#8220;off&#8220; button_border_radius__hover_enabled=&#8220;off&#8220; button_one_border_radius__hover_enabled=&#8220;off&#8220; button_two_border_radius__hover_enabled=&#8220;off&#8220; button_letter_spacing__hover_enabled=&#8220;off&#8220; button_one_letter_spacing__hover_enabled=&#8220;off&#8220; button_two_letter_spacing__hover_enabled=&#8220;off&#8220; button_bg_color__hover_enabled=&#8220;off&#8220; button_one_bg_color__hover_enabled=&#8220;off&#8220; button_two_bg_color__hover_enabled=&#8220;off&#8220; border_color_all__hover_enabled=&#8220;on|desktop&#8220; border_color_all__hover=&#8220;#000000&#8243;][\/et_pb_contact_field][et_pb_contact_field field_id=&#8220;Email&#8220; field_title=&#8220;E-mailov\u00e1 Adresa*&#8220; field_type=&#8220;email&#8220; _builder_version=&#8220;4.18.0&#8243; form_field_background_color=&#8220;#f7f7f7&#8243; form_field_font_size=&#8220;18px&#8220; border_radii=&#8220;on|9px|9px|9px|9px&#8220; border_width_all=&#8220;1px&#8220; border_color_all=&#8220;#d8d8d8&#8243; global_colors_info=&#8220;{}&#8220; button_text_size__hover_enabled=&#8220;off&#8220; button_one_text_size__hover_enabled=&#8220;off&#8220; button_two_text_size__hover_enabled=&#8220;off&#8220; button_text_color__hover_enabled=&#8220;off&#8220; button_one_text_color__hover_enabled=&#8220;off&#8220; button_two_text_color__hover_enabled=&#8220;off&#8220; button_border_width__hover_enabled=&#8220;off&#8220; button_one_border_width__hover_enabled=&#8220;off&#8220; button_two_border_width__hover_enabled=&#8220;off&#8220; button_border_color__hover_enabled=&#8220;off&#8220; button_one_border_color__hover_enabled=&#8220;off&#8220; button_two_border_color__hover_enabled=&#8220;off&#8220; button_border_radius__hover_enabled=&#8220;off&#8220; button_one_border_radius__hover_enabled=&#8220;off&#8220; button_two_border_radius__hover_enabled=&#8220;off&#8220; button_letter_spacing__hover_enabled=&#8220;off&#8220; button_one_letter_spacing__hover_enabled=&#8220;off&#8220; button_two_letter_spacing__hover_enabled=&#8220;off&#8220; button_bg_color__hover_enabled=&#8220;off&#8220; button_one_bg_color__hover_enabled=&#8220;off&#8220; button_two_bg_color__hover_enabled=&#8220;off&#8220; border_color_all__hover=&#8220;#000000&#8243; border_color_all__hover_enabled=&#8220;on|desktop&#8220;][\/et_pb_contact_field][et_pb_contact_field field_id=&#8220;Phone&#8220; field_title=&#8220;Telef\u00f3n&#8220; required_mark=&#8220;off&#8220; fullwidth_field=&#8220;on&#8220; _builder_version=&#8220;4.18.0&#8243; _module_preset=&#8220;default&#8220; form_field_background_color=&#8220;#f7f7f7&#8243; form_field_font_size=&#8220;18px&#8220; border_radii=&#8220;on|9px|9px|9px|9px&#8220; border_width_all=&#8220;1px&#8220; border_color_all=&#8220;#d8d8d8&#8243; global_colors_info=&#8220;{}&#8220; border_color_all__hover=&#8220;#000000&#8243; border_color_all__hover_enabled=&#8220;on|desktop&#8220;][\/et_pb_contact_field][et_pb_contact_field field_id=&#8220;Title&#8220; field_title=&#8220;T\u00e9ma*&#8220; field_type=&#8220;select&#8220; select_options=&#8220;%91{%22value%22:%22Som stol\u00e1r \u2013 spolupr\u00e1ca%22,%22checked%22:0,%22dragID%22:-1},{%22value%22:%22Fr\u00e9zovan\u00e9 \u010del\u00e1%22,%22checked%22:0,%22dragID%22:0},{%22value%22:%22Nesting%22,%22checked%22:0,%22dragID%22:1},{%22value%22:%22Vyrez\u00e1vanie schodov%22,%22checked%22:0,%22dragID%22:2},{%22value%22:%22Vitr\u00edny \u2013 Z\u00e1bradlia \u2013 Panely%22,%22checked%22:0,%22dragID%22:3},{%22value%22:%22Technick\u00e1 dokument\u00e1cia%22,%22checked%22:0,%22dragID%22:4},{%22value%22:%22Probl\u00e9my so str\u00e1nkou www%22,%22checked%22:0,%22dragID%22:5},{%22value%22:%22Ostatn\u00e9%22,%22checked%22:0,%22dragID%22:6}%93&#8243; required_mark=&#8220;off&#8220; fullwidth_field=&#8220;on&#8220; _builder_version=&#8220;4.18.0&#8243; _module_preset=&#8220;default&#8220; form_field_background_color=&#8220;#f7f7f7&#8243; form_field_font_size=&#8220;18px&#8220; border_radii=&#8220;on|9px|9px|9px|9px&#8220; border_width_all=&#8220;1px&#8220; border_color_all=&#8220;#d8d8d8&#8243; global_colors_info=&#8220;{}&#8220; border_color_all__hover=&#8220;#000000&#8243; border_color_all__hover_enabled=&#8220;on|desktop&#8220;][\/et_pb_contact_field][et_pb_contact_field field_id=&#8220;Message&#8220; field_title=&#8220;Spr\u00e1va*&#8220; field_type=&#8220;text&#8220; required_mark=&#8220;off&#8220; fullwidth_field=&#8220;on&#8220; _builder_version=&#8220;4.18.0&#8243; form_field_background_color=&#8220;#f7f7f7&#8243; form_field_font_size=&#8220;18px&#8220; border_radii=&#8220;on|9px|9px|9px|9px&#8220; border_width_all=&#8220;1px&#8220; border_color_all=&#8220;#d8d8d8&#8243; global_colors_info=&#8220;{}&#8220; button_text_size__hover_enabled=&#8220;off&#8220; button_one_text_size__hover_enabled=&#8220;off&#8220; button_two_text_size__hover_enabled=&#8220;off&#8220; button_text_color__hover_enabled=&#8220;off&#8220; button_one_text_color__hover_enabled=&#8220;off&#8220; button_two_text_color__hover_enabled=&#8220;off&#8220; button_border_width__hover_enabled=&#8220;off&#8220; button_one_border_width__hover_enabled=&#8220;off&#8220; button_two_border_width__hover_enabled=&#8220;off&#8220; button_border_color__hover_enabled=&#8220;off&#8220; button_one_border_color__hover_enabled=&#8220;off&#8220; button_two_border_color__hover_enabled=&#8220;off&#8220; button_border_radius__hover_enabled=&#8220;off&#8220; button_one_border_radius__hover_enabled=&#8220;off&#8220; button_two_border_radius__hover_enabled=&#8220;off&#8220; button_letter_spacing__hover_enabled=&#8220;off&#8220; button_one_letter_spacing__hover_enabled=&#8220;off&#8220; button_two_letter_spacing__hover_enabled=&#8220;off&#8220; button_bg_color__hover_enabled=&#8220;off&#8220; button_one_bg_color__hover_enabled=&#8220;off&#8220; button_two_bg_color__hover_enabled=&#8220;off&#8220; border_color_all__hover=&#8220;#000000&#8243; border_color_all__hover_enabled=&#8220;on|desktop&#8220;][\/et_pb_contact_field][et_pb_contact_field field_id=&#8220;RODO&#8220; field_title=&#8220;RODO*&#8220; field_type=&#8220;radio&#8220; radio_options=&#8220;%91{%22value%22:%22S\u00fahlas\u00edm so spracovan\u00edm mojich \u00fadajov v\u00fdlu\u010dne za \u00fa\u010delom nadviazania kontaktu a odoslania tohto kontaktn\u00e9ho formul\u00e1ra, viac inform\u00e1ci\u00ed n\u00e1jdete v na\u0161ich&#8230; %22,%22checked%22:0,%22dragID%22:-1,%22link_url%22:%22https:%92\/%92\/wikicnc.pl%92\/polityka-prywatnosci%92\/%22,%22link_text%22:%22Z\u00e1sady ochrany osobn\u00fdch \u00fadajov%22}%93&#8243; fullwidth_field=&#8220;on&#8220; _builder_version=&#8220;4.18.0&#8243; _module_preset=&#8220;default&#8220; global_colors_info=&#8220;{}&#8220;][\/et_pb_contact_field][\/et_pb_contact_form][\/et_pb_column][\/et_pb_section][et_pb_section fb_built=&#8220;1&#8243; fullwidth=&#8220;on&#8220; _builder_version=&#8220;4.18.0&#8243; _module_preset=&#8220;default&#8220; animation_style=&#8220;fade&#8220; animation_duration=&#8220;600ms&#8220; global_colors_info=&#8220;{}&#8220;][et_pb_fullwidth_code _builder_version=&#8220;4.18.0&#8243; _module_preset=&#8220;default&#8220; filter_saturate=&#8220;0%&#8220; global_colors_info=&#8220;{}&#8220; filter_saturate__hover_enabled=&#8220;on|desktop&#8220; filter_saturate__hover=&#8220;100%&#8220;]<iframe src=\"https:\/\/www.google.com\/maps\/embed?pb=!1m18!1m12!1m3!1d2394.542811250155!2d23.102933517443844!3d53.11840090000002!2m3!1f0!2f0!3f0!3m2!1i1024!2i768!4f13.1!3m3!1m2!1s0x471ffb9061b3c9d1%3A0x1918b28c6883a341!2swikiCNC!5e0!3m2!1spl!2spl!4v1661411167232!5m2!1spl!2spl\" width=\"100%\" height=\"450\" style=\"border:0;\" allowfullscreen=\"\" loading=\"lazy\" referrerpolicy=\"no-referrer-when-downgrade\"><\/iframe>[\/et_pb_fullwidth_code][\/et_pb_section]<\/p>\n","protected":false},"excerpt":{"rendered":"<p>Kontaktujte n\u00e1sT\u00edm wikiCNC sa zaober\u00e1 v\u00fdrobou MDF \u010diel, modul\u00e1rnych panelov, vyrez\u00e1van\u00edm schod\u00edsk, \u0161pecializovan\u00fdmi stol\u00e1rskymi slu\u017ebami, \u010dal\u00fannick\u00fdmi kon\u0161trukciami, ako aj vypracov\u00e1van\u00edm technickej dokument\u00e1cie a odborov\u00fdch v\u00fdkresov pod\u013ea potrieb z\u00e1kazn\u00edka.Dopytov\u00e9 ponuka Spracovate\u013esk\u00e9 Z\u00e1vodyTelef\u00f3n do Kancel\u00e1rie +48 85 875 0765E-mail biuro@wikicnc.plObchodn\u00fd Z\u00e1stupca MazowieckieTelef\u00f3n do Kancel\u00e1rie +48 22 230 2398E-mail biuro@wikicnc.plDistrib\u00facia V\u00fdroby Radom +48 48 364 8009 FRONTMAN ul. [&hellip;]<\/p>\n","protected":false},"author":1,"featured_media":0,"parent":0,"menu_order":0,"comment_status":"closed","ping_status":"closed","template":"","meta":{"_et_pb_use_builder":"on","_et_pb_old_content":"<!-- wp:divi\/placeholder \/-->","_et_gb_content_width":"","footnotes":""},"class_list":["post-7449","page","type-page","status-publish","hentry"],"_links":{"self":[{"href":"https:\/\/wikicnc.pl\/sk\/wp-json\/wp\/v2\/pages\/7449","targetHints":{"allow":["GET"]}}],"collection":[{"href":"https:\/\/wikicnc.pl\/sk\/wp-json\/wp\/v2\/pages"}],"about":[{"href":"https:\/\/wikicnc.pl\/sk\/wp-json\/wp\/v2\/types\/page"}],"author":[{"embeddable":true,"href":"https:\/\/wikicnc.pl\/sk\/wp-json\/wp\/v2\/users\/1"}],"replies":[{"embeddable":true,"href":"https:\/\/wikicnc.pl\/sk\/wp-json\/wp\/v2\/comments?post=7449"}],"version-history":[{"count":8,"href":"https:\/\/wikicnc.pl\/sk\/wp-json\/wp\/v2\/pages\/7449\/revisions"}],"predecessor-version":[{"id":8692,"href":"https:\/\/wikicnc.pl\/sk\/wp-json\/wp\/v2\/pages\/7449\/revisions\/8692"}],"wp:attachment":[{"href":"https:\/\/wikicnc.pl\/sk\/wp-json\/wp\/v2\/media?parent=7449"}],"curies":[{"name":"wp","href":"https:\/\/api.w.org\/{rel}","templated":true}]}}