{"id":7445,"date":"2022-08-03T14:18:28","date_gmt":"2022-08-03T12:18:28","guid":{"rendered":"https:\/\/wikicnc.pl\/nabytkove-fronty\/vitriny\/"},"modified":"2025-08-06T13:54:49","modified_gmt":"2025-08-06T11:54:49","slug":"vitriny","status":"publish","type":"page","link":"https:\/\/wikicnc.pl\/sk\/vitriny\/","title":{"rendered":"Vitr\u00edny"},"content":{"rendered":"<p>[et_pb_section fb_built=&#8220;1&#8243; module_class=&#8220;pa-blur&#8220; _builder_version=&#8220;4.18.0&#8243; _module_preset=&#8220;default&#8220; background_image=&#8220;https:\/\/wikicnc.pl\/wp-content\/uploads\/2022\/08\/witryny.jpg&#8220; parallax=&#8220;on&#8220; animation_style=&#8220;slide&#8220; animation_direction=&#8220;top&#8220; animation_duration=&#8220;600ms&#8220; animation_intensity_slide=&#8220;5%&#8220; locked=&#8220;off&#8220; global_colors_info=&#8220;{}&#8220;][et_pb_row _builder_version=&#8220;4.18.0&#8243; _module_preset=&#8220;default&#8220; global_colors_info=&#8220;{}&#8220;][et_pb_column type=&#8220;4_4&#8243; _builder_version=&#8220;4.18.0&#8243; _module_preset=&#8220;default&#8220; global_colors_info=&#8220;{}&#8220;][et_pb_text _builder_version=&#8220;4.18.0&#8243; _dynamic_attributes=&#8220;content&#8220; _module_preset=&#8220;default&#8220; header_font=&#8220;||||||||&#8220; header_text_align=&#8220;center&#8220; header_font_size=&#8220;56px&#8220; custom_padding=&#8220;20px||20px||false|false&#8220; global_colors_info=&#8220;{}&#8220;]@ET-DC@eyJkeW5hbWljIjp0cnVlLCJjb250ZW50IjoicG9zdF90aXRsZSIsInNldHRpbmdzIjp7ImJlZm9yZSI6IjxoMT4iLCJhZnRlciI6IjwvaDE+IiwiZW5hYmxlX2h0bWwiOiJvZmYifX0=@[\/et_pb_text][\/et_pb_column][\/et_pb_row][\/et_pb_section][et_pb_section fb_built=&#8220;1&#8243; _builder_version=&#8220;4.18.0&#8243; _module_preset=&#8220;default&#8220; custom_padding=&#8220;||10px||false|false&#8220; global_colors_info=&#8220;{}&#8220;][et_pb_row column_structure=&#8220;1_2,1_2&#8243; _builder_version=&#8220;4.18.0&#8243; _module_preset=&#8220;default&#8220; global_colors_info=&#8220;{}&#8220;][et_pb_column type=&#8220;1_2&#8243; _builder_version=&#8220;4.18.0&#8243; _module_preset=&#8220;default&#8220; global_colors_info=&#8220;{}&#8220;][et_pb_text _builder_version=&#8220;4.18.0&#8243; _module_preset=&#8220;default&#8220; animation_style=&#8220;slide&#8220; animation_direction=&#8220;left&#8220; animation_duration=&#8220;600ms&#8220; animation_intensity_slide=&#8220;5%&#8220; global_colors_info=&#8220;{}&#8220;]<\/p>\n<p>Spolo\u010dnos\u0165 <strong>wikiCNC<\/strong> sa \u0161pecializuje na v\u00fdrobu fr\u00e9zovan\u00fdch vitr\u00edn. Pri na\u0161ich \u0161tandardn\u00fdch realiz\u00e1ci\u00e1ch pou\u017e\u00edvame obojstranne laminovan\u00fa MDF dosku s <span style=\"text-decoration: underline;\">hr\u00fabkou 19 mm<\/span>. <\/p>\n<p>Nezameriavame sa v\u00fdlu\u010dne na realiz\u00e1ciu z\u00e1kazky \u2013 ak si to situ\u00e1cia vy\u017eaduje, radi porad\u00edme a spolo\u010dne s klientom h\u013ead\u00e1me optim\u00e1lne rie\u0161enie.<\/p>\n<p>[\/et_pb_text][\/et_pb_column][et_pb_column type=&#8220;1_2&#8243; _builder_version=&#8220;4.18.0&#8243; _module_preset=&#8220;default&#8220; global_colors_info=&#8220;{}&#8220;][et_pb_text _builder_version=&#8220;4.18.0&#8243; _module_preset=&#8220;default&#8220; animation_style=&#8220;slide&#8220; animation_direction=&#8220;right&#8220; animation_duration=&#8220;600ms&#8220; animation_intensity_slide=&#8220;5%&#8220; global_colors_info=&#8220;{}&#8220;]<\/p>\n<p><strong>Vitr\u00edna<\/strong> \u2013 m\u00e1 \u0161irok\u00e9 vyu\u017eitie a m\u00f4\u017ee skr\u00e1\u0161\u013eova\u0165 ob\u00fdva\u010dku, kuchy\u0148u, pracov\u0148u, kancel\u00e1riu, jed\u00e1le\u0148, k\u00fape\u013e\u0148u \u010di kni\u017enicu. Je to mimoriadne praktick\u00fd, nad\u010dasov\u00fd a funk\u010dn\u00fd kus n\u00e1bytku. <span style=\"text-decoration: underline;\">Umo\u017e\u0148uje vystavi\u0165 predmety, z\u00e1rove\u0148 ich chr\u00e1ni pred prachom, a m\u00f4\u017ee plni\u0165 aj dekorat\u00edvnu funkciu<\/span>.   <\/p>\n<p>[\/et_pb_text][\/et_pb_column][\/et_pb_row][\/et_pb_section][et_pb_section fb_built=&#8220;1&#8243; _builder_version=&#8220;4.18.0&#8243; _module_preset=&#8220;default&#8220; custom_margin=&#8220;||||false|false&#8220; custom_padding=&#8220;23px||1px||false|false&#8220; global_colors_info=&#8220;{}&#8220;][et_pb_row _builder_version=&#8220;4.18.0&#8243; _module_preset=&#8220;default&#8220; global_colors_info=&#8220;{}&#8220;][et_pb_column type=&#8220;4_4&#8243; _builder_version=&#8220;4.18.0&#8243; _module_preset=&#8220;default&#8220; global_colors_info=&#8220;{}&#8220;][et_pb_gallery gallery_ids=&#8220;6960,6961,6962,6963,6964,6965,6966,6967,6968,6969,6959,6970&#8243; posts_number=&#8220;100&#8243; orientation=&#8220;portrait&#8220; show_pagination=&#8220;off&#8220; zoom_icon_color=&#8220;#000000&#8243; hover_overlay_color=&#8220;rgba(255,255,255,0.62)&#8220; hover_icon=&#8220;&#x54;||divi||400&#8243; _builder_version=&#8220;4.18.0&#8243; _module_preset=&#8220;default&#8220; title_level=&#8220;h2&#8243; text_orientation=&#8220;center&#8220; hover_enabled=&#8220;0&#8243; global_colors_info=&#8220;{}&#8220; sticky_enabled=&#8220;0&#8243;][\/et_pb_gallery][et_pb_code _builder_version=&#8220;4.18.0&#8243; _module_preset=&#8220;default&#8220; global_colors_info=&#8220;{}&#8220;]<script><!-- [et_pb_line_break_holder] -->(function ($) {<!-- [et_pb_line_break_holder] -->\t$(document).ready(function () {<!-- [et_pb_line_break_holder] -->    $(\".et_pb_gallery_image a\").each(function () {<!-- [et_pb_line_break_holder] -->          var alink = $(this).attr(\"href\").slice(0,-4);<!-- [et_pb_line_break_holder] -->\t\t\t\t$(this).attr(\"href\", alink + \"wiki.jpg\");<!-- [et_pb_line_break_holder] -->\t\t\t});<!-- [et_pb_line_break_holder] -->\t});<!-- [et_pb_line_break_holder] -->})(jQuery);<!-- [et_pb_line_break_holder] --><\/script>[\/et_pb_code][\/et_pb_column][\/et_pb_row][\/et_pb_section][et_pb_section fb_built=&#8220;1&#8243; _builder_version=&#8220;4.27.0&#8243; _module_preset=&#8220;default&#8220; global_colors_info=&#8220;{}&#8220; custom_padding=&#8220;17px|||||&#8220;][et_pb_row _builder_version=&#8220;4.27.0&#8243; _module_preset=&#8220;default&#8220; global_colors_info=&#8220;{}&#8220;][et_pb_column type=&#8220;4_4&#8243; _builder_version=&#8220;4.27.0&#8243; _module_preset=&#8220;default&#8220; global_colors_info=&#8220;{}&#8220;][et_pb_text _builder_version=&#8220;4.27.0&#8243; _module_preset=&#8220;default&#8220; global_colors_info=&#8220;{}&#8220;]<\/p>\n<h2 style=\"text-align: center;\"><strong>Fas\u00e1dy pre n\u00e1bytkov\u00e9 vitr\u00edny z MDF <\/strong><\/h2>\n<h3 style=\"text-align: center;\"> ponuka firmy wikiCNC<\/h3>\n<p>[\/et_pb_text][\/et_pb_column][\/et_pb_row][et_pb_row column_structure=&#8220;3_5,2_5&#8243; _builder_version=&#8220;4.27.0&#8243; _module_preset=&#8220;default&#8220; global_colors_info=&#8220;{}&#8220;][et_pb_column type=&#8220;3_5&#8243; _builder_version=&#8220;4.27.0&#8243; _module_preset=&#8220;default&#8220; global_colors_info=&#8220;{}&#8220;][et_pb_text _builder_version=&#8220;4.27.0&#8243; _module_preset=&#8220;default&#8220; global_colors_info=&#8220;{}&#8220;]<\/p>\n<p>Vitr\u00ednov\u00e9 \u010del\u00e1 do n\u00e1bytku s\u00fa d\u00f4le\u017eit\u00fdm prvkom interi\u00e9rov\u00e9ho vybavenia, ktor\u00fd m\u00f4\u017ee v\u00fdrazne ovplyvni\u0165 estetiku a funk\u010dnos\u0165 n\u00e1bytku. V posledn\u00fdch rokoch si \u010doraz v\u00e4\u010d\u0161iu ob\u013eubu z\u00edskavaj\u00fa \u010del\u00e1 vyroben\u00e9 z MDF (stredne hust\u00e1 drevovl\u00e1knit\u00e1 doska), \u010do vypl\u00fdva z ich po\u010detn\u00fdch v\u00fdhod a \u0161irok\u00fdch mo\u017enost\u00ed vyu\u017eitia. Spolo\u010dnos\u0165 <strong>wikiCNC<\/strong>, ktor\u00e1 sa \u0161pecializuje na presn\u00e9 spracovanie MDF, dod\u00e1va vysokokvalitn\u00e9 \u010del\u00e1, ktor\u00e9 sp\u013a\u0148aj\u00fa o\u010dak\u00e1vania aj t\u00fdch najn\u00e1ro\u010dnej\u0161\u00edch z\u00e1kazn\u00edkov.  <\/p>\n<h3>Pre\u010do \u010del\u00e1 z MDF od wikiCNC? Ka\u017ed\u00fd vzor mo\u017en\u00fd s variantom vitr\u00edny <\/h3>\n<ol>\n<li>\n<p><strong>Odolnos\u0165 a trv\u00e1cnos\u0165 <\/strong>\u2013 MDF pon\u00fakan\u00fd spolo\u010dnos\u0165ou wikiCNC je materi\u00e1l s vysokou hustotou, v\u010faka \u010domu s\u00fa z neho vyroben\u00e9 \u010del\u00e1 odoln\u00e9 vo\u010di mechanick\u00e9mu po\u0161kodeniu a ka\u017edodenn\u00e9mu pou\u017e\u00edvaniu.<\/p>\n<\/li>\n<li>\n<p><strong>Jednoduchos\u0165 spracovania<\/strong> \u2013 \u010cel\u00e1 z MDF vyr\u00e1ban\u00e9 spolo\u010dnos\u0165ou wikiCNC umo\u017e\u0148uj\u00fa presn\u00e9 fr\u00e9zovanie, \u010do umo\u017e\u0148uje vytv\u00e1ra\u0165 \u010del\u00e1 s r\u00f4znorod\u00fdmi vzormi, od klasick\u00fdch a\u017e po modern\u00e9. V\u010faka tomu je mo\u017en\u00e9 prisp\u00f4sobi\u0165 vzh\u013ead n\u00e1bytku ka\u017ed\u00e9mu \u0161t\u00fdlu interi\u00e9ru. <\/p>\n<\/li>\n<li>\n<p><strong>Ide\u00e1lna povrchov\u00e1 \u00faprava na ma\u013eovanie a f\u00f3liovanie<\/strong> \u2013 MDF sa vyzna\u010duje hladk\u00fdm povrchom, ktor\u00fd je ide\u00e1lny na ma\u013eovanie, lakovanie a nan\u00e1\u0161anie f\u00f3li\u00ed. V\u010faka spolupr\u00e1ci s wikiCNC m\u00f4\u017eu z\u00e1kazn\u00edci vybera\u0165 z \u0161irokej \u0161k\u00e1ly farieb a povrchov\u00fdch \u00faprav, vr\u00e1tane matn\u00fdch, leskl\u00fdch \u010di sat\u00e9nov\u00fdch. <\/p>\n<\/li>\n<li>\n<p><strong>Ekonomick\u00e9 rie\u0161enie<\/strong> \u2013 Fronty z MDF od wikiCNC s\u00fa \u010dasto cenovo v\u00fdhodnej\u0161ou alternat\u00edvou k mas\u00edvnemu drevu, pri\u010dom si zachov\u00e1vaj\u00fa elegantn\u00fd vzh\u013ead a odolnos\u0165. To ich rob\u00ed ide\u00e1lnou vo\u013ebou pre t\u00fdch, ktor\u00ed h\u013eadaj\u00fa vysok\u00fa kvalitu za dostupn\u00fa cenu. <\/p>\n<\/li>\n<li>\n<p><strong>Odolnos\u0165 vo\u010di vlhkosti<\/strong> \u2013 Dobre o\u0161etren\u00fd MDF, napr\u00edklad lakovan\u00fd, je odoln\u00fd vo\u010di vlhkosti, \u010do rob\u00ed fronty z tohto materi\u00e1lu ide\u00e1lnym rie\u0161en\u00edm do kuch\u00fd\u0148, k\u00fape\u013en\u00ed a \u010fal\u0161\u00edch priestorov, kde m\u00f4\u017ee by\u0165 zv\u00fd\u0161en\u00e1 vlhkos\u0165 vzduchu.<\/p>\n<\/li>\n<\/ol>\n<h3>Bohatstvo farieb a povrchov\u00fdch \u00faprav \u2013 RAL a NCS<\/h3>\n<p>Jedn\u00fdm z k\u013e\u00fa\u010dov\u00fdch prednost\u00ed MDF frontov pon\u00fakan\u00fdch firmou <strong>wikiCNC<\/strong> je mo\u017enos\u0165 farebnej personaliz\u00e1cie. V\u00fdber odtie\u0148a frontov je \u010dasto rozhoduj\u00faci pre s\u00falad interi\u00e9rov\u00e9ho dizajnu. Z\u00e1kazn\u00edci maj\u00fa pr\u00edstup k \u0161irokej palete farieb vr\u00e1tane syst\u00e9mov RAL a NCS.  <\/p>\n<ul>\n<li>\n<p><strong>Syst\u00e9m RAL<\/strong> je medzin\u00e1rodn\u00fd \u0161tandard na ur\u010dovanie farieb, \u0161iroko pou\u017e\u00edvan\u00fd v priemysle. Pon\u00faka viac ne\u017e 200 odtie\u0148ov, \u010do umo\u017e\u0148uje presn\u00e9 prisp\u00f4sobenie farby frontov k n\u00e1bytku, podlah\u00e1m \u010di sten\u00e1m. V\u010faka tomu MDF fronty od wikiCNC dokonale zapadn\u00fa do interi\u00e9ru ka\u017ed\u00e9ho z\u00e1kazn\u00edka.  <\/p>\n<\/li>\n<li>\n<p><strong>Syst\u00e9m NCS (Natural Colour System)<\/strong>, zalo\u017een\u00fd na tom, ako \u013eudia vn\u00edmaj\u00fa farby, poskytuje e\u0161te v\u00e4\u010d\u0161ie mo\u017enosti personaliz\u00e1cie. NCS umo\u017e\u0148uje v\u00fdber z tis\u00edcok odtie\u0148ov, \u010do umo\u017e\u0148uje dosiahnu\u0165 jedine\u010dn\u00fd vizu\u00e1lny efekt a dokonal\u00e9 farebn\u00e9 prisp\u00f4sobenie. <\/p>\n<\/li>\n<\/ul>\n<p>V\u010faka dostupnosti MDF frontov v farb\u00e1ch RAL a NCS ponuka spolo\u010dnosti <strong>wikiCNC<\/strong> poskytuje takmer neobmedzen\u00e9 mo\u017enosti usporiadania interi\u00e9ru, \u010do umo\u017e\u0148uje vytvori\u0165 n\u00e1bytok prisp\u00f4soben\u00fd individu\u00e1lnym potreb\u00e1m z\u00e1kazn\u00edkov.<\/p>\n<h3>Akcia na MDF fronty od wikiCNC<\/h3>\n<p>W r\u00e1mci akcie na MDF fronty je dobr\u00e9 zd\u00f4razni\u0165 ich v\u0161estrannos\u0165 a atrakt\u00edvny pomer kvality a ceny. Firma <strong>wikiCNC<\/strong> vo svojich reklamn\u00fdch materi\u00e1loch vyzdvihuje: <\/p>\n<ul>\n<li>\n<p><strong>Dizajn a mo\u017enosti personaliz\u00e1cie<\/strong> \u2013 MDF od wikiCNC umo\u017e\u0148uje vytv\u00e1ra\u0165 \u013eubovo\u013en\u00e9 tvary a vzory. Pon\u00fakan\u00edm unik\u00e1tnych projektov klientom sa firma odli\u0161uje od konkurencie. <\/p>\n<\/li>\n<li>\n<p><strong>Bohat\u00e1 farebnos\u0165 a povrchov\u00e9 \u00fapravy<\/strong> \u2013 Klienti si m\u00f4\u017eu vybera\u0165 z mnoh\u00fdch mo\u017enost\u00ed povrchov\u00fdch \u00faprav, vr\u00e1tane \u0161irokej palety farieb RAL a NCS, \u010do rob\u00ed MDF fronty ide\u00e1lnymi nielen pre modern\u00e9, minimalistick\u00e9 interi\u00e9ry, ale aj pre klasickej\u0161ie aran\u017em\u00e1ny.<\/p>\n<\/li>\n<li>\n<p><strong>Dlhovekos\u0165 a jednoduch\u00e1 \u00fadr\u017eba<\/strong> \u2013 Dvierka z MDF od wikiCNC sa \u013eahko udr\u017eiavaj\u00fa v \u010distote a ich trv\u00e1cnos\u0165 je z\u00e1rukou, \u017ee bud\u00fa vyzera\u0165 dobre po mnoho rokov.<\/p>\n<\/li>\n<\/ul>\n<p>Stavkou na MDF pri propag\u00e1cii dvierok na n\u00e1bytkov\u00e9 vitr\u00edny pon\u00faka <strong>wikiCNC<\/strong> z\u00e1kazn\u00edkom vynikaj\u00facu kombin\u00e1ciu kvality, estetiky a dostupnej ceny, \u010do je k\u013e\u00fa\u010dom k ich spokojnosti a naplneniu o\u010dak\u00e1van\u00ed. Navy\u0161e, bohatstvo farieb z paliet RAL a NCS umo\u017e\u0148uje vytvori\u0165 dvierka dokonale prisp\u00f4soben\u00e9 ak\u00e9muko\u013evek typu interi\u00e9ru. <\/p>\n<p>[\/et_pb_text][\/et_pb_column][et_pb_column type=&#8220;2_5&#8243; _builder_version=&#8220;4.27.0&#8243; _module_preset=&#8220;default&#8220; global_colors_info=&#8220;{}&#8220;][et_pb_image src=&#8220;https:\/\/wikicnc.pl\/wp-content\/uploads\/2024\/09\/wikiCNC-witryna-front-meblowy.png&#8220; alt=&#8220;\u010cel\u00e1 na n\u00e1bytkov\u00e9 vitr\u00edny vyroben\u00e9 z MDF, pon\u00fakan\u00e9 spolo\u010dnos\u0165ou wikiCNC, s\u00fa dostupn\u00e9 v \u0161irokej \u0161k\u00e1le farieb z paliet RAL a NCS. Odoln\u00e9, estetick\u00e9 a odoln\u00e9 vo\u010di vlhkosti \u2013 ide\u00e1lne do modern\u00fdch aj klasick\u00fdch interi\u00e9rov. &#8220; title_text=&#8220;wikiCNC-vitr\u00edna-n\u00e1bytkov\u00e9-\u010delo&#8220; _builder_version=&#8220;4.27.0&#8243; _module_preset=&#8220;default&#8220; custom_padding=&#8220;45px|||||&#8220; global_colors_info=&#8220;{}&#8220;][\/et_pb_image][et_pb_image src=&#8220;https:\/\/wikicnc.pl\/wp-content\/uploads\/2024\/09\/wikiCNC-witryna-front-meblowy-WO.png&#8220; alt=&#8220;\u0160t\u00fdlov\u00e9 n\u00e1bytkov\u00e9 \u010del\u00e1 z MDF od wikiCNC, dostupn\u00e9 v r\u00f4znych farb\u00e1ch RAL a NCS, sp\u00e1jaj\u00fa modern\u00fd dizajn s\u202fdlhou \u017eivotnos\u0165ou a\u202fjednoduchou \u00fadr\u017ebou. Vzor W0 &#8220; title_text=&#8220;wikiCNC-vitr\u00edna-n\u00e1bytkov\u00e9-\u010delo-W0&#8243; _builder_version=&#8220;4.27.0&#8243; _module_preset=&#8220;default&#8220; custom_margin=&#8220;100px|||||&#8220; global_colors_info=&#8220;{}&#8220;][\/et_pb_image][\/et_pb_column][\/et_pb_row][\/et_pb_section][et_pb_section fb_built=&#8220;1&#8243; _builder_version=&#8220;4.18.0&#8243; _module_preset=&#8220;default&#8220; background_color=&#8220;#f4f4f4&#8243; custom_margin=&#8220;0px||||false|false&#8220; global_colors_info=&#8220;{}&#8220;][et_pb_row column_structure=&#8220;3_5,2_5&#8243; _builder_version=&#8220;4.18.0&#8243; _module_preset=&#8220;default&#8220; global_colors_info=&#8220;{}&#8220;][et_pb_column type=&#8220;3_5&#8243; _builder_version=&#8220;4.18.0&#8243; _module_preset=&#8220;default&#8220; animation_style=&#8220;slide&#8220; animation_direction=&#8220;left&#8220; animation_duration=&#8220;600ms&#8220; animation_intensity_slide=&#8220;5%&#8220; global_colors_info=&#8220;{}&#8220;][et_pb_text _builder_version=&#8220;4.18.0&#8243; _module_preset=&#8220;default&#8220; text_font_size=&#8220;18px&#8220; header_3_font_size=&#8220;34px&#8220; global_colors_info=&#8220;{}&#8220;]<\/p>\n<h3>M\u00e1me v\u00e4\u010d\u0161\u00ed v\u00fdber <strong>Vitr\u00edn<\/strong><\/h3>\n<p><strong>K ka\u017ed\u00e9mu z\u00e1kazn\u00edkovi pristupujeme individu\u00e1lne.<\/strong><br \/>V\u0161etk\u00fdch z\u00e1ujemcov srde\u010dne poz\u00fdvame, aby n\u00e1s kontaktovali.<\/p>\n<p>[\/et_pb_text][\/et_pb_column][et_pb_column type=&#8220;2_5&#8243; _builder_version=&#8220;4.18.0&#8243; _module_preset=&#8220;default&#8220; animation_style=&#8220;slide&#8220; animation_direction=&#8220;right&#8220; animation_duration=&#8220;600ms&#8220; animation_intensity_slide=&#8220;5%&#8220; global_colors_info=&#8220;{}&#8220;][et_pb_button button_url=&#8220;@ET-DC@eyJkeW5hbWljIjp0cnVlLCJjb250ZW50IjoicG9zdF9saW5rX3VybF9wYWdlIiwic2V0dGluZ3MiOnsicG9zdF9pZCI6IjIwIiwiZW5hYmxlX2h0bWwiOiJvZmYifX0=@&#8220; button_text=&#8220;Prejdite na kontakt&#8220; button_alignment=&#8220;center&#8220; _builder_version=&#8220;4.18.0&#8243; _dynamic_attributes=&#8220;button_url&#8220; _module_preset=&#8220;default&#8220; custom_button=&#8220;on&#8220; button_text_size=&#8220;22px&#8220; button_text_color=&#8220;#000000&#8243; button_border_width=&#8220;1px&#8220; button_border_radius=&#8220;9px&#8220; button_font=&#8220;|600|||||||&#8220; button_icon=&#8220;&#x35;||divi||400&#8243; custom_margin=&#8220;24px||||false|false&#8220; animation_style=&#8220;slide&#8220; animation_direction=&#8220;right&#8220; animation_duration=&#8220;600ms&#8220; animation_intensity_slide=&#8220;5%&#8220; locked=&#8220;off&#8220; global_colors_info=&#8220;{}&#8220; button_bg_color__hover_enabled=&#8220;on|desktop&#8220; button_bg_color__hover=&#8220;#000000&#8243; button_bg_enable_color__hover=&#8220;on&#8220; button_text_color__hover_enabled=&#8220;on|desktop&#8220; button_text_color__hover=&#8220;#FFFFFF&#8220;][\/et_pb_button][\/et_pb_column][\/et_pb_row][\/et_pb_section]<\/p>\n","protected":false},"excerpt":{"rendered":"<p>Spolo\u010dnos\u0165 wikiCNC sa \u0161pecializuje na v\u00fdrobu fr\u00e9zovan\u00fdch vitr\u00edn. Pri na\u0161ich \u0161tandardn\u00fdch realiz\u00e1ci\u00e1ch pou\u017e\u00edvame obojstranne laminovan\u00fa MDF dosku s hr\u00fabkou 19 mm. Nezameriavame sa v\u00fdlu\u010dne na realiz\u00e1ciu z\u00e1kazky \u2013 ak si to situ\u00e1cia vy\u017eaduje, radi porad\u00edme a spolo\u010dne s klientom h\u013ead\u00e1me optim\u00e1lne rie\u0161enie.Vitr\u00edna \u2013 m\u00e1 \u0161irok\u00e9 vyu\u017eitie a m\u00f4\u017ee skr\u00e1\u0161\u013eova\u0165 ob\u00fdva\u010dku, kuchy\u0148u, pracov\u0148u, kancel\u00e1riu, jed\u00e1le\u0148, k\u00fape\u013e\u0148u [&hellip;]<\/p>\n","protected":false},"author":1,"featured_media":0,"parent":0,"menu_order":0,"comment_status":"closed","ping_status":"closed","template":"","meta":{"_et_pb_use_builder":"on","_et_pb_old_content":"","_et_gb_content_width":"","footnotes":""},"class_list":["post-7445","page","type-page","status-publish","hentry"],"_links":{"self":[{"href":"https:\/\/wikicnc.pl\/sk\/wp-json\/wp\/v2\/pages\/7445","targetHints":{"allow":["GET"]}}],"collection":[{"href":"https:\/\/wikicnc.pl\/sk\/wp-json\/wp\/v2\/pages"}],"about":[{"href":"https:\/\/wikicnc.pl\/sk\/wp-json\/wp\/v2\/types\/page"}],"author":[{"embeddable":true,"href":"https:\/\/wikicnc.pl\/sk\/wp-json\/wp\/v2\/users\/1"}],"replies":[{"embeddable":true,"href":"https:\/\/wikicnc.pl\/sk\/wp-json\/wp\/v2\/comments?post=7445"}],"version-history":[{"count":3,"href":"https:\/\/wikicnc.pl\/sk\/wp-json\/wp\/v2\/pages\/7445\/revisions"}],"predecessor-version":[{"id":7448,"href":"https:\/\/wikicnc.pl\/sk\/wp-json\/wp\/v2\/pages\/7445\/revisions\/7448"}],"wp:attachment":[{"href":"https:\/\/wikicnc.pl\/sk\/wp-json\/wp\/v2\/media?parent=7445"}],"curies":[{"name":"wp","href":"https:\/\/api.w.org\/{rel}","templated":true}]}}