{"id":7437,"date":"2022-08-03T14:20:00","date_gmt":"2022-08-03T12:20:00","guid":{"rendered":"https:\/\/wikicnc.pl\/nabytkove-fronty\/listy\/"},"modified":"2025-08-06T13:54:41","modified_gmt":"2025-08-06T11:54:41","slug":"listy","status":"publish","type":"page","link":"https:\/\/wikicnc.pl\/sk\/listy\/","title":{"rendered":"Li\u0161ty"},"content":{"rendered":"<p>[et_pb_section fb_built=&#8220;1&#8243; module_class=&#8220;pa-blur&#8220; _builder_version=&#8220;4.18.0&#8243; _module_preset=&#8220;default&#8220; background_image=&#8220;http:\/\/wikicnc.pl\/wp-content\/uploads\/2022\/08\/listwy.jpg&#8220; parallax=&#8220;on&#8220; animation_style=&#8220;slide&#8220; animation_direction=&#8220;top&#8220; animation_duration=&#8220;600ms&#8220; animation_intensity_slide=&#8220;5%&#8220; locked=&#8220;off&#8220; global_colors_info=&#8220;{}&#8220;][et_pb_row _builder_version=&#8220;4.18.0&#8243; _module_preset=&#8220;default&#8220; global_colors_info=&#8220;{}&#8220;][et_pb_column type=&#8220;4_4&#8243; _builder_version=&#8220;4.18.0&#8243; _module_preset=&#8220;default&#8220; global_colors_info=&#8220;{}&#8220;][et_pb_text _builder_version=&#8220;4.18.0&#8243; _dynamic_attributes=&#8220;content&#8220; _module_preset=&#8220;default&#8220; header_font=&#8220;||||||||&#8220; header_text_align=&#8220;center&#8220; header_font_size=&#8220;56px&#8220; custom_padding=&#8220;20px||20px||false|false&#8220; global_colors_info=&#8220;{}&#8220;]@ET-DC@eyJkeW5hbWljIjp0cnVlLCJjb250ZW50IjoicG9zdF90aXRsZSIsInNldHRpbmdzIjp7ImJlZm9yZSI6IjxoMT4iLCJhZnRlciI6IjwvaDE+IiwiZW5hYmxlX2h0bWwiOiJvZmYifX0=@[\/et_pb_text][\/et_pb_column][\/et_pb_row][\/et_pb_section][et_pb_section fb_built=&#8220;1&#8243; _builder_version=&#8220;4.18.0&#8243; _module_preset=&#8220;default&#8220; custom_padding=&#8220;||10px||false|false&#8220; global_colors_info=&#8220;{}&#8220;][et_pb_row column_structure=&#8220;1_2,1_2&#8243; _builder_version=&#8220;4.18.0&#8243; _module_preset=&#8220;default&#8220; global_colors_info=&#8220;{}&#8220;][et_pb_column type=&#8220;1_2&#8243; _builder_version=&#8220;4.18.0&#8243; _module_preset=&#8220;default&#8220; global_colors_info=&#8220;{}&#8220;][et_pb_text _builder_version=&#8220;4.18.0&#8243; _module_preset=&#8220;default&#8220; animation_style=&#8220;slide&#8220; animation_direction=&#8220;left&#8220; animation_duration=&#8220;600ms&#8220; animation_intensity_slide=&#8220;5%&#8220; global_colors_info=&#8220;{}&#8220;]<\/p>\n<p>Spolo\u010dnos\u0165 <strong>wikiCNC<\/strong> sa \u0161pecializuje na v\u00fdrobu fr\u00e9zovan\u00fdch l\u00ed\u0161t.<\/p>\n<p>Nezameriavame sa len na samotn\u00fa realiz\u00e1ciu objedn\u00e1vky, ke\u010f to situ\u00e1cia vy\u017eaduje, radi porad\u00edme a spolo\u010dne s klientom h\u013ead\u00e1me optim\u00e1lne rie\u0161enie.<\/p>\n<p>[\/et_pb_text][\/et_pb_column][et_pb_column type=&#8220;1_2&#8243; _builder_version=&#8220;4.18.0&#8243; _module_preset=&#8220;default&#8220; global_colors_info=&#8220;{}&#8220;][et_pb_text _builder_version=&#8220;4.18.0&#8243; _module_preset=&#8220;default&#8220; animation_style=&#8220;slide&#8220; animation_direction=&#8220;right&#8220; animation_duration=&#8220;600ms&#8220; animation_intensity_slide=&#8220;5%&#8220; global_colors_info=&#8220;{}&#8220;]<\/p>\n<p><strong>Sztukaterie<\/strong> m\u00f4\u017eu by\u0165 z\u00e1kladom interi\u00e9ru v pal\u00e1covom \u0161t\u00fdle, ale aj modernej priestoru, kde chceme dosiahnu\u0165 elegantn\u00fd vzh\u013ead. V\u0161etko z\u00e1le\u017e\u00ed od detailov, ktor\u00e9 vyberieme a zakomponujeme do interi\u00e9ru. Dekorat\u00edvne li\u0161ty mo\u017eno pou\u017ei\u0165 napr\u00edklad na sten\u00e1ch \u2013 t\u00e1to mo\u017enos\u0165 je ve\u013emi popul\u00e1rna v posledn\u00fdch rokoch, ale aj na n\u00e1bytku, strope \u010di dver\u00e1ch.  <\/p>\n<p>[\/et_pb_text][\/et_pb_column][\/et_pb_row][\/et_pb_section][et_pb_section fb_built=&#8220;1&#8243; _builder_version=&#8220;4.18.0&#8243; _module_preset=&#8220;default&#8220; custom_margin=&#8220;||||false|false&#8220; custom_padding=&#8220;23px||||false|false&#8220; global_colors_info=&#8220;{}&#8220;][et_pb_row _builder_version=&#8220;4.18.0&#8243; _module_preset=&#8220;default&#8220; global_colors_info=&#8220;{}&#8220;][et_pb_column type=&#8220;4_4&#8243; _builder_version=&#8220;4.18.0&#8243; _module_preset=&#8220;default&#8220; global_colors_info=&#8220;{}&#8220;][et_pb_gallery gallery_ids=&#8220;7000,7001,7002,6989,6990,6991,6992,6993,6994,6995,6996,6997,6998,6999&#8243; posts_number=&#8220;100&#8243; orientation=&#8220;portrait&#8220; show_pagination=&#8220;off&#8220; zoom_icon_color=&#8220;#000000&#8243; hover_overlay_color=&#8220;rgba(255,255,255,0.62)&#8220; hover_icon=&#8220;&#x54;||divi||400&#8243; _builder_version=&#8220;4.18.0&#8243; _module_preset=&#8220;default&#8220; title_level=&#8220;h2&#8243; text_orientation=&#8220;center&#8220; global_colors_info=&#8220;{}&#8220;][\/et_pb_gallery][et_pb_code _builder_version=&#8220;4.18.0&#8243; _module_preset=&#8220;default&#8220; hover_enabled=&#8220;0&#8243; sticky_enabled=&#8220;0&#8243;]<script><!-- [et_pb_line_break_holder] -->(function ($) {<!-- [et_pb_line_break_holder] -->\t$(document).ready(function () {<!-- [et_pb_line_break_holder] -->    $(\".et_pb_gallery_image a\").each(function () {<!-- [et_pb_line_break_holder] -->          var alink = $(this).attr(\"href\").slice(0,-4);<!-- [et_pb_line_break_holder] -->\t\t\t\t$(this).attr(\"href\", alink + \"wiki.jpg\");<!-- [et_pb_line_break_holder] -->\t\t\t});<!-- [et_pb_line_break_holder] -->\t});<!-- [et_pb_line_break_holder] -->})(jQuery);<!-- [et_pb_line_break_holder] --><\/script>[\/et_pb_code][\/et_pb_column][\/et_pb_row][\/et_pb_section][et_pb_section fb_built=&#8220;1&#8243; _builder_version=&#8220;4.18.0&#8243; _module_preset=&#8220;default&#8220; background_color=&#8220;#f4f4f4&#8243; custom_margin=&#8220;0px||||false|false&#8220; global_colors_info=&#8220;{}&#8220;][et_pb_row column_structure=&#8220;3_5,2_5&#8243; _builder_version=&#8220;4.18.0&#8243; _module_preset=&#8220;default&#8220; global_colors_info=&#8220;{}&#8220;][et_pb_column type=&#8220;3_5&#8243; _builder_version=&#8220;4.18.0&#8243; _module_preset=&#8220;default&#8220; animation_style=&#8220;slide&#8220; animation_direction=&#8220;left&#8220; animation_duration=&#8220;600ms&#8220; animation_intensity_slide=&#8220;5%&#8220; global_colors_info=&#8220;{}&#8220;][et_pb_text _builder_version=&#8220;4.18.0&#8243; _module_preset=&#8220;default&#8220; text_font_size=&#8220;18px&#8220; header_3_font_size=&#8220;34px&#8220; global_colors_info=&#8220;{}&#8220;]<\/p>\n<h3>M\u00e1me v\u00e4\u010d\u0161\u00ed v\u00fdber <strong>Li\u0161t<\/strong><\/h3>\n<p><strong>M\u00e1me individu\u00e1lny pr\u00edstup ku ka\u017ed\u00e9mu z\u00e1kazn\u00edkovi. <\/strong> <br \/>V\u0161etk\u00fdch z\u00e1ujemcov srde\u010dne poz\u00fdvame na kontakt.<\/p>\n<p>[\/et_pb_text][\/et_pb_column][et_pb_column type=&#8220;2_5&#8243; _builder_version=&#8220;4.18.0&#8243; _module_preset=&#8220;default&#8220; animation_style=&#8220;slide&#8220; animation_direction=&#8220;right&#8220; animation_duration=&#8220;600ms&#8220; animation_intensity_slide=&#8220;5%&#8220; global_colors_info=&#8220;{}&#8220;][et_pb_button button_url=&#8220;@ET-DC@eyJkeW5hbWljIjp0cnVlLCJjb250ZW50IjoicG9zdF9saW5rX3VybF9wYWdlIiwic2V0dGluZ3MiOnsicG9zdF9pZCI6IjIwIiwiZW5hYmxlX2h0bWwiOiJvZmYifX0=@&#8220; button_text=&#8220;Prejdite na kontakt&#8220; button_alignment=&#8220;center&#8220; _builder_version=&#8220;4.18.0&#8243; _dynamic_attributes=&#8220;button_url&#8220; _module_preset=&#8220;default&#8220; custom_button=&#8220;on&#8220; button_text_size=&#8220;22px&#8220; button_text_color=&#8220;#000000&#8243; button_border_width=&#8220;1px&#8220; button_border_radius=&#8220;9px&#8220; button_font=&#8220;|600|||||||&#8220; button_icon=&#8220;&#x35;||divi||400&#8243; custom_margin=&#8220;24px||||false|false&#8220; animation_style=&#8220;slide&#8220; animation_direction=&#8220;right&#8220; animation_duration=&#8220;600ms&#8220; animation_intensity_slide=&#8220;5%&#8220; locked=&#8220;off&#8220; global_colors_info=&#8220;{}&#8220; button_bg_color__hover_enabled=&#8220;on|desktop&#8220; button_bg_color__hover=&#8220;#000000&#8243; button_bg_enable_color__hover=&#8220;on&#8220; button_text_color__hover_enabled=&#8220;on|desktop&#8220; button_text_color__hover=&#8220;#FFFFFF&#8220;][\/et_pb_button][\/et_pb_column][\/et_pb_row][\/et_pb_section]<\/p>\n","protected":false},"excerpt":{"rendered":"<p>Spolo\u010dnos\u0165 wikiCNC sa \u0161pecializuje na v\u00fdrobu fr\u00e9zovan\u00fdch l\u00ed\u0161t. Nezameriavame sa len na samotn\u00fa realiz\u00e1ciu objedn\u00e1vky, ke\u010f to situ\u00e1cia vy\u017eaduje, radi porad\u00edme a spolo\u010dne s klientom h\u013ead\u00e1me optim\u00e1lne rie\u0161enie.Sztukaterie m\u00f4\u017eu by\u0165 z\u00e1kladom interi\u00e9ru v pal\u00e1covom \u0161t\u00fdle, ale aj modernej priestoru, kde chceme dosiahnu\u0165 elegantn\u00fd vzh\u013ead. V\u0161etko z\u00e1le\u017e\u00ed od detailov, ktor\u00e9 vyberieme a zakomponujeme do interi\u00e9ru. Dekorat\u00edvne [&hellip;]<\/p>\n","protected":false},"author":1,"featured_media":0,"parent":0,"menu_order":0,"comment_status":"closed","ping_status":"closed","template":"","meta":{"_et_pb_use_builder":"on","_et_pb_old_content":"","_et_gb_content_width":"","footnotes":""},"class_list":["post-7437","page","type-page","status-publish","hentry"],"_links":{"self":[{"href":"https:\/\/wikicnc.pl\/sk\/wp-json\/wp\/v2\/pages\/7437","targetHints":{"allow":["GET"]}}],"collection":[{"href":"https:\/\/wikicnc.pl\/sk\/wp-json\/wp\/v2\/pages"}],"about":[{"href":"https:\/\/wikicnc.pl\/sk\/wp-json\/wp\/v2\/types\/page"}],"author":[{"embeddable":true,"href":"https:\/\/wikicnc.pl\/sk\/wp-json\/wp\/v2\/users\/1"}],"replies":[{"embeddable":true,"href":"https:\/\/wikicnc.pl\/sk\/wp-json\/wp\/v2\/comments?post=7437"}],"version-history":[{"count":3,"href":"https:\/\/wikicnc.pl\/sk\/wp-json\/wp\/v2\/pages\/7437\/revisions"}],"predecessor-version":[{"id":8020,"href":"https:\/\/wikicnc.pl\/sk\/wp-json\/wp\/v2\/pages\/7437\/revisions\/8020"}],"wp:attachment":[{"href":"https:\/\/wikicnc.pl\/sk\/wp-json\/wp\/v2\/media?parent=7437"}],"curies":[{"name":"wp","href":"https:\/\/api.w.org\/{rel}","templated":true}]}}