{"id":7433,"date":"2022-08-03T14:18:10","date_gmt":"2022-08-03T12:18:10","guid":{"rendered":"https:\/\/wikicnc.pl\/nabytkove-fronty\/ryhovane-cela\/"},"modified":"2025-08-06T14:00:56","modified_gmt":"2025-08-06T12:00:56","slug":"ryhovane-cela","status":"publish","type":"page","link":"https:\/\/wikicnc.pl\/sk\/ryhovane-cela\/","title":{"rendered":"Ryhovan\u00e9 \u010cel\u00e1"},"content":{"rendered":"<p>[et_pb_section fb_built=&#8220;1&#8243; module_class=&#8220;pa-blur&#8220; _builder_version=&#8220;4.18.0&#8243; _module_preset=&#8220;default&#8220; background_image=&#8220;https:\/\/wikicnc.pl\/wp-content\/uploads\/2022\/08\/ryfle.jpg&#8220; parallax=&#8220;on&#8220; animation_style=&#8220;slide&#8220; animation_direction=&#8220;top&#8220; animation_duration=&#8220;600ms&#8220; animation_intensity_slide=&#8220;5%&#8220; locked=&#8220;off&#8220; global_colors_info=&#8220;{}&#8220;][et_pb_row _builder_version=&#8220;4.18.0&#8243; _module_preset=&#8220;default&#8220; global_colors_info=&#8220;{}&#8220;][et_pb_column type=&#8220;4_4&#8243; _builder_version=&#8220;4.18.0&#8243; _module_preset=&#8220;default&#8220; global_colors_info=&#8220;{}&#8220;][et_pb_text _builder_version=&#8220;4.18.0&#8243; _dynamic_attributes=&#8220;content&#8220; _module_preset=&#8220;default&#8220; header_font=&#8220;||||||||&#8220; header_text_align=&#8220;center&#8220; header_font_size=&#8220;56px&#8220; custom_padding=&#8220;20px||20px||false|false&#8220; global_colors_info=&#8220;{}&#8220;]@ET-DC@eyJkeW5hbWljIjp0cnVlLCJjb250ZW50IjoicG9zdF90aXRsZSIsInNldHRpbmdzIjp7ImJlZm9yZSI6IjxoMT4iLCJhZnRlciI6IjxcL2gxPiJ9fQ==@[\/et_pb_text][\/et_pb_column][\/et_pb_row][\/et_pb_section][et_pb_section fb_built=&#8220;1&#8243; _builder_version=&#8220;4.18.0&#8243; _module_preset=&#8220;default&#8220; custom_margin=&#8220;||||false|false&#8220; custom_padding=&#8220;23px||||false|false&#8220; global_colors_info=&#8220;{}&#8220;][et_pb_row _builder_version=&#8220;4.18.0&#8243; _module_preset=&#8220;default&#8220; global_colors_info=&#8220;{}&#8220;][et_pb_column type=&#8220;4_4&#8243; _builder_version=&#8220;4.18.0&#8243; _module_preset=&#8220;default&#8220; global_colors_info=&#8220;{}&#8220;][et_pb_gallery gallery_ids=&#8220;6944,6945,6946,6947,6948,6949,6950,6951,6952,6953,6954,6955,6933,6934,6935,6936,6937,6938,6939,6940&#8243; posts_number=&#8220;100&#8243; orientation=&#8220;portrait&#8220; show_pagination=&#8220;off&#8220; zoom_icon_color=&#8220;#000000&#8243; hover_overlay_color=&#8220;rgba(255,255,255,0.62)&#8220; hover_icon=&#8220;&#x54;||divi||400&#8243; _builder_version=&#8220;4.27.4&#8243; _module_preset=&#8220;default&#8220; title_level=&#8220;h2&#8243; text_orientation=&#8220;center&#8220; hover_enabled=&#8220;0&#8243; global_colors_info=&#8220;{}&#8220; sticky_enabled=&#8220;0&#8243;][\/et_pb_gallery][et_pb_gallery _builder_version=&#8220;4.27.4&#8243; _module_preset=&#8220;default&#8220; sticky_enabled=&#8220;0&#8243; posts_number=&#8220;100&#8243; orientation=&#8220;portrait&#8220; show_pagination=&#8220;off&#8220; zoom_icon_color=&#8220;#000000&#8243; hover_overlay_color=&#8220;rgba(255,255,255,0.62)&#8220; hover_icon=&#8220;&#x54;||divi||400&#8243; title_level=&#8220;h2&#8243; text_orientation=&#8220;center&#8220; gallery_ids=&#8220;6941,6942,6943&#8243; hover_enabled=&#8220;0&#8243;][\/et_pb_gallery][et_pb_code _builder_version=&#8220;4.18.0&#8243; _module_preset=&#8220;default&#8220; global_colors_info=&#8220;{}&#8220;]<script><!-- [et_pb_line_break_holder] -->(function ($) {<!-- [et_pb_line_break_holder] -->\t$(document).ready(function () {<!-- [et_pb_line_break_holder] -->    $(\".et_pb_gallery_image a\").each(function () {<!-- [et_pb_line_break_holder] -->          var alink = $(this).attr(\"href\").slice(0,-4);<!-- [et_pb_line_break_holder] -->\t\t\t\t$(this).attr(\"href\", alink + \"wiki.jpg\");<!-- [et_pb_line_break_holder] -->\t\t\t});<!-- [et_pb_line_break_holder] -->\t});<!-- [et_pb_line_break_holder] -->})(jQuery);<!-- [et_pb_line_break_holder] --><\/script>[\/et_pb_code][\/et_pb_column][\/et_pb_row][et_pb_row column_structure=&#8220;1_5,3_5,1_5&#8243; _builder_version=&#8220;4.27.0&#8243; _module_preset=&#8220;default&#8220; global_colors_info=&#8220;{}&#8220;][et_pb_column type=&#8220;1_5&#8243; _builder_version=&#8220;4.27.0&#8243; _module_preset=&#8220;default&#8220; global_colors_info=&#8220;{}&#8220;][\/et_pb_column][et_pb_column type=&#8220;3_5&#8243; _builder_version=&#8220;4.27.0&#8243; _module_preset=&#8220;default&#8220; global_colors_info=&#8220;{}&#8220;][et_pb_text _builder_version=&#8220;4.27.0&#8243; _module_preset=&#8220;default&#8220; custom_padding=&#8220;|0px||||&#8220; global_colors_info=&#8220;{}&#8220;]<\/p>\n<h2 style=\"text-align: center;\">\u0160irok\u00e1 paleta farieb RAL a NCS <br \/>v ryhovan\u00fdch \u010del\u00e1ch a paneloch: Personaliz\u00e1cia vzh\u013eadu interi\u00e9rov:<\/h2>\n<p>[\/et_pb_text][\/et_pb_column][et_pb_column type=&#8220;1_5&#8243; _builder_version=&#8220;4.27.0&#8243; _module_preset=&#8220;default&#8220; global_colors_info=&#8220;{}&#8220;][\/et_pb_column][\/et_pb_row][et_pb_row column_structure=&#8220;1_5,3_5,1_5&#8243; _builder_version=&#8220;4.27.0&#8243; _module_preset=&#8220;default&#8220; global_colors_info=&#8220;{}&#8220;][et_pb_column type=&#8220;1_5&#8243; _builder_version=&#8220;4.27.0&#8243; _module_preset=&#8220;default&#8220; global_colors_info=&#8220;{}&#8220;][\/et_pb_column][et_pb_column type=&#8220;3_5&#8243; _builder_version=&#8220;4.27.0&#8243; _module_preset=&#8220;default&#8220; global_colors_info=&#8220;{}&#8220;][et_pb_text _builder_version=&#8220;4.27.0&#8243; _module_preset=&#8220;default&#8220; global_colors_info=&#8220;{}&#8220;]<\/p>\n<p>Ryhovan\u00e9 n\u00e1bytkov\u00e9 \u010del\u00e1 a in\u00e9 dokon\u010dovacie prvky z\u00edskavaj\u00fa na popularite v\u010faka svojmu modern\u00e9mu, no z\u00e1rove\u0148 elegantn\u00e9mu vzh\u013eadu. Tak\u00e9to rie\u0161enia dod\u00e1vaj\u00fa interi\u00e9ru jedine\u010dn\u00fd charakter, sp\u00e1jaj\u00fac loftov\u00fd \u0161t\u00fdl s modern\u00fdm dizajnom. <\/p>\n<p>[\/et_pb_text][et_pb_text _builder_version=&#8220;4.27.0&#8243; _module_preset=&#8220;default&#8220; global_colors_info=&#8220;{}&#8220;]<\/p>\n<p>V\u010faka pou\u017eitiu obojstranne laminovanej MDF dosky s hr\u00fabkou 19 mm s\u00fa ryhovan\u00e9 \u010del\u00e1 a panely odoln\u00e9 a z\u00e1rove\u0148 \u013eahko udr\u017eiavate\u013en\u00e9, \u010do z nich rob\u00ed vynikaj\u00facu vo\u013ebu tak pre obytn\u00e9, ako aj komer\u010dn\u00e9 priestory.<\/p>\n<p>[\/et_pb_text][et_pb_text _builder_version=&#8220;4.27.0&#8243; _module_preset=&#8220;default&#8220; global_colors_info=&#8220;{}&#8220;]<\/p>\n<p>Ryhovan\u00e9 \u010del\u00e1 a panely pon\u00fakaj\u00fa nielen jedine\u010dn\u00fd vzh\u013ead, ale aj mo\u017enos\u0165 prisp\u00f4sobi\u0165 farebnos\u0165 individu\u00e1lnym po\u017eiadavk\u00e1m v\u010faka \u0161irokej palete farieb zo syst\u00e9mov RAL a NCS.<\/p>\n<h3>Paleta farieb RAL:<\/h3>\n<p>Syst\u00e9m RAL je jedn\u00fdm z najzn\u00e1mej\u0161\u00edch syst\u00e9mov klasifik\u00e1cie farieb, pou\u017e\u00edvan\u00fd v mnoh\u00fdch odvetviach vr\u00e1tane n\u00e1bytk\u00e1rstva a interi\u00e9rov\u00e9ho dizajnu. Pon\u00faka \u0161irok\u00fd v\u00fdber odtie\u0148ov \u2013 od jemn\u00fdch pastelov\u00fdch farieb a\u017e po intenz\u00edvne, s\u00fdte t\u00f3ny. V\u010faka tomu mo\u017eno ryhovan\u00e9 \u010del\u00e1 dokonale prisp\u00f4sobi\u0165 \u0161t\u00fdlu interi\u00e9ru \u2013 \u010di u\u017e ide o modern\u00e9, minimalistick\u00e9 priestory, alebo klasick\u00e9, elegantn\u00e9 interi\u00e9ry.  <\/p>\n<p>Pr\u00edklady farieb z palety RAL:<\/p>\n<ul>\n<li><strong>Biela (RAL 9010, RAL 9016)<\/strong> \u2013 ide\u00e1lna pre minimalistick\u00e9, svetl\u00e9 interi\u00e9ry, ktor\u00e9 vy\u017eaduj\u00fa \u013eahkos\u0165 a \u010distotu formy.<\/li>\n<li><strong>Siv\u00e9 odtiene (RAL 7016, RAL 7042)<\/strong> \u2013 ide\u00e1lne do industri\u00e1lnych a loftov\u00fdch interi\u00e9rov, kde dominuj\u00fa surov\u00e9, modern\u00e9 materi\u00e1ly.<\/li>\n<li><strong>\u010cierna (RAL 9005)<\/strong> \u2013 dod\u00e1va eleganciu a dramatickos\u0165, ide\u00e1lna pre t\u00fdch, ktor\u00ed h\u013eadaj\u00fa kontrastn\u00e9 rie\u0161enia.<\/li>\n<\/ul>\n<h3>Paleta farieb NCS:<\/h3>\n<p>Paleta farieb NCS (Natural Color System) je \u010fal\u0161\u00ed popul\u00e1rny syst\u00e9m, ktor\u00fd umo\u017e\u0148uje presn\u00e9 zobrazenie farieb na z\u00e1klade vn\u00edmania \u013eudsk\u00e9ho oka. Syst\u00e9m NCS pon\u00faka e\u0161te \u0161ir\u0161ie mo\u017enosti personaliz\u00e1cie, umo\u017e\u0148uj\u00fac ide\u00e1lne prisp\u00f4sobenie odtie\u0148ov konkr\u00e9tnej projektovej v\u00edzii. <\/p>\n<p>Syst\u00e9m NCS je oce\u0148ovan\u00fd pre svoju flexibilitu pri tvorbe \u0161tandardn\u00fdch aj nestandardn\u00fdch farieb, \u010do umo\u017e\u0148uje prisp\u00f4sobi\u0165 ryflowan\u00e9 povrchy individu\u00e1lnym potreb\u00e1m z\u00e1kazn\u00edka a trendom v interi\u00e9rovom dizajne.<\/p>\n<h3>Personaliz\u00e1cia farebnosti:<\/h3>\n<p>V\u010faka \u0161irok\u00e9mu v\u00fdberu farieb zo syst\u00e9mov RAL aj NCS je mo\u017en\u00e9 vytvori\u0165 ryflowan\u00e9 fronty a panely, ktor\u00e9 dokonale ladia s cel\u00fdm priestorom. To umo\u017e\u0148uje, aby ryflowan\u00e9 prvky boli bu\u010f jemn\u00fdm akcentom, alebo hlavn\u00fdm dekorat\u00edvnym prvkom interi\u00e9ru, ktor\u00fd mu dod\u00e1va jedine\u010dn\u00fd charakter. <\/p>\n<p>[\/et_pb_text][et_pb_divider _builder_version=&#8220;4.27.0&#8243; _module_preset=&#8220;default&#8220; global_colors_info=&#8220;{}&#8220;][\/et_pb_divider][\/et_pb_column][et_pb_column type=&#8220;1_5&#8243; _builder_version=&#8220;4.27.0&#8243; _module_preset=&#8220;default&#8220; global_colors_info=&#8220;{}&#8220;][\/et_pb_column][\/et_pb_row][et_pb_row column_structure=&#8220;1_5,3_5,1_5&#8243; _builder_version=&#8220;4.27.0&#8243; _module_preset=&#8220;default&#8220; global_colors_info=&#8220;{}&#8220;][et_pb_column type=&#8220;1_5&#8243; _builder_version=&#8220;4.27.0&#8243; _module_preset=&#8220;default&#8220; global_colors_info=&#8220;{}&#8220;][\/et_pb_column][et_pb_column type=&#8220;3_5&#8243; _builder_version=&#8220;4.27.0&#8243; _module_preset=&#8220;default&#8220; global_colors_info=&#8220;{}&#8220;][et_pb_text _builder_version=&#8220;4.27.0&#8243; _module_preset=&#8220;default&#8220; global_colors_info=&#8220;{}&#8220;]<\/p>\n<h2 style=\"text-align: center;\">Tu je nieko\u013eko popul\u00e1rnych vyu\u017eit\u00ed ryflowan\u00fdch povrchov:<\/h2>\n<p>[\/et_pb_text][\/et_pb_column][et_pb_column type=&#8220;1_5&#8243; _builder_version=&#8220;4.27.0&#8243; _module_preset=&#8220;default&#8220; global_colors_info=&#8220;{}&#8220;][\/et_pb_column][\/et_pb_row][et_pb_row column_structure=&#8220;1_5,3_5,1_5&#8243; _builder_version=&#8220;4.27.0&#8243; _module_preset=&#8220;default&#8220; global_colors_info=&#8220;{}&#8220;][et_pb_column type=&#8220;1_5&#8243; _builder_version=&#8220;4.27.0&#8243; _module_preset=&#8220;default&#8220; global_colors_info=&#8220;{}&#8220;][et_pb_icon font_icon=&#8220;&#x39;||divi||400&#8243; align=&#8220;right&#8220; _builder_version=&#8220;4.27.0&#8243; _module_preset=&#8220;default&#8220; custom_margin=&#8220;|-56px|||false|false&#8220; global_colors_info=&#8220;{}&#8220;][\/et_pb_icon][\/et_pb_column][et_pb_column type=&#8220;3_5&#8243; _builder_version=&#8220;4.27.0&#8243; _module_preset=&#8220;default&#8220; global_colors_info=&#8220;{}&#8220;][et_pb_text _builder_version=&#8220;4.27.0&#8243; _module_preset=&#8220;default&#8220; global_colors_info=&#8220;{}&#8220;]<\/p>\n<h3><strong>Drzwiczky n\u00e1bytkov\u00e9<\/strong><\/h3>\n<p>Ryflowan\u00e9 fronty s\u00fa ide\u00e1lne do kuch\u00fd\u0148, skr\u00ed\u0148, kom\u00f4d \u010di k\u00fape\u013en\u00ed. Vytv\u00e1raj\u00fa efektn\u00e9, trojrozmern\u00e9 vzory, ktor\u00e9 dod\u00e1vaj\u00fa n\u00e1bytku eleganciu a jedine\u010dn\u00fd charakter.[\/et_pb_text][\/et_pb_column][et_pb_column type=&#8220;1_5&#8243; _builder_version=&#8220;4.27.0&#8243; _module_preset=&#8220;default&#8220; global_colors_info=&#8220;{}&#8220;][\/et_pb_column][\/et_pb_row][et_pb_row column_structure=&#8220;1_5,3_5,1_5&#8243; _builder_version=&#8220;4.27.0&#8243; _module_preset=&#8220;default&#8220; global_colors_info=&#8220;{}&#8220;][et_pb_column type=&#8220;1_5&#8243; _builder_version=&#8220;4.27.0&#8243; _module_preset=&#8220;default&#8220; global_colors_info=&#8220;{}&#8220;][et_pb_icon font_icon=&#8220;&#x39;||divi||400&#8243; align=&#8220;right&#8220; _builder_version=&#8220;4.27.0&#8243; _module_preset=&#8220;default&#8220; custom_margin=&#8220;|-56px|||false|false&#8220; global_colors_info=&#8220;{}&#8220;][\/et_pb_icon][\/et_pb_column][et_pb_column type=&#8220;3_5&#8243; _builder_version=&#8220;4.27.0&#8243; _module_preset=&#8220;default&#8220; global_colors_info=&#8220;{}&#8220;][et_pb_text _builder_version=&#8220;4.27.0&#8243; _module_preset=&#8220;default&#8220; global_colors_info=&#8220;{}&#8220;]<\/p>\n<h3><strong>Dekor\u00e1cia stien<\/strong><\/h3>\n<p>Ryflowan\u00e9 stenov\u00e9 panely s\u00fa ide\u00e1lne na vytv\u00e1ranie modern\u00fdch, minimalistick\u00fdch priestorov. M\u00f4\u017eu tvori\u0165 hlavn\u00fd dekorat\u00edvny prvok, ktor\u00fd dod\u00e1 interi\u00e9ru eleganciu a vizu\u00e1lnu \u013eahkos\u0165. <\/p>\n<p>[\/et_pb_text][\/et_pb_column][et_pb_column type=&#8220;1_5&#8243; _builder_version=&#8220;4.27.0&#8243; _module_preset=&#8220;default&#8220; global_colors_info=&#8220;{}&#8220;][\/et_pb_column][\/et_pb_row][et_pb_row column_structure=&#8220;1_5,3_5,1_5&#8243; _builder_version=&#8220;4.27.0&#8243; _module_preset=&#8220;default&#8220; global_colors_info=&#8220;{}&#8220;][et_pb_column type=&#8220;1_5&#8243; _builder_version=&#8220;4.27.0&#8243; _module_preset=&#8220;default&#8220; global_colors_info=&#8220;{}&#8220;][et_pb_icon font_icon=&#8220;&#x39;||divi||400&#8243; align=&#8220;right&#8220; _builder_version=&#8220;4.27.0&#8243; _module_preset=&#8220;default&#8220; custom_margin=&#8220;|-56px|||false|false&#8220; global_colors_info=&#8220;{}&#8220;][\/et_pb_icon][\/et_pb_column][et_pb_column type=&#8220;3_5&#8243; _builder_version=&#8220;4.27.0&#8243; _module_preset=&#8220;default&#8220; global_colors_info=&#8220;{}&#8220;][et_pb_text _builder_version=&#8220;4.27.0&#8243; _module_preset=&#8220;default&#8220; global_colors_info=&#8220;{}&#8220;]<\/p>\n<h3><strong>Stropn\u00e9 kazet\u00f3ny<\/strong><\/h3>\n<p>Ryflowan\u00e9 stropn\u00e9 kazet\u00f3ny m\u00f4\u017eu priestoru doda\u0165 klasick\u00fd aj modern\u00fd charakter. Vytv\u00e1raj\u00fa priestorov\u00fd efekt, \u010do je obzvl\u00e1\u0161\u0165 u\u017eito\u010dn\u00e9 vo ve\u013ek\u00fdch, otvoren\u00fdch miestnostiach. <\/p>\n<p>[\/et_pb_text][\/et_pb_column][et_pb_column type=&#8220;1_5&#8243; _builder_version=&#8220;4.27.0&#8243; _module_preset=&#8220;default&#8220; global_colors_info=&#8220;{}&#8220;][\/et_pb_column][\/et_pb_row][et_pb_row column_structure=&#8220;1_5,3_5,1_5&#8243; _builder_version=&#8220;4.27.0&#8243; _module_preset=&#8220;default&#8220; global_colors_info=&#8220;{}&#8220;][et_pb_column type=&#8220;1_5&#8243; _builder_version=&#8220;4.27.0&#8243; _module_preset=&#8220;default&#8220; global_colors_info=&#8220;{}&#8220;][et_pb_icon font_icon=&#8220;&#x39;||divi||400&#8243; align=&#8220;right&#8220; _builder_version=&#8220;4.27.0&#8243; _module_preset=&#8220;default&#8220; custom_margin=&#8220;|-56px|||false|false&#8220; global_colors_info=&#8220;{}&#8220;][\/et_pb_icon][\/et_pb_column][et_pb_column type=&#8220;3_5&#8243; _builder_version=&#8220;4.27.0&#8243; _module_preset=&#8220;default&#8220; global_colors_info=&#8220;{}&#8220;][et_pb_text _builder_version=&#8220;4.27.0&#8243; _module_preset=&#8220;default&#8220; global_colors_info=&#8220;{}&#8220;]<\/p>\n<h3><strong>Zabudovy n\u00e1bytku<\/strong><\/h3>\n<p>V modern\u00fdch kancel\u00e1ri\u00e1ch alebo bytoch ryflowan\u00e9 povrchy skvele posl\u00fa\u017eia ako prvky n\u00e1bytkov\u00fdch obkladov, napr\u00edklad na deliace steny, ktor\u00e9 rozde\u013euj\u00fa priestor a z\u00e1rove\u0148 zachov\u00e1vaj\u00fa \u013eahkos\u0165 a estetiku.<\/p>\n<p>[\/et_pb_text][\/et_pb_column][et_pb_column type=&#8220;1_5&#8243; _builder_version=&#8220;4.27.0&#8243; _module_preset=&#8220;default&#8220; global_colors_info=&#8220;{}&#8220;][\/et_pb_column][\/et_pb_row][et_pb_row column_structure=&#8220;1_5,3_5,1_5&#8243; _builder_version=&#8220;4.27.0&#8243; _module_preset=&#8220;default&#8220; global_colors_info=&#8220;{}&#8220;][et_pb_column type=&#8220;1_5&#8243; _builder_version=&#8220;4.27.0&#8243; _module_preset=&#8220;default&#8220; global_colors_info=&#8220;{}&#8220;][et_pb_icon font_icon=&#8220;&#x39;||divi||400&#8243; align=&#8220;right&#8220; _builder_version=&#8220;4.27.0&#8243; _module_preset=&#8220;default&#8220; custom_margin=&#8220;|-56px|||false|false&#8220; global_colors_info=&#8220;{}&#8220;][\/et_pb_icon][\/et_pb_column][et_pb_column type=&#8220;3_5&#8243; _builder_version=&#8220;4.27.0&#8243; _module_preset=&#8220;default&#8220; global_colors_info=&#8220;{}&#8220;][et_pb_text _builder_version=&#8220;4.27.0&#8243; _module_preset=&#8220;default&#8220; global_colors_info=&#8220;{}&#8220;]<\/p>\n<h3><strong>Kryty zariaden\u00ed<\/strong><\/h3>\n<p>Ryflowan\u00e9 prvky m\u00f4\u017eu by\u0165 tie\u017e pou\u017eit\u00e9 ako dizajnov\u00e9 kryty zariaden\u00ed, ktor\u00e9 im dod\u00e1vaj\u00fa modern\u00fd a origin\u00e1lny vzh\u013ead, najm\u00e4 v komer\u010dn\u00fdch priestoroch.<\/p>\n<p>[\/et_pb_text][\/et_pb_column][et_pb_column type=&#8220;1_5&#8243; _builder_version=&#8220;4.27.0&#8243; _module_preset=&#8220;default&#8220; global_colors_info=&#8220;{}&#8220;][\/et_pb_column][\/et_pb_row][\/et_pb_section][et_pb_section fb_built=&#8220;1&#8243; _builder_version=&#8220;4.18.0&#8243; _module_preset=&#8220;default&#8220; custom_padding=&#8220;||10px||false|false&#8220; locked=&#8220;off&#8220; global_colors_info=&#8220;{}&#8220;][et_pb_row column_structure=&#8220;1_2,1_2&#8243; _builder_version=&#8220;4.18.0&#8243; _module_preset=&#8220;default&#8220; global_colors_info=&#8220;{}&#8220;][et_pb_column type=&#8220;1_2&#8243; _builder_version=&#8220;4.18.0&#8243; _module_preset=&#8220;default&#8220; global_colors_info=&#8220;{}&#8220;][et_pb_text _builder_version=&#8220;4.18.0&#8243; _module_preset=&#8220;default&#8220; animation_style=&#8220;slide&#8220; animation_direction=&#8220;left&#8220; animation_duration=&#8220;600ms&#8220; animation_intensity_slide=&#8220;5%&#8220; global_colors_info=&#8220;{}&#8220;]<\/p>\n<p>Firma <strong>wikiCNC<\/strong> sa \u0161pecializuje na v\u00fdrobu fr\u00e9zovan\u00fdch ryfl\u00ed. Na na\u0161e \u0161tandardn\u00e9 realiz\u00e1cie pou\u017e\u00edvame obojstranne laminovan\u00fa MDF dosku s <span style=\"text-decoration: underline;\">hr\u00fabkou 19 mm<\/span>. <\/p>\n<p>Nezameriavame sa len na samotn\u00fa realiz\u00e1ciu objedn\u00e1vky, ale ke\u010f si situ\u00e1cia vy\u017eaduje, radi porad\u00edme a spolo\u010dne s klientom h\u013ead\u00e1me optim\u00e1lne rie\u0161enie.<\/p>\n<p>[\/et_pb_text][\/et_pb_column][et_pb_column type=&#8220;1_2&#8243; _builder_version=&#8220;4.18.0&#8243; _module_preset=&#8220;default&#8220; global_colors_info=&#8220;{}&#8220;][et_pb_text _builder_version=&#8220;4.18.0&#8243; _module_preset=&#8220;default&#8220; animation_style=&#8220;slide&#8220; animation_direction=&#8220;right&#8220; animation_duration=&#8220;600ms&#8220; animation_intensity_slide=&#8220;5%&#8220; global_colors_info=&#8220;{}&#8220;]<\/p>\n<p><strong>Ryflowan\u00e9 fronty<\/strong> s\u00fa jedn\u00fdm z popredn\u00fdch trendov tohto roku, ktor\u00fd skvele zdob\u00ed kuchynsk\u00e9 dvierka, komody, k\u00fape\u013e\u0148ov\u00e9 skrinky aj skrine, a z\u00e1rove\u0148 sa v\u00fdborne hod\u00ed aj ako dekor\u00e1cia na stenu. Perfektne zapadn\u00fa do modern\u00fdch interi\u00e9rov, prin\u00e1\u0161aj\u00fa modern\u00fd dizajn a loftov\u00fd \u0161t\u00fdl s vizu\u00e1lnou \u013eahkos\u0165ou. S\u00fa ide\u00e1lnou ozdobou nielen domov, ale aj elegantn\u00fdch kancel\u00e1rskych priestorov.  <\/p>\n<p>[\/et_pb_text][\/et_pb_column][\/et_pb_row][\/et_pb_section][et_pb_section fb_built=&#8220;1&#8243; _builder_version=&#8220;4.18.0&#8243; _module_preset=&#8220;default&#8220; background_color=&#8220;#f4f4f4&#8243; custom_margin=&#8220;0px||||false|false&#8220; global_colors_info=&#8220;{}&#8220;][et_pb_row column_structure=&#8220;3_5,2_5&#8243; _builder_version=&#8220;4.18.0&#8243; _module_preset=&#8220;default&#8220; global_colors_info=&#8220;{}&#8220;][et_pb_column type=&#8220;3_5&#8243; _builder_version=&#8220;4.18.0&#8243; _module_preset=&#8220;default&#8220; animation_style=&#8220;slide&#8220; animation_direction=&#8220;left&#8220; animation_duration=&#8220;600ms&#8220; animation_intensity_slide=&#8220;5%&#8220; global_colors_info=&#8220;{}&#8220;][et_pb_text _builder_version=&#8220;4.27.0&#8243; _module_preset=&#8220;default&#8220; text_font_size=&#8220;18px&#8220; header_3_font_size=&#8220;34px&#8220; global_colors_info=&#8220;{}&#8220;]<\/p>\n<h3>Disponujeme \u0161ir\u0161\u00edm v\u00fdberom <strong>Ryflowan\u00fdch Frontov a Panelov<\/strong><\/h3>\n<p><strong>M\u00e1me individu\u00e1lny pr\u00edstup ku ka\u017ed\u00e9mu z\u00e1kazn\u00edkovi.<\/strong> <br \/>V\u0161etk\u00fdch z\u00e1ujemcov srde\u010dne poz\u00fdvame na kontakt.<\/p>\n<p>[\/et_pb_text][\/et_pb_column][et_pb_column type=&#8220;2_5&#8243; _builder_version=&#8220;4.18.0&#8243; _module_preset=&#8220;default&#8220; animation_style=&#8220;slide&#8220; animation_direction=&#8220;right&#8220; animation_duration=&#8220;600ms&#8220; animation_intensity_slide=&#8220;5%&#8220; global_colors_info=&#8220;{}&#8220;][et_pb_button button_url=&#8220;@ET-DC@eyJkeW5hbWljIjp0cnVlLCJjb250ZW50IjoicG9zdF9saW5rX3VybF9wYWdlIiwic2V0dGluZ3MiOnsicG9zdF9pZCI6IjIwIn19@&#8220; button_text=&#8220;Prejdite na kontakt&#8220; button_alignment=&#8220;center&#8220; _builder_version=&#8220;4.18.0&#8243; _dynamic_attributes=&#8220;button_url&#8220; _module_preset=&#8220;default&#8220; custom_button=&#8220;on&#8220; button_text_size=&#8220;22px&#8220; button_text_color=&#8220;#000000&#8243; button_border_width=&#8220;1px&#8220; button_border_radius=&#8220;9px&#8220; button_font=&#8220;|600|||||||&#8220; button_icon=&#8220;&#x35;||divi||400&#8243; custom_margin=&#8220;24px||||false|false&#8220; animation_style=&#8220;slide&#8220; animation_direction=&#8220;right&#8220; animation_duration=&#8220;600ms&#8220; animation_intensity_slide=&#8220;5%&#8220; locked=&#8220;off&#8220; global_colors_info=&#8220;{}&#8220; button_bg_color__hover_enabled=&#8220;on|desktop&#8220; button_bg_color__hover=&#8220;#000000&#8243; button_bg_enable_color__hover=&#8220;on&#8220; button_text_color__hover_enabled=&#8220;on|desktop&#8220; button_text_color__hover=&#8220;#FFFFFF&#8220;][\/et_pb_button][\/et_pb_column][\/et_pb_row][\/et_pb_section]<\/p>\n","protected":false},"excerpt":{"rendered":"<p>\u0160irok\u00e1 paleta farieb RAL a NCS v ryhovan\u00fdch \u010del\u00e1ch a paneloch: Personaliz\u00e1cia vzh\u013eadu interi\u00e9rov:Ryhovan\u00e9 n\u00e1bytkov\u00e9 \u010del\u00e1 a in\u00e9 dokon\u010dovacie prvky z\u00edskavaj\u00fa na popularite v\u010faka svojmu modern\u00e9mu, no z\u00e1rove\u0148 elegantn\u00e9mu vzh\u013eadu. Tak\u00e9to rie\u0161enia dod\u00e1vaj\u00fa interi\u00e9ru jedine\u010dn\u00fd charakter, sp\u00e1jaj\u00fac loftov\u00fd \u0161t\u00fdl s modern\u00fdm dizajnom. V\u010faka pou\u017eitiu obojstranne laminovanej MDF dosky s hr\u00fabkou 19 mm s\u00fa ryhovan\u00e9 \u010del\u00e1 [&hellip;]<\/p>\n","protected":false},"author":1,"featured_media":0,"parent":0,"menu_order":0,"comment_status":"closed","ping_status":"closed","template":"","meta":{"_et_pb_use_builder":"on","_et_pb_old_content":"","_et_gb_content_width":"","footnotes":""},"class_list":["post-7433","page","type-page","status-publish","hentry"],"_links":{"self":[{"href":"https:\/\/wikicnc.pl\/sk\/wp-json\/wp\/v2\/pages\/7433","targetHints":{"allow":["GET"]}}],"collection":[{"href":"https:\/\/wikicnc.pl\/sk\/wp-json\/wp\/v2\/pages"}],"about":[{"href":"https:\/\/wikicnc.pl\/sk\/wp-json\/wp\/v2\/types\/page"}],"author":[{"embeddable":true,"href":"https:\/\/wikicnc.pl\/sk\/wp-json\/wp\/v2\/users\/1"}],"replies":[{"embeddable":true,"href":"https:\/\/wikicnc.pl\/sk\/wp-json\/wp\/v2\/comments?post=7433"}],"version-history":[{"count":6,"href":"https:\/\/wikicnc.pl\/sk\/wp-json\/wp\/v2\/pages\/7433\/revisions"}],"predecessor-version":[{"id":8030,"href":"https:\/\/wikicnc.pl\/sk\/wp-json\/wp\/v2\/pages\/7433\/revisions\/8030"}],"wp:attachment":[{"href":"https:\/\/wikicnc.pl\/sk\/wp-json\/wp\/v2\/media?parent=7433"}],"curies":[{"name":"wp","href":"https:\/\/api.w.org\/{rel}","templated":true}]}}