{"id":8333,"date":"2024-11-03T23:57:32","date_gmt":"2024-11-03T22:57:32","guid":{"rendered":"https:\/\/wikicnc.pl\/produkt\/hela-cabinet-door\/"},"modified":"2024-11-03T23:57:32","modified_gmt":"2024-11-03T22:57:32","slug":"hela-cabinet-door","status":"publish","type":"product","link":"https:\/\/wikicnc.pl\/en\/produkt\/hela-cabinet-door\/","title":{"rendered":"HELA Cabinet Door"},"content":{"rendered":"<p>AF040 &#8211; HELA Cabinet Door<\/p>\n<p>The AF040 \u2013 Hela cabinet door features an elegant and modern design, perfectly suited for both tall routed fronts and low drawers. Its versatile character complements kitchen, living room, and office designs, bringing harmony and style to any interior. With its classic aesthetic, the Hela cabinet door is an excellent choice for those looking to create elegant and functional spaces.  <\/p>\n<p>Wykonany z materia\u0142\u00f3w o wysokiej jako\u015bci, front ten charakteryzuje si\u0119 nie tylko atrakcyjnym wygl\u0105dem, ale r\u00f3wnie\u017c du\u017c\u0105 trwa\u0142o\u015bci\u0105. Odporno\u015b\u0107 na uszkodzenia oraz zarysowania sprawia, \u017ce front Hela zachowuje sw\u00f3j pierwotny wygl\u0105d przez d\u0142ugi czas. G\u0142adka powierzchnia u\u0142atwia utrzymanie czysto\u015bci, co czyni go praktycznym rozwi\u0105zaniem do codziennego u\u017cytku, zw\u0142aszcza w kuchniach i przestrzeniach, kt\u00f3re wymagaj\u0105 cz\u0119stego sprz\u0105tania.  <\/p>\n<p>Front AF040 \u2013 Hela oferuje r\u00f3\u017cne opcje witryn, umo\u017cliwiaj\u0105c eksponowanie wybranych przedmiot\u00f3w w estetyczny spos\u00f3b. Mo\u017cesz wybiera\u0107 spo\u015br\u00f3d wariant\u00f3w: No Glass, W0, W1 \u2013 1&#215;1, W1 \u2013 1&#215;2, W1 \u2013 1&#215;3, W1 \u2013 1&#215;4, W2, W3, W4, W5, W6, W7, W8. Dzi\u0119ki tym mo\u017cliwo\u015bciom, front Hela staje si\u0119 nie tylko funkcjonalnym, ale i estetycznym elementem, kt\u00f3ry pozwala na indywidualne dostosowanie do Twojego stylu i potrzeb.  <\/p>\n<p>The versatility of the Hela cabinet door makes it a perfect fit for a wide range of interior designs. It blends seamlessly with modern, minimalist spaces while also complementing classic and elegant environments. Its simple yet stylish appearance makes it an excellent addition to various furniture projects.  <\/p>\n<p>By choosing the AF040 \u2013 Hela cabinet door, you gain a product that combines modern style, functionality, and high-quality craftsmanship. It\u2019s the perfect solution for those who want to introduce an element of elegance and comfort into their interiors without compromising on practicality. The Hela cabinet door adds a unique character to any space, making it even more cozy and stylish.  <\/p>\n","protected":false},"excerpt":{"rendered":"<p>Front AF040 \u2013 Hela to elegancki wz\u00f3r idealny do wysokich front\u00f3w frezowanych i niskich szuflad, doskonale uzupe\u0142niaj\u0105cy projekty kuchni, pokoj\u00f3w dziennych i gabinet\u00f3w. Oferuje r\u00f3\u017cne opcje witryn, takie jak No Glass, W0, W1 \u2013 1&#215;1, W1 \u2013 1&#215;2 i inne, co pozwala na personalizacj\u0119. Wysokiej jako\u015bci materia\u0142y zapewniaj\u0105 trwa\u0142o\u015b\u0107 i \u0142atwo\u015b\u0107 w utrzymaniu czysto\u015bci, \u0142\u0105cz\u0105c estetyk\u0119 z funkcjonalno\u015bci\u0105 w ka\u017cdym wn\u0119trzu.  <\/p>\n","protected":false},"featured_media":5735,"comment_status":"closed","ping_status":"closed","template":"","meta":{"_et_pb_use_builder":"","_et_pb_old_content":"","_et_gb_content_width":""},"product_brand":[],"product_cat":[292,288,270,168,272,273],"product_tag":[],"class_list":{"0":"post-8333","1":"product","2":"type-product","3":"status-publish","4":"has-post-thumbnail","6":"product_cat-cabinet-door","7":"product_cat-flat-panel","8":"product_cat-glasscabinetdoors","9":"product_cat-kitchen-cabinet-doors","10":"product_cat-kitchen-cabinets","11":"product_cat-mdf","12":"pa_glass-mdf-doors-cabinet-doors-without-glass-opening","13":"pa_glass-mdf-doors-w0","14":"pa_glass-mdf-doors-w1-1x1","15":"pa_glass-mdf-doors-w1-1x2","16":"pa_glass-mdf-doors-w1-1x3","17":"pa_glass-mdf-doors-w2","18":"pa_glass-mdf-doors-w2-2x2","19":"pa_glass-mdf-doors-w3","20":"pa_glass-mdf-doors-w4","21":"pa_glass-mdf-doors-w5","22":"pa_glass-mdf-doors-w6","23":"pa_glass-mdf-doors-w7","24":"pa_glass-mdf-doors-w8","26":"first","27":"instock","28":"taxable","29":"shipping-taxable","30":"purchasable","31":"product-type-variable","32":"has-default-attributes"},"_links":{"self":[{"href":"https:\/\/wikicnc.pl\/en\/wp-json\/wp\/v2\/product\/8333","targetHints":{"allow":["GET"]}}],"collection":[{"href":"https:\/\/wikicnc.pl\/en\/wp-json\/wp\/v2\/product"}],"about":[{"href":"https:\/\/wikicnc.pl\/en\/wp-json\/wp\/v2\/types\/product"}],"replies":[{"embeddable":true,"href":"https:\/\/wikicnc.pl\/en\/wp-json\/wp\/v2\/comments?post=8333"}],"wp:featuredmedia":[{"embeddable":true,"href":"https:\/\/wikicnc.pl\/en\/wp-json\/wp\/v2\/media\/5735"}],"wp:attachment":[{"href":"https:\/\/wikicnc.pl\/en\/wp-json\/wp\/v2\/media?parent=8333"}],"wp:term":[{"taxonomy":"product_brand","embeddable":true,"href":"https:\/\/wikicnc.pl\/en\/wp-json\/wp\/v2\/product_brand?post=8333"},{"taxonomy":"product_cat","embeddable":true,"href":"https:\/\/wikicnc.pl\/en\/wp-json\/wp\/v2\/product_cat?post=8333"},{"taxonomy":"product_tag","embeddable":true,"href":"https:\/\/wikicnc.pl\/en\/wp-json\/wp\/v2\/product_tag?post=8333"}],"curies":[{"name":"wp","href":"https:\/\/api.w.org\/{rel}","templated":true}]}}