{"id":8319,"date":"2024-11-03T23:56:34","date_gmt":"2024-11-03T22:56:34","guid":{"rendered":"https:\/\/wikicnc.pl\/produkt\/maja-cabinet-door\/"},"modified":"2024-11-03T23:56:34","modified_gmt":"2024-11-03T22:56:34","slug":"maja-cabinet-door","status":"publish","type":"product","link":"https:\/\/wikicnc.pl\/en\/produkt\/maja-cabinet-door\/","title":{"rendered":"MAJA Cabinet Door"},"content":{"rendered":"<p>AF039 &#8211; MAJA Cabinet Door<\/p>\n<p>The AF039 \u2013 Maja cabinet door features a modern design with a touch of elegance, seamlessly fitting into any interior style while adding depth and sophistication. Its unique look makes it a perfect choice for kitchens, wardrobes, dressers, and bathroom cabinets\u2014ideal for those seeking a harmonious balance between aesthetics and functionality. <\/p>\n<p>Wykonany z wysokiej jako\u015bci materia\u0142\u00f3w, front Maja charakteryzuje si\u0119 nie tylko atrakcyjnym wygl\u0105dem, ale r\u00f3wnie\u017c wyj\u0105tkow\u0105 trwa\u0142o\u015bci\u0105. Jego g\u0142adka powierzchnia jest \u0142atwa do czyszczenia, co czyni go praktycznym rozwi\u0105zaniem do codziennego u\u017cytku. Odporno\u015b\u0107 na zarysowania oraz uszkodzenia sprawia, \u017ce front ten b\u0119dzie s\u0142u\u017cy\u0142 przez d\u0142ugie lata, zachowuj\u0105c sw\u00f3j elegancki wygl\u0105d.  <\/p>\n<p>Front AF039 \u2013 Maja oferuje r\u00f3\u017cne opcje witryn, umo\u017cliwiaj\u0105c eksponowanie wybranych przedmiot\u00f3w w estetyczny spos\u00f3b. Mo\u017cesz wybiera\u0107 spo\u015br\u00f3d wariant\u00f3w: No Glass, W0, W1 \u2013 1&#215;1, W1 \u2013 1&#215;2, W1 \u2013 1&#215;3, W1 \u2013 1&#215;4, W2, W3, W4, W5, W6, W7, W8, co pozwala na personalizacj\u0119 frontu zgodnie z Twoim gustem i potrzebami. Dzi\u0119ki tym mo\u017cliwo\u015bciom, front Maja staje si\u0119 nie tylko funkcjonalnym, ale tak\u017ce estetycznym elementem ka\u017cdego wn\u0119trza.  <\/p>\n<p>The versatility of the AF039 cabinet door makes it a perfect fit for a wide range of interior designs. It can be used in modern, minimalist spaces as well as in classic and elegant interiors. Its universal design allows it to blend beautifully with other d\u00e9cor elements, creating a harmonious and cohesive look.  <\/p>\n<p>By choosing the AF039 \u2013 Maja cabinet door, you gain a product that combines modern style, functionality, and high-quality craftsmanship. It\u2019s the perfect solution for those who want to introduce a touch of elegance and contemporary design into their interiors without compromising on comfort. The Maja cabinet door adds a unique character to any space, making it even more cozy and stylish.  <\/p>\n","protected":false},"excerpt":{"rendered":"<div class=\"flex max-w-full flex-col flex-grow\">\n<div class=\"min-h-8 text-message flex w-full flex-col items-end gap-2 whitespace-normal break-words [.text-message+&amp;]:mt-5\" dir=\"auto\" data-message-author-role=\"assistant\" data-message-id=\"deafc859-7e6d-492d-a97a-44c257929ff7\" data-message-model-slug=\"gpt-4o-mini\">\n<div class=\"flex w-full flex-col gap-1 empty:hidden first:pt-[3px]\">\n<div class=\"markdown prose w-full break-words dark:prose-invert dark\">\n<p>Front AF039 \u2013 Maja to nowoczesny i elegancki wyb\u00f3r, idealny do kuchni, szaf, kom\u00f3d i \u0142azienek. Jego uniwersalny wz\u00f3r dodaje wn\u0119trzom g\u0142\u0119bi i szyku. Oferuje r\u00f3\u017cnorodne opcje witryn, od No Glass po W8, co umo\u017cliwia personalizacj\u0119 i tworzenie unikalnych rozwi\u0105za\u0144. Dzi\u0119ki wysokiej jako\u015bci materia\u0142om i \u0142atwo\u015bci w utrzymaniu, front Maja \u0142\u0105czy estetyk\u0119 z funkcjonalno\u015bci\u0105, wprowadzaj\u0105c nowoczesny akcent do ka\u017cdego wn\u0119trza.   <\/p>\n<\/div>\n<\/div>\n<\/div>\n<\/div>\n","protected":false},"featured_media":5715,"comment_status":"closed","ping_status":"closed","template":"","meta":{"_et_pb_use_builder":"","_et_pb_old_content":"","_et_gb_content_width":""},"product_brand":[],"product_cat":[292,271,288,270,168,272,273],"product_tag":[],"class_list":{"0":"post-8319","1":"product","2":"type-product","3":"status-publish","4":"has-post-thumbnail","6":"product_cat-cabinet-door","7":"product_cat-_cabinet-doors","8":"product_cat-flat-panel","9":"product_cat-glasscabinetdoors","10":"product_cat-kitchen-cabinet-doors","11":"product_cat-kitchen-cabinets","12":"product_cat-mdf","13":"pa_glass-mdf-doors-cabinet-doors-without-glass-opening","14":"pa_glass-mdf-doors-w0","15":"pa_glass-mdf-doors-w1-1x1","16":"pa_glass-mdf-doors-w1-1x2","17":"pa_glass-mdf-doors-w1-1x3","18":"pa_glass-mdf-doors-w2","19":"pa_glass-mdf-doors-w2-2x2","20":"pa_glass-mdf-doors-w3","21":"pa_glass-mdf-doors-w4","22":"pa_glass-mdf-doors-w5","23":"pa_glass-mdf-doors-w6","24":"pa_glass-mdf-doors-w7","25":"pa_glass-mdf-doors-w8","27":"first","28":"instock","29":"taxable","30":"shipping-taxable","31":"purchasable","32":"product-type-variable","33":"has-default-attributes"},"_links":{"self":[{"href":"https:\/\/wikicnc.pl\/en\/wp-json\/wp\/v2\/product\/8319","targetHints":{"allow":["GET"]}}],"collection":[{"href":"https:\/\/wikicnc.pl\/en\/wp-json\/wp\/v2\/product"}],"about":[{"href":"https:\/\/wikicnc.pl\/en\/wp-json\/wp\/v2\/types\/product"}],"replies":[{"embeddable":true,"href":"https:\/\/wikicnc.pl\/en\/wp-json\/wp\/v2\/comments?post=8319"}],"wp:featuredmedia":[{"embeddable":true,"href":"https:\/\/wikicnc.pl\/en\/wp-json\/wp\/v2\/media\/5715"}],"wp:attachment":[{"href":"https:\/\/wikicnc.pl\/en\/wp-json\/wp\/v2\/media?parent=8319"}],"wp:term":[{"taxonomy":"product_brand","embeddable":true,"href":"https:\/\/wikicnc.pl\/en\/wp-json\/wp\/v2\/product_brand?post=8319"},{"taxonomy":"product_cat","embeddable":true,"href":"https:\/\/wikicnc.pl\/en\/wp-json\/wp\/v2\/product_cat?post=8319"},{"taxonomy":"product_tag","embeddable":true,"href":"https:\/\/wikicnc.pl\/en\/wp-json\/wp\/v2\/product_tag?post=8319"}],"curies":[{"name":"wp","href":"https:\/\/api.w.org\/{rel}","templated":true}]}}