{"id":8305,"date":"2024-11-03T23:55:22","date_gmt":"2024-11-03T22:55:22","guid":{"rendered":"https:\/\/wikicnc.pl\/produkt\/sara-cabinet-door\/"},"modified":"2024-11-03T23:55:22","modified_gmt":"2024-11-03T22:55:22","slug":"sara-cabinet-door","status":"publish","type":"product","link":"https:\/\/wikicnc.pl\/en\/produkt\/sara-cabinet-door\/","title":{"rendered":"SARA Cabinet Door"},"content":{"rendered":"<p>AF038 &#8211; SARA Cabinet Door<\/p>\n<p>The AF038 \u2013 Sara cabinet door is a modern design with a touch of elegance that fits perfectly into a variety of interior styles, adding depth and sophistication. Its unique design makes it ideal for use in kitchens, wardrobes, dressers, and bathroom cabinets. AF038 \u2013 Sara is synonymous with both class and practicality, making it a great choice for any room.  <\/p>\n<p>Wykonany z materia\u0142\u00f3w wysokiej jako\u015bci, front Sara charakteryzuje si\u0119 nie tylko estetycznym wygl\u0105dem, ale tak\u017ce wyj\u0105tkow\u0105 trwa\u0142o\u015bci\u0105. Powierzchnia frontu jest \u0142atwa do utrzymania w czysto\u015bci, co czyni go praktycznym rozwi\u0105zaniem do codziennego u\u017cytku. Dzi\u0119ki g\u0142adkiej strukturze, front ten jest odporny na zarysowania i uszkodzenia, co zapewnia jego d\u0142ugowieczno\u015b\u0107.  <\/p>\n<p>Front AF038 \u2013 Sara oferuje szerok\u0105 gam\u0119 opcji witryn, co umo\u017cliwia eksponowanie wybranych przedmiot\u00f3w w spos\u00f3b estetyczny. Mo\u017cesz wybra\u0107 spo\u015br\u00f3d wariant\u00f3w: No Glass, W0, W1 \u2013 1&#215;1, W1 \u2013 1&#215;2, W1 \u2013 1&#215;3, W1 \u2013 1&#215;4, W2, W3, W4, W5, W6, W7, W8, co pozwala na dostosowanie frontu do indywidualnych potrzeb i stylu wn\u0119trza. Te opcje umo\u017cliwiaj\u0105 stworzenie unikalnych rozwi\u0105za\u0144, kt\u00f3re b\u0119d\u0105 odzwierciedla\u0142y Tw\u00f3j osobisty gust.  <\/p>\n<p>Thanks to its versatility and variety of finishes, the AF038 \u2013 Sara cabinet door is an ideal choice for both classic and modern interiors. It can become the focal point of any room, enhancing its aesthetic and adding character. This cabinet door harmonizes beautifully with other design elements, creating a cohesive and elegant overall look.  <\/p>\n<p>Decyduj\u0105c si\u0119 na front AF038 \u2013 Sara, inwestujesz w produkt, kt\u00f3ry \u0142\u0105czy w sobie nowoczesny styl, funkcjonalno\u015b\u0107 oraz wysok\u0105 jako\u015b\u0107 wykonania. To idealne rozwi\u0105zanie dla os\u00f3b, kt\u00f3re pragn\u0105 wprowadzi\u0107 do swojego wn\u0119trza akcent elegancji i nowoczesno\u015bci, nie rezygnuj\u0105c przy tym z praktyczno\u015bci i komfortu u\u017cytkowania. Front Sara to wyb\u00f3r, kt\u00f3ry doda Twojemu wn\u0119trzu niepowtarzalnego charakteru i sprawi, \u017ce stanie si\u0119 ono jeszcze bardziej przytulne i stylowe.  <\/p>\n","protected":false},"excerpt":{"rendered":"<p>Front AF038 \u2013 Sara to elegancki wyb\u00f3r, idealny do kuchni, szaf, kom\u00f3d i \u0142azienek. Jego nowoczesny wz\u00f3r dodaje wn\u0119trzom g\u0142\u0119bi i szyku. Oferuje r\u00f3\u017cne opcje witryn, od No Glass po W8, co pozwala na personalizacj\u0119 i tworzenie unikalnych rozwi\u0105za\u0144. Dzi\u0119ki trwa\u0142ym materia\u0142om i \u0142atwo\u015bci w utrzymaniu, front Sara \u0142\u0105czy estetyk\u0119 z funkcjonalno\u015bci\u0105, wprowadzaj\u0105c nowoczesny akcent do ka\u017cdego wn\u0119trza.   <\/p>\n","protected":false},"featured_media":5695,"comment_status":"closed","ping_status":"closed","template":"","meta":{"_et_pb_use_builder":"","_et_pb_old_content":"","_et_gb_content_width":""},"product_brand":[],"product_cat":[292,271,288,270,168,272,273],"product_tag":[],"class_list":{"0":"post-8305","1":"product","2":"type-product","3":"status-publish","4":"has-post-thumbnail","6":"product_cat-cabinet-door","7":"product_cat-_cabinet-doors","8":"product_cat-flat-panel","9":"product_cat-glasscabinetdoors","10":"product_cat-kitchen-cabinet-doors","11":"product_cat-kitchen-cabinets","12":"product_cat-mdf","13":"pa_glass-mdf-doors-cabinet-doors-without-glass-opening","14":"pa_glass-mdf-doors-w0","15":"pa_glass-mdf-doors-w1-1x1","16":"pa_glass-mdf-doors-w1-1x2","17":"pa_glass-mdf-doors-w1-1x3","18":"pa_glass-mdf-doors-w2","19":"pa_glass-mdf-doors-w2-2x2","20":"pa_glass-mdf-doors-w3","21":"pa_glass-mdf-doors-w4","22":"pa_glass-mdf-doors-w5","23":"pa_glass-mdf-doors-w6","24":"pa_glass-mdf-doors-w7","25":"pa_glass-mdf-doors-w8","27":"first","28":"instock","29":"taxable","30":"shipping-taxable","31":"purchasable","32":"product-type-variable","33":"has-default-attributes"},"_links":{"self":[{"href":"https:\/\/wikicnc.pl\/en\/wp-json\/wp\/v2\/product\/8305","targetHints":{"allow":["GET"]}}],"collection":[{"href":"https:\/\/wikicnc.pl\/en\/wp-json\/wp\/v2\/product"}],"about":[{"href":"https:\/\/wikicnc.pl\/en\/wp-json\/wp\/v2\/types\/product"}],"replies":[{"embeddable":true,"href":"https:\/\/wikicnc.pl\/en\/wp-json\/wp\/v2\/comments?post=8305"}],"wp:featuredmedia":[{"embeddable":true,"href":"https:\/\/wikicnc.pl\/en\/wp-json\/wp\/v2\/media\/5695"}],"wp:attachment":[{"href":"https:\/\/wikicnc.pl\/en\/wp-json\/wp\/v2\/media?parent=8305"}],"wp:term":[{"taxonomy":"product_brand","embeddable":true,"href":"https:\/\/wikicnc.pl\/en\/wp-json\/wp\/v2\/product_brand?post=8305"},{"taxonomy":"product_cat","embeddable":true,"href":"https:\/\/wikicnc.pl\/en\/wp-json\/wp\/v2\/product_cat?post=8305"},{"taxonomy":"product_tag","embeddable":true,"href":"https:\/\/wikicnc.pl\/en\/wp-json\/wp\/v2\/product_tag?post=8305"}],"curies":[{"name":"wp","href":"https:\/\/api.w.org\/{rel}","templated":true}]}}