{"id":2954,"date":"2022-08-03T14:15:57","date_gmt":"2022-08-03T12:15:57","guid":{"rendered":"https:\/\/wikicnc.pl\/news\/"},"modified":"2025-08-01T23:44:19","modified_gmt":"2025-08-01T21:44:19","slug":"news","status":"publish","type":"page","link":"https:\/\/wikicnc.pl\/en\/news\/","title":{"rendered":"News"},"content":{"rendered":"<p>[et_pb_section fb_built=&#8221;1&#8243; module_class=&#8221;pa-blur&#8221; _builder_version=&#8221;4.18.0&#8243; _module_preset=&#8221;default&#8221; background_image=&#8221;https:\/\/wikicnc.pl\/wp-content\/uploads\/2022\/08\/aktualnosci2.jpg&#8221; parallax=&#8221;on&#8221; animation_style=&#8221;slide&#8221; animation_direction=&#8221;top&#8221; animation_duration=&#8221;600ms&#8221; animation_intensity_slide=&#8221;5%&#8221; locked=&#8221;off&#8221; global_colors_info=&#8221;{}&#8221;][et_pb_row _builder_version=&#8221;4.18.0&#8243; _module_preset=&#8221;default&#8221; global_colors_info=&#8221;{}&#8221;][et_pb_column type=&#8221;4_4&#8243; _builder_version=&#8221;4.18.0&#8243; _module_preset=&#8221;default&#8221; global_colors_info=&#8221;{}&#8221;][et_pb_text _builder_version=&#8221;4.18.0&#8243; _dynamic_attributes=&#8221;content&#8221; _module_preset=&#8221;default&#8221; header_font=&#8221;||||||||&#8221; header_text_align=&#8221;center&#8221; header_font_size=&#8221;56px&#8221; custom_padding=&#8221;20px||20px||false|false&#8221; global_colors_info=&#8221;{}&#8221;]@ET-DC@eyJkeW5hbWljIjp0cnVlLCJjb250ZW50IjoicG9zdF90aXRsZSIsInNldHRpbmdzIjp7ImJlZm9yZSI6IjxoMT4iLCJhZnRlciI6IjwvaDE+IiwiZW5hYmxlX2h0bWwiOiJvZmYifX0=@[\/et_pb_text][\/et_pb_column][\/et_pb_row][\/et_pb_section][et_pb_section fb_built=&#8221;1&#8243; _builder_version=&#8221;4.18.0&#8243; _module_preset=&#8221;default&#8221; custom_padding=&#8221;||0px|||&#8221; global_colors_info=&#8221;{}&#8221;][et_pb_row column_structure=&#8221;2_3,1_3&#8243; use_custom_gutter=&#8221;on&#8221; gutter_width=&#8221;2&#8243; _builder_version=&#8221;4.18.0&#8243; _module_preset=&#8221;default&#8221; global_colors_info=&#8221;{}&#8221;][et_pb_column type=&#8221;2_3&#8243; _builder_version=&#8221;4.18.0&#8243; _module_preset=&#8221;default&#8221; animation_style=&#8221;slide&#8221; animation_direction=&#8221;left&#8221; animation_duration=&#8221;600ms&#8221; animation_intensity_slide=&#8221;5%&#8221; global_colors_info=&#8221;{}&#8221;][et_pb_text _builder_version=&#8221;4.27.2&#8243; _module_preset=&#8221;default&#8221; custom_margin=&#8221;-42px|||||&#8221; global_colors_info=&#8221;{}&#8221;][\/et_pb_text][et_pb_text _builder_version=&#8221;4.27.4&#8243; _module_preset=&#8221;default&#8221; global_colors_info=&#8221;{}&#8221;]<\/p>\n<h2 style=\"text-align: center;\">News and trends.<br \/>Innovations in lacquered fronts:<\/h2>\n<p>[\/et_pb_text][et_pb_blog fullwidth=&#8221;off&#8221; posts_number=&#8221;10000&#8243; include_categories=&#8221;22,25,24&#8243; excerpt_length=&#8221;200&#8243; show_more=&#8221;on&#8221; show_author=&#8221;off&#8221; show_categories=&#8221;off&#8221; _builder_version=&#8221;4.27.4&#8243; _module_preset=&#8221;default&#8221; background_enable_image=&#8221;off&#8221; border_width_all_image=&#8221;1px&#8221; global_colors_info=&#8221;{}&#8221;][\/et_pb_blog][\/et_pb_column][et_pb_column type=&#8221;1_3&#8243; _builder_version=&#8221;4.18.0&#8243; _module_preset=&#8221;default&#8221; custom_padding=&#8221;20px||20px|30px|false|false&#8221; border_width_left=&#8221;1px&#8221; border_color_left=&#8221;#c9c9c9&#8243; global_colors_info=&#8221;{}&#8221;][et_pb_code _builder_version=&#8221;4.27.2&#8243; _module_preset=&#8221;default&#8221; animation_style=&#8221;slide&#8221; animation_direction=&#8221;right&#8221; animation_duration=&#8221;500ms&#8221; animation_intensity_slide=&#8221;5%&#8221; global_colors_info=&#8221;{}&#8221;]<iframe loading=\"lazy\" alt=\"news\" src=\"https:\/\/www.facebook.com\/plugins\/page.php?href=https%3A%2F%2Fwww.facebook.com%2Fwikicnc%2F&amp;tabs&amp;width=340&amp;height=130&amp;small_header=false&amp;adapt_container_width=true&amp;hide_cover=false&amp;show_facepile=true&amp;appId\" width=\"340\" height=\"130\" style=\"border:none;overflow:hidden\" scrolling=\"no\" frameborder=\"0\" allowfullscreen=\"true\" allow=\"autoplay; clipboard-write; encrypted-media; picture-in-picture; web-share\"><\/iframe>[\/et_pb_code][et_pb_social_media_follow use_icon_font_size=&#8221;on&#8221; icon_font_size=&#8221;18px&#8221; _builder_version=&#8221;4.18.0&#8243; _module_preset=&#8221;default&#8221; text_orientation=&#8221;left&#8221; animation_style=&#8221;slide&#8221; animation_direction=&#8221;right&#8221; animation_duration=&#8221;600ms&#8221; animation_intensity_slide=&#8221;5%&#8221; border_radii=&#8221;on|9px|9px|9px|9px&#8221; global_colors_info=&#8221;{}&#8221;][et_pb_social_media_follow_network social_network=&#8221;facebook&#8221; url=&#8221;https:\/\/www.facebook.com\/wikicnc&#8221; _builder_version=&#8221;4.18.0&#8243; _module_preset=&#8221;default&#8221; background_color=&#8221;#3b5998&#8243; global_colors_info=&#8221;{}&#8221; follow_button=&#8221;off&#8221; url_new_window=&#8221;on&#8221;]facebook[\/et_pb_social_media_follow_network][et_pb_social_media_follow_network social_network=&#8221;instagram&#8221; url=&#8221;https:\/\/www.instagram.com\/wikicnc\/&#8221; _builder_version=&#8221;4.18.0&#8243; _module_preset=&#8221;default&#8221; background_color=&#8221;#e82c6d&#8221; background_enable_color=&#8221;on&#8221; global_colors_info=&#8221;{}&#8221; follow_button=&#8221;off&#8221; url_new_window=&#8221;on&#8221;]instagram[\/et_pb_social_media_follow_network][et_pb_social_media_follow_network social_network=&#8221;youtube&#8221; url=&#8221;https:\/\/www.youtube.com\/channel\/UCvWXhGq82na6XL9ESaDiOQA&#8221; _builder_version=&#8221;4.18.0&#8243; _module_preset=&#8221;default&#8221; background_color=&#8221;#ce2900&#8243; background_enable_color=&#8221;on&#8221; global_colors_info=&#8221;{}&#8221; follow_button=&#8221;off&#8221; url_new_window=&#8221;on&#8221;]youtube[\/et_pb_social_media_follow_network][et_pb_social_media_follow_network social_network=&#8221;linkedin&#8221; url=&#8221;https:\/\/www.linkedin.com\/company\/wikicnc\/about\/&#8221; _builder_version=&#8221;4.18.0&#8243; _module_preset=&#8221;default&#8221; background_color=&#8221;#007bb6&#8243; global_colors_info=&#8221;{}&#8221; follow_button=&#8221;off&#8221; url_new_window=&#8221;on&#8221;]linkedin[\/et_pb_social_media_follow_network][\/et_pb_social_media_follow][et_pb_text _builder_version=&#8221;4.27.2&#8243; _module_preset=&#8221;default&#8221; animation_style=&#8221;slide&#8221; animation_direction=&#8221;right&#8221; animation_duration=&#8221;700ms&#8221; animation_intensity_slide=&#8221;5%&#8221; global_colors_info=&#8221;{}&#8221;]<\/p>\n<p><span>Team <strong>#<\/strong><\/span><strong>wikiCNC <\/strong><span>specializes in the production of MDF fronts, modular panels, stair cutting, specialized carpentry and upholstery services, as well as creating technical documentation and industry-specific drawings to meet customer needs..<\/span><\/p>\n<p>[\/et_pb_text][et_pb_button button_url=&#8221;@ET-DC@eyJkeW5hbWljIjp0cnVlLCJjb250ZW50IjoicG9zdF9saW5rX3VybF9wYWdlIiwic2V0dGluZ3MiOnsicG9zdF9pZCI6IjIwIiwiZW5hYmxlX2h0bWwiOiJvZmYifX0=@&#8221; button_text=&#8221;Go to Contact&#8221; button_alignment=&#8221;center&#8221; _builder_version=&#8221;4.18.0&#8243; _dynamic_attributes=&#8221;button_url&#8221; _module_preset=&#8221;default&#8221; custom_button=&#8221;on&#8221; button_text_size=&#8221;20px&#8221; button_text_color=&#8221;#000000&#8243; button_border_width=&#8221;1px&#8221; button_border_radius=&#8221;9px&#8221; button_font=&#8221;|600|||||||&#8221; button_icon=&#8221;&#x35;||divi||400&#8243; custom_margin=&#8221;30px||||false|false&#8221; animation_style=&#8221;slide&#8221; animation_direction=&#8221;right&#8221; animation_duration=&#8221;800ms&#8221; animation_intensity_slide=&#8221;5%&#8221; locked=&#8221;off&#8221; global_colors_info=&#8221;{}&#8221; button_bg_color__hover_enabled=&#8221;on|desktop&#8221; button_bg_color__hover=&#8221;#000000&#8243; button_bg_enable_color__hover=&#8221;on&#8221; button_text_color__hover_enabled=&#8221;on|desktop&#8221; button_text_color__hover=&#8221;#FFFFFF&#8221;][\/et_pb_button][\/et_pb_column][\/et_pb_row][\/et_pb_section][et_pb_section fb_built=&#8221;1&#8243; _builder_version=&#8221;4.18.0&#8243; _module_preset=&#8221;default&#8221; custom_padding=&#8221;3px|||||&#8221; global_colors_info=&#8221;{}&#8221;][et_pb_row use_custom_gutter=&#8221;on&#8221; gutter_width=&#8221;2&#8243; _builder_version=&#8221;4.18.0&#8243; _module_preset=&#8221;default&#8221; custom_padding=&#8221;3px|||||&#8221; global_colors_info=&#8221;{}&#8221;][et_pb_column type=&#8221;4_4&#8243; _builder_version=&#8221;4.18.0&#8243; _module_preset=&#8221;default&#8221; animation_style=&#8221;slide&#8221; animation_direction=&#8221;left&#8221; animation_duration=&#8221;600ms&#8221; animation_intensity_slide=&#8221;5%&#8221; global_colors_info=&#8221;{}&#8221;][et_pb_text _builder_version=&#8221;4.27.2&#8243; _module_preset=&#8221;default&#8221; global_colors_info=&#8221;{}&#8221;][\/et_pb_text][et_pb_divider _builder_version=&#8221;4.27.2&#8243; _module_preset=&#8221;default&#8221; min_height=&#8221;50.8px&#8221; custom_margin=&#8221;50px|||||&#8221; custom_padding=&#8221;0px||0px|||&#8221; global_colors_info=&#8221;{}&#8221;][\/et_pb_divider][lwp_image_carousel gallery_ids=&#8221;1107,1106,1105,1104,1103,1102,1101,1100,1099,1098,1097,1096,1095,1112,1111,1110,1109,1108,1093,1092,1091,1090,1089,1088,1087,1086,1085,1084,1083,1082,1081,1080,1079,1078,1077,1076,1075,1074,1073,1072,1071,1070,1069,1068,1067,1066,1065,1064,1063,1062,1061,1060,1059,1058,1057,1056,1055,1054,1053&#8243; show_dots=&#8221;off&#8221; arrow_color=&#8221;#fcef00&#8243; dots_color=&#8221;RGBA(255,255,255,0)&#8221; layout=&#8221;center&#8221; vertical_layout=&#8221;off&#8221; _builder_version=&#8221;4.27.2&#8243; _module_preset=&#8221;default&#8221; transform_scale=&#8221;130%|130%&#8221; border_color_all_center_image=&#8221;RGBA(255,255,255,0)&#8221; global_colors_info=&#8221;{}&#8221;][\/lwp_image_carousel][et_pb_divider _builder_version=&#8221;4.27.2&#8243; _module_preset=&#8221;default&#8221; min_height=&#8221;15.8px&#8221; custom_margin=&#8221;60px|||||&#8221; custom_padding=&#8221;||51px|||&#8221; global_colors_info=&#8221;{}&#8221;][\/et_pb_divider][et_pb_accordion _builder_version=&#8221;4.27.2&#8243; _module_preset=&#8221;default&#8221; custom_margin=&#8221;-1px|||||&#8221; global_colors_info=&#8221;{}&#8221;][et_pb_accordion_item title=&#8221;Is this a cabinet door for the kitchen?&#8221; open=&#8221;on&#8221; _builder_version=&#8221;4.27.2&#8243; _module_preset=&#8221;default&#8221; global_colors_info=&#8221;{}&#8221;]<\/p>\n<p>You&#8217;ll find updates on kitchen and furniture design trends, as well as information about what\u2019s happening at wikiCNC. Follow us to stay informed about new products and inspirations to help you create your dream space! <\/p>\n<p>[\/et_pb_accordion_item][et_pb_accordion_item title=&#8221;What Kitchen Cabinet Doors?&#8221; _builder_version=&#8221;4.27.2&#8243; _module_preset=&#8221;default&#8221; global_colors_info=&#8221;{}&#8221; open=&#8221;off&#8221;]<\/p>\n<p>In the <a href=\"https:\/\/wikicnc.pl\/en\/news\/\" title=\"news\"><strong>News<\/strong><\/a> section, we will regularly update the latest news and trends from the world of cutting-edge kitchen and furniture design. Our goal is to provide customers with information on innovative solutions that combine aesthetics with functionality. Follow us to stay updated with inspiration that will help in designing modern kitchen spaces. We ensure that our updates will provide valuable tips for anyone looking to transform their interior.   <\/p>\n<p>&nbsp;<\/p>\n<p>[\/et_pb_accordion_item][\/et_pb_accordion][\/et_pb_column][\/et_pb_row][\/et_pb_section]<\/p>\n","protected":false},"excerpt":{"rendered":"<p>News and trends.Innovations in lacquered fronts:Team #wikiCNC specializes in the production of MDF fronts, modular panels, stair cutting, specialized carpentry and upholstery services, as well as creating technical documentation and industry-specific drawings to meet customer needs..<div class=\"et_pb_with_border et_pb_module lwp_image_carousel lwp_image_carousel_0\">\n\t\t\t\t\n\t\t\t\t\n\t\t\t\t\n\t\t\t\t\n\t\t\t\t\n\t\t\t\t\n\t\t\t\t<div class=\"et_pb_module_inner\">\n\t\t\t\t\t\r\n\t\t\t<section class=\"lwp-slick-slider slider small-slider lwp-center-slider lwp-side-center\" data-slick='{ \"vertical\":false, \"centerMode\": true, \"centerPadding\": \"60px\",  \"slidesToShow\": 3, \"dots\":false, \"arrows\":true, \"infinite\":true, \"autoplay\":false, \"autoplaySpeed\":2000, \"pauseOnHover\":true, \"adaptiveHeight\":true, \"speed\":300, \"cssEase\":\"ease\", \"responsive\": [ { \"breakpoint\": 980, \"settings\": { \"centerMode\": true, \"slidesToShow\": 3, \"arrows\":true,\"dots\":false } } ,{ \"breakpoint\": 767, \"settings\": {\"centerMode\": true, \"slidesToShow\": 1, \"arrows\":true,\"dots\":false } } ] }'>\r\n\t\t\t\t<div><img decoding=\"async\" src=\"https:\/\/wikicnc.pl\/wp-content\/uploads\/2024\/10\/Fronty_300X300__AF069_PAMELA.png\" alt=\"Front do szafki kuchennej: Nowoczesna Produkcja z Technologi\u0105 Nesting\" Je\u015bli potrzebujesz wi\u0119cej informacji lub dodatkowych tekst\u00f3w, daj zna\u0107!\" title=\"Fronty_300X300__AF069_PAMELA\"><\/div><div><img decoding=\"async\" src=\"https:\/\/wikicnc.pl\/wp-content\/uploads\/2024\/10\/Fronty_300X300__AF068_KLEMENTYNA.png\" alt=\"\" title=\"Fronty_300X300__AF068_KLEMENTYNA\"><\/div><div><img decoding=\"async\" src=\"https:\/\/wikicnc.pl\/wp-content\/uploads\/2024\/10\/Fronty_300X300__AF067_BOGNA.png\" alt=\"\" title=\"Fronty_300X300__AF067_BOGNA\"><\/div><div><img decoding=\"async\" src=\"https:\/\/wikicnc.pl\/wp-content\/uploads\/2024\/10\/Fronty_300X300__AF066_SANDRA.png\" alt=\"\" title=\"Fronty_300X300__AF066_SANDRA\"><\/div><div><img decoding=\"async\" src=\"https:\/\/wikicnc.pl\/wp-content\/uploads\/2024\/10\/Fronty_300X300__AF065_JAGNA.png\" alt=\"\" title=\"Fronty_300X300__AF065_JAGNA\"><\/div><div><img decoding=\"async\" src=\"https:\/\/wikicnc.pl\/wp-content\/uploads\/2024\/10\/Fronty_300X300__AF064_JOWITA.png\" alt=\"\" title=\"Fronty_300X300__AF064_JOWITA\"><\/div><div><img decoding=\"async\" src=\"https:\/\/wikicnc.pl\/wp-content\/uploads\/2024\/10\/Fronty_300X300__AF062_BEATA.png\" alt=\"\" title=\"Fronty_300X300__AF062_BEATA\"><\/div><div><img decoding=\"async\" src=\"https:\/\/wikicnc.pl\/wp-content\/uploads\/2024\/10\/Fronty_300X300__AF061_ELENA.png\" alt=\"\" title=\"Fronty_300X300__AF061_ELENA\"><\/div><div><img decoding=\"async\" src=\"https:\/\/wikicnc.pl\/wp-content\/uploads\/2024\/10\/Fronty_300X300__AF059_KORNELIA.png\" alt=\"\" title=\"Fronty_300X300__AF059_KORNELIA\"><\/div><div><img decoding=\"async\" src=\"https:\/\/wikicnc.pl\/wp-content\/uploads\/2024\/10\/Fronty_300X300__AF058_ANDREA.png\" alt=\"\" title=\"Fronty_300X300__AF058_ANDREA\"><\/div><div><img decoding=\"async\" src=\"https:\/\/wikicnc.pl\/wp-content\/uploads\/2024\/10\/Fronty_300X300__AF057_ALICJA.png\" alt=\"\" title=\"Fronty_300X300__AF057_ALICJA\"><\/div><div><img decoding=\"async\" src=\"https:\/\/wikicnc.pl\/wp-content\/uploads\/2024\/10\/Fronty_300X300__AF055_SOFIA.png\" alt=\"\" title=\"Fronty_300X300__AF055_SOFIA\"><\/div><div><img decoding=\"async\" src=\"https:\/\/wikicnc.pl\/wp-content\/uploads\/2024\/10\/Fronty_300X300__AF051_AMBER.png\" alt=\"\" title=\"Fronty_300X300__AF051_AMBER\"><\/div><div><img decoding=\"async\" src=\"https:\/\/wikicnc.pl\/wp-content\/uploads\/2024\/10\/Fronty_300X300__AF079_WIOLA.png\" alt=\"\" title=\"Fronty_300X300__AF079_WIOLA\"><\/div><div><img decoding=\"async\" src=\"https:\/\/wikicnc.pl\/wp-content\/uploads\/2024\/10\/Fronty_300X300__AF076_JASMINA.png\" alt=\"\" title=\"Fronty_300X300__AF076_JASMINA\"><\/div><div><img decoding=\"async\" src=\"https:\/\/wikicnc.pl\/wp-content\/uploads\/2024\/10\/Fronty_300X300__AF075_KALINA.png\" alt=\"\" title=\"Fronty_300X300__AF075_KALINA\"><\/div><div><img decoding=\"async\" src=\"https:\/\/wikicnc.pl\/wp-content\/uploads\/2024\/10\/Fronty_300X300__AF074_CELINA.png\" alt=\"\" title=\"Fronty_300X300__AF074_CELINA\"><\/div><div><img decoding=\"async\" src=\"https:\/\/wikicnc.pl\/wp-content\/uploads\/2024\/10\/Fronty_300X300__AF070_SHUTTERS.png\" alt=\"\" title=\"Fronty_300X300__AF070_SHUTTERS\"><\/div><div><img decoding=\"async\" src=\"https:\/\/wikicnc.pl\/wp-content\/uploads\/2024\/10\/Fronty_300X300__AF047_NADIA.png\" alt=\"\" title=\"Fronty_300X300__AF047_NADIA\"><\/div><div><img decoding=\"async\" src=\"https:\/\/wikicnc.pl\/wp-content\/uploads\/2024\/10\/Fronty_300X300__AF046_SELENA.png\" alt=\"\" title=\"Fronty_300X300__AF046_SELENA\"><\/div><div><img decoding=\"async\" src=\"https:\/\/wikicnc.pl\/wp-content\/uploads\/2024\/10\/Fronty_300X300__AF045_MARLENA.png\" alt=\"\" title=\"Fronty_300X300__AF045_MARLENA\"><\/div><div><img decoding=\"async\" src=\"https:\/\/wikicnc.pl\/wp-content\/uploads\/2024\/10\/Fronty_300X300__AF044_KAJA.png\" alt=\"\" title=\"Fronty_300X300__AF044_KAJA\"><\/div><div><img decoding=\"async\" src=\"https:\/\/wikicnc.pl\/wp-content\/uploads\/2024\/10\/Fronty_300X300__AF043_BERNADETA.png\" alt=\"\" title=\"Fronty_300X300__AF043_BERNADETA\"><\/div><div><img decoding=\"async\" src=\"https:\/\/wikicnc.pl\/wp-content\/uploads\/2024\/10\/Fronty_300X300__AF041_KLARA.png\" alt=\"\" title=\"Fronty_300X300__AF041_KLARA\"><\/div><div><img decoding=\"async\" src=\"https:\/\/wikicnc.pl\/wp-content\/uploads\/2024\/10\/Fronty_300X300__AF040_HELA.png\" alt=\"\" title=\"Fronty_300X300__AF040_HELA\"><\/div><div><img decoding=\"async\" src=\"https:\/\/wikicnc.pl\/wp-content\/uploads\/2024\/10\/Fronty_300X300__AF038_SARA.png\" alt=\"\" title=\"Fronty_300X300__AF038_SARA\"><\/div><div><img decoding=\"async\" src=\"https:\/\/wikicnc.pl\/wp-content\/uploads\/2024\/10\/Fronty_300X300__AF037_MIRKA.png\" alt=\"\" title=\"Fronty_300X300__AF037_MIRKA\"><\/div><div><img decoding=\"async\" src=\"https:\/\/wikicnc.pl\/wp-content\/uploads\/2024\/10\/Fronty_300X300__AF036_ZUZANNA.png\" alt=\"\" title=\"Fronty_300X300__AF036_ZUZANNA\"><\/div><div><img decoding=\"async\" src=\"https:\/\/wikicnc.pl\/wp-content\/uploads\/2024\/10\/Fronty_300X300__AF035_MARTYNA.png\" alt=\"\" title=\"Fronty_300X300__AF035_MARTYNA\"><\/div><div><img decoding=\"async\" src=\"https:\/\/wikicnc.pl\/wp-content\/uploads\/2024\/10\/Fronty_300X300__AF031_DOROTA.png\" alt=\"\" title=\"Fronty_300X300__AF031_DOROTA\"><\/div><div><img decoding=\"async\" src=\"https:\/\/wikicnc.pl\/wp-content\/uploads\/2024\/10\/Fronty_300X300__AF030_MONIKA.png\" alt=\"\" title=\"Fronty_300X300__AF030_MONIKA\"><\/div><div><img decoding=\"async\" src=\"https:\/\/wikicnc.pl\/wp-content\/uploads\/2024\/10\/Fronty_300X300__AF029_AGA.png\" alt=\"\" title=\"Fronty_300X300__AF029_AGA\"><\/div><div><img decoding=\"async\" src=\"https:\/\/wikicnc.pl\/wp-content\/uploads\/2024\/10\/Fronty_300X300__AF028_TOSIA.png\" alt=\"\" title=\"Fronty_300X300__AF028_TOSIA\"><\/div><div><img decoding=\"async\" src=\"https:\/\/wikicnc.pl\/wp-content\/uploads\/2024\/10\/Fronty_300X300__AF027_ELIZA.png\" alt=\"\" title=\"Fronty_300X300__AF027_ELIZA\"><\/div><div><img decoding=\"async\" src=\"https:\/\/wikicnc.pl\/wp-content\/uploads\/2024\/10\/Fronty_300X300__AF026_HONORATA.png\" alt=\"\" title=\"Fronty_300X300__AF026_HONORATA\"><\/div><div><img decoding=\"async\" src=\"https:\/\/wikicnc.pl\/wp-content\/uploads\/2024\/10\/Fronty_300X300__AF025_BELLA.png\" alt=\"\" title=\"Fronty_300X300__AF025_BELLA\"><\/div><div><img decoding=\"async\" src=\"https:\/\/wikicnc.pl\/wp-content\/uploads\/2024\/10\/Fronty_300X300__AF024_OLA.png\" alt=\"\" title=\"Fronty_300X300__AF024_OLA\"><\/div><div><img decoding=\"async\" src=\"https:\/\/wikicnc.pl\/wp-content\/uploads\/2024\/10\/Fronty_300X300__AF023_SYLWIA.png\" alt=\"\" title=\"Fronty_300X300__AF023_SYLWIA\"><\/div><div><img decoding=\"async\" src=\"https:\/\/wikicnc.pl\/wp-content\/uploads\/2024\/10\/Fronty_300X300__AF022_MALWINA.png\" alt=\"\" title=\"Fronty_300X300__AF022_MALWINA\"><\/div><div><img decoding=\"async\" src=\"https:\/\/wikicnc.pl\/wp-content\/uploads\/2024\/10\/Fronty_300X300__AF021_NATALIA.png\" alt=\"\" title=\"Fronty_300X300__AF021_NATALIA\"><\/div><div><img decoding=\"async\" src=\"https:\/\/wikicnc.pl\/wp-content\/uploads\/2024\/10\/Fronty_300X300__AF020_IWONA.png\" alt=\"\" title=\"Fronty_300X300__AF020_IWONA\"><\/div><div><img decoding=\"async\" src=\"https:\/\/wikicnc.pl\/wp-content\/uploads\/2024\/10\/Fronty_300X300__AF019_AGATA.png\" alt=\"\" title=\"Fronty_300X300__AF019_AGATA\"><\/div><div><img decoding=\"async\" src=\"https:\/\/wikicnc.pl\/wp-content\/uploads\/2024\/10\/Fronty_300X300__AF018_ULA.png\" alt=\"\" title=\"Fronty_300X300__AF018_ULA\"><\/div><div><img decoding=\"async\" src=\"https:\/\/wikicnc.pl\/wp-content\/uploads\/2024\/10\/Fronty_300X300__AF017_KLAUDIA.png\" alt=\"\" title=\"Fronty_300X300__AF017_KLAUDIA\"><\/div><div><img decoding=\"async\" src=\"https:\/\/wikicnc.pl\/wp-content\/uploads\/2024\/10\/Fronty_300X300__AF015_ZOSIA.png\" alt=\"\" title=\"Fronty_300X300__AF015_ZOSIA\"><\/div><div><img decoding=\"async\" src=\"https:\/\/wikicnc.pl\/wp-content\/uploads\/2024\/10\/Fronty_300X300__AF014_IGA.png\" alt=\"\" title=\"Fronty_300X300__AF014_IGA\"><\/div><div><img decoding=\"async\" src=\"https:\/\/wikicnc.pl\/wp-content\/uploads\/2024\/10\/Fronty_300X300__AF013_JOANNA.png\" alt=\"\" title=\"Fronty_300X300__AF013_JOANNA\"><\/div><div><img decoding=\"async\" src=\"https:\/\/wikicnc.pl\/wp-content\/uploads\/2024\/10\/Fronty_300X300__AF012_DOMINIKA.png\" alt=\"\" title=\"Fronty_300X300__AF012_DOMINIKA\"><\/div><div><img decoding=\"async\" src=\"https:\/\/wikicnc.pl\/wp-content\/uploads\/2024\/10\/Fronty_300X300__AF011_JULIA.png\" alt=\"\" title=\"Fronty_300X300__AF011_JULIA\"><\/div><div><img decoding=\"async\" src=\"https:\/\/wikicnc.pl\/wp-content\/uploads\/2024\/10\/Fronty_300X300__AF010_ROMEO.png\" alt=\"\" title=\"Fronty_300X300__AF010_ROMEO\"><\/div><div><img decoding=\"async\" src=\"https:\/\/wikicnc.pl\/wp-content\/uploads\/2024\/10\/Fronty_300X300__AF009_EMMA.png\" alt=\"\" title=\"Fronty_300X300__AF009_EMMA\"><\/div><div><img decoding=\"async\" src=\"https:\/\/wikicnc.pl\/wp-content\/uploads\/2024\/10\/Fronty_300X300__AF008_BARBARA.png\" alt=\"\" title=\"Fronty_300X300__AF008_BARBARA\"><\/div><div><img decoding=\"async\" src=\"https:\/\/wikicnc.pl\/wp-content\/uploads\/2024\/10\/Fronty_300X300__AF007_VIKTORIA.png\" alt=\"\" title=\"Fronty_300X300__AF007_VIKTORIA\"><\/div><div><img decoding=\"async\" src=\"https:\/\/wikicnc.pl\/wp-content\/uploads\/2024\/10\/Fronty_300X300__AF006_MAGDA.png\" alt=\"\" title=\"Fronty_300X300__AF006_MAGDA\"><\/div><div><img decoding=\"async\" src=\"https:\/\/wikicnc.pl\/wp-content\/uploads\/2024\/10\/Fronty_300X300__AF005_ANNA.png\" alt=\"\" title=\"Fronty_300X300__AF005_ANNA\"><\/div><div><img decoding=\"async\" src=\"https:\/\/wikicnc.pl\/wp-content\/uploads\/2024\/10\/Fronty_300X300__AF004_MARTA.png\" alt=\"\" title=\"Fronty_300X300__AF004_MARTA\"><\/div><div><img decoding=\"async\" src=\"https:\/\/wikicnc.pl\/wp-content\/uploads\/2024\/10\/Fronty_300X300__AF003_EKRAN.png\" alt=\"\" title=\"Fronty_300X300__AF003_EKRAN\"><\/div><div><img decoding=\"async\" src=\"https:\/\/wikicnc.pl\/wp-content\/uploads\/2024\/10\/Fronty_300X300__AF002_RAMKA.png\" alt=\"\" title=\"Fronty_300X300__AF002_RAMKA\"><\/div><div><img decoding=\"async\" src=\"https:\/\/wikicnc.pl\/wp-content\/uploads\/2024\/10\/Fronty_300X300__AF001_TAFLA.png\" alt=\"\" title=\"Fronty_300X300__AF001_TAFLA\"><\/div>\r\n\t\t\t<\/section>\n\t\t\t\t<\/div>\n\t\t\t<\/div>You&#8217;ll find updates on kitchen and furniture design trends, [&hellip;]<\/p>\n","protected":false},"author":1,"featured_media":0,"parent":0,"menu_order":0,"comment_status":"closed","ping_status":"closed","template":"","meta":{"_et_pb_use_builder":"on","_et_pb_old_content":"","_et_gb_content_width":"","footnotes":""},"class_list":["post-2954","page","type-page","status-publish","hentry"],"_links":{"self":[{"href":"https:\/\/wikicnc.pl\/en\/wp-json\/wp\/v2\/pages\/2954","targetHints":{"allow":["GET"]}}],"collection":[{"href":"https:\/\/wikicnc.pl\/en\/wp-json\/wp\/v2\/pages"}],"about":[{"href":"https:\/\/wikicnc.pl\/en\/wp-json\/wp\/v2\/types\/page"}],"author":[{"embeddable":true,"href":"https:\/\/wikicnc.pl\/en\/wp-json\/wp\/v2\/users\/1"}],"replies":[{"embeddable":true,"href":"https:\/\/wikicnc.pl\/en\/wp-json\/wp\/v2\/comments?post=2954"}],"version-history":[{"count":13,"href":"https:\/\/wikicnc.pl\/en\/wp-json\/wp\/v2\/pages\/2954\/revisions"}],"predecessor-version":[{"id":7497,"href":"https:\/\/wikicnc.pl\/en\/wp-json\/wp\/v2\/pages\/2954\/revisions\/7497"}],"wp:attachment":[{"href":"https:\/\/wikicnc.pl\/en\/wp-json\/wp\/v2\/media?parent=2954"}],"curies":[{"name":"wp","href":"https:\/\/api.w.org\/{rel}","templated":true}]}}