{"id":8194,"date":"2024-11-03T23:57:32","date_gmt":"2024-11-03T22:57:32","guid":{"rendered":"https:\/\/wikicnc.pl\/produkt\/hela-moebelfront\/"},"modified":"2024-11-03T23:57:32","modified_gmt":"2024-11-03T22:57:32","slug":"hela-moebelfront","status":"publish","type":"product","link":"https:\/\/wikicnc.pl\/de\/produkt\/hela-moebelfront\/","title":{"rendered":"HELA M\u00f6belfront"},"content":{"rendered":"<p>AF040 &#8211; HELA M\u00f6belfront<\/p>\n<p>Front AF040 \u2013 Hela ist ein elegantes und modernes Design, das sich sowohl f\u00fcr hohe gefr\u00e4ste Fronten als auch f\u00fcr niedrige Schubladen hervorragend eignet. Sein universeller Charakter erg\u00e4nzt K\u00fcchen-, Wohnzimmer- und Arbeitszimmerprojekte perfekt und bringt Harmonie sowie Stil in jeden Raum. Dank seiner klassischen \u00c4sthetik ist die Front Hela eine ausgezeichnete Wahl f\u00fcr alle, die elegante und funktionale R\u00e4ume schaffen m\u00f6chten.  <\/p>\n<p>Hergestellt aus hochwertigen Materialien, zeichnet sich diese Front nicht nur durch ihr attraktives Aussehen, sondern auch durch gro\u00dfe Langlebigkeit aus. Die Widerstandsf\u00e4higkeit gegen Besch\u00e4digungen und Kratzer sorgt daf\u00fcr, dass die Front Hela ihr urspr\u00fcngliches Aussehen \u00fcber lange Zeit beh\u00e4lt. Die glatte Oberfl\u00e4che erleichtert die Reinigung, was sie zu einer praktischen L\u00f6sung f\u00fcr den t\u00e4glichen Gebrauch macht \u2013 besonders in K\u00fcchen und Bereichen, die h\u00e4ufig gereinigt werden m\u00fcssen.  <\/p>\n<p>Der Front AF040 \u2013 Hela bietet verschiedene Vitrinenoptionen, die es erm\u00f6glichen, ausgew\u00e4hlte Gegenst\u00e4nde auf \u00e4sthetische Weise zu pr\u00e4sentieren. Sie k\u00f6nnen aus den Varianten No Glass, W0, W1 \u2013 1&#215;1, W1 \u2013 1&#215;2, W1 \u2013 1&#215;3, W1 \u2013 1&#215;4, W2, W3, W4, W5, W6, W7 und W8 w\u00e4hlen. Dank dieser M\u00f6glichkeiten wird die Front Hela nicht nur zu einem funktionalen, sondern auch zu einem \u00e4sthetischen Element, das individuell an Ihren Stil und Ihre Bed\u00fcrfnisse angepasst werden kann.  <\/p>\n<p>Die Vielseitigkeit der Front Hela macht sie zur perfekten Erg\u00e4nzung verschiedenster Raumgestaltungen. Sie harmoniert hervorragend mit modernen, minimalistischen Interieurs, f\u00fcgt sich aber ebenso gut in klassische und elegante Umgebungen ein. Ihr schlichtes, dennoch stilvolles Erscheinungsbild macht sie zu einer idealen Erg\u00e4nzung f\u00fcr unterschiedliche M\u00f6belprojekte.  <\/p>\n<p>W\u00e4hlen Sie die Front AF040 \u2013 Hela, erhalten Sie ein Produkt, das modernen Stil, Funktionalit\u00e4t und hohe Qualit\u00e4t in sich vereint. Es ist die perfekte L\u00f6sung f\u00fcr alle, die ihrem Zuhause Eleganz und Komfort verleihen m\u00f6chten, ohne dabei auf Praktikabilit\u00e4t zu verzichten. Die Front Hela verleiht Ihrem Raum einen besonderen Charakter und macht ihn noch gem\u00fctlicher und stilvoller.  <\/p>\n","protected":false},"excerpt":{"rendered":"<p>Front AF040 \u2013 Hela je elegantn\u00fd vzor ide\u00e1lny pre vysok\u00e9 fr\u00e9zovan\u00e9 fronty a n\u00edzke z\u00e1suvky, ktor\u00fd skvele dop\u013a\u0148a projekty kuch\u00fd\u0148, ob\u00fdva\u010diek a pracovn\u00fdch priestorov. Pon\u00faka r\u00f4zne vitr\u00ednov\u00e9 mo\u017enosti, ako s\u00fa No Glass, W0, W1 \u2013 1&#215;1, W1 \u2013 1&#215;2 a \u010fal\u0161ie, \u010do umo\u017e\u0148uje personaliz\u00e1ciu. Vysokokvalitn\u00e9 materi\u00e1ly zabezpe\u010duj\u00fa trv\u00e1cnos\u0165 a \u013eahk\u00fa \u00fadr\u017ebu, sp\u00e1jaj\u00fac estetiku s funk\u010dnos\u0165ou v ka\u017edom interi\u00e9ri.  <\/p>\n","protected":false},"featured_media":5737,"comment_status":"closed","ping_status":"closed","template":"","meta":{"_et_pb_use_builder":"","_et_pb_old_content":"","_et_gb_content_width":""},"product_brand":[],"product_cat":[404,399,402,400,403,405],"product_tag":[],"class_list":{"0":"post-8194","1":"product","2":"type-product","3":"status-publish","4":"has-post-thumbnail","6":"product_cat-flaches-mobelpaneel","7":"product_cat-glasvitrinen","8":"product_cat-kuchenfront-de","9":"product_cat-kuchenfront","10":"product_cat-mdf-de","11":"product_cat-mobelfront-de","12":"pa_glass-mdf-doors-ohne-glaseinsatz","13":"pa_glass-mdf-doors-w0-de","14":"pa_glass-mdf-doors-w1-1x1-de","15":"pa_glass-mdf-doors-w1-1x2-de","16":"pa_glass-mdf-doors-w1-1x3-de","17":"pa_glass-mdf-doors-w2-de","18":"pa_glass-mdf-doors-w2x2","19":"pa_glass-mdf-doors-w3-de","20":"pa_glass-mdf-doors-w4-de","21":"pa_glass-mdf-doors-w5-de","22":"pa_glass-mdf-doors-w6-de","23":"pa_glass-mdf-doors-w7-de","24":"pa_glass-mdf-doors-w8-de","26":"first","27":"instock","28":"taxable","29":"shipping-taxable","30":"purchasable","31":"product-type-variable","32":"has-default-attributes"},"_links":{"self":[{"href":"https:\/\/wikicnc.pl\/de\/wp-json\/wp\/v2\/product\/8194","targetHints":{"allow":["GET"]}}],"collection":[{"href":"https:\/\/wikicnc.pl\/de\/wp-json\/wp\/v2\/product"}],"about":[{"href":"https:\/\/wikicnc.pl\/de\/wp-json\/wp\/v2\/types\/product"}],"replies":[{"embeddable":true,"href":"https:\/\/wikicnc.pl\/de\/wp-json\/wp\/v2\/comments?post=8194"}],"wp:featuredmedia":[{"embeddable":true,"href":"https:\/\/wikicnc.pl\/de\/wp-json\/wp\/v2\/media\/5737"}],"wp:attachment":[{"href":"https:\/\/wikicnc.pl\/de\/wp-json\/wp\/v2\/media?parent=8194"}],"wp:term":[{"taxonomy":"product_brand","embeddable":true,"href":"https:\/\/wikicnc.pl\/de\/wp-json\/wp\/v2\/product_brand?post=8194"},{"taxonomy":"product_cat","embeddable":true,"href":"https:\/\/wikicnc.pl\/de\/wp-json\/wp\/v2\/product_cat?post=8194"},{"taxonomy":"product_tag","embeddable":true,"href":"https:\/\/wikicnc.pl\/de\/wp-json\/wp\/v2\/product_tag?post=8194"}],"curies":[{"name":"wp","href":"https:\/\/api.w.org\/{rel}","templated":true}]}}