{"id":8180,"date":"2024-11-03T23:56:34","date_gmt":"2024-11-03T22:56:34","guid":{"rendered":"https:\/\/wikicnc.pl\/produkt\/maja-moebelfront\/"},"modified":"2024-11-03T23:56:34","modified_gmt":"2024-11-03T22:56:34","slug":"maja-moebelfront","status":"publish","type":"product","link":"https:\/\/wikicnc.pl\/de\/produkt\/maja-moebelfront\/","title":{"rendered":"MAJA M\u00f6belfront"},"content":{"rendered":"<p>AF039 &#8211; MAJA M\u00f6belfront<\/p>\n<p>Front AF039 \u2013 Maja ist ein modernes Design mit einem Hauch von Eleganz, das sich nahtlos in jeden Einrichtungsstil einf\u00fcgt und den R\u00e4umen Tiefe und Stil verleiht. Sein au\u00dfergew\u00f6hnliches Design macht ihn zur idealen Wahl f\u00fcr K\u00fcchen, Schr\u00e4nke, Kommoden und Badezimmerm\u00f6bel und somit zur perfekten L\u00f6sung f\u00fcr alle, die eine harmonische Verbindung von \u00c4sthetik und Funktionalit\u00e4t suchen. <\/p>\n<p>Hergestellt aus hochwertigen Materialien, zeichnet sich die Front Maja nicht nur durch ihr attraktives Aussehen, sondern auch durch au\u00dfergew\u00f6hnliche Haltbarkeit aus. Ihre glatte Oberfl\u00e4che ist leicht zu reinigen, was sie zu einer praktischen L\u00f6sung f\u00fcr den t\u00e4glichen Gebrauch macht. Die Kratz- und Sto\u00dffestigkeit sorgt daf\u00fcr, dass diese Front viele Jahre lang ihren eleganten Look beh\u00e4lt.  <\/p>\n<p>Front AF039 \u2013 Maja bietet verschiedene Vitrinenoptionen, die es erm\u00f6glichen, ausgew\u00e4hlte Gegenst\u00e4nde auf \u00e4sthetische Weise zu pr\u00e4sentieren. Sie k\u00f6nnen aus den Varianten No Glass, W0, W1 \u2013 1&#215;1, W1 \u2013 1&#215;2, W1 \u2013 1&#215;3, W1 \u2013 1&#215;4, W2, W3, W4, W5, W6, W7 und W8 w\u00e4hlen, was eine individuelle Anpassung der Front nach Ihrem Geschmack und Ihren Bed\u00fcrfnissen erlaubt. Dank dieser M\u00f6glichkeiten wird die Front Maja nicht nur zu einem funktionalen, sondern auch zu einem \u00e4sthetischen Element in jedem Raum.  <\/p>\n<p>Die Vielseitigkeit der Front AF039 macht sie zur perfekten Erg\u00e4nzung f\u00fcr unterschiedlichste Raumgestaltungen. Sie eignet sich sowohl f\u00fcr moderne, minimalistische Innenr\u00e4ume als auch f\u00fcr klassische und elegante R\u00e4ume. Ihr universelles Design f\u00fcgt sich hervorragend mit anderen Einrichtungsgegenst\u00e4nden zusammen und schafft so ein harmonisches Gesamtbild.  <\/p>\n<p>Wenn Sie sich f\u00fcr die Front AF039 \u2013 Maja entscheiden, erhalten Sie ein Produkt, das modernen Stil, Funktionalit\u00e4t und hohe Verarbeitungsqualit\u00e4t vereint. Es ist die ideale L\u00f6sung f\u00fcr alle, die ihrem Zuhause einen Hauch von Eleganz und Modernit\u00e4t verleihen m\u00f6chten, ohne dabei auf Komfort zu verzichten. Die Front Maja verleiht Ihrem Innenraum einen einzigartigen Charakter und macht ihn zugleich gem\u00fctlicher und stilvoller.  <\/p>\n","protected":false},"excerpt":{"rendered":"<div class=\"flex max-w-full flex-col flex-grow\">\n<div class=\"min-h-8 text-message flex w-full flex-col items-end gap-2 whitespace-normal break-words [.text-message+&amp;]:mt-5\" dir=\"auto\" data-message-author-role=\"assistant\" data-message-id=\"deafc859-7e6d-492d-a97a-44c257929ff7\" data-message-model-slug=\"gpt-4o-mini\">\n<div class=\"flex w-full flex-col gap-1 empty:hidden first:pt-[3px]\">\n<div class=\"markdown prose w-full break-words dark:prose-invert dark\">\n<p>Front AF039 \u2013 Maja ist eine moderne und elegante Wahl, ideal f\u00fcr K\u00fcchen, Schr\u00e4nke, Kommoden und Badezimmer. Sein universelles Design verleiht Innenr\u00e4umen Tiefe und Stil. Mit verschiedenen Vitrinenoptionen von No Glass bis W8 erm\u00f6glicht er Personalisierung und die Schaffung einzigartiger L\u00f6sungen. Dank hochwertiger Materialien und einfacher Pflege verbindet die Front Maja \u00c4sthetik mit Funktionalit\u00e4t und setzt einen modernen Akzent in jedem Raum.   <\/p>\n<\/div>\n<\/div>\n<\/div>\n<\/div>\n","protected":false},"featured_media":5717,"comment_status":"closed","ping_status":"closed","template":"","meta":{"_et_pb_use_builder":"","_et_pb_old_content":"","_et_gb_content_width":""},"product_brand":[],"product_cat":[404,399,402,400,403,401,405],"product_tag":[],"class_list":{"0":"post-8180","1":"product","2":"type-product","3":"status-publish","4":"has-post-thumbnail","6":"product_cat-flaches-mobelpaneel","7":"product_cat-glasvitrinen","8":"product_cat-kuchenfront-de","9":"product_cat-kuchenfront","10":"product_cat-mdf-de","11":"product_cat-mobelfront","12":"product_cat-mobelfront-de","13":"pa_glass-mdf-doors-ohne-glaseinsatz","14":"pa_glass-mdf-doors-w0-de","15":"pa_glass-mdf-doors-w1-1x1-de","16":"pa_glass-mdf-doors-w1-1x2-de","17":"pa_glass-mdf-doors-w1-1x3-de","18":"pa_glass-mdf-doors-w2-de","19":"pa_glass-mdf-doors-w2x2","20":"pa_glass-mdf-doors-w3-de","21":"pa_glass-mdf-doors-w4-de","22":"pa_glass-mdf-doors-w5-de","23":"pa_glass-mdf-doors-w6-de","24":"pa_glass-mdf-doors-w7-de","25":"pa_glass-mdf-doors-w8-de","27":"first","28":"instock","29":"taxable","30":"shipping-taxable","31":"purchasable","32":"product-type-variable","33":"has-default-attributes"},"_links":{"self":[{"href":"https:\/\/wikicnc.pl\/de\/wp-json\/wp\/v2\/product\/8180","targetHints":{"allow":["GET"]}}],"collection":[{"href":"https:\/\/wikicnc.pl\/de\/wp-json\/wp\/v2\/product"}],"about":[{"href":"https:\/\/wikicnc.pl\/de\/wp-json\/wp\/v2\/types\/product"}],"replies":[{"embeddable":true,"href":"https:\/\/wikicnc.pl\/de\/wp-json\/wp\/v2\/comments?post=8180"}],"wp:featuredmedia":[{"embeddable":true,"href":"https:\/\/wikicnc.pl\/de\/wp-json\/wp\/v2\/media\/5717"}],"wp:attachment":[{"href":"https:\/\/wikicnc.pl\/de\/wp-json\/wp\/v2\/media?parent=8180"}],"wp:term":[{"taxonomy":"product_brand","embeddable":true,"href":"https:\/\/wikicnc.pl\/de\/wp-json\/wp\/v2\/product_brand?post=8180"},{"taxonomy":"product_cat","embeddable":true,"href":"https:\/\/wikicnc.pl\/de\/wp-json\/wp\/v2\/product_cat?post=8180"},{"taxonomy":"product_tag","embeddable":true,"href":"https:\/\/wikicnc.pl\/de\/wp-json\/wp\/v2\/product_tag?post=8180"}],"curies":[{"name":"wp","href":"https:\/\/api.w.org\/{rel}","templated":true}]}}