{"id":8138,"date":"2024-11-03T23:53:08","date_gmt":"2024-11-03T22:53:08","guid":{"rendered":"https:\/\/wikicnc.pl\/produkt\/zuzanna-moebelfront\/"},"modified":"2024-11-03T23:53:08","modified_gmt":"2024-11-03T22:53:08","slug":"zuzanna-moebelfront","status":"publish","type":"product","link":"https:\/\/wikicnc.pl\/de\/produkt\/zuzanna-moebelfront\/","title":{"rendered":"ZUZANNA M\u00f6belfront"},"content":{"rendered":"<p><strong>AF036 &#8211; ZUZANNA M\u00f6belfront<\/strong><\/p>\n<p>Die M\u00f6belfront AF036 \u2013 Zuzanna ist ein elegantes und vielseitiges Design, das sich hervorragend f\u00fcr verschiedene Wohnbereiche eignet. Dank ihres universellen Designs versch\u00f6nert diese Front Kommoden, Vitrinen sowie K\u00fcchen-, Wohn-, Esszimmerm\u00f6bel und Schr\u00e4nke oder Ankleidezimmer. Ihre Schlichtheit, kombiniert mit zarten Details, macht sie zur idealen L\u00f6sung f\u00fcr sowohl moderne als auch klassische Innenr\u00e4ume.  <\/p>\n<p>Die Front Zuzanna zeichnet sich durch eine solide Verarbeitung aus hochwertigen Materialien aus, die Langlebigkeit und Widerstandsf\u00e4higkeit im t\u00e4glichen Gebrauch gew\u00e4hrleisten. Dank der glatten und leicht zu reinigenden Oberfl\u00e4che ist diese Front eine \u00e4u\u00dferst praktische Wahl f\u00fcr stark genutzte R\u00e4ume wie K\u00fcchen oder Esszimmer. Unabh\u00e4ngig von der gew\u00e4hlten Farbe oder Oberfl\u00e4che verleiht die Front AF036 \u2013 Zuzanna den M\u00f6beln Eleganz und Stil, ohne dabei deren Funktionalit\u00e4t einzuschr\u00e4nken.  <\/p>\n<p>Eine der wichtigsten Eigenschaften der Front Zuzanna ist die gro\u00dfe Auswahl an Vitrinenoptionen, die eine individuelle Gestaltung der M\u00f6bel erm\u00f6glichen. Durch die Wahl aus den verf\u00fcgbaren Varianten No Glass, W0, W1 \u2013 1&#215;1, W1 \u2013 1&#215;2, W1 \u2013 1&#215;3, W1 \u2013 1&#215;4, W2, W3, W4, W5, W6, W7, W8 kannst du einzigartige L\u00f6sungen schaffen, die deinen pers\u00f6nlichen Stil perfekt widerspiegeln. Die Vitrinen erm\u00f6glichen die Pr\u00e4sentation ausgew\u00e4hlter Gegenst\u00e4nde und verleihen dem Raum gleichzeitig Leichtigkeit und Eleganz. Die Anpassungsf\u00e4higkeit der Front Zuzanna an verschiedene Bed\u00fcrfnisse macht sie zu einem vielseitigen Element, das in jedem Raum bestens zur Geltung kommt.   <\/p>\n<p>Dank seiner Vielseitigkeit f\u00fcgt sich die Front Zuzanna sowohl in K\u00fcchen als auch in Wohnzimmern hervorragend ein, wo sie als \u00e4sthetisches und praktisches Ausstattungselement dient. Ihr minimalistisches, aber raffiniertes Design erm\u00f6glicht die Schaffung von R\u00e4umen, die Eleganz und Harmonie ausstrahlen. Ebenso eignet sie sich perfekt f\u00fcr gewerbliche R\u00e4ume wie elegante Boutiquen, Restaurants oder B\u00fcros, in denen \u00c4sthetik und Funktionalit\u00e4t oberste Priorit\u00e4t haben.  <\/p>\n<p>Wenn Sie sich f\u00fcr die Front AF036 \u2013 Zuzanna entscheiden, erhalten Sie ein Produkt, das modernes Design mit hoher Verarbeitungsqualit\u00e4t verbindet. So k\u00f6nnen Sie sicher sein, dass Ihre M\u00f6bel nicht nur sch\u00f6n aussehen, sondern Ihnen auch viele Jahre lang gute Dienste leisten. Diese Front ist die ideale Wahl f\u00fcr alle, die Eleganz mit Funktionalit\u00e4t sch\u00e4tzen und ihrem Wohnraum einen besonderen Charakter verleihen m\u00f6chten.  <\/p>\n","protected":false},"excerpt":{"rendered":"<p>Die Front AF036 \u2013 Zuzanna ist ein elegantes und vielseitiges Design, ideal f\u00fcr K\u00fcchen, Wohnzimmer, Esszimmer sowie Schr\u00e4nke und Ankleidezimmer. Die verf\u00fcgbaren Vitrinenoptionen: No Glass, W0, W1 \u2013 1&#215;1, W1 \u2013 1&#215;2, W1 \u2013 1&#215;3, W1 \u2013 1&#215;4, W2, W3, W4, W5, W6, W7, W8 erm\u00f6glichen die Gestaltung einzigartiger Arrangements, die \u00c4sthetik und Funktionalit\u00e4t verbinden. <\/p>\n","protected":false},"featured_media":5670,"comment_status":"closed","ping_status":"closed","template":"","meta":{"_et_pb_use_builder":"","_et_pb_old_content":"","_et_gb_content_width":""},"product_brand":[],"product_cat":[399],"product_tag":[],"class_list":{"0":"post-8138","1":"product","2":"type-product","3":"status-publish","4":"has-post-thumbnail","6":"product_cat-glasvitrinen","7":"pa_glass-mdf-doors-ohne-glaseinsatz","8":"pa_glass-mdf-doors-w0-de","9":"pa_glass-mdf-doors-w1-1x1-de","10":"pa_glass-mdf-doors-w1-1x2-de","11":"pa_glass-mdf-doors-w1-1x3-de","12":"pa_glass-mdf-doors-w2-de","13":"pa_glass-mdf-doors-w2x2","14":"pa_glass-mdf-doors-w3-de","15":"pa_glass-mdf-doors-w4-de","16":"pa_glass-mdf-doors-w5-de","17":"pa_glass-mdf-doors-w6-de","18":"pa_glass-mdf-doors-w7-de","19":"pa_glass-mdf-doors-w8-de","21":"first","22":"instock","23":"taxable","24":"shipping-taxable","25":"purchasable","26":"product-type-variable","27":"has-default-attributes"},"_links":{"self":[{"href":"https:\/\/wikicnc.pl\/de\/wp-json\/wp\/v2\/product\/8138","targetHints":{"allow":["GET"]}}],"collection":[{"href":"https:\/\/wikicnc.pl\/de\/wp-json\/wp\/v2\/product"}],"about":[{"href":"https:\/\/wikicnc.pl\/de\/wp-json\/wp\/v2\/types\/product"}],"replies":[{"embeddable":true,"href":"https:\/\/wikicnc.pl\/de\/wp-json\/wp\/v2\/comments?post=8138"}],"wp:featuredmedia":[{"embeddable":true,"href":"https:\/\/wikicnc.pl\/de\/wp-json\/wp\/v2\/media\/5670"}],"wp:attachment":[{"href":"https:\/\/wikicnc.pl\/de\/wp-json\/wp\/v2\/media?parent=8138"}],"wp:term":[{"taxonomy":"product_brand","embeddable":true,"href":"https:\/\/wikicnc.pl\/de\/wp-json\/wp\/v2\/product_brand?post=8138"},{"taxonomy":"product_cat","embeddable":true,"href":"https:\/\/wikicnc.pl\/de\/wp-json\/wp\/v2\/product_cat?post=8138"},{"taxonomy":"product_tag","embeddable":true,"href":"https:\/\/wikicnc.pl\/de\/wp-json\/wp\/v2\/product_tag?post=8138"}],"curies":[{"name":"wp","href":"https:\/\/api.w.org\/{rel}","templated":true}]}}