{"id":8110,"date":"2024-11-03T23:51:46","date_gmt":"2024-11-03T22:51:46","guid":{"rendered":"https:\/\/wikicnc.pl\/produkt\/renia-moebelfront\/"},"modified":"2024-11-03T23:51:46","modified_gmt":"2024-11-03T22:51:46","slug":"renia-moebelfront","status":"publish","type":"product","link":"https:\/\/wikicnc.pl\/de\/produkt\/renia-moebelfront\/","title":{"rendered":"RENIA M\u00f6belfront"},"content":{"rendered":"<p><strong>AF034 \u2013 RENIA M\u00f6belfront<\/strong><\/p>\n<p>M\u00f6belfront AF034 \u2013 Renia ist ein Design, das Stil, Klasse und Eleganz vereint und sich somit perfekt f\u00fcr au\u00dfergew\u00f6hnliche Innenraumgestaltungen eignet. Sein k\u00f6nigliches Erscheinungsbild macht ihn zur idealen Wahl f\u00fcr Hochzeitss\u00e4le, stilvoll eingerichtete Boutiquen oder prunkvolle Palastinterieurs und verleiht diesen R\u00e4umen eine majest\u00e4tische Ausstrahlung. Auch im Zimmer einer kleinen Prinzessin f\u00fcgt er sich hervorragend ein und bringt einen m\u00e4rchenhaften Stil voller Zartheit und Charme mit sich.  <\/p>\n<p>Die Front Renia wird aus Materialien h\u00f6chster Qualit\u00e4t gefertigt, was ihre Langlebigkeit und Widerstandsf\u00e4higkeit gegen\u00fcber dem t\u00e4glichen Gebrauch gew\u00e4hrleistet. Ihre Oberfl\u00e4che zeichnet sich durch ein elegantes Finish aus, das sowohl \u00e4sthetisch ansprechend als auch leicht zu reinigen ist \u2013 ideal f\u00fcr stark frequentierte Bereiche. Eine breite Auswahl an Farben und Oberfl\u00e4chen erm\u00f6glicht eine vollst\u00e4ndige Personalisierung, sodass die Front individuell an die Bed\u00fcrfnisse und den Stil des Innenraums angepasst werden kann.  <\/p>\n<p>Einer der gr\u00f6\u00dften Vorteile der Renia-Front ist die M\u00f6glichkeit, Vitrinenoptionen zu w\u00e4hlen, die das Pr\u00e4sentieren ausgew\u00e4hlter Gegenst\u00e4nde erm\u00f6glichen. Dank der Varianten: No Glass, W0, W1 \u2013 1&#215;1, W1 \u2013 1&#215;2, W1 \u2013 1&#215;3, W1 \u2013 1&#215;4, W2, W3, W4, W5, W6, W7, W8 k\u00f6nnen die Fronten an die pers\u00f6nlichen Vorlieben des Nutzers angepasst werden und schaffen so einzigartige L\u00f6sungen f\u00fcr die Innenraumgestaltung. Diese vielf\u00e4ltigen Konfigurationen erm\u00f6glichen eine perfekte Anpassung an sowohl klassische als auch moderne Interieurs und verleihen ihnen Eleganz und einen unverwechselbaren Stil.  <\/p>\n<p>AF034 \u2013 Renia ist nicht nur eine \u00e4sthetische L\u00f6sung, sondern auch ein funktionales Element f\u00fcr jeden Raum. Dank der soliden Verarbeitung und der Widerstandsf\u00e4higkeit gegen Besch\u00e4digungen wird diese Front \u00fcber viele Jahre hinweg dienen und dabei ihr elegantes Aussehen bewahren. Ihre Vielseitigkeit macht sie zur idealen Wahl f\u00fcr K\u00fcchen, Schlafzimmer, Ankleidezimmer sowie f\u00fcr gewerbliche R\u00e4ume wie Boutiquen, Restaurants oder Hotels, wo Eleganz und Klasse von entscheidender Bedeutung sind.  <\/p>\n<p>Wenn du dich f\u00fcr die Front AF034 \u2013 Renia entscheidest, erh\u00e4ltst du ein Produkt, das au\u00dfergew\u00f6hnliches Design, Funktionalit\u00e4t und h\u00f6chste Verarbeitungsqualit\u00e4t vereint. Diese Front ist die ideale Wahl f\u00fcr alle, die ihrem Interieur einen luxuri\u00f6sen und zugleich praktischen Akzent verleihen m\u00f6chten, ohne dabei auf Komfort zu verzichten. Renia ist die perfekte L\u00f6sung f\u00fcr Menschen, die Eleganz und Raffinesse sch\u00e4tzen und ihrem Zuhause einen k\u00f6niglichen Stil verleihen wollen.  <\/p>\n","protected":false},"excerpt":{"rendered":"<p>AF034 \u2013 Renia ist eine elegante M\u00f6belfront, ideal zur Gestaltung k\u00f6niglicher Innenr\u00e4ume. Sie eignet sich hervorragend f\u00fcr Hochzeitss\u00e4le, Boutiquen und Kinderzimmer. Mit den ausw\u00e4hlbaren Vitrinenoptionen: No Glass, W0, W1 \u2013 1&#215;1, W1 \u2013 1&#215;2, W1 \u2013 1&#215;3, W1 \u2013 1&#215;4, W2, W3, W4, W5, W6, W7, W8 bietet sie vollst\u00e4ndige Personalisierung und ein einzigartiges Design.  <\/p>\n","protected":false},"featured_media":5630,"comment_status":"closed","ping_status":"closed","template":"","meta":{"_et_pb_use_builder":"","_et_pb_old_content":"","_et_gb_content_width":""},"product_brand":[],"product_cat":[399],"product_tag":[],"class_list":{"0":"post-8110","1":"product","2":"type-product","3":"status-publish","4":"has-post-thumbnail","6":"product_cat-glasvitrinen","7":"pa_glass-mdf-doors-ohne-glaseinsatz","8":"pa_glass-mdf-doors-w0-de","9":"pa_glass-mdf-doors-w1-1x1-de","10":"pa_glass-mdf-doors-w1-1x2-de","11":"pa_glass-mdf-doors-w1-1x3-de","12":"pa_glass-mdf-doors-w2-de","13":"pa_glass-mdf-doors-w2x2","14":"pa_glass-mdf-doors-w3-de","15":"pa_glass-mdf-doors-w4-de","16":"pa_glass-mdf-doors-w5-de","17":"pa_glass-mdf-doors-w6-de","18":"pa_glass-mdf-doors-w7-de","19":"pa_glass-mdf-doors-w8-de","21":"first","22":"instock","23":"taxable","24":"shipping-taxable","25":"purchasable","26":"product-type-variable","27":"has-default-attributes"},"_links":{"self":[{"href":"https:\/\/wikicnc.pl\/de\/wp-json\/wp\/v2\/product\/8110","targetHints":{"allow":["GET"]}}],"collection":[{"href":"https:\/\/wikicnc.pl\/de\/wp-json\/wp\/v2\/product"}],"about":[{"href":"https:\/\/wikicnc.pl\/de\/wp-json\/wp\/v2\/types\/product"}],"replies":[{"embeddable":true,"href":"https:\/\/wikicnc.pl\/de\/wp-json\/wp\/v2\/comments?post=8110"}],"wp:featuredmedia":[{"embeddable":true,"href":"https:\/\/wikicnc.pl\/de\/wp-json\/wp\/v2\/media\/5630"}],"wp:attachment":[{"href":"https:\/\/wikicnc.pl\/de\/wp-json\/wp\/v2\/media?parent=8110"}],"wp:term":[{"taxonomy":"product_brand","embeddable":true,"href":"https:\/\/wikicnc.pl\/de\/wp-json\/wp\/v2\/product_brand?post=8110"},{"taxonomy":"product_cat","embeddable":true,"href":"https:\/\/wikicnc.pl\/de\/wp-json\/wp\/v2\/product_cat?post=8110"},{"taxonomy":"product_tag","embeddable":true,"href":"https:\/\/wikicnc.pl\/de\/wp-json\/wp\/v2\/product_tag?post=8110"}],"curies":[{"name":"wp","href":"https:\/\/api.w.org\/{rel}","templated":true}]}}