{"id":8068,"date":"2024-11-03T23:50:42","date_gmt":"2024-11-03T22:50:42","guid":{"rendered":"https:\/\/wikicnc.pl\/produkt\/paula-moebelfront\/"},"modified":"2024-11-03T23:50:42","modified_gmt":"2024-11-03T22:50:42","slug":"paula-moebelfront","status":"publish","type":"product","link":"https:\/\/wikicnc.pl\/de\/produkt\/paula-moebelfront\/","title":{"rendered":"Paula M\u00f6belfront"},"content":{"rendered":"<p>AF033 \u2013 PAULA M\u00f6belfront<\/p>\n<p>PAULA AF033 ist eine moderne M\u00f6belfront mit einem dezenten Design und elegantem Finish, die sich perfekt in jedes Interieur einf\u00fcgt. Ihr zarter, aber dennoch markanter Stil schafft R\u00e4ume mit Tiefe und einer raffinierten Ausstrahlung. Ganz gleich, ob der Einrichtungsstil klassisch oder modern ist \u2013 die Front PAULA verleiht jedem Raum einen besonderen Charme. Ihr vielseitiges Erscheinungsbild macht sie zur idealen Wahl f\u00fcr K\u00fcchen, Badezimmer, Schlafzimmer und auch Wohnzimmer.   <\/p>\n<p>Die Front PAULA wird aus Materialien h\u00f6chster Qualit\u00e4t gefertigt, was Langlebigkeit und Widerstandsf\u00e4higkeit gegen\u00fcber dem t\u00e4glichen Gebrauch garantiert. Die Oberfl\u00e4che ist leicht zu reinigen, wodurch sie sich ideal f\u00fcr stark genutzte R\u00e4ume eignet. Dank der gro\u00dfen Farbauswahl und vielf\u00e4ltigen Oberfl\u00e4chenvarianten kann PAULA AF033 individuell an die Bed\u00fcrfnisse des Kunden angepasst werden, sodass sich die Fronten sowohl in traditionelle als auch moderne Innenr\u00e4ume perfekt integrieren lassen.  <\/p>\n<p>PAULA AF033 bietet zudem vielf\u00e4ltige M\u00f6glichkeiten zur Pr\u00e4sentation von Gegenst\u00e4nden dank der verf\u00fcgbaren Vitrinenoptionen. Indem Du aus den Varianten No Glass, W0, W1 \u2013 1&#215;1, W1 \u2013 1&#215;2, W1 \u2013 1&#215;3, W1 \u2013 1&#215;4, W2, W3, W4, W5, W6, W7, W8 w\u00e4hlst, kannst Du die Fronten ganz nach Deinen individuellen Vorlieben anpassen und einzigartige Arrangements schaffen, die Deinen pers\u00f6nlichen Stil perfekt widerspiegeln. Die Auswahl verschiedener Vitrinenkonfigurationen macht die Front PAULA nicht nur zu einem \u00e4sthetischen, sondern auch zu einem funktionalen Element, mit dem Du Deine Lieblingsst\u00fccke stilvoll zur Schau stellen kannst.  <\/p>\n<p>Die Front PAULA AF033 ist eine hervorragende L\u00f6sung sowohl f\u00fcr private als auch f\u00fcr gewerbliche R\u00e4ume. Eleganz und Moderne in einem machen sie zur idealen Wahl f\u00fcr K\u00fcchen, Badezimmer, Ankleidezimmer sowie B\u00fcros, Boutiquen oder Verkaufsr\u00e4ume. Dank ihrer Vielseitigkeit f\u00fcgt sich PAULA AF033 sowohl in moderne Lofts als auch in elegante, klassische Umgebungen perfekt ein.  <\/p>\n<p>Mit der Wahl der Front PAULA AF033 erh\u00e4ltst Du ein Produkt von au\u00dfergew\u00f6hnlicher Langlebigkeit, das modernes Design mit Funktionalit\u00e4t und Alltagstauglichkeit vereint. Diese L\u00f6sung richtet sich an Menschen, die Wert auf hochwertige Verarbeitung, Eleganz und volle Personalisierung legen. PAULA AF033 ist die perfekte Wahl, wenn Du Deinem Interieur einen modernen und stilvollen Akzent verleihen m\u00f6chtest, ohne dabei auf Funktionalit\u00e4t zu verzichten.  <\/p>\n","protected":false},"excerpt":{"rendered":"<p>PAULA AF033 ist eine elegante M\u00f6belfront, die sich hervorragend in vielf\u00e4ltige Raumgestaltungen einf\u00fcgt. Mit den Vitrinenoptionen No Glass, W0, W1 \u2013 1&#215;1, W1 \u2013 1&#215;2, W1 \u2013 1&#215;3, W1 \u2013 1&#215;4, W2, W3, W4, W5, W6, W7, W8 bietet sie volle Personalisierungsm\u00f6glichkeiten. Ideal f\u00fcr K\u00fcchen, Badezimmer und Schr\u00e4nke verbindet sie modernes Design mit Funktionalit\u00e4t.  <\/p>\n","protected":false},"featured_media":5596,"comment_status":"closed","ping_status":"closed","template":"","meta":{"_et_pb_use_builder":"","_et_pb_old_content":"","_et_gb_content_width":""},"product_brand":[],"product_cat":[399],"product_tag":[],"class_list":{"0":"post-8068","1":"product","2":"type-product","3":"status-publish","4":"has-post-thumbnail","6":"product_cat-glasvitrinen","7":"pa_glass-mdf-doors-ohne-glaseinsatz","8":"pa_glass-mdf-doors-w0-de","9":"pa_glass-mdf-doors-w1-1x1-de","10":"pa_glass-mdf-doors-w1-1x2-de","11":"pa_glass-mdf-doors-w1-1x3-de","12":"pa_glass-mdf-doors-w2-de","13":"pa_glass-mdf-doors-w2x2","14":"pa_glass-mdf-doors-w3-de","15":"pa_glass-mdf-doors-w4-de","16":"pa_glass-mdf-doors-w5-de","17":"pa_glass-mdf-doors-w6-de","18":"pa_glass-mdf-doors-w7-de","19":"pa_glass-mdf-doors-w8-de","21":"first","22":"instock","23":"taxable","24":"shipping-taxable","25":"purchasable","26":"product-type-variable","27":"has-default-attributes"},"_links":{"self":[{"href":"https:\/\/wikicnc.pl\/de\/wp-json\/wp\/v2\/product\/8068","targetHints":{"allow":["GET"]}}],"collection":[{"href":"https:\/\/wikicnc.pl\/de\/wp-json\/wp\/v2\/product"}],"about":[{"href":"https:\/\/wikicnc.pl\/de\/wp-json\/wp\/v2\/types\/product"}],"replies":[{"embeddable":true,"href":"https:\/\/wikicnc.pl\/de\/wp-json\/wp\/v2\/comments?post=8068"}],"wp:featuredmedia":[{"embeddable":true,"href":"https:\/\/wikicnc.pl\/de\/wp-json\/wp\/v2\/media\/5596"}],"wp:attachment":[{"href":"https:\/\/wikicnc.pl\/de\/wp-json\/wp\/v2\/media?parent=8068"}],"wp:term":[{"taxonomy":"product_brand","embeddable":true,"href":"https:\/\/wikicnc.pl\/de\/wp-json\/wp\/v2\/product_brand?post=8068"},{"taxonomy":"product_cat","embeddable":true,"href":"https:\/\/wikicnc.pl\/de\/wp-json\/wp\/v2\/product_cat?post=8068"},{"taxonomy":"product_tag","embeddable":true,"href":"https:\/\/wikicnc.pl\/de\/wp-json\/wp\/v2\/product_tag?post=8068"}],"curies":[{"name":"wp","href":"https:\/\/api.w.org\/{rel}","templated":true}]}}