{"id":8054,"date":"2024-10-15T17:17:40","date_gmt":"2024-10-15T15:17:40","guid":{"rendered":"https:\/\/wikicnc.pl\/produkt\/honorata-moebelfront\/"},"modified":"2024-10-15T17:17:40","modified_gmt":"2024-10-15T15:17:40","slug":"honorata-moebelfront","status":"publish","type":"product","link":"https:\/\/wikicnc.pl\/de\/produkt\/honorata-moebelfront\/","title":{"rendered":"Honorata M\u00f6belfront"},"content":{"rendered":"<p><strong>AF026 \u2013 Honorata M\u00f6belfront<\/strong><\/p>\n<p>Der Front <strong>AF026 \u2013 Honorata<\/strong> ist eine elegante Wahl, die sich hervorragend in moderne wie auch klassische Einrichtungsstile einf\u00fcgt. Sein universelles Design macht ihn sowohl f\u00fcr K\u00fcchen als auch f\u00fcr Wohnraumm\u00f6bel zur idealen L\u00f6sung. In dunkleren Farbt\u00f6nen unterstreicht er Eleganz und Luxus, w\u00e4hrend helle Farben dem Raum Leichtigkeit und Frische verleihen.<br \/>\nGefertigt aus hochwertigem MDF, zeichnet sich der Front <strong>Honorata<\/strong> durch Langlebigkeit und Widerstandsf\u00e4higkeit gegen\u00fcber Besch\u00e4digungen aus \u2013 eine ausgezeichnete Wahl f\u00fcr viele Jahre. Die glatte Oberfl\u00e4che ist pflegeleicht, und die gro\u00dfe Farbvielfalt erm\u00f6glicht eine einfache Anpassung an verschiedene Einrichtungsstile. Dezente Verzierungen und sorgf\u00e4ltig ausgef\u00fchrte Linien verleihen diesem Front eine Aura von Eleganz und Raffinesse.<br \/>\nDar\u00fcber hinaus bietet der Front <strong>AF026 \u2013 Honorata<\/strong> eine breite Auswahl an Optionen, darunter verschiedene Vitrinenvarianten. So l\u00e4sst sich der Front optimal an Deine individuellen Bed\u00fcrfnisse anpassen.     <\/p>\n<p>Indem Du aus den Optionen <strong>No Glass<\/strong>, <strong>W0<\/strong>, <strong>W1 \u2013 1&#215;1<\/strong>, <strong>W1 \u2013 1&#215;2<\/strong>, <strong>W1 \u2013 1&#215;3<\/strong>, <strong>W1 \u2013 1&#215;4<\/strong>, <strong>W2<\/strong>, <strong>W3<\/strong>, <strong>W4<\/strong>, <strong>W5<\/strong>, <strong>W6<\/strong>, <strong>W7<\/strong>, <strong>W8<\/strong> w\u00e4hlst, kannst Du Deine Lieblingsst\u00fccke \u2013 wie edles Geschirr oder dekorative Elemente \u2013 stilvoll zur Geltung bringen und Deinem Interieur eine besondere Note verleihen.<br \/>\nDer Front <strong>Honorata<\/strong> betont nicht nur die \u00c4sthetik, sondern auch die Funktionalit\u00e4t. Dank seines vielseitigen Designs eignet er sich ideal f\u00fcr unterschiedliche R\u00e4ume \u2013 von der K\u00fcche \u00fcber das Esszimmer bis hin zum Wohnzimmer.  In jedem dieser R\u00e4ume bringt er einen Hauch von Modernit\u00e4t und Eleganz mit sich und schafft eine gem\u00fctliche und stilvolle Atmosph\u00e4re.<br \/>\nMit der Entscheidung f\u00fcr den Front <strong>AF026 \u2013 Honorata<\/strong> erh\u00e4ltst Du ein Produkt, das nicht nur durch sein Aussehen \u00fcberzeugt, sondern auch h\u00f6chste Qualit\u00e4tsstandards erf\u00fcllt. Eine perfekte Wahl f\u00fcr alle, die ihrem Interieur luxuri\u00f6se, moderne und elegante Akzente verleihen m\u00f6chten. <\/p>\n","protected":false},"excerpt":{"rendered":"<p><strong>AF026 \u2013 Honorata M\u00f6belfront<\/strong><\/p>\n<p>Der Front <strong>AF026 \u2013 Honorata<\/strong> ist eine stilvolle Wahl, die sich sowohl in moderne als auch klassische Innenr\u00e4ume hervorragend einf\u00fcgt. In dunklen Farben wirkt er besonders elegant, w\u00e4hrend helle T\u00f6ne Frische und Leichtigkeit verleihen. Hergestellt aus hochwertigem MDF, ist dieser langlebige Front pflegeleicht und in zahlreichen Farbvarianten erh\u00e4ltlich.<br \/>\nDer Front <strong>Honorata<\/strong> bietet zudem individuelle Anpassungsm\u00f6glichkeiten, darunter verschiedene Vitrinenvarianten (No Glass, W0, W1 \u2013 1&#215;1, W1 \u2013 1&#215;2, W1 \u2013 1&#215;3, W1 \u2013 1&#215;4, W2, W3, W4, W5, W6, W7, W8), mit denen sich Lieblingsst\u00fccke stilvoll in Szene setzen lassen. Ideal f\u00fcr K\u00fcchen und Wohnzimmer bringt er Luxus und Stil in jeden Raum \u2013 eine perfekte Wahl f\u00fcr alle, die Eleganz mit Funktionalit\u00e4t verbinden m\u00f6chten.   <\/p>\n","protected":false},"featured_media":3537,"comment_status":"open","ping_status":"closed","template":"","meta":{"_et_pb_use_builder":"","_et_pb_old_content":"","_et_gb_content_width":""},"product_brand":[],"product_cat":[404,402,403,405,401],"product_tag":[],"class_list":{"0":"post-8054","1":"product","2":"type-product","3":"status-publish","4":"has-post-thumbnail","6":"product_cat-flaches-mobelpaneel","7":"product_cat-kuchenfront-de","8":"product_cat-mdf-de","9":"product_cat-mobelfront-de","10":"product_cat-mobelfront","11":"pa_glass-mdf-doors-ohne-glaseinsatz","12":"pa_glass-mdf-doors-w0-de","13":"pa_glass-mdf-doors-w1-1x1-de","14":"pa_glass-mdf-doors-w1-1x2-de","15":"pa_glass-mdf-doors-w1-1x3-de","16":"pa_glass-mdf-doors-w2-de","17":"pa_glass-mdf-doors-w2x2","18":"pa_glass-mdf-doors-w3-de","19":"pa_glass-mdf-doors-w4-de","20":"pa_glass-mdf-doors-w5-de","21":"pa_glass-mdf-doors-w6-de","22":"pa_glass-mdf-doors-w7-de","23":"pa_glass-mdf-doors-w8-de","25":"first","26":"instock","27":"taxable","28":"shipping-taxable","29":"purchasable","30":"product-type-variable","31":"has-default-attributes"},"_links":{"self":[{"href":"https:\/\/wikicnc.pl\/de\/wp-json\/wp\/v2\/product\/8054","targetHints":{"allow":["GET"]}}],"collection":[{"href":"https:\/\/wikicnc.pl\/de\/wp-json\/wp\/v2\/product"}],"about":[{"href":"https:\/\/wikicnc.pl\/de\/wp-json\/wp\/v2\/types\/product"}],"replies":[{"embeddable":true,"href":"https:\/\/wikicnc.pl\/de\/wp-json\/wp\/v2\/comments?post=8054"}],"wp:featuredmedia":[{"embeddable":true,"href":"https:\/\/wikicnc.pl\/de\/wp-json\/wp\/v2\/media\/3537"}],"wp:attachment":[{"href":"https:\/\/wikicnc.pl\/de\/wp-json\/wp\/v2\/media?parent=8054"}],"wp:term":[{"taxonomy":"product_brand","embeddable":true,"href":"https:\/\/wikicnc.pl\/de\/wp-json\/wp\/v2\/product_brand?post=8054"},{"taxonomy":"product_cat","embeddable":true,"href":"https:\/\/wikicnc.pl\/de\/wp-json\/wp\/v2\/product_cat?post=8054"},{"taxonomy":"product_tag","embeddable":true,"href":"https:\/\/wikicnc.pl\/de\/wp-json\/wp\/v2\/product_tag?post=8054"}],"curies":[{"name":"wp","href":"https:\/\/api.w.org\/{rel}","templated":true}]}}