{"id":8040,"date":"2024-10-15T17:17:07","date_gmt":"2024-10-15T15:17:07","guid":{"rendered":"https:\/\/wikicnc.pl\/produkt\/viktoria-moebelfront\/"},"modified":"2024-10-15T17:17:07","modified_gmt":"2024-10-15T15:17:07","slug":"viktoria-moebelfront","status":"publish","type":"product","link":"https:\/\/wikicnc.pl\/de\/produkt\/viktoria-moebelfront\/","title":{"rendered":"Viktoria M\u00f6belfront"},"content":{"rendered":"<p><strong>AF007 &#8211; Viktoria M\u00f6belfront<\/strong><\/p>\n<p>M\u00f6belfront AF007 \u2013 Viktoria ist eine Variante, die sich sowohl in modernen als auch in klassischen Innenr\u00e4umen hervorragend bew\u00e4hrt. Mit ihrem vielseitigen Design passt dieses Frontmodell perfekt zu hohen, gefr\u00e4sten Fronten sowie zu niedrigen Schubladen und verleiht jedem Raum Eleganz. AF007 \u2013 Viktoria rundet das Design von K\u00fcchen, Wohnzimmern, Arbeitszimmern oder anderen Bereichen ab, in denen \u00c4sthetik und Funktionalit\u00e4t eine Schl\u00fcsselrolle spielen.  <\/p>\n<p>Hergestellt aus Materialien h\u00f6chster Qualit\u00e4t, bietet dieser Front nicht nur ein au\u00dfergew\u00f6hnliches Aussehen, sondern auch Langlebigkeit und Widerstandsf\u00e4higkeit gegen Besch\u00e4digungen \u2013 f\u00fcr eine dauerhafte Nutzung. Die minimalistischen Linien und dezenten Details verleihen dem Raum einen modernen Charakter, w\u00e4hrend der universelle Stil erhalten bleibt, der sich leicht an unterschiedliche Einrichtungsstile anpassen l\u00e4sst. <\/p>\n<p>Der Front AF007 \u2013 Viktoria bietet zudem verschiedene Vitrinenoptionen, mit denen ausgew\u00e4hlte Gegenst\u00e4nde stilvoll in Szene gesetzt werden k\u00f6nnen. Durch die Auswahl aus den Varianten: No Glass, W0, W1 \u2013 1&#215;1, W1 \u2013 1&#215;2, W1 \u2013 1&#215;3, W1 \u2013 1&#215;4, W2, W3, W4, W5, W6, W7, W8 lassen sich individuelle L\u00f6sungen gestalten, die Deinen pers\u00f6nlichen Stil und Deine Bed\u00fcrfnisse widerspiegeln. So wird der Front AF007 \u2013 Viktoria nicht nur zu einem \u00e4sthetischen, sondern auch zu einem funktionalen Element der Inneneinrichtung.  <\/p>\n<p>Die breite Farbpalette erm\u00f6glicht es, den Front an jeden Raum anzupassen \u2013 unabh\u00e4ngig von Stil oder Gr\u00f6\u00dfe. Helle Farbt\u00f6ne bringen Frische und Weite in den Raum, w\u00e4hrend dunklere Nuancen ihm Eleganz und Tiefe verleihen. Die M\u00f6glichkeit zur Personalisierung macht den AF007 \u2013 Viktoria zur idealen Wahl f\u00fcr alle, die Wert auf ein einzigartiges und stilvolles Interieur legen.  <\/p>\n<p>Dank des schlichten, aber wirkungsvollen Designs ist dieser Front die perfekte Wahl f\u00fcr alle, die Eleganz und Funktionalit\u00e4t in einem suchen. Ob moderne K\u00fcche, stilvolles Wohnzimmer oder professionelles Arbeitszimmer \u2013 der AF007 \u2013 Viktoria verleiht jedem Raum einen Hauch von Raffinesse. <\/p>\n","protected":false},"excerpt":{"rendered":"<div class=\"flex max-w-full flex-col flex-grow\">\n<div class=\"min-h-8 text-message flex w-full flex-col items-end gap-2 whitespace-normal break-words [.text-message+&amp;]:mt-5\" dir=\"auto\" data-message-author-role=\"assistant\" data-message-id=\"415d95f6-4054-46ea-a7a6-4e1dc304b4c1\" data-message-model-slug=\"gpt-4o\">\n<div class=\"flex w-full flex-col gap-1 empty:hidden first:pt-[3px]\">\n<div class=\"markdown prose w-full break-words dark:prose-invert light\">\n<p><strong>AF007 \u2013 Viktoria M\u00f6belfront<\/strong> ist ein eleganter Front, ideal geeignet f\u00fcr hohe, gefr\u00e4ste Fronten sowie niedrige Schubladen. Er erg\u00e4nzt perfekt das Design von K\u00fcchen, Wohnzimmern oder Arbeitszimmern. Der Front bietet zudem Vitrinenoptionen: No Glass, W0, W1 \u2013 1&#215;1, W1 \u2013 1&#215;2, W1 \u2013 1&#215;3, W1 \u2013 1&#215;4, W2, W3, W4, W5, W6, W7, W8 \u2013 und erm\u00f6glicht so einzigartige und funktionale L\u00f6sungen f\u00fcr jeden Raum.  <\/p>\n<\/div>\n<\/div>\n<\/div>\n<\/div>\n<div class=\"mb-2 flex gap-3 empty:hidden -ml-2\">\n<div class=\"items-center justify-start rounded-xl p-1 flex\">\n<div class=\"flex items-center\">\n<p>&nbsp;<\/p>\n<div class=\"flex\"><\/div>\n<div class=\"flex items-center pb-0\"><span class=\"overflow-hidden text-clip whitespace-nowrap text-sm\">4o<\/span><\/div>\n<\/div>\n<\/div>\n<\/div>\n","protected":false},"featured_media":3417,"comment_status":"open","ping_status":"closed","template":"","meta":{"_et_pb_use_builder":"","_et_pb_old_content":"","_et_gb_content_width":""},"product_brand":[],"product_cat":[404,402,403,401],"product_tag":[],"class_list":{"0":"post-8040","1":"product","2":"type-product","3":"status-publish","4":"has-post-thumbnail","6":"product_cat-flaches-mobelpaneel","7":"product_cat-kuchenfront-de","8":"product_cat-mdf-de","9":"product_cat-mobelfront","10":"pa_glass-mdf-doors-ohne-glaseinsatz","11":"pa_glass-mdf-doors-w0-de","12":"pa_glass-mdf-doors-w1-1x1-de","13":"pa_glass-mdf-doors-w1-1x2-de","14":"pa_glass-mdf-doors-w1-1x3-de","15":"pa_glass-mdf-doors-w2-de","16":"pa_glass-mdf-doors-w2x2","17":"pa_glass-mdf-doors-w3-de","18":"pa_glass-mdf-doors-w4-de","19":"pa_glass-mdf-doors-w5-de","20":"pa_glass-mdf-doors-w6-de","21":"pa_glass-mdf-doors-w7-de","22":"pa_glass-mdf-doors-w8-de","24":"first","25":"instock","26":"taxable","27":"shipping-taxable","28":"purchasable","29":"product-type-variable","30":"has-default-attributes"},"_links":{"self":[{"href":"https:\/\/wikicnc.pl\/de\/wp-json\/wp\/v2\/product\/8040","targetHints":{"allow":["GET"]}}],"collection":[{"href":"https:\/\/wikicnc.pl\/de\/wp-json\/wp\/v2\/product"}],"about":[{"href":"https:\/\/wikicnc.pl\/de\/wp-json\/wp\/v2\/types\/product"}],"replies":[{"embeddable":true,"href":"https:\/\/wikicnc.pl\/de\/wp-json\/wp\/v2\/comments?post=8040"}],"wp:featuredmedia":[{"embeddable":true,"href":"https:\/\/wikicnc.pl\/de\/wp-json\/wp\/v2\/media\/3417"}],"wp:attachment":[{"href":"https:\/\/wikicnc.pl\/de\/wp-json\/wp\/v2\/media?parent=8040"}],"wp:term":[{"taxonomy":"product_brand","embeddable":true,"href":"https:\/\/wikicnc.pl\/de\/wp-json\/wp\/v2\/product_brand?post=8040"},{"taxonomy":"product_cat","embeddable":true,"href":"https:\/\/wikicnc.pl\/de\/wp-json\/wp\/v2\/product_cat?post=8040"},{"taxonomy":"product_tag","embeddable":true,"href":"https:\/\/wikicnc.pl\/de\/wp-json\/wp\/v2\/product_tag?post=8040"}],"curies":[{"name":"wp","href":"https:\/\/api.w.org\/{rel}","templated":true}]}}