{"id":6497,"date":"2024-10-15T17:17:40","date_gmt":"2024-10-15T15:17:40","guid":{"rendered":"https:\/\/wikicnc.pl\/produkt\/eliza-moebelfront\/"},"modified":"2024-10-15T17:17:40","modified_gmt":"2024-10-15T15:17:40","slug":"eliza-moebelfront","status":"publish","type":"product","link":"https:\/\/wikicnc.pl\/de\/produkt\/eliza-moebelfront\/","title":{"rendered":"Eliza M\u00f6belfront"},"content":{"rendered":"<h2><strong>AF027 \u2013 Eliza M\u00f6belfront<\/strong><\/h2>\n<p>Die Front <strong>AF027 \u2013 Eliza<\/strong> geh\u00f6rt zu den beliebtesten Modellen und verbindet Eleganz mit Klasse, wodurch sie zu einem au\u00dfergew\u00f6hnlichen dekorativen Element wird. Ihr zeitloses Design macht sie nicht nur ideal f\u00fcr K\u00fcchen, sondern auch f\u00fcr die Dekoration von Hochzeitss\u00e4len, eleganten Boutiquen und palastartigen R\u00e4umen im k\u00f6niglichen Stil. Sie eignet sich zudem perfekt zur Gestaltung eines k\u00f6niglichen Zimmers f\u00fcr eine kleine Prinzessin und verleiht diesem Charme und Einzigartigkeit.<br \/>\nHergestellt aus hochwertigem MDF zeichnet sich die Front <strong>Eliza<\/strong> durch Langlebigkeit und Widerstandsf\u00e4higkeit gegen Besch\u00e4digungen aus, was sie zu einer hervorragenden Wahl f\u00fcr viele Jahre macht. Die glatte Oberfl\u00e4che ist pflegeleicht, und die gro\u00dfe Farbauswahl erm\u00f6glicht eine m\u00fchelose Anpassung an jede Einrichtung. Mit dezenten Verzierungen und eleganten Linien strahlt diese Front Luxus und besonderen Stil aus.<br \/>\nDar\u00fcber hinaus bietet die Front <strong>AF027 \u2013 Eliza<\/strong> eine breite Palette an Optionen, einschlie\u00dflich verschiedener Vitrinenvarianten. Mit diesen Auswahlm\u00f6glichkeiten kannst du deine Lieblingsst\u00fccke, wie elegantes Tafelgeschirr oder dekorative Elemente, stilvoll pr\u00e4sentieren.     <\/p>\n<p>Mit der Auswahl aus Optionen wie <strong>Vollfront<\/strong>, <strong>W0<\/strong>, <strong>W1 \u2013 1&#215;1<\/strong>, <strong>W1 \u2013 1&#215;2<\/strong>, <strong>W1 \u2013 1&#215;3<\/strong>,<strong> W1 \u2013 1&#215;4,<\/strong> <strong>W2<\/strong>, <strong>W3<\/strong>, <strong>W4<\/strong>, <strong>W5<\/strong>, <strong>W6<\/strong>, <strong>W7<\/strong> und <strong>W8<\/strong> kannst du die Front individuell an deine Bed\u00fcrfnisse und Vorlieben anpassen. Die Front <strong>Eliza<\/strong> betont nicht nur die \u00c4sthetik, sondern auch die Funktionalit\u00e4t. Sie passt perfekt sowohl zu modernen als auch zu klassischen Einrichtungsstilen und verleiht den R\u00e4umen eine elegante Note. Ihr universelles Design macht sie f\u00fcr verschiedene R\u00e4ume geeignet \u2013 von der K\u00fcche bis zum Wohnzimmer \u2013 und verleiht der Umgebung einen besonderen Charakter. Mit der Front <strong>AF027 \u2013 Eliza<\/strong> erh\u00e4ltst du ein Produkt, das nicht nur optisch begeistert, sondern auch h\u00f6chste Qualit\u00e4tsstandards erf\u00fcllt. Sie ist die ideale Wahl f\u00fcr alle, die ihrem Zuhause Luxus und Stil verleihen m\u00f6chten.     <\/p>\n<p>W\u00e4hle die Front <strong>Eliza<\/strong> und gestalte einen Raum, der nicht nur dich, sondern auch deine G\u00e4ste begeistert \u2013 sodass jeder Moment in diesem Ambiente wirklich besonders wird.<\/p>\n","protected":false},"excerpt":{"rendered":"<p><strong>AF027 \u2013 Eliza M\u00f6belfront<\/strong><\/p>\n<p>Die Front <strong>AF027 \u2013 Eliza<\/strong> ist eine stilvolle Wahl, die Eleganz mit Klasse verbindet und sich ideal f\u00fcr K\u00fcchen, Hochzeitss\u00e4le, elegante Boutiquen sowie R\u00e4ume im k\u00f6niglichen Stil eignet. Hergestellt aus hochwertigem MDF, garantiert sie Langlebigkeit und Pflegeleichtigkeit. Mit einer gro\u00dfen Auswahl an Optionen, darunter verschiedene Vitrinenvarianten (No Glass, W0, W1 \u2013 1&#215;1, W1 \u2013 1&#215;2, W1 \u2013 1&#215;3, W1 \u2013 1&#215;4, W2, W3, W4, W5, W6, W7, W8), verleiht die Front <strong>Eliza<\/strong> jedem Raum einen luxuri\u00f6sen Akzent.  <\/p>\n","protected":false},"featured_media":3543,"comment_status":"open","ping_status":"closed","template":"","meta":{"_et_pb_use_builder":"on","_et_pb_old_content":"","_et_gb_content_width":""},"product_brand":[],"product_cat":[407,402,403,405,401],"product_tag":[],"class_list":{"0":"post-6497","1":"product","2":"type-product","3":"status-publish","4":"has-post-thumbnail","6":"product_cat-feld","7":"product_cat-kuchenfront-de","8":"product_cat-mdf-de","9":"product_cat-mobelfront-de","10":"product_cat-mobelfront","11":"pa_glass-mdf-doors-ohne-glaseinsatz","12":"pa_glass-mdf-doors-w0-de","13":"pa_glass-mdf-doors-w1-1x1-de","14":"pa_glass-mdf-doors-w1-1x2-de","15":"pa_glass-mdf-doors-w1-1x3-de","16":"pa_glass-mdf-doors-w2-de","17":"pa_glass-mdf-doors-w2x2","18":"pa_glass-mdf-doors-w3-de","19":"pa_glass-mdf-doors-w4-de","20":"pa_glass-mdf-doors-w5-de","21":"pa_glass-mdf-doors-w6-de","22":"pa_glass-mdf-doors-w7-de","23":"pa_glass-mdf-doors-w8-de","25":"first","26":"instock","27":"taxable","28":"shipping-taxable","29":"purchasable","30":"product-type-variable","31":"has-default-attributes"},"_links":{"self":[{"href":"https:\/\/wikicnc.pl\/de\/wp-json\/wp\/v2\/product\/6497","targetHints":{"allow":["GET"]}}],"collection":[{"href":"https:\/\/wikicnc.pl\/de\/wp-json\/wp\/v2\/product"}],"about":[{"href":"https:\/\/wikicnc.pl\/de\/wp-json\/wp\/v2\/types\/product"}],"replies":[{"embeddable":true,"href":"https:\/\/wikicnc.pl\/de\/wp-json\/wp\/v2\/comments?post=6497"}],"wp:featuredmedia":[{"embeddable":true,"href":"https:\/\/wikicnc.pl\/de\/wp-json\/wp\/v2\/media\/3543"}],"wp:attachment":[{"href":"https:\/\/wikicnc.pl\/de\/wp-json\/wp\/v2\/media?parent=6497"}],"wp:term":[{"taxonomy":"product_brand","embeddable":true,"href":"https:\/\/wikicnc.pl\/de\/wp-json\/wp\/v2\/product_brand?post=6497"},{"taxonomy":"product_cat","embeddable":true,"href":"https:\/\/wikicnc.pl\/de\/wp-json\/wp\/v2\/product_cat?post=6497"},{"taxonomy":"product_tag","embeddable":true,"href":"https:\/\/wikicnc.pl\/de\/wp-json\/wp\/v2\/product_tag?post=6497"}],"curies":[{"name":"wp","href":"https:\/\/api.w.org\/{rel}","templated":true}]}}