{"id":6482,"date":"2024-10-23T19:38:11","date_gmt":"2024-10-23T17:38:11","guid":{"rendered":"https:\/\/wikicnc.pl\/produkt\/emilka-moebelfront\/"},"modified":"2025-08-06T23:58:42","modified_gmt":"2025-08-06T21:58:42","slug":"emilka-moebelfront","status":"publish","type":"product","link":"https:\/\/wikicnc.pl\/de\/produkt\/emilka-moebelfront\/","title":{"rendered":"Emilka M\u00f6belfront"},"content":{"rendered":"<p><strong>AF032 &#8211; Emilka M\u00f6belfront<\/strong><\/p>\n<p>Die M\u00f6belfront Emilka AF032 ist ein modernes Design mit einem Hauch von Eleganz, das sich hervorragend in jeden Einrichtungsstil einf\u00fcgt. Durch ihr einzigartiges Erscheinungsbild verleiht die Front Emilka den R\u00e4umen Tiefe und Klasse, wodurch sie besonders anspruchsvoll wirken. Ganz gleich, ob du K\u00fcche, Wohnzimmer, Badezimmer oder andere R\u00e4ume gestaltest \u2013 die Front Emilka f\u00fcgt sich perfekt ein und schafft ein harmonisches und \u00e4sthetisches Gesamtbild.  <\/p>\n<p>Die Front Emilka AF032 wird aus Materialien h\u00f6chster Qualit\u00e4t gefertigt, was f\u00fcr Langlebigkeit und Widerstandsf\u00e4higkeit im t\u00e4glichen Gebrauch sorgt. Die glatte Oberfl\u00e4che unterstreicht nicht nur das moderne Erscheinungsbild, sondern erleichtert auch die Reinigung. Emilka ist in vielen Farben und Ausf\u00fchrungen erh\u00e4ltlich, was eine vollst\u00e4ndige Personalisierung des Interieurs erm\u00f6glicht. Die Auswahl verschiedener Farbt\u00f6ne macht die Front Emilka zur idealen L\u00f6sung sowohl f\u00fcr klassische als auch f\u00fcr moderne Wohnr\u00e4ume.   <\/p>\n<p>Neben der \u00c4sthetik bietet die Front AF032 Emilka auch eine Vielzahl von Vitrinenoptionen, mit denen du deine Lieblingsst\u00fccke pr\u00e4sentieren oder elegante Arrangements schaffen kannst. Die Auswahl aus den Varianten No Glass, W0, W1 \u2013 1&#215;1, W1 \u2013 1&#215;2, W1 \u2013 1&#215;3, W1 \u2013 1&#215;4, W2, W3, W4, W5, W6, W7 und W8 erm\u00f6glicht individuelle L\u00f6sungen, die perfekt auf deine Bed\u00fcrfnisse und den Einrichtungsstil abgestimmt sind. So wird die Front Emilka nicht nur zu einem funktionalen, sondern auch zu einem dekorativen Element in jedem Raum.  <\/p>\n<p>Diese moderne Front eignet sich sowohl f\u00fcr private Wohnbereiche als auch f\u00fcr elegante gewerbliche R\u00e4ume. Ideal f\u00fcr K\u00fcchen, Badezimmer, Wohnzimmer oder Einbauschr\u00e4nke verbindet Emilka AF032 \u00c4sthetik mit Funktionalit\u00e4t. Durch die Anpassungsm\u00f6glichkeiten kannst du deinem Interieur einen modernen Akzent verleihen, ohne dabei auf Eleganz und Harmonie zu verzichten.  <\/p>\n<p>Mit der Wahl von Emilka AF032 erh\u00e4ltst du ein Produkt, das deine Erwartungen in Bezug auf \u00c4sthetik, Haltbarkeit und Funktionalit\u00e4t erf\u00fcllt. Es ist die perfekte L\u00f6sung f\u00fcr alle, die modernes Design mit Eleganz verbinden und dabei gleichzeitig Wert auf den Komfort im Alltag legen. <\/p>\n","protected":false},"excerpt":{"rendered":"<p>Emilka AF032 ist eine moderne M\u00f6belfront mit einem Hauch von Eleganz, die sich hervorragend in vielf\u00e4ltige Einrichtungskonzepte einf\u00fcgt. Hergestellt aus hochwertigen Materialien verbindet sie \u00c4sthetik mit Funktionalit\u00e4t. Sie bietet verschiedene Vitrinenoptionen, darunter No Glass, W0, W1 \u2013 1&#215;1, W1 \u2013 1&#215;2, W1 \u2013 1&#215;3, W1 \u2013 1&#215;4, W2, W3, W4, W5, W6, W7 und W8, die es erm\u00f6glichen, individuelle und einzigartige L\u00f6sungen zu gestalten.  <\/p>\n","protected":false},"featured_media":5575,"comment_status":"closed","ping_status":"closed","template":"","meta":{"_et_pb_use_builder":"","_et_pb_old_content":"","_et_gb_content_width":""},"product_brand":[],"product_cat":[399,402],"product_tag":[],"class_list":{"0":"post-6482","1":"product","2":"type-product","3":"status-publish","4":"has-post-thumbnail","6":"product_cat-glasvitrinen","7":"product_cat-kuchenfront-de","8":"pa_glass-mdf-doors-ohne-glaseinsatz","9":"pa_glass-mdf-doors-w0-de","10":"pa_glass-mdf-doors-w1-1x1-de","11":"pa_glass-mdf-doors-w1-1x2-de","12":"pa_glass-mdf-doors-w1-1x3-de","13":"pa_glass-mdf-doors-w2-de","14":"pa_glass-mdf-doors-w2x2","15":"pa_glass-mdf-doors-w3-de","16":"pa_glass-mdf-doors-w4-de","17":"pa_glass-mdf-doors-w5-de","18":"pa_glass-mdf-doors-w6-de","19":"pa_glass-mdf-doors-w7-de","20":"pa_glass-mdf-doors-w8-de","22":"first","23":"instock","24":"taxable","25":"shipping-taxable","26":"purchasable","27":"product-type-variable","28":"has-default-attributes"},"_links":{"self":[{"href":"https:\/\/wikicnc.pl\/de\/wp-json\/wp\/v2\/product\/6482","targetHints":{"allow":["GET"]}}],"collection":[{"href":"https:\/\/wikicnc.pl\/de\/wp-json\/wp\/v2\/product"}],"about":[{"href":"https:\/\/wikicnc.pl\/de\/wp-json\/wp\/v2\/types\/product"}],"replies":[{"embeddable":true,"href":"https:\/\/wikicnc.pl\/de\/wp-json\/wp\/v2\/comments?post=6482"}],"wp:featuredmedia":[{"embeddable":true,"href":"https:\/\/wikicnc.pl\/de\/wp-json\/wp\/v2\/media\/5575"}],"wp:attachment":[{"href":"https:\/\/wikicnc.pl\/de\/wp-json\/wp\/v2\/media?parent=6482"}],"wp:term":[{"taxonomy":"product_brand","embeddable":true,"href":"https:\/\/wikicnc.pl\/de\/wp-json\/wp\/v2\/product_brand?post=6482"},{"taxonomy":"product_cat","embeddable":true,"href":"https:\/\/wikicnc.pl\/de\/wp-json\/wp\/v2\/product_cat?post=6482"},{"taxonomy":"product_tag","embeddable":true,"href":"https:\/\/wikicnc.pl\/de\/wp-json\/wp\/v2\/product_tag?post=6482"}],"curies":[{"name":"wp","href":"https:\/\/api.w.org\/{rel}","templated":true}]}}