{"id":6468,"date":"2024-10-15T17:17:39","date_gmt":"2024-10-15T15:17:39","guid":{"rendered":"https:\/\/wikicnc.pl\/produkt\/bella-moebelfront\/"},"modified":"2024-10-15T17:17:39","modified_gmt":"2024-10-15T15:17:39","slug":"bella-moebelfront","status":"publish","type":"product","link":"https:\/\/wikicnc.pl\/de\/produkt\/bella-moebelfront\/","title":{"rendered":"Bella M\u00f6belfront"},"content":{"rendered":"<p><strong>AF025 \u2013 Bella M\u00f6belfront<\/strong><\/p>\n<p>Die Front <strong>AF025 \u2013 Bella<\/strong> geh\u00f6rt zu den beliebtesten Modellen und vereint Stil und Eleganz, was sie zu einem idealen dekorativen Element macht. Ihr zeitloses Design eignet sich perfekt f\u00fcr verschiedenste Einrichtungen \u2013 von eleganten Hochzeitss\u00e4len \u00fcber stilvolle Boutiquen bis hin zu palastartigen R\u00e4umen im k\u00f6niglichen Stil. Diese Front passt auch hervorragend in das Zimmer einer kleinen Prinzessin und verleiht ihm einen unverwechselbaren Charme und einen Hauch von Magie.  <\/p>\n<p>Gefertigt aus hochwertigem MDF, zeichnet sich die Front Bella durch ihre Langlebigkeit und Widerstandsf\u00e4higkeit gegen\u00fcber Besch\u00e4digungen aus \u2013 eine ausgezeichnete Wahl f\u00fcr viele Jahre. Die glatte Oberfl\u00e4che ist pflegeleicht, und die gro\u00dfe Farbauswahl erm\u00f6glicht eine perfekte Abstimmung auf unterschiedliche Einrichtungsstile. Dezente Verzierungen und elegante Linien verleihen dieser Front einen Hauch von Luxus und einen unverwechselbaren Stil.  <\/p>\n<p>Dar\u00fcber hinaus bietet die Front AF025 \u2013 Bella eine breite Auswahl an Optionen, darunter verschiedene Vitrinenvarianten. Diese erm\u00f6glichen es dir, deine Lieblingsst\u00fccke \u2013 wie elegantes Tafelgeschirr, dekorative Elemente oder famili\u00e4re Erinnerungsst\u00fccke \u2013 stilvoll zu pr\u00e4sentieren. Mit Auswahlm\u00f6glichkeiten wie: No Glass, W0, W1 \u2013 1&#215;1, W1 \u2013 1&#215;2, W1 \u2013 1&#215;3, W1 \u2013 1&#215;4, W2, W3, W4, W5, W6, W7 und W8 kannst du individuelle L\u00f6sungen gestalten, die deinen pers\u00f6nlichen Geschmack perfekt widerspiegeln.  <\/p>\n<p>Die Front Bella unterstreicht nicht nur die \u00c4sthetik des Raumes, sondern auch dessen Funktionalit\u00e4t. Dank ihres universellen Designs eignet sie sich ideal f\u00fcr unterschiedlichste R\u00e4ume \u2013 von der K\u00fcche \u00fcber das Esszimmer bis hin zum Wohnzimmer \u2013 und verleiht jedem dieser Bereiche eine elegante und moderne Note. <\/p>\n<p>Mit der Entscheidung f\u00fcr die Front AF025 \u2013 Bella erh\u00e4ltst du ein Produkt, das nicht nur durch sein Aussehen begeistert, sondern auch h\u00f6chste Qualit\u00e4tsstandards erf\u00fcllt. Sie ist die perfekte Wahl f\u00fcr alle, die ihrem Interieur einen Hauch von Luxus, Klassik und au\u00dfergew\u00f6hnlichem Stil verleihen m\u00f6chten \u2013 ein Anblick, der viele Jahre lang Freude bereitet. <\/p>\n","protected":false},"excerpt":{"rendered":"<p><strong>AF025 \u2013 Bella M\u00f6belfront<\/strong><\/p>\n<p><strong>AF025 \u2013 Bella<\/strong> ist eine elegante Wahl, die Stil mit Raffinesse verbindet und sich ideal f\u00fcr die Dekoration von Hochzeitss\u00e4len, eleganten Boutiquen sowie R\u00e4umen im k\u00f6niglichen Stil eignet. Hergestellt aus hochwertigem MDF, zeichnet sie sich durch Langlebigkeit und Pflegeleichtigkeit aus und ist in verschiedenen Farben erh\u00e4ltlich. Die Schrankt\u00fcren bieten zudem Personalisierungsoptionen, darunter Vitrinenvarianten (No Glass, W0, W1 \u2013 1&#215;1, W1 \u2013 1&#215;2, W1 \u2013 1&#215;3, W1 \u2013 1&#215;4, W2, W3, W4, W5, W6, W7, W8), die es erm\u00f6glichen, Lieblingsst\u00fccke stilvoll zu pr\u00e4sentieren. Ideal f\u00fcr K\u00fcche und Wohnbereiche \u2013 die Schrankt\u00fcren Bella verleihen jedem Raum Luxus und Eleganz.   <\/p>\n","protected":false},"featured_media":3531,"comment_status":"open","ping_status":"closed","template":"","meta":{"_et_pb_use_builder":"","_et_pb_old_content":"","_et_gb_content_width":""},"product_brand":[],"product_cat":[407,402,400,403,405,401],"product_tag":[],"class_list":{"0":"post-6468","1":"product","2":"type-product","3":"status-publish","4":"has-post-thumbnail","6":"product_cat-feld","7":"product_cat-kuchenfront-de","8":"product_cat-kuchenfront","9":"product_cat-mdf-de","10":"product_cat-mobelfront-de","11":"product_cat-mobelfront","12":"pa_glass-mdf-doors-ohne-glaseinsatz","13":"pa_glass-mdf-doors-w0-de","14":"pa_glass-mdf-doors-w1-1x1-de","15":"pa_glass-mdf-doors-w1-1x2-de","16":"pa_glass-mdf-doors-w1-1x3-de","17":"pa_glass-mdf-doors-w2-de","18":"pa_glass-mdf-doors-w2x2","19":"pa_glass-mdf-doors-w3-de","20":"pa_glass-mdf-doors-w4-de","21":"pa_glass-mdf-doors-w5-de","22":"pa_glass-mdf-doors-w6-de","23":"pa_glass-mdf-doors-w7-de","24":"pa_glass-mdf-doors-w8-de","26":"first","27":"instock","28":"taxable","29":"shipping-taxable","30":"purchasable","31":"product-type-variable","32":"has-default-attributes"},"_links":{"self":[{"href":"https:\/\/wikicnc.pl\/de\/wp-json\/wp\/v2\/product\/6468","targetHints":{"allow":["GET"]}}],"collection":[{"href":"https:\/\/wikicnc.pl\/de\/wp-json\/wp\/v2\/product"}],"about":[{"href":"https:\/\/wikicnc.pl\/de\/wp-json\/wp\/v2\/types\/product"}],"replies":[{"embeddable":true,"href":"https:\/\/wikicnc.pl\/de\/wp-json\/wp\/v2\/comments?post=6468"}],"wp:featuredmedia":[{"embeddable":true,"href":"https:\/\/wikicnc.pl\/de\/wp-json\/wp\/v2\/media\/3531"}],"wp:attachment":[{"href":"https:\/\/wikicnc.pl\/de\/wp-json\/wp\/v2\/media?parent=6468"}],"wp:term":[{"taxonomy":"product_brand","embeddable":true,"href":"https:\/\/wikicnc.pl\/de\/wp-json\/wp\/v2\/product_brand?post=6468"},{"taxonomy":"product_cat","embeddable":true,"href":"https:\/\/wikicnc.pl\/de\/wp-json\/wp\/v2\/product_cat?post=6468"},{"taxonomy":"product_tag","embeddable":true,"href":"https:\/\/wikicnc.pl\/de\/wp-json\/wp\/v2\/product_tag?post=6468"}],"curies":[{"name":"wp","href":"https:\/\/api.w.org\/{rel}","templated":true}]}}