{"id":6454,"date":"2024-10-15T17:17:13","date_gmt":"2024-10-15T15:17:13","guid":{"rendered":"https:\/\/wikicnc.pl\/produkt\/ola-moebelfront\/"},"modified":"2024-10-15T17:17:13","modified_gmt":"2024-10-15T15:17:13","slug":"ola-moebelfront","status":"publish","type":"product","link":"https:\/\/wikicnc.pl\/de\/produkt\/ola-moebelfront\/","title":{"rendered":"Ola M\u00f6belfront"},"content":{"rendered":"<p><strong>AF025 \u2013 Ola M\u00f6belfront<\/strong><\/p>\n<p>Frontm\u00f6bel AF024 \u2013 Ola ist eine der beliebtesten Optionen in unserem Angebot, die viele Kunden durch ihre Vielseitigkeit und \u00c4sthetik begeistert hat. Dieses Design eignet sich perfekt f\u00fcr verschiedene R\u00e4ume, von der K\u00fcche \u00fcber das Esszimmer bis hin zu Wohnzimmer und Schlafzimmer. Sein zeitloses Design erm\u00f6glicht eine schnelle und wirkungsvolle Inneneinrichtung und macht es zur idealen L\u00f6sung f\u00fcr alle, die praktische und zugleich au\u00dfergew\u00f6hnliche dekorative Elemente suchen.  <\/p>\n<p>Die Front Ola zeichnet sich durch klare, aber elegante Linien aus, die jedem Raum Klasse und Stil verleihen. Mit einer gro\u00dfen Auswahl an Farben und Oberfl\u00e4chen kannst du sie ganz nach deinen Vorlieben und dem Charakter des Raums anpassen. Hergestellt aus hochwertigem MDF ist die Front nicht nur \u00e4sthetisch, sondern auch langlebig und widerstandsf\u00e4hig gegen Besch\u00e4digungen, was ihre Langlebigkeit und Funktionalit\u00e4t im Alltag garantiert.  <\/p>\n<p>Eine der gr\u00f6\u00dften St\u00e4rken der Front AF024 &#8211; Ola ist ihre Vielseitigkeit. Sie kann in vielen Kontexten eingesetzt werden und erm\u00f6glicht so die Gestaltung au\u00dfergew\u00f6hnlicher Einrichtungsl\u00f6sungen. Ganz gleich, ob du eine moderne K\u00fcche, ein gem\u00fctliches Wohnzimmer oder ein elegantes Esszimmer gestalten m\u00f6chtest \u2013 die Front Ola f\u00fcgt sich perfekt in jeden Stil ein.  <\/p>\n<p>Um den Front AF024 \u2013 Ola noch besser an individuelle Bed\u00fcrfnisse anzupassen, bietet er eine Vielzahl von Vitrinenoptionen. Zur Auswahl stehen Varianten wie: No Glass, W0, W1 \u2013 1&#215;1, W1 \u2013 1&#215;2, W1 \u2013 1&#215;3, W1 \u2013 1&#215;4, W2, W3, W4, W5, W6, W7 und W8. Diese Auswahlm\u00f6glichkeiten erm\u00f6glichen es dir, Lieblingsst\u00fccke wie elegantes Tafelgeschirr, dekorative Elemente oder famili\u00e4re Erinnerungsst\u00fccke stilvoll zur Geltung zu bringen und so dem Raum zus\u00e4tzlichen Charakter zu verleihen.  <\/p>\n<p>Die Front AF024 \u2013 Ola ist auch eine ausgezeichnete Wahl f\u00fcr alle, die ihrem Zuhause moderne sowie klassische Elemente verleihen m\u00f6chten. Ihr minimalistisches Design in Kombination mit dezenten Verzierungen verleiht jedem Raum einen einzigartigen Stil und eine besondere Eleganz. Mit dieser Front entscheidest du dich nicht nur f\u00fcr ein \u00e4sthetisches Produkt, sondern auch f\u00fcr eine funktionale L\u00f6sung, die den hohen Anforderungen des Alltags gerecht wird.  <\/p>\n<p>Zusammenfassend ist die M\u00f6belfront AF024 \u2013 Ola die ideale L\u00f6sung f\u00fcr alle, die Wert auf Sch\u00f6nheit, Langlebigkeit und Funktionalit\u00e4t legen. Mit ihr l\u00e4sst sich dein Zuhause ganz einfach so gestalten, dass es sowohl die Bewohner als auch G\u00e4ste begeistert. W\u00e4hle die Front Ola und genie\u00dfe \u00fcber viele Jahre hinweg einzigartigen Stil und Komfort in deinem Zuhause.  <\/p>\n","protected":false},"excerpt":{"rendered":"<p>Die M\u00f6belfront AF024 \u2013 Ola ist ein Kundenliebling und passt perfekt in jeden Raum. Ihr zeitloses Design erm\u00f6glicht schnelle und wirkungsvolle Gestaltungen und verleiht dem Interieur Klasse und Stil. Gefertigt aus hochwertigem MDF, ist sie langlebig und pflegeleicht. Sie bietet eine Vielzahl von Vitrinenoptionen (No Glass, W0, W1 \u2013 1&#215;1, W1 \u2013 1&#215;2, W1 \u2013 1&#215;3, W1 \u2013 1&#215;4, W2, W3, W4, W5, W6, W7, W8), die es erm\u00f6glichen, Lieblingsst\u00fccke stilvoll zu pr\u00e4sentieren und die Front individuell anzupassen.   <\/p>\n","protected":false},"featured_media":3525,"comment_status":"open","ping_status":"closed","template":"","meta":{"_et_pb_use_builder":"","_et_pb_old_content":"","_et_gb_content_width":""},"product_brand":[],"product_cat":[404,399,402,400,403,401,405],"product_tag":[],"class_list":{"0":"post-6454","1":"product","2":"type-product","3":"status-publish","4":"has-post-thumbnail","6":"product_cat-flaches-mobelpaneel","7":"product_cat-glasvitrinen","8":"product_cat-kuchenfront-de","9":"product_cat-kuchenfront","10":"product_cat-mdf-de","11":"product_cat-mobelfront","12":"product_cat-mobelfront-de","13":"pa_glass-mdf-doors-ohne-glaseinsatz","14":"pa_glass-mdf-doors-w0-de","15":"pa_glass-mdf-doors-w1-1x1-de","16":"pa_glass-mdf-doors-w1-1x2-de","17":"pa_glass-mdf-doors-w1-1x3-de","18":"pa_glass-mdf-doors-w2-de","19":"pa_glass-mdf-doors-w2x2","20":"pa_glass-mdf-doors-w3-de","21":"pa_glass-mdf-doors-w4-de","22":"pa_glass-mdf-doors-w5-de","23":"pa_glass-mdf-doors-w6-de","24":"pa_glass-mdf-doors-w7-de","25":"pa_glass-mdf-doors-w8-de","27":"first","28":"instock","29":"taxable","30":"shipping-taxable","31":"purchasable","32":"product-type-variable","33":"has-default-attributes"},"_links":{"self":[{"href":"https:\/\/wikicnc.pl\/de\/wp-json\/wp\/v2\/product\/6454","targetHints":{"allow":["GET"]}}],"collection":[{"href":"https:\/\/wikicnc.pl\/de\/wp-json\/wp\/v2\/product"}],"about":[{"href":"https:\/\/wikicnc.pl\/de\/wp-json\/wp\/v2\/types\/product"}],"replies":[{"embeddable":true,"href":"https:\/\/wikicnc.pl\/de\/wp-json\/wp\/v2\/comments?post=6454"}],"wp:featuredmedia":[{"embeddable":true,"href":"https:\/\/wikicnc.pl\/de\/wp-json\/wp\/v2\/media\/3525"}],"wp:attachment":[{"href":"https:\/\/wikicnc.pl\/de\/wp-json\/wp\/v2\/media?parent=6454"}],"wp:term":[{"taxonomy":"product_brand","embeddable":true,"href":"https:\/\/wikicnc.pl\/de\/wp-json\/wp\/v2\/product_brand?post=6454"},{"taxonomy":"product_cat","embeddable":true,"href":"https:\/\/wikicnc.pl\/de\/wp-json\/wp\/v2\/product_cat?post=6454"},{"taxonomy":"product_tag","embeddable":true,"href":"https:\/\/wikicnc.pl\/de\/wp-json\/wp\/v2\/product_tag?post=6454"}],"curies":[{"name":"wp","href":"https:\/\/api.w.org\/{rel}","templated":true}]}}