{"id":6440,"date":"2024-10-15T17:17:13","date_gmt":"2024-10-15T15:17:13","guid":{"rendered":"https:\/\/wikicnc.pl\/produkt\/sylwia-moebelfront\/"},"modified":"2024-10-15T17:17:13","modified_gmt":"2024-10-15T15:17:13","slug":"sylwia-moebelfront","status":"publish","type":"product","link":"https:\/\/wikicnc.pl\/de\/produkt\/sylwia-moebelfront\/","title":{"rendered":"Sylwia M\u00f6belfront"},"content":{"rendered":"<div class=\"flex max-w-full flex-col flex-grow\">\n<div class=\"min-h-8 text-message flex w-full flex-col items-end gap-2 whitespace-normal break-words [.text-message+&amp;]:mt-5\" dir=\"auto\" data-message-author-role=\"assistant\" data-message-id=\"18b74962-b140-4080-a089-802bc482ce91\" data-message-model-slug=\"gpt-4o-mini\">\n<div class=\"flex w-full flex-col gap-1 empty:hidden first:pt-[3px]\">\n<div class=\"markdown prose w-full break-words dark:prose-invert light\">\n<h3>AF023 &#8211; Sylwia M\u00f6belfront<\/h3>\n<p>Der M\u00f6belfront AF023 \u2013 Sylwia ist ein elegantes Dekorationselement, das sich hervorragend in verschiedene Raumgestaltungen einf\u00fcgt. Er eignet sich ideal f\u00fcr K\u00fcchen, Wohnzimmer und andere R\u00e4ume und verleiht ihnen Stil und Charakter. Sein modernes Design macht ihn vielseitig und passend f\u00fcr verschiedene Einrichtungsstile \u2013 von klassisch bis minimalistisch.  <\/p>\n<p>Hergestellt aus hochwertigem MDF, zeichnet sich der Front Sylwia durch Langlebigkeit und Widerstandsf\u00e4higkeit gegen Besch\u00e4digungen aus, was ihn zur idealen Wahl f\u00fcr viele Jahre macht. Die glatte Oberfl\u00e4che erleichtert die Reinigung, und die gro\u00dfe Farbauswahl erm\u00f6glicht eine einfache Anpassung an jedes Interieur. Dezente Details und elegante Linien verleihen ihm einen einzigartigen Charakter.  <\/p>\n<p>Zus\u00e4tzlich bietet der Front AF023 \u2013 Sylwia eine gro\u00dfe Auswahl an Optionen, einschlie\u00dflich verschiedener Vitrinenvarianten. Mit diesen M\u00f6glichkeiten kannst du deine Lieblingsgegenst\u00e4nde wie elegantes Geschirr oder dekorative Accessoires stilvoll pr\u00e4sentieren, was dieses Produkt noch funktionaler macht. <\/p>\n<p>Verf\u00fcgbare Vitrinenoptionen sind: No Glass, W0, W1 &#8211; 1&#215;1, W1 &#8211; 1&#215;2, W1 &#8211; 1&#215;3, W1 &#8211; 1&#215;4, W2, W3, W4, W5, W6, W7, W8. Diese erm\u00f6glichen die Gestaltung einzigartiger L\u00f6sungen, die deinen pers\u00f6nlichen Geschmack und deine Bed\u00fcrfnisse widerspiegeln.<\/p>\n<p>Mit der Wahl des Fronts AF023 \u2013 Sylwia erh\u00e4ltst du ein Produkt, das nicht nur durch seine \u00c4sthetik begeistert, sondern auch hohe Qualit\u00e4tsstandards erf\u00fcllt. Es ist die ideale Wahl f\u00fcr alle, die ihrem Zuhause luxuri\u00f6se und au\u00dfergew\u00f6hnliche Stilakzente verleihen m\u00f6chten, die \u00fcber viele Jahre hinweg Freude bereiten. <\/p>\n<\/div>\n<\/div>\n<\/div>\n<\/div>\n","protected":false},"excerpt":{"rendered":"<div class=\"flex-shrink-0 flex flex-col relative items-end\">\n<div>\n<div class=\"pt-0\">\n<div class=\"gizmo-bot-avatar flex h-8 w-8 items-center justify-center overflow-hidden rounded-full\">\n<div class=\"relative p-1 rounded-sm flex items-center justify-center bg-token-main-surface-primary text-token-text-primary h-8 w-8\"><span style=\"color: #333333; font-size: 18px;\">AF023 &#8211; Sylwia M\u00f6belfront<\/span><\/div>\n<\/div>\n<\/div>\n<\/div>\n<\/div>\n<div class=\"group\/conversation-turn relative flex w-full min-w-0 flex-col agent-turn\">\n<div class=\"flex-col gap-1 md:gap-3\">\n<div class=\"flex max-w-full flex-col flex-grow\">\n<div class=\"min-h-8 text-message flex w-full flex-col items-end gap-2 whitespace-normal break-words [.text-message+&amp;]:mt-5\" dir=\"auto\" data-message-author-role=\"assistant\" data-message-id=\"fc87897e-6ffb-4e0b-9c62-d0987c327b57\" data-message-model-slug=\"gpt-4o-mini\">\n<div class=\"flex w-full flex-col gap-1 empty:hidden first:pt-[3px]\">\n<div class=\"markdown prose w-full break-words dark:prose-invert light\">\n<p>Der M\u00f6bel-Front AF023 \u2013 Sylwia ist ein elegantes Element, das sich perfekt f\u00fcr K\u00fcche, Wohnzimmer und andere R\u00e4ume eignet und ihnen Stil und Charakter verleiht. Hergestellt aus hochwertigem MDF, zeichnet er sich durch Langlebigkeit und einfache Reinigung aus. <\/p>\n<p>Erh\u00e4ltlich in verschiedenen Farben, erm\u00f6glicht er eine perfekte Anpassung an jeden Einrichtungsstil. Zus\u00e4tzlich bietet er vielf\u00e4ltige Vitrinenoptionen (No Glass, W0, W1 &#8211; 1&#215;1, W1 &#8211; 1&#215;2, W1 &#8211; 1&#215;3, W1 &#8211; 1&#215;4, W2, W3, W4, W5, W6, W7, W8), die das stilvolle Pr\u00e4sentieren Ihrer Lieblingsgegenst\u00e4nde erlauben. <\/p>\n<p>Mit der Wahl von AF023 \u2013 Sylwia erhalten Sie ein Produkt, das \u00c4sthetik und Funktionalit\u00e4t vereint und perfekt f\u00fcr alle ist, die ihrem Zuhause einen Hauch von Luxus verleihen m\u00f6chten.<\/p>\n<\/div>\n<\/div>\n<\/div>\n<\/div>\n<\/div>\n<\/div>\n","protected":false},"featured_media":3519,"comment_status":"open","ping_status":"closed","template":"","meta":{"_et_pb_use_builder":"","_et_pb_old_content":"","_et_gb_content_width":""},"product_brand":[],"product_cat":[407,399,402,400,403,401,405],"product_tag":[],"class_list":{"0":"post-6440","1":"product","2":"type-product","3":"status-publish","4":"has-post-thumbnail","6":"product_cat-feld","7":"product_cat-glasvitrinen","8":"product_cat-kuchenfront-de","9":"product_cat-kuchenfront","10":"product_cat-mdf-de","11":"product_cat-mobelfront","12":"product_cat-mobelfront-de","13":"pa_glass-mdf-doors-ohne-glaseinsatz","14":"pa_glass-mdf-doors-w0-de","15":"pa_glass-mdf-doors-w1-1x1-de","16":"pa_glass-mdf-doors-w1-1x2-de","17":"pa_glass-mdf-doors-w1-1x3-de","18":"pa_glass-mdf-doors-w2-de","19":"pa_glass-mdf-doors-w2x2","20":"pa_glass-mdf-doors-w3-de","21":"pa_glass-mdf-doors-w4-de","22":"pa_glass-mdf-doors-w5-de","23":"pa_glass-mdf-doors-w6-de","24":"pa_glass-mdf-doors-w7-de","25":"pa_glass-mdf-doors-w8-de","27":"first","28":"instock","29":"taxable","30":"shipping-taxable","31":"purchasable","32":"product-type-variable","33":"has-default-attributes"},"_links":{"self":[{"href":"https:\/\/wikicnc.pl\/de\/wp-json\/wp\/v2\/product\/6440","targetHints":{"allow":["GET"]}}],"collection":[{"href":"https:\/\/wikicnc.pl\/de\/wp-json\/wp\/v2\/product"}],"about":[{"href":"https:\/\/wikicnc.pl\/de\/wp-json\/wp\/v2\/types\/product"}],"replies":[{"embeddable":true,"href":"https:\/\/wikicnc.pl\/de\/wp-json\/wp\/v2\/comments?post=6440"}],"wp:featuredmedia":[{"embeddable":true,"href":"https:\/\/wikicnc.pl\/de\/wp-json\/wp\/v2\/media\/3519"}],"wp:attachment":[{"href":"https:\/\/wikicnc.pl\/de\/wp-json\/wp\/v2\/media?parent=6440"}],"wp:term":[{"taxonomy":"product_brand","embeddable":true,"href":"https:\/\/wikicnc.pl\/de\/wp-json\/wp\/v2\/product_brand?post=6440"},{"taxonomy":"product_cat","embeddable":true,"href":"https:\/\/wikicnc.pl\/de\/wp-json\/wp\/v2\/product_cat?post=6440"},{"taxonomy":"product_tag","embeddable":true,"href":"https:\/\/wikicnc.pl\/de\/wp-json\/wp\/v2\/product_tag?post=6440"}],"curies":[{"name":"wp","href":"https:\/\/api.w.org\/{rel}","templated":true}]}}