{"id":6425,"date":"2024-10-18T15:41:33","date_gmt":"2024-10-18T13:41:33","guid":{"rendered":"https:\/\/wikicnc.pl\/produkt\/dorota-moebelfront\/"},"modified":"2024-10-18T15:41:33","modified_gmt":"2024-10-18T13:41:33","slug":"dorota-moebelfront","status":"publish","type":"product","link":"https:\/\/wikicnc.pl\/de\/produkt\/dorota-moebelfront\/","title":{"rendered":"Dorota M\u00f6belfront"},"content":{"rendered":"<p><strong>AF-031 &#8211; Dorota M\u00f6belfront<\/strong><\/p>\n<p>Front AF-031 \u2013 Dorota ist eines der beliebtesten Modelle, das von Kunden gesch\u00e4tzt wird, die Eleganz und Funktionalit\u00e4t in einem suchen. Sein universelles Design macht ihn vielseitig einsetzbar \u2013 ob in der K\u00fcche, im Wohnzimmer oder im Badezimmer. Dorota passt perfekt zu modernen wie auch klassischen Einrichtungen und verleiht jedem Raum einen einzigartigen Charakter. Durch seine schlichte, zugleich raffinierte \u00c4sthetik erm\u00f6glicht er eine schnelle und stilvolle Gestaltung von zeitlosen, praktischen und zugleich au\u00dfergew\u00f6hnlichen Innenr\u00e4umen.   <\/p>\n<p>Einer der wichtigsten Vorteile der Front Dorota ist die M\u00f6glichkeit, sie an individuelle Vorlieben anzupassen. Sie bietet eine gro\u00dfe Auswahl an Vitrinenoptionen, mit denen einzigartige Designs geschaffen werden k\u00f6nnen, die den pers\u00f6nlichen Stil des Nutzers widerspiegeln. Verf\u00fcgbare Vitrinenvarianten: No Glass, W0, W1 &#8211; 1&#215;1, W1 &#8211; 1&#215;2, W1 &#8211; 1&#215;3, W1 &#8211; 1&#215;4, W2, W3, W4, W5, W6, W7, W8 erm\u00f6glichen eine flexible Anpassung an die Bed\u00fcrfnisse der Nutzer \u2013 von komplett geschlossenen Fronten bis hin zu Optionen mit Glaseins\u00e4tzen, ideal zum Pr\u00e4sentieren dekorativer Elemente oder Alltagsgegenst\u00e4nde.  <\/p>\n<p>Die Front Dorota erf\u00fcllt nicht nur \u00e4sthetische, sondern auch praktische Funktionen. Sie ist aus hochwertigen Materialien gefertigt, was ihre Haltbarkeit und Best\u00e4ndigkeit gegen\u00fcber t\u00e4glichem Gebrauch gew\u00e4hrleistet. Die Oberfl\u00e4che ist leicht zu reinigen, wodurch sie sich ideal f\u00fcr K\u00fcchen oder Badezimmer eignet. Dank solider Verarbeitung garantiert diese Front Langlebigkeit und beh\u00e4lt ihr unver\u00e4ndertes Aussehen \u00fcber viele Jahre. Selbst bei intensiver Nutzung bleibt sie elegant und funktional.    <\/p>\n<p>Ein gro\u00dfer Vorteil der Front AF-031 Dorota ist ihre Vielseitigkeit. Sie kann sowohl in privaten als auch in gewerblichen R\u00e4umen eingesetzt werden. Dank der M\u00f6glichkeit zur vollst\u00e4ndigen Personalisierung lassen sich Fronten gestalten, die perfekt zum Stil und Charakter des jeweiligen Raumes passen. Egal, ob du den Inhalt der Schr\u00e4nke komplett verbergen oder ausgew\u00e4hlte Elemente dezent pr\u00e4sentieren m\u00f6chtest \u2013 die Front Dorota erf\u00fcllt selbst die h\u00f6chsten Anspr\u00fcche der Kunden.   <\/p>\n<p>Zusammenfassend ist die M\u00f6belfront AF-031 Dorota die perfekte L\u00f6sung f\u00fcr alle, die ein \u00e4sthetisches, funktionales und langlebiges Einrichtungselement suchen. Dank der vielf\u00e4ltigen Vitrinenoptionen und der M\u00f6glichkeit zur individuellen Anpassung erf\u00fcllt diese Front m\u00fchelos die Erwartungen sowohl von Liebhabern klassischer als auch moderner Designs. Ihr zeitloser Stil macht sie zur idealen Erg\u00e4nzung f\u00fcr jeden Raum, unabh\u00e4ngig von dessen Nutzung.  <\/p>\n","protected":false},"excerpt":{"rendered":"<p><strong>AF-031 \u2013 Dorota M\u00f6belfront<\/strong> ist eine universelle Wahl, die in jedem Raum \u00fcberzeugt. Sie bietet eine gro\u00dfe Auswahl an Vitrinenoptionen: No Glass, W0, W1 &#8211; 1&#215;1, W1 &#8211; 1&#215;2, W1 &#8211; 1&#215;3, W1 &#8211; 1&#215;4, W2, W3, W4, W5, W6, W7, W8, und erm\u00f6glicht so die Gestaltung personalisierter L\u00f6sungen, die Deinen Stil widerspiegeln. <\/p>\n","protected":false},"featured_media":2703,"comment_status":"closed","ping_status":"closed","template":"","meta":{"_et_pb_use_builder":"","_et_pb_old_content":"","_et_gb_content_width":""},"product_brand":[],"product_cat":[402,404,399,400,403,401,405],"product_tag":[],"class_list":{"0":"post-6425","1":"product","2":"type-product","3":"status-publish","4":"has-post-thumbnail","6":"product_cat-kuchenfront-de","7":"product_cat-flaches-mobelpaneel","8":"product_cat-glasvitrinen","9":"product_cat-kuchenfront","10":"product_cat-mdf-de","11":"product_cat-mobelfront","12":"product_cat-mobelfront-de","13":"pa_glass-mdf-doors-ohne-glaseinsatz","14":"pa_glass-mdf-doors-w0-de","15":"pa_glass-mdf-doors-w1-1x1-de","16":"pa_glass-mdf-doors-w1-1x2-de","17":"pa_glass-mdf-doors-w1-1x3-de","18":"pa_glass-mdf-doors-w2-de","19":"pa_glass-mdf-doors-w2x2","20":"pa_glass-mdf-doors-w3-de","21":"pa_glass-mdf-doors-w4-de","22":"pa_glass-mdf-doors-w5-de","23":"pa_glass-mdf-doors-w6-de","24":"pa_glass-mdf-doors-w7-de","25":"pa_glass-mdf-doors-w8-de","27":"first","28":"instock","29":"taxable","30":"shipping-taxable","31":"purchasable","32":"product-type-variable","33":"has-default-attributes"},"_links":{"self":[{"href":"https:\/\/wikicnc.pl\/de\/wp-json\/wp\/v2\/product\/6425","targetHints":{"allow":["GET"]}}],"collection":[{"href":"https:\/\/wikicnc.pl\/de\/wp-json\/wp\/v2\/product"}],"about":[{"href":"https:\/\/wikicnc.pl\/de\/wp-json\/wp\/v2\/types\/product"}],"replies":[{"embeddable":true,"href":"https:\/\/wikicnc.pl\/de\/wp-json\/wp\/v2\/comments?post=6425"}],"wp:featuredmedia":[{"embeddable":true,"href":"https:\/\/wikicnc.pl\/de\/wp-json\/wp\/v2\/media\/2703"}],"wp:attachment":[{"href":"https:\/\/wikicnc.pl\/de\/wp-json\/wp\/v2\/media?parent=6425"}],"wp:term":[{"taxonomy":"product_brand","embeddable":true,"href":"https:\/\/wikicnc.pl\/de\/wp-json\/wp\/v2\/product_brand?post=6425"},{"taxonomy":"product_cat","embeddable":true,"href":"https:\/\/wikicnc.pl\/de\/wp-json\/wp\/v2\/product_cat?post=6425"},{"taxonomy":"product_tag","embeddable":true,"href":"https:\/\/wikicnc.pl\/de\/wp-json\/wp\/v2\/product_tag?post=6425"}],"curies":[{"name":"wp","href":"https:\/\/api.w.org\/{rel}","templated":true}]}}