{"id":6424,"date":"2024-10-18T14:47:17","date_gmt":"2024-10-18T12:47:17","guid":{"rendered":"https:\/\/wikicnc.pl\/produkt\/monika-moebelfront\/"},"modified":"2024-10-18T14:47:17","modified_gmt":"2024-10-18T12:47:17","slug":"monika-moebelfront","status":"publish","type":"product","link":"https:\/\/wikicnc.pl\/de\/produkt\/monika-moebelfront\/","title":{"rendered":"Monika M\u00f6belfront"},"content":{"rendered":"<p><strong>AF030 &#8211; Monika M\u00f6belfront<\/strong><\/p>\n<p>Front AF030 \u2013 Monika ist die elegante Wahl f\u00fcr alle, die ihren Innenr\u00e4umen einen Hauch k\u00f6niglichen Stils verleihen m\u00f6chten. Inspiriert vom klassischen Luxus, eignet sich dieses Design hervorragend als dekoratives Element in besonderen R\u00e4umen wie Fests\u00e4len, eleganten Boutiquen oder prunkvollen Palastinterieurs. Seine raffinierte \u00c4sthetik macht den Front Monika auch in kleineren, gem\u00fctlichen Bereichen, wie dem Zimmer eines kleinen M\u00e4dchens, zu einem stilvollen Highlight.  <\/p>\n<p>H\u00e4ufig von unseren Kunden wegen seiner zeitlosen Klasse und Stil gew\u00e4hlt, f\u00fcgt sich diese Front perfekt in unterschiedlich gestaltete Innenr\u00e4ume ein. Seine feinen, zugleich aber markanten Details machen ihn zur idealen Wahl f\u00fcr Projekte, bei denen \u00c4sthetik eine zentrale Rolle spielt. Ganz gleich, ob das Interieur klassisch oder moderner gestaltet ist \u2013 die Front Monika f\u00fcgt sich harmonisch ins Gesamtbild ein und verleiht dem Raum Eleganz und Raffinesse.  <\/p>\n<p>Einer der gr\u00f6\u00dften Vorteile der Front AF030 \u2013 Monika ist ihre Vielseitigkeit und Personalisierbarkeit. Sie bietet eine breite Auswahl an Vitrinenoptionen, die es erm\u00f6glichen, einzigartige L\u00f6sungen zu schaffen, die individuell an Bed\u00fcrfnisse und Vorlieben angepasst sind. Sie k\u00f6nnen aus zahlreichen verf\u00fcgbaren Vitrinenvarianten w\u00e4hlen: No Glass, W0, W1 &#8211; 1&#215;1, W1 &#8211; 1&#215;2, W1 &#8211; 1&#215;3, W1 &#8211; 1&#215;4, W2, W3, W4, W5, W6, W7, W8. Diese Optionen erlauben nicht nur die elegante Pr\u00e4sentation ausgew\u00e4hlter Gegenst\u00e4nde, sondern bringen auch eine zus\u00e4tzliche Dimension von Leichtigkeit und Transparenz in den Raum.   <\/p>\n<p>Dank der verschiedenen Vitrinenvarianten wird die Front Monika zur perfekten L\u00f6sung sowohl f\u00fcr gewerbliche als auch private R\u00e4ume und erm\u00f6glicht eine volle Flexibilit\u00e4t in der Anwendung. Die Anpassungsm\u00f6glichkeiten der Vitrinen machen diese Front nicht nur zu einem \u00e4sthetischen, sondern auch zu einem praktischen Element im Raum, das die dezente und elegante Pr\u00e4sentation von Lieblingsdekorationen oder Alltagsgegenst\u00e4nden erlaubt. <\/p>\n<p>Hergestellt aus hochwertigen Materialien, zeichnet sich die Front AF030 \u2013 Monika durch Langlebigkeit und Widerstandsf\u00e4higkeit im t\u00e4glichen Gebrauch aus. Ihre Oberfl\u00e4che ist pflegeleicht, wodurch sie sich ideal f\u00fcr stark genutzte Bereiche wie K\u00fcchen oder Badezimmer eignet, aber auch f\u00fcr repr\u00e4sentative R\u00e4ume wie Wohnzimmer oder Arbeitszimmer. Die Haltbarkeit der Front garantiert, dass sie \u00fcber viele Jahre hinweg sch\u00f6n und funktional bleibt und ihren unverwechselbaren Charme bewahrt.  <\/p>\n<p>Zusammenfassend ist die M\u00f6belfront AF030 \u2013 Monika die ideale L\u00f6sung f\u00fcr alle, die Eleganz, Klasse und die M\u00f6glichkeit sch\u00e4tzen, M\u00f6bel individuell anzupassen. Ganz gleich, ob Sie ein Interieur im palastartigen Stil gestalten oder dezent einen Hauch von Luxus in moderne R\u00e4ume einbringen m\u00f6chten \u2013 diese Front erf\u00fcllt Ihre Erwartungen und bietet Funktionalit\u00e4t, \u00c4sthetik sowie unbegrenzte Gestaltungsm\u00f6glichkeiten. <\/p>\n","protected":false},"excerpt":{"rendered":"<p><strong>AF030 &#8211; Monika M\u00f6belfront<\/strong> ist eine elegante Wahl, ideal f\u00fcr die Dekoration von Hochzeitss\u00e4len, Boutiquen oder palastartigen Innenr\u00e4umen. Die Front bietet eine breite Palette an Vitrinenoptionen: No Glass, W0, W1 &#8211; 1&#215;1, W1 &#8211; 1&#215;2, W1 &#8211; 1&#215;3, W1 &#8211; 1&#215;4, W2, W3, W4, W5, W6, W7, W8, die volle Personalisierung und Anpassung an deinen Stil erm\u00f6glichen. <\/p>\n","protected":false},"featured_media":2698,"comment_status":"closed","ping_status":"closed","template":"","meta":{"_et_pb_use_builder":"","_et_pb_old_content":"","_et_gb_content_width":""},"product_brand":[],"product_cat":[402,407,399,400,403,401,405],"product_tag":[],"class_list":{"0":"post-6424","1":"product","2":"type-product","3":"status-publish","4":"has-post-thumbnail","6":"product_cat-kuchenfront-de","7":"product_cat-feld","8":"product_cat-glasvitrinen","9":"product_cat-kuchenfront","10":"product_cat-mdf-de","11":"product_cat-mobelfront","12":"product_cat-mobelfront-de","13":"pa_glass-mdf-doors-ohne-glaseinsatz","14":"pa_glass-mdf-doors-w0-de","15":"pa_glass-mdf-doors-w1-1x1-de","16":"pa_glass-mdf-doors-w1-1x2-de","17":"pa_glass-mdf-doors-w1-1x3-de","18":"pa_glass-mdf-doors-w2-de","19":"pa_glass-mdf-doors-w2x2","20":"pa_glass-mdf-doors-w3-de","21":"pa_glass-mdf-doors-w4-de","22":"pa_glass-mdf-doors-w5-de","23":"pa_glass-mdf-doors-w6-de","24":"pa_glass-mdf-doors-w7-de","25":"pa_glass-mdf-doors-w8-de","27":"first","28":"instock","29":"taxable","30":"shipping-taxable","31":"purchasable","32":"product-type-variable","33":"has-default-attributes"},"_links":{"self":[{"href":"https:\/\/wikicnc.pl\/de\/wp-json\/wp\/v2\/product\/6424","targetHints":{"allow":["GET"]}}],"collection":[{"href":"https:\/\/wikicnc.pl\/de\/wp-json\/wp\/v2\/product"}],"about":[{"href":"https:\/\/wikicnc.pl\/de\/wp-json\/wp\/v2\/types\/product"}],"replies":[{"embeddable":true,"href":"https:\/\/wikicnc.pl\/de\/wp-json\/wp\/v2\/comments?post=6424"}],"wp:featuredmedia":[{"embeddable":true,"href":"https:\/\/wikicnc.pl\/de\/wp-json\/wp\/v2\/media\/2698"}],"wp:attachment":[{"href":"https:\/\/wikicnc.pl\/de\/wp-json\/wp\/v2\/media?parent=6424"}],"wp:term":[{"taxonomy":"product_brand","embeddable":true,"href":"https:\/\/wikicnc.pl\/de\/wp-json\/wp\/v2\/product_brand?post=6424"},{"taxonomy":"product_cat","embeddable":true,"href":"https:\/\/wikicnc.pl\/de\/wp-json\/wp\/v2\/product_cat?post=6424"},{"taxonomy":"product_tag","embeddable":true,"href":"https:\/\/wikicnc.pl\/de\/wp-json\/wp\/v2\/product_tag?post=6424"}],"curies":[{"name":"wp","href":"https:\/\/api.w.org\/{rel}","templated":true}]}}