{"id":6410,"date":"2024-10-15T17:17:13","date_gmt":"2024-10-15T15:17:13","guid":{"rendered":"https:\/\/wikicnc.pl\/produkt\/malwina-moebelfront\/"},"modified":"2024-10-15T17:17:13","modified_gmt":"2024-10-15T15:17:13","slug":"malwina-moebelfront","status":"publish","type":"product","link":"https:\/\/wikicnc.pl\/de\/produkt\/malwina-moebelfront\/","title":{"rendered":"Malwina M\u00f6bel\u00adfront"},"content":{"rendered":"<p><strong>AF022 \u2013 Malwina M\u00f6bel\u00adfront<\/strong><\/p>\n<p>Front AF022 \u2013 Malwina ist ein au\u00dfergew\u00f6hnliches Element, das sich perfekt in das Design jeder K\u00fcche, jedes Wohnzimmers und sogar B\u00fcros einf\u00fcgt. Seine klassische Eleganz und dezenten Verzierungen verleihen den R\u00e4umen einen zeitlosen Charakter, der sowohl in modernen als auch traditionellen Arrangements \u00fcberzeugt. Die Front Malwina besticht durch Schlichtheit und Feinheit, verbindet stilvolles Aussehen mit praktischen L\u00f6sungen und ist somit die ideale Wahl f\u00fcr den t\u00e4glichen Gebrauch.  <\/p>\n<p>Hergestellt aus hochwertigem MDF, bietet die Front nicht nur Langlebigkeit, sondern auch Widerstandsf\u00e4higkeit gegen Besch\u00e4digungen, was eine lange Nutzungsdauer garantiert. Die glatte, gleichm\u00e4\u00dfige Oberfl\u00e4che erleichtert die Reinigung, und die Vielfalt der verf\u00fcgbaren Farben erm\u00f6glicht eine perfekte Anpassung an jeden Einrichtungsstil. Die Front Malwina pr\u00e4sentiert sich sowohl in dunklen als auch hellen Farbt\u00f6nen \u2013 in dunklen Nuancen verleiht sie dem Raum Eleganz, w\u00e4hrend sie in helleren Farben Leichtigkeit und Frische ins Interieur bringt.  <\/p>\n<p>Ein weiterer Vorteil der Front AF022 \u2013 Malwina ist die Verf\u00fcgbarkeit zahlreicher Vitrinenoptionen, mit denen Sie Ihre Lieblingsgegenst\u00e4nde wie elegante Geschirrsets, Familienerbst\u00fccke oder andere Dekorationselemente stilvoll pr\u00e4sentieren k\u00f6nnen. Diese M\u00f6glichkeiten erm\u00f6glichen es Ihnen, Ihren M\u00f6beln einen individuellen Charakter zu verleihen, der Ihren Stil und Ihre Bed\u00fcrfnisse widerspiegelt. Die Vitrinenvarianten umfassen: No Glass | W0 | W1 &#8211; 1&#215;1 | W1 &#8211; 1&#215;2 | W1 &#8211; 1&#215;3 | W1 &#8211; 1&#215;4 | W2 | W3 | W4 | W5 | W6 | W7 | W8.  <\/p>\n<p>Front AF022 \u2013 Malwina ist ein Synonym f\u00fcr Eleganz, Langlebigkeit und Funktionalit\u00e4t. Er eignet sich perfekt f\u00fcr jeden Raum und verleiht ihm einen raffinierten Stil sowie zeitlosen Charakter. Mit der Wahl der Front Malwina investieren Sie in ein Produkt, das Sie \u00fcber viele Jahre mit seinem Aussehen und seiner Zuverl\u00e4ssigkeit begeistern wird.  <\/p>\n","protected":false},"excerpt":{"rendered":"<p><strong>AF022 \u2013 Malwina M\u00f6bel\u00adfront<\/strong><\/p>\n<p>Front AF022 \u2013 Malwina ist die perfekte Erg\u00e4nzung f\u00fcr jeden Raum, unabh\u00e4ngig vom Stil. Sein elegantes, klassisches Design passt sowohl in die K\u00fcche als auch ins Wohnzimmer oder ins Arbeitszimmer. Feine Verzierungen verleihen der Front einen besonderen Charakter und eine dezente Note von Eleganz. Hergestellt aus hochwertigem MDF, garantiert sie Langlebigkeit, und die glatte Oberfl\u00e4che erleichtert die t\u00e4gliche Pflege.   <\/p>\n<p>Front Malwina bietet zudem zahlreiche Vitrinenoptionen, mit denen Sie die M\u00f6bel individuell an Ihre Bed\u00fcrfnisse anpassen k\u00f6nnen. Diese Varianten erm\u00f6glichen es, Lieblingsdekorationen stilvoll zu pr\u00e4sentieren und verleihen dem Raum einen besonderen Charakter. <\/p>\n<p>Hier sind die verf\u00fcgbaren Vitrinenoptionen: No Glass | W0 | W1 &#8211; 1&#215;1 | W1 &#8211; 1&#215;2 | W1 &#8211; 1&#215;3 | W1 &#8211; 1&#215;4 | W2 | W3 | W4 | W5 | W6 | W7 | W8.<\/p>\n<p>Mit der Wahl der Front AF022 \u2013 Malwina entscheidest du dich f\u00fcr Eleganz, Funktionalit\u00e4t und zeitlosen Stil, der den besonderen Charakter deines Wohnraums unterstreicht.<\/p>\n","protected":false},"featured_media":3513,"comment_status":"open","ping_status":"closed","template":"","meta":{"_et_pb_use_builder":"","_et_pb_old_content":"","_et_gb_content_width":""},"product_brand":[],"product_cat":[404,402,403,401],"product_tag":[],"class_list":{"0":"post-6410","1":"product","2":"type-product","3":"status-publish","4":"has-post-thumbnail","6":"product_cat-flaches-mobelpaneel","7":"product_cat-kuchenfront-de","8":"product_cat-mdf-de","9":"product_cat-mobelfront","10":"pa_glass-mdf-doors-ohne-glaseinsatz","11":"pa_glass-mdf-doors-w0-de","12":"pa_glass-mdf-doors-w1-1x1-de","13":"pa_glass-mdf-doors-w1-1x2-de","14":"pa_glass-mdf-doors-w1-1x3-de","15":"pa_glass-mdf-doors-w2-de","16":"pa_glass-mdf-doors-w2x2","17":"pa_glass-mdf-doors-w3-de","18":"pa_glass-mdf-doors-w4-de","19":"pa_glass-mdf-doors-w5-de","20":"pa_glass-mdf-doors-w6-de","21":"pa_glass-mdf-doors-w7-de","22":"pa_glass-mdf-doors-w8-de","24":"first","25":"instock","26":"taxable","27":"shipping-taxable","28":"purchasable","29":"product-type-variable","30":"has-default-attributes"},"_links":{"self":[{"href":"https:\/\/wikicnc.pl\/de\/wp-json\/wp\/v2\/product\/6410","targetHints":{"allow":["GET"]}}],"collection":[{"href":"https:\/\/wikicnc.pl\/de\/wp-json\/wp\/v2\/product"}],"about":[{"href":"https:\/\/wikicnc.pl\/de\/wp-json\/wp\/v2\/types\/product"}],"replies":[{"embeddable":true,"href":"https:\/\/wikicnc.pl\/de\/wp-json\/wp\/v2\/comments?post=6410"}],"wp:featuredmedia":[{"embeddable":true,"href":"https:\/\/wikicnc.pl\/de\/wp-json\/wp\/v2\/media\/3513"}],"wp:attachment":[{"href":"https:\/\/wikicnc.pl\/de\/wp-json\/wp\/v2\/media?parent=6410"}],"wp:term":[{"taxonomy":"product_brand","embeddable":true,"href":"https:\/\/wikicnc.pl\/de\/wp-json\/wp\/v2\/product_brand?post=6410"},{"taxonomy":"product_cat","embeddable":true,"href":"https:\/\/wikicnc.pl\/de\/wp-json\/wp\/v2\/product_cat?post=6410"},{"taxonomy":"product_tag","embeddable":true,"href":"https:\/\/wikicnc.pl\/de\/wp-json\/wp\/v2\/product_tag?post=6410"}],"curies":[{"name":"wp","href":"https:\/\/api.w.org\/{rel}","templated":true}]}}