{"id":6354,"date":"2024-10-15T17:17:11","date_gmt":"2024-10-15T15:17:11","guid":{"rendered":"https:\/\/wikicnc.pl\/produkt\/klaudia-moebelfront\/"},"modified":"2024-10-15T17:17:11","modified_gmt":"2024-10-15T15:17:11","slug":"klaudia-moebelfront","status":"publish","type":"product","link":"https:\/\/wikicnc.pl\/de\/produkt\/klaudia-moebelfront\/","title":{"rendered":"Klaudia M\u00f6belfront"},"content":{"rendered":"<p><strong>AF017 &#8211; Klaudia M\u00f6belfront<\/strong><\/p>\n<p>Front AF017 \u2013 Klaudia ist eines der elegantesten und stilvollsten Designs, das Chic und Klasse perfekt vereint. Sein au\u00dfergew\u00f6hnliches Design macht ihn ideal f\u00fcr verschiedene Arrangements \u2013 von der Dekoration von Hochzeitss\u00e4len \u00fcber elegante Boutiquen bis hin zu Pal\u00e4sten im k\u00f6niglichen Stil. Dank seiner Vielseitigkeit f\u00fcgt sich dieser Front auch hervorragend in das k\u00f6nigliche Zimmer eines kleinen Prinzesschens ein und verleiht ihm unverwechselbaren Charme und Magie.  <\/p>\n<p>Klaudia ist aus hochwertigen Materialien gefertigt, was Langlebigkeit und Widerstandsf\u00e4higkeit gegen Besch\u00e4digungen garantiert. Seine glatte Oberfl\u00e4che ist leicht zu reinigen, wodurch der Front sowohl f\u00fcr den privaten Bereich als auch f\u00fcr gewerbliche R\u00e4ume ideal geeignet ist. Die gro\u00dfe Farbauswahl erm\u00f6glicht eine perfekte Anpassung an verschiedene Einrichtungsstile, von klassisch bis modern.  <\/p>\n<p>Feine Verzierungen und elegante Linien verleihen dem Front AF017 \u2013 Klaudia einen besonderen Charakter und unterstreichen seinen luxuri\u00f6sen Stil. Dieser Front bietet zudem eine breite Palette an Optionen, darunter verschiedene Vitrinenvarianten. Dadurch hast du die M\u00f6glichkeit, deine Lieblingsst\u00fccke stilvoll zu pr\u00e4sentieren, wie elegante Geschirrsets, dekorative Accessoires oder famili\u00e4re Erinnerungsst\u00fccke.  <\/p>\n<p>Verf\u00fcgbare Vitrinenvarianten sind: No Glass, W0, W1 &#8211; 1&#215;1, W1 &#8211; 1&#215;2, W1 &#8211; 1&#215;3, W1 &#8211; 1&#215;4, W2, W3, W4, W5, W6, W7, W8. Durch die Wahl einer dieser Optionen kannst du einzigartige L\u00f6sungen schaffen, die deinen individuellen Stil und Geschmack widerspiegeln. <\/p>\n<p>Front AF017 \u2013 Klaudia eignet sich hervorragend f\u00fcr verschiedene R\u00e4ume wie K\u00fcchen, Wohnzimmer, Schlafzimmer und Arbeitszimmer und verleiht jedem Raum einen Hauch von Eleganz und Raffinesse. Mit der Wahl dieses Fronts investierst du in ein Produkt, das nicht nur ins Auge f\u00e4llt, sondern auch hohe Qualit\u00e4tsstandards erf\u00fcllt und dir \u00fcber viele Jahre Freude bereiten wird. Entscheide dich f\u00fcr den Front AF017 \u2013 Klaudia und gestalte einen Raum, der sowohl durch Stil als auch Funktionalit\u00e4t begeistert.  <\/p>\n","protected":false},"excerpt":{"rendered":"<p><strong>AF017 &#8211; Klaudia M\u00f6belfront<\/strong><\/p>\n<p>Front AF017 \u2013 Klaudia ist eine elegante Wahl, die Stil und Klasse vereint. Er eignet sich perfekt f\u00fcr die Dekoration von Hochzeitss\u00e4len, Boutiquen und k\u00f6niglichen Innenr\u00e4umen, einschlie\u00dflich der Zimmer kleiner Prinzessinnen. Hergestellt aus hochwertigen Materialien, zeichnet er sich durch Langlebigkeit und einfache Pflege aus.  <\/p>\n<p>Erh\u00e4ltlich in verschiedenen Farben, mit dezenten Verzierungen und eleganten Linien, bietet dieser Front zudem Vitrinenoptionen: No Glass, W0, W1 &#8211; 1&#215;1, W1 &#8211; 1&#215;2, W1 &#8211; 1&#215;3, W1 &#8211; 1&#215;4, W2, W3, W4, W5, W6, W7, W8. Klaudia bringt Luxus in jeden Raum und begeistert durch Stil und Funktionalit\u00e4t. <\/p>\n","protected":false},"featured_media":3483,"comment_status":"open","ping_status":"closed","template":"","meta":{"_et_pb_use_builder":"","_et_pb_old_content":"","_et_gb_content_width":""},"product_brand":[],"product_cat":[407,402,403,401],"product_tag":[],"class_list":{"0":"post-6354","1":"product","2":"type-product","3":"status-publish","4":"has-post-thumbnail","6":"product_cat-feld","7":"product_cat-kuchenfront-de","8":"product_cat-mdf-de","9":"product_cat-mobelfront","10":"pa_glass-mdf-doors-ohne-glaseinsatz","11":"pa_glass-mdf-doors-w0-de","12":"pa_glass-mdf-doors-w1-1x1-de","13":"pa_glass-mdf-doors-w1-1x2-de","14":"pa_glass-mdf-doors-w1-1x3-de","15":"pa_glass-mdf-doors-w2-de","16":"pa_glass-mdf-doors-w2x2","17":"pa_glass-mdf-doors-w3-de","18":"pa_glass-mdf-doors-w4-de","19":"pa_glass-mdf-doors-w5-de","20":"pa_glass-mdf-doors-w6-de","21":"pa_glass-mdf-doors-w7-de","22":"pa_glass-mdf-doors-w8-de","24":"first","25":"instock","26":"taxable","27":"shipping-taxable","28":"purchasable","29":"product-type-variable","30":"has-default-attributes"},"_links":{"self":[{"href":"https:\/\/wikicnc.pl\/de\/wp-json\/wp\/v2\/product\/6354","targetHints":{"allow":["GET"]}}],"collection":[{"href":"https:\/\/wikicnc.pl\/de\/wp-json\/wp\/v2\/product"}],"about":[{"href":"https:\/\/wikicnc.pl\/de\/wp-json\/wp\/v2\/types\/product"}],"replies":[{"embeddable":true,"href":"https:\/\/wikicnc.pl\/de\/wp-json\/wp\/v2\/comments?post=6354"}],"wp:featuredmedia":[{"embeddable":true,"href":"https:\/\/wikicnc.pl\/de\/wp-json\/wp\/v2\/media\/3483"}],"wp:attachment":[{"href":"https:\/\/wikicnc.pl\/de\/wp-json\/wp\/v2\/media?parent=6354"}],"wp:term":[{"taxonomy":"product_brand","embeddable":true,"href":"https:\/\/wikicnc.pl\/de\/wp-json\/wp\/v2\/product_brand?post=6354"},{"taxonomy":"product_cat","embeddable":true,"href":"https:\/\/wikicnc.pl\/de\/wp-json\/wp\/v2\/product_cat?post=6354"},{"taxonomy":"product_tag","embeddable":true,"href":"https:\/\/wikicnc.pl\/de\/wp-json\/wp\/v2\/product_tag?post=6354"}],"curies":[{"name":"wp","href":"https:\/\/api.w.org\/{rel}","templated":true}]}}