{"id":6254,"date":"2024-10-15T17:17:08","date_gmt":"2024-10-15T15:17:08","guid":{"rendered":"https:\/\/wikicnc.pl\/produkt\/romeo-moebelfront\/"},"modified":"2024-10-15T17:17:08","modified_gmt":"2024-10-15T15:17:08","slug":"romeo-moebelfront","status":"publish","type":"product","link":"https:\/\/wikicnc.pl\/de\/produkt\/romeo-moebelfront\/","title":{"rendered":"Romeo M\u00f6belfront"},"content":{"rendered":"<p><strong>AF010 &#8211; Romeo M\u00f6belfront<\/strong><\/p>\n<p>Die M\u00f6belfront AF010 \u2013 Romeo ist eines der beliebtesten Designs, das Stil, Klasse und Eleganz perfekt vereint. Durch ihr au\u00dfergew\u00f6hnliches Design eignet sie sich ideal f\u00fcr die Gestaltung verschiedenster R\u00e4ume \u2013 von Hochzeitss\u00e4len \u00fcber elegante Boutiquen bis hin zu Pal\u00e4sten im k\u00f6niglichen Stil. Die Romeo-Front ist auch eine perfekte Wahl f\u00fcr das k\u00f6nigliche Zimmer einer kleinen Prinzessin und schafft eine m\u00e4rchenhafte, luxuri\u00f6se Atmosph\u00e4re.  <\/p>\n<p>Hergestellt aus hochwertigen Materialien, zeichnet sich die Romeo-Front nicht nur durch ihr attraktives Aussehen, sondern auch durch au\u00dfergew\u00f6hnliche Haltbarkeit und Widerstandsf\u00e4higkeit gegen Besch\u00e4digungen aus, wodurch sie viele Jahre lang zuverl\u00e4ssig dient. Ihre glatte Oberfl\u00e4che ist leicht zu reinigen, was sie zu einer praktischen Wahl f\u00fcr den t\u00e4glichen Gebrauch macht. Die gro\u00dfe Farbauswahl erm\u00f6glicht eine vollst\u00e4ndige Personalisierung, sodass die Front an verschiedene Einrichtungsstile \u2013 sowohl klassisch als auch modern \u2013 angepasst werden kann.  <\/p>\n<p>Die Romeo-Front bietet zudem verschiedene Vitrinenoptionen, die es erm\u00f6glichen, ausgew\u00e4hlte Gegenst\u00e4nde wie elegante Geschirrsets, Erinnerungsst\u00fccke oder Dekorationen stilvoll zu pr\u00e4sentieren. Durch die Wahl aus den Varianten: No Glass, W0, W1 &#8211; 1&#215;1, W1 &#8211; 1&#215;2, W1 &#8211; 1&#215;3, W1 &#8211; 1&#215;4, W2, W3, W4, W5, W6, W7, W8 kannst du einzigartige L\u00f6sungen schaffen, die deinen pers\u00f6nlichen Stil und individuelle Bed\u00fcrfnisse widerspiegeln. <\/p>\n<p>Dank seiner Vielseitigkeit f\u00fcgt sich die Front AF010 &#8211; Romeo hervorragend in unterschiedlichste Raumgestaltungen ein. Sie eignet sich perfekt f\u00fcr K\u00fcchen, Wohnzimmer sowie elegante Gesch\u00e4ftsr\u00e4ume, in denen \u00c4sthetik und Funktionalit\u00e4t entscheidend sind. Diese Front bereichert nicht nur die Optik, sondern auch die Praxis, wodurch sie zur idealen Wahl f\u00fcr jeden Raum wird.  <\/p>\n<p>Wenn Sie sich f\u00fcr die Front AF010 &#8211; Romeo entscheiden, erhalten Sie ein Produkt, das au\u00dfergew\u00f6hnlichen Stil, Funktionalit\u00e4t und hohe Verarbeitungsqualit\u00e4t vereint. Es ist die ideale L\u00f6sung f\u00fcr alle, die ihrem Interieur einen Hauch von Luxus und Eleganz verleihen m\u00f6chten und gleichzeitig Wert auf Praktikabilit\u00e4t und Vielseitigkeit legen. <\/p>\n","protected":false},"excerpt":{"rendered":"<p><strong>AF010 &#8211; Romeo M\u00f6belfront<\/strong> ist eine elegante Wahl, die Stil und Klasse verbindet. Er eignet sich perfekt zur Dekoration von Hochzeitss\u00e4len, Boutiquen und k\u00f6niglichen Zimmern kleiner Prinzessinnen. Hergestellt aus hochwertigen Materialien, bietet der Romeo-Front verschiedene Vitrinenoptionen, die das Pr\u00e4sentieren ausgew\u00e4hlter Gegenst\u00e4nde erm\u00f6glichen. Durch die M\u00f6glichkeit der Personalisierung wird dieser Front sowohl zu einem funktionalen als auch \u00e4sthetischen Element in jedem Raum.   <\/p>\n","protected":false},"featured_media":3441,"comment_status":"open","ping_status":"closed","template":"","meta":{"_et_pb_use_builder":"","_et_pb_old_content":"","_et_gb_content_width":""},"product_brand":[],"product_cat":[407,402,403,401],"product_tag":[],"class_list":{"0":"post-6254","1":"product","2":"type-product","3":"status-publish","4":"has-post-thumbnail","6":"product_cat-feld","7":"product_cat-kuchenfront-de","8":"product_cat-mdf-de","9":"product_cat-mobelfront","10":"pa_glass-mdf-doors-ohne-glaseinsatz","11":"pa_glass-mdf-doors-w0-de","12":"pa_glass-mdf-doors-w1-1x1-de","13":"pa_glass-mdf-doors-w1-1x2-de","14":"pa_glass-mdf-doors-w1-1x3-de","15":"pa_glass-mdf-doors-w2-de","16":"pa_glass-mdf-doors-w2x2","17":"pa_glass-mdf-doors-w3-de","18":"pa_glass-mdf-doors-w4-de","19":"pa_glass-mdf-doors-w5-de","20":"pa_glass-mdf-doors-w6-de","21":"pa_glass-mdf-doors-w7-de","22":"pa_glass-mdf-doors-w8-de","24":"first","25":"instock","26":"taxable","27":"shipping-taxable","28":"purchasable","29":"product-type-variable","30":"has-default-attributes"},"_links":{"self":[{"href":"https:\/\/wikicnc.pl\/de\/wp-json\/wp\/v2\/product\/6254","targetHints":{"allow":["GET"]}}],"collection":[{"href":"https:\/\/wikicnc.pl\/de\/wp-json\/wp\/v2\/product"}],"about":[{"href":"https:\/\/wikicnc.pl\/de\/wp-json\/wp\/v2\/types\/product"}],"replies":[{"embeddable":true,"href":"https:\/\/wikicnc.pl\/de\/wp-json\/wp\/v2\/comments?post=6254"}],"wp:featuredmedia":[{"embeddable":true,"href":"https:\/\/wikicnc.pl\/de\/wp-json\/wp\/v2\/media\/3441"}],"wp:attachment":[{"href":"https:\/\/wikicnc.pl\/de\/wp-json\/wp\/v2\/media?parent=6254"}],"wp:term":[{"taxonomy":"product_brand","embeddable":true,"href":"https:\/\/wikicnc.pl\/de\/wp-json\/wp\/v2\/product_brand?post=6254"},{"taxonomy":"product_cat","embeddable":true,"href":"https:\/\/wikicnc.pl\/de\/wp-json\/wp\/v2\/product_cat?post=6254"},{"taxonomy":"product_tag","embeddable":true,"href":"https:\/\/wikicnc.pl\/de\/wp-json\/wp\/v2\/product_tag?post=6254"}],"curies":[{"name":"wp","href":"https:\/\/api.w.org\/{rel}","templated":true}]}}