{"id":6240,"date":"2024-10-15T17:17:08","date_gmt":"2024-10-15T15:17:08","guid":{"rendered":"https:\/\/wikicnc.pl\/produkt\/julia-moebelfront\/"},"modified":"2024-10-15T17:17:08","modified_gmt":"2024-10-15T15:17:08","slug":"julia-moebelfront","status":"publish","type":"product","link":"https:\/\/wikicnc.pl\/de\/produkt\/julia-moebelfront\/","title":{"rendered":"Julia M\u00f6belfront"},"content":{"rendered":"<p><strong>AF011 &#8211; Julia M\u00f6belfront<\/strong><\/p>\n<p>Die M\u00f6belfront AF011 \u2013 Julia ist eines der beliebtesten Designs, das Stil und Klasse vereint. Ihr elegantes Design macht sie zur idealen Wahl nicht nur f\u00fcr Wohnr\u00e4ume, sondern auch f\u00fcr kommerzielle Bereiche wie Hochzeitss\u00e4le, elegante Boutiquen oder Pal\u00e4ste im k\u00f6niglichen Stil. Die Front Julia ist eine perfekte L\u00f6sung, die sich auch wunderbar in das k\u00f6nigliche Zimmer einer kleinen Prinzessin einf\u00fcgt und eine Atmosph\u00e4re voller Magie und Luxus schafft.  <\/p>\n<p>Hergestellt aus hochwertigen Materialien, zeichnet sich die Julia-Front durch au\u00dfergew\u00f6hnliche Langlebigkeit und Widerstandsf\u00e4higkeit gegen Besch\u00e4digungen aus, was sie zur idealen Wahl f\u00fcr viele Jahre macht. Die glatte Oberfl\u00e4che ist pflegeleicht, und die breite Farbpalette erm\u00f6glicht eine vollst\u00e4ndige Personalisierung, sodass sie sich an verschiedenste Einrichtungsstile anpassen l\u00e4sst. Besonders sch\u00f6n wirkt diese Front in hellen, pastellfarbenen T\u00f6nen, die Leichtigkeit und Frische verleihen, aber auch in dunkleren Nuancen kommt ihr eleganter Charakter perfekt zur Geltung.  <\/p>\n<p>Die Julia-Front bietet zudem eine Vielzahl an Vitrinenoptionen, mit denen ausgew\u00e4hlte Gegenst\u00e4nde wie edles Geschirr, dekorative Accessoires oder Sammlerst\u00fccke stilvoll pr\u00e4sentiert werden k\u00f6nnen. Durch die Auswahl aus den Varianten: No Glass, W0, W1 \u2013 1&#215;1, W1 \u2013 1&#215;2, W1 \u2013 1&#215;3, W1 \u2013 1&#215;4, W2, W3, W4, W5, W6, W7, W8 lassen sich individuelle L\u00f6sungen gestalten, die den pers\u00f6nlichen Stil des Nutzers perfekt widerspiegeln. <\/p>\n<p>Dank ihrer Vielseitigkeit eignet sich die AF011 \u2013 Julia Front hervorragend f\u00fcr verschiedenste Einrichtungsstile \u2013 von modern bis klassisch. Sie ist ideal f\u00fcr K\u00fcchen, Wohnzimmer sowie elegante gewerbliche R\u00e4ume, in denen Eleganz und Funktionalit\u00e4t im Vordergrund stehen. Diese Front bereichert nicht nur die \u00c4sthetik, sondern auch die Alltagstauglichkeit des Interieurs und ist somit eine ausgezeichnete Wahl f\u00fcr den t\u00e4glichen Gebrauch.  <\/p>\n<p>Mit der Wahl der AF011 \u2013 Julia Front erh\u00e4ltst du ein Produkt, das au\u00dfergew\u00f6hnlichen Stil, Funktionalit\u00e4t und hohe Verarbeitungsqualit\u00e4t vereint. Es ist die ideale L\u00f6sung f\u00fcr alle, die ihrem Interieur einen Hauch von Luxus und Eleganz verleihen m\u00f6chten und gleichzeitig Wert auf Praktikabilit\u00e4t und Vielseitigkeit legen. <\/p>\n","protected":false},"excerpt":{"rendered":"<p><strong>AF011 \u2013 Julia M\u00f6belfront<\/strong> ist eine elegante Wahl, die Stil und Klasse vereint. Sie eignet sich perfekt f\u00fcr die Gestaltung von Hochzeitss\u00e4len, Boutiquen sowie k\u00f6niglichen Zimmern kleiner Prinzessinnen. Hergestellt aus hochwertigen Materialien, bietet die Julia-Front verschiedene Vitrinenoptionen zur stilvollen Pr\u00e4sentation ausgew\u00e4hlter Gegenst\u00e4nde. Dank der Personalisierungsm\u00f6glichkeiten wird sie zu einem funktionalen und \u00e4sthetischen Element in jedem Interieur.   <\/p>\n","protected":false},"featured_media":3447,"comment_status":"open","ping_status":"closed","template":"","meta":{"_et_pb_use_builder":"","_et_pb_old_content":"","_et_gb_content_width":""},"product_brand":[],"product_cat":[407,402,403,401],"product_tag":[],"class_list":{"0":"post-6240","1":"product","2":"type-product","3":"status-publish","4":"has-post-thumbnail","6":"product_cat-feld","7":"product_cat-kuchenfront-de","8":"product_cat-mdf-de","9":"product_cat-mobelfront","10":"pa_glass-mdf-doors-ohne-glaseinsatz","11":"pa_glass-mdf-doors-w0-de","12":"pa_glass-mdf-doors-w1-1x1-de","13":"pa_glass-mdf-doors-w1-1x2-de","14":"pa_glass-mdf-doors-w1-1x3-de","15":"pa_glass-mdf-doors-w2-de","16":"pa_glass-mdf-doors-w2x2","17":"pa_glass-mdf-doors-w3-de","18":"pa_glass-mdf-doors-w4-de","19":"pa_glass-mdf-doors-w5-de","20":"pa_glass-mdf-doors-w6-de","21":"pa_glass-mdf-doors-w7-de","22":"pa_glass-mdf-doors-w8-de","24":"first","25":"instock","26":"taxable","27":"shipping-taxable","28":"purchasable","29":"product-type-variable","30":"has-default-attributes"},"_links":{"self":[{"href":"https:\/\/wikicnc.pl\/de\/wp-json\/wp\/v2\/product\/6240","targetHints":{"allow":["GET"]}}],"collection":[{"href":"https:\/\/wikicnc.pl\/de\/wp-json\/wp\/v2\/product"}],"about":[{"href":"https:\/\/wikicnc.pl\/de\/wp-json\/wp\/v2\/types\/product"}],"replies":[{"embeddable":true,"href":"https:\/\/wikicnc.pl\/de\/wp-json\/wp\/v2\/comments?post=6240"}],"wp:featuredmedia":[{"embeddable":true,"href":"https:\/\/wikicnc.pl\/de\/wp-json\/wp\/v2\/media\/3447"}],"wp:attachment":[{"href":"https:\/\/wikicnc.pl\/de\/wp-json\/wp\/v2\/media?parent=6240"}],"wp:term":[{"taxonomy":"product_brand","embeddable":true,"href":"https:\/\/wikicnc.pl\/de\/wp-json\/wp\/v2\/product_brand?post=6240"},{"taxonomy":"product_cat","embeddable":true,"href":"https:\/\/wikicnc.pl\/de\/wp-json\/wp\/v2\/product_cat?post=6240"},{"taxonomy":"product_tag","embeddable":true,"href":"https:\/\/wikicnc.pl\/de\/wp-json\/wp\/v2\/product_tag?post=6240"}],"curies":[{"name":"wp","href":"https:\/\/api.w.org\/{rel}","templated":true}]}}